{"id":18855,"date":"2025-10-13T16:19:42","date_gmt":"2025-10-13T14:19:42","guid":{"rendered":"https:\/\/mouton-en-sucre.com\/?post_type=product&#038;p=18855"},"modified":"2025-10-19T08:51:10","modified_gmt":"2025-10-19T06:51:10","slug":"chariot-a-glace-halloween","status":"publish","type":"product","link":"https:\/\/mouton-en-sucre.com\/en\/product\/chariot-a-glace-halloween\/","title":{"rendered":"Halloween ice cream trolley"},"content":{"rendered":"<p><em>Chariot \u00e0 glace<\/em><\/p>\n<p>Hauteur 11cm<br \/>\nBois<br \/>\nChariot + boite \u00e9talage<\/p>\n<p>(Poup\u00e9es + accessoires pour pr\u00e9sentation photo non inclus )<\/p>\n<div class=\"quick-gallery\"><div class=\"qg-img qg-no-title\" data-defwidth=\"337\"><a href=\"https:\/\/mouton-en-sucre.com\/wp-content\/uploads\/2025\/10\/IMG_3708b.jpg\" rel=\"lightbox[group-1]\" title=\"\" ><img decoding=\"async\" src=\"https:\/\/mouton-en-sucre.com\/wp-content\/uploads\/2025\/10\/IMG_3708b-337x505.jpg\" \/><div class=\"qg-overlay\"><span class=\"icon-circle\"><span class=\"pg-icon lightbox-icon\"><\/span><\/span><\/div><\/a><\/div><div class=\"qg-img qg-no-title\" data-defwidth=\"337\"><a href=\"https:\/\/mouton-en-sucre.com\/wp-content\/uploads\/2025\/10\/IMG_3706b.jpg\" rel=\"lightbox[group-1]\" title=\"\" ><img decoding=\"async\" src=\"https:\/\/mouton-en-sucre.com\/wp-content\/uploads\/2025\/10\/IMG_3706b-337x506.jpg\" \/><div class=\"qg-overlay\"><span class=\"icon-circle\"><span class=\"pg-icon lightbox-icon\"><\/span><\/span><\/div><\/a><\/div><div class=\"qg-img qg-no-title\" data-defwidth=\"337\"><a href=\"https:\/\/mouton-en-sucre.com\/wp-content\/uploads\/2025\/10\/IMG_3699b.jpg\" rel=\"lightbox[group-1]\" title=\"\" ><img decoding=\"async\" src=\"https:\/\/mouton-en-sucre.com\/wp-content\/uploads\/2025\/10\/IMG_3699b-337x225.jpg\" \/><div class=\"qg-overlay\"><span class=\"icon-circle\"><span class=\"pg-icon lightbox-icon\"><\/span><\/span><\/div><\/a><\/div><div class=\"qg-img qg-no-title\" data-defwidth=\"337\"><a href=\"https:\/\/mouton-en-sucre.com\/wp-content\/uploads\/2025\/10\/IMG_3702b.jpg\" rel=\"lightbox[group-1]\" title=\"\" ><img decoding=\"async\" src=\"https:\/\/mouton-en-sucre.com\/wp-content\/uploads\/2025\/10\/IMG_3702b-337x225.jpg\" \/><div class=\"qg-overlay\"><span class=\"icon-circle\"><span class=\"pg-icon lightbox-icon\"><\/span><\/span><\/div><\/a><\/div><div class=\"clear\"><\/div><\/div>\n<p>&nbsp;<\/p>\n","protected":false},"excerpt":{"rendered":"<p>Miniature ice cream trolley<\/p>\n<p>Wood, purple and orange painted roof<\/p>\n<p><em>Accessories \/ doll not included<\/em><\/p>","protected":false},"featured_media":18858,"comment_status":"closed","ping_status":"closed","template":"","meta":{"_vp_format_video_url":"","_vp_image_focal_point":[]},"product_brand":[],"product_cat":[223,250],"product_tag":[],"class_list":{"0":"post-18855","1":"product","2":"type-product","3":"status-publish","4":"has-post-thumbnail","6":"product_cat-accessoires","7":"product_cat-house","9":"first","10":"instock","11":"shipping-taxable","12":"purchasable","13":"product-type-simple"},"yoast_head":"<!-- This site is optimized with the Yoast SEO plugin v27.1.1 - https:\/\/yoast.com\/product\/yoast-seo-wordpress\/ -->\n<title>Chariot \u00e0 glace Halloween - Le Mouton en Sucre<\/title>\n<meta name=\"description\" content=\"Le chariot \u00e0 glaces miniature est parfait pour accessoiriser vos sc\u00e8nes et d\u00e9cors de de poup\u00e9es taille 1\/12e. Qui veux mes friandises ?\" \/>\n<meta name=\"robots\" content=\"index, follow, max-snippet:-1, max-image-preview:large, max-video-preview:-1\" \/>\n<link rel=\"canonical\" href=\"https:\/\/mouton-en-sucre.com\/en\/product\/chariot-a-glace-halloween\/\" \/>\n<meta property=\"og:locale\" content=\"en_GB\" \/>\n<meta property=\"og:type\" content=\"article\" \/>\n<meta property=\"og:title\" content=\"Chariot \u00e0 glace Halloween - Le Mouton en Sucre\" \/>\n<meta property=\"og:description\" content=\"Le chariot \u00e0 glaces miniature est parfait pour accessoiriser vos sc\u00e8nes et d\u00e9cors de de poup\u00e9es taille 1\/12e. Qui veux mes friandises ?\" \/>\n<meta property=\"og:url\" content=\"https:\/\/mouton-en-sucre.com\/en\/product\/chariot-a-glace-halloween\/\" \/>\n<meta property=\"og:site_name\" content=\"Le Mouton en Sucre\" \/>\n<meta property=\"article:modified_time\" content=\"2025-10-19T06:51:10+00:00\" \/>\n<meta property=\"og:image\" content=\"https:\/\/mouton-en-sucre.com\/wp-content\/uploads\/2025\/10\/IMG_3706b.jpg\" \/>\n\t<meta property=\"og:image:width\" content=\"666\" \/>\n\t<meta property=\"og:image:height\" content=\"1000\" \/>\n\t<meta property=\"og:image:type\" content=\"image\/jpeg\" \/>\n<meta name=\"twitter:label1\" content=\"Estimated reading time\" \/>\n\t<meta name=\"twitter:data1\" content=\"1 minute\" \/>\n<script type=\"application\/ld+json\" class=\"yoast-schema-graph\">{\"@context\":\"https:\/\/schema.org\",\"@graph\":[{\"@type\":\"WebPage\",\"@id\":\"https:\/\/mouton-en-sucre.com\/produit\/chariot-a-glace-halloween\/\",\"url\":\"https:\/\/mouton-en-sucre.com\/produit\/chariot-a-glace-halloween\/\",\"name\":\"Chariot \u00e0 glace Halloween - Le Mouton en Sucre\",\"isPartOf\":{\"@id\":\"https:\/\/mouton-en-sucre.com\/#website\"},\"primaryImageOfPage\":{\"@id\":\"https:\/\/mouton-en-sucre.com\/produit\/chariot-a-glace-halloween\/#primaryimage\"},\"image\":{\"@id\":\"https:\/\/mouton-en-sucre.com\/produit\/chariot-a-glace-halloween\/#primaryimage\"},\"thumbnailUrl\":\"https:\/\/mouton-en-sucre.com\/wp-content\/uploads\/2025\/10\/IMG_3706b.jpg\",\"datePublished\":\"2025-10-13T14:19:42+00:00\",\"dateModified\":\"2025-10-19T06:51:10+00:00\",\"description\":\"Le chariot \u00e0 glaces miniature est parfait pour accessoiriser vos sc\u00e8nes et d\u00e9cors de de poup\u00e9es taille 1\/12e. Qui veux mes friandises ?\",\"breadcrumb\":{\"@id\":\"https:\/\/mouton-en-sucre.com\/produit\/chariot-a-glace-halloween\/#breadcrumb\"},\"inLanguage\":\"en-GB\",\"potentialAction\":[{\"@type\":\"ReadAction\",\"target\":[\"https:\/\/mouton-en-sucre.com\/produit\/chariot-a-glace-halloween\/\"]}]},{\"@type\":\"ImageObject\",\"inLanguage\":\"en-GB\",\"@id\":\"https:\/\/mouton-en-sucre.com\/produit\/chariot-a-glace-halloween\/#primaryimage\",\"url\":\"https:\/\/mouton-en-sucre.com\/wp-content\/uploads\/2025\/10\/IMG_3706b.jpg\",\"contentUrl\":\"https:\/\/mouton-en-sucre.com\/wp-content\/uploads\/2025\/10\/IMG_3706b.jpg\",\"width\":666,\"height\":1000,\"caption\":\"Chariot \u00e0 glace ice trolley halloween miniature bjd doll\"},{\"@type\":\"BreadcrumbList\",\"@id\":\"https:\/\/mouton-en-sucre.com\/produit\/chariot-a-glace-halloween\/#breadcrumb\",\"itemListElement\":[{\"@type\":\"ListItem\",\"position\":1,\"name\":\"Boutique\",\"item\":\"https:\/\/mouton-en-sucre.com\/boutique\/\"},{\"@type\":\"ListItem\",\"position\":2,\"name\":\"Chariot \u00e0 glace Halloween\"}]},{\"@type\":\"WebSite\",\"@id\":\"https:\/\/mouton-en-sucre.com\/#website\",\"url\":\"https:\/\/mouton-en-sucre.com\/\",\"name\":\"Le Mouton en Sucre\",\"description\":\"Cr\u00e9ateurs de douceurs pour les yeux\",\"potentialAction\":[{\"@type\":\"SearchAction\",\"target\":{\"@type\":\"EntryPoint\",\"urlTemplate\":\"https:\/\/mouton-en-sucre.com\/?s={search_term_string}\"},\"query-input\":{\"@type\":\"PropertyValueSpecification\",\"valueRequired\":true,\"valueName\":\"search_term_string\"}}],\"inLanguage\":\"en-GB\"}]}<\/script>\n<!-- \/ Yoast SEO plugin. -->","yoast_head_json":{"title":"Chariot \u00e0 glace Halloween - Le Mouton en Sucre","description":"Le chariot \u00e0 glaces miniature est parfait pour accessoiriser vos sc\u00e8nes et d\u00e9cors de de poup\u00e9es taille 1\/12e. Qui veux mes friandises ?","robots":{"index":"index","follow":"follow","max-snippet":"max-snippet:-1","max-image-preview":"max-image-preview:large","max-video-preview":"max-video-preview:-1"},"canonical":"https:\/\/mouton-en-sucre.com\/en\/product\/chariot-a-glace-halloween\/","og_locale":"en_GB","og_type":"article","og_title":"Chariot \u00e0 glace Halloween - Le Mouton en Sucre","og_description":"Le chariot \u00e0 glaces miniature est parfait pour accessoiriser vos sc\u00e8nes et d\u00e9cors de de poup\u00e9es taille 1\/12e. Qui veux mes friandises ?","og_url":"https:\/\/mouton-en-sucre.com\/en\/product\/chariot-a-glace-halloween\/","og_site_name":"Le Mouton en Sucre","article_modified_time":"2025-10-19T06:51:10+00:00","og_image":[{"width":666,"height":1000,"url":"https:\/\/mouton-en-sucre.com\/wp-content\/uploads\/2025\/10\/IMG_3706b.jpg","type":"image\/jpeg"}],"twitter_misc":{"Estimated reading time":"1 minute"},"schema":{"@context":"https:\/\/schema.org","@graph":[{"@type":"WebPage","@id":"https:\/\/mouton-en-sucre.com\/produit\/chariot-a-glace-halloween\/","url":"https:\/\/mouton-en-sucre.com\/produit\/chariot-a-glace-halloween\/","name":"Chariot \u00e0 glace Halloween - Le Mouton en Sucre","isPartOf":{"@id":"https:\/\/mouton-en-sucre.com\/#website"},"primaryImageOfPage":{"@id":"https:\/\/mouton-en-sucre.com\/produit\/chariot-a-glace-halloween\/#primaryimage"},"image":{"@id":"https:\/\/mouton-en-sucre.com\/produit\/chariot-a-glace-halloween\/#primaryimage"},"thumbnailUrl":"https:\/\/mouton-en-sucre.com\/wp-content\/uploads\/2025\/10\/IMG_3706b.jpg","datePublished":"2025-10-13T14:19:42+00:00","dateModified":"2025-10-19T06:51:10+00:00","description":"Le chariot \u00e0 glaces miniature est parfait pour accessoiriser vos sc\u00e8nes et d\u00e9cors de de poup\u00e9es taille 1\/12e. Qui veux mes friandises ?","breadcrumb":{"@id":"https:\/\/mouton-en-sucre.com\/produit\/chariot-a-glace-halloween\/#breadcrumb"},"inLanguage":"en-GB","potentialAction":[{"@type":"ReadAction","target":["https:\/\/mouton-en-sucre.com\/produit\/chariot-a-glace-halloween\/"]}]},{"@type":"ImageObject","inLanguage":"en-GB","@id":"https:\/\/mouton-en-sucre.com\/produit\/chariot-a-glace-halloween\/#primaryimage","url":"https:\/\/mouton-en-sucre.com\/wp-content\/uploads\/2025\/10\/IMG_3706b.jpg","contentUrl":"https:\/\/mouton-en-sucre.com\/wp-content\/uploads\/2025\/10\/IMG_3706b.jpg","width":666,"height":1000,"caption":"Chariot \u00e0 glace ice trolley halloween miniature bjd doll"},{"@type":"BreadcrumbList","@id":"https:\/\/mouton-en-sucre.com\/produit\/chariot-a-glace-halloween\/#breadcrumb","itemListElement":[{"@type":"ListItem","position":1,"name":"Boutique","item":"https:\/\/mouton-en-sucre.com\/boutique\/"},{"@type":"ListItem","position":2,"name":"Chariot \u00e0 glace Halloween"}]},{"@type":"WebSite","@id":"https:\/\/mouton-en-sucre.com\/#website","url":"https:\/\/mouton-en-sucre.com\/","name":"Le Mouton en Sucre","description":"Cr\u00e9ateurs de douceurs pour les yeux","potentialAction":[{"@type":"SearchAction","target":{"@type":"EntryPoint","urlTemplate":"https:\/\/mouton-en-sucre.com\/?s={search_term_string}"},"query-input":{"@type":"PropertyValueSpecification","valueRequired":true,"valueName":"search_term_string"}}],"inLanguage":"en-GB"}]}},"_links":{"self":[{"href":"https:\/\/mouton-en-sucre.com\/en\/wp-json\/wp\/v2\/product\/18855","targetHints":{"allow":["GET"]}}],"collection":[{"href":"https:\/\/mouton-en-sucre.com\/en\/wp-json\/wp\/v2\/product"}],"about":[{"href":"https:\/\/mouton-en-sucre.com\/en\/wp-json\/wp\/v2\/types\/product"}],"replies":[{"embeddable":true,"href":"https:\/\/mouton-en-sucre.com\/en\/wp-json\/wp\/v2\/comments?post=18855"}],"wp:featuredmedia":[{"embeddable":true,"href":"https:\/\/mouton-en-sucre.com\/en\/wp-json\/wp\/v2\/media\/18858"}],"wp:attachment":[{"href":"https:\/\/mouton-en-sucre.com\/en\/wp-json\/wp\/v2\/media?parent=18855"}],"wp:term":[{"taxonomy":"product_brand","embeddable":true,"href":"https:\/\/mouton-en-sucre.com\/en\/wp-json\/wp\/v2\/product_brand?post=18855"},{"taxonomy":"product_cat","embeddable":true,"href":"https:\/\/mouton-en-sucre.com\/en\/wp-json\/wp\/v2\/product_cat?post=18855"},{"taxonomy":"product_tag","embeddable":true,"href":"https:\/\/mouton-en-sucre.com\/en\/wp-json\/wp\/v2\/product_tag?post=18855"}],"curies":[{"name":"wp","href":"https:\/\/api.w.org\/{rel}","templated":true}]}}