{"id":18844,"date":"2025-10-13T15:56:32","date_gmt":"2025-10-13T13:56:32","guid":{"rendered":"https:\/\/mouton-en-sucre.com\/?post_type=product&#038;p=18844"},"modified":"2025-10-19T08:51:42","modified_gmt":"2025-10-19T06:51:42","slug":"chaises-longues-x2","status":"publish","type":"product","link":"https:\/\/mouton-en-sucre.com\/en\/product\/chaises-longues-x2\/","title":{"rendered":"Deckchairs x2"},"content":{"rendered":"<p><em>Set de 2 chaises longues<\/em><\/p>\n<p>Hauteur 5cm<br \/>\nBois<br \/>\n2 chaises longues + coussin<\/p>\n<p>(Poup\u00e9es + accessoires pour pr\u00e9sentation photo non inclus )<\/p>\n<div class=\"quick-gallery\"><div class=\"qg-img qg-no-title\" data-defwidth=\"337\"><a href=\"https:\/\/mouton-en-sucre.com\/wp-content\/uploads\/2025\/08\/IMG_3307b.jpg\" rel=\"lightbox[group-1]\" title=\"\" ><img decoding=\"async\" src=\"https:\/\/mouton-en-sucre.com\/wp-content\/uploads\/2025\/08\/IMG_3307b-337x225.jpg\" \/><div class=\"qg-overlay\"><span class=\"icon-circle\"><span class=\"pg-icon lightbox-icon\"><\/span><\/span><\/div><\/a><\/div><div class=\"qg-img qg-no-title\" data-defwidth=\"337\"><a href=\"https:\/\/mouton-en-sucre.com\/wp-content\/uploads\/2025\/08\/IMG_3305b.jpg\" rel=\"lightbox[group-1]\" title=\"\" ><img decoding=\"async\" src=\"https:\/\/mouton-en-sucre.com\/wp-content\/uploads\/2025\/08\/IMG_3305b-337x225.jpg\" \/><div class=\"qg-overlay\"><span class=\"icon-circle\"><span class=\"pg-icon lightbox-icon\"><\/span><\/span><\/div><\/a><\/div><div class=\"qg-img qg-no-title\" data-defwidth=\"337\"><a href=\"https:\/\/mouton-en-sucre.com\/wp-content\/uploads\/2025\/08\/IMG_3299b.jpg\" rel=\"lightbox[group-1]\" title=\"\" ><img decoding=\"async\" src=\"https:\/\/mouton-en-sucre.com\/wp-content\/uploads\/2025\/08\/IMG_3299b-337x225.jpg\" \/><div class=\"qg-overlay\"><span class=\"icon-circle\"><span class=\"pg-icon lightbox-icon\"><\/span><\/span><\/div><\/a><\/div><div class=\"qg-img qg-no-title\" data-defwidth=\"337\"><a href=\"https:\/\/mouton-en-sucre.com\/wp-content\/uploads\/2025\/08\/IMG_3281b.jpg\" rel=\"lightbox[group-1]\" title=\"\" ><img decoding=\"async\" src=\"https:\/\/mouton-en-sucre.com\/wp-content\/uploads\/2025\/08\/IMG_3281b-337x225.jpg\" \/><div class=\"qg-overlay\"><span class=\"icon-circle\"><span class=\"pg-icon lightbox-icon\"><\/span><\/span><\/div><\/a><\/div><div class=\"clear\"><\/div><\/div>\n<p>&nbsp;<\/p>\n","protected":false},"excerpt":{"rendered":"<p>Set of 2 deckchairs<\/p>\n<p>Wood<\/p>\n<p><em>Accessories \/ doll not included<\/em><\/p>","protected":false},"featured_media":18472,"comment_status":"closed","ping_status":"closed","template":"","meta":{"_vp_format_video_url":"","_vp_image_focal_point":[]},"product_brand":[],"product_cat":[223,250],"product_tag":[],"class_list":{"0":"post-18844","1":"product","2":"type-product","3":"status-publish","4":"has-post-thumbnail","6":"product_cat-accessoires","7":"product_cat-house","9":"first","10":"instock","11":"shipping-taxable","12":"purchasable","13":"product-type-simple"},"yoast_head":"<!-- This site is optimized with the Yoast SEO plugin v27.1.1 - https:\/\/yoast.com\/product\/yoast-seo-wordpress\/ -->\n<title>Chaises longues x2 - Le Mouton en Sucre<\/title>\n<meta name=\"description\" content=\"Le lot de chaises longues miniatures est parfait pour accessoiriser vos sc\u00e8nes et d\u00e9cors de vacances de poup\u00e9es taille 1\/12e.\" \/>\n<meta name=\"robots\" content=\"index, follow, max-snippet:-1, max-image-preview:large, max-video-preview:-1\" \/>\n<link rel=\"canonical\" href=\"https:\/\/mouton-en-sucre.com\/en\/product\/chaises-longues-x2\/\" \/>\n<meta property=\"og:locale\" content=\"en_GB\" \/>\n<meta property=\"og:type\" content=\"article\" \/>\n<meta property=\"og:title\" content=\"Chaises longues x2 - Le Mouton en Sucre\" \/>\n<meta property=\"og:description\" content=\"Le lot de chaises longues miniatures est parfait pour accessoiriser vos sc\u00e8nes et d\u00e9cors de vacances de poup\u00e9es taille 1\/12e.\" \/>\n<meta property=\"og:url\" content=\"https:\/\/mouton-en-sucre.com\/en\/product\/chaises-longues-x2\/\" \/>\n<meta property=\"og:site_name\" content=\"Le Mouton en Sucre\" \/>\n<meta property=\"article:modified_time\" content=\"2025-10-19T06:51:42+00:00\" \/>\n<meta property=\"og:image\" content=\"https:\/\/mouton-en-sucre.com\/wp-content\/uploads\/2025\/08\/IMG_3307b.jpg\" \/>\n\t<meta property=\"og:image:width\" content=\"1000\" \/>\n\t<meta property=\"og:image:height\" content=\"667\" \/>\n\t<meta property=\"og:image:type\" content=\"image\/jpeg\" \/>\n<meta name=\"twitter:label1\" content=\"Estimated reading time\" \/>\n\t<meta name=\"twitter:data1\" content=\"1 minute\" \/>\n<script type=\"application\/ld+json\" class=\"yoast-schema-graph\">{\"@context\":\"https:\/\/schema.org\",\"@graph\":[{\"@type\":\"WebPage\",\"@id\":\"https:\/\/mouton-en-sucre.com\/produit\/chaises-longues-x2\/\",\"url\":\"https:\/\/mouton-en-sucre.com\/produit\/chaises-longues-x2\/\",\"name\":\"Chaises longues x2 - Le Mouton en Sucre\",\"isPartOf\":{\"@id\":\"https:\/\/mouton-en-sucre.com\/#website\"},\"primaryImageOfPage\":{\"@id\":\"https:\/\/mouton-en-sucre.com\/produit\/chaises-longues-x2\/#primaryimage\"},\"image\":{\"@id\":\"https:\/\/mouton-en-sucre.com\/produit\/chaises-longues-x2\/#primaryimage\"},\"thumbnailUrl\":\"https:\/\/mouton-en-sucre.com\/wp-content\/uploads\/2025\/08\/IMG_3307b.jpg\",\"datePublished\":\"2025-10-13T13:56:32+00:00\",\"dateModified\":\"2025-10-19T06:51:42+00:00\",\"description\":\"Le lot de chaises longues miniatures est parfait pour accessoiriser vos sc\u00e8nes et d\u00e9cors de vacances de poup\u00e9es taille 1\/12e.\",\"breadcrumb\":{\"@id\":\"https:\/\/mouton-en-sucre.com\/produit\/chaises-longues-x2\/#breadcrumb\"},\"inLanguage\":\"en-GB\",\"potentialAction\":[{\"@type\":\"ReadAction\",\"target\":[\"https:\/\/mouton-en-sucre.com\/produit\/chaises-longues-x2\/\"]}]},{\"@type\":\"ImageObject\",\"inLanguage\":\"en-GB\",\"@id\":\"https:\/\/mouton-en-sucre.com\/produit\/chaises-longues-x2\/#primaryimage\",\"url\":\"https:\/\/mouton-en-sucre.com\/wp-content\/uploads\/2025\/08\/IMG_3307b.jpg\",\"contentUrl\":\"https:\/\/mouton-en-sucre.com\/wp-content\/uploads\/2025\/08\/IMG_3307b.jpg\",\"width\":1000,\"height\":667,\"caption\":\"miniature chaise longue beach chair furniture plage decoration bjd doll\"},{\"@type\":\"BreadcrumbList\",\"@id\":\"https:\/\/mouton-en-sucre.com\/produit\/chaises-longues-x2\/#breadcrumb\",\"itemListElement\":[{\"@type\":\"ListItem\",\"position\":1,\"name\":\"Boutique\",\"item\":\"https:\/\/mouton-en-sucre.com\/boutique\/\"},{\"@type\":\"ListItem\",\"position\":2,\"name\":\"Chaises longues x2\"}]},{\"@type\":\"WebSite\",\"@id\":\"https:\/\/mouton-en-sucre.com\/#website\",\"url\":\"https:\/\/mouton-en-sucre.com\/\",\"name\":\"Le Mouton en Sucre\",\"description\":\"Cr\u00e9ateurs de douceurs pour les yeux\",\"potentialAction\":[{\"@type\":\"SearchAction\",\"target\":{\"@type\":\"EntryPoint\",\"urlTemplate\":\"https:\/\/mouton-en-sucre.com\/?s={search_term_string}\"},\"query-input\":{\"@type\":\"PropertyValueSpecification\",\"valueRequired\":true,\"valueName\":\"search_term_string\"}}],\"inLanguage\":\"en-GB\"}]}<\/script>\n<!-- \/ Yoast SEO plugin. -->","yoast_head_json":{"title":"Chaises longues x2 - Le Mouton en Sucre","description":"Le lot de chaises longues miniatures est parfait pour accessoiriser vos sc\u00e8nes et d\u00e9cors de vacances de poup\u00e9es taille 1\/12e.","robots":{"index":"index","follow":"follow","max-snippet":"max-snippet:-1","max-image-preview":"max-image-preview:large","max-video-preview":"max-video-preview:-1"},"canonical":"https:\/\/mouton-en-sucre.com\/en\/product\/chaises-longues-x2\/","og_locale":"en_GB","og_type":"article","og_title":"Chaises longues x2 - Le Mouton en Sucre","og_description":"Le lot de chaises longues miniatures est parfait pour accessoiriser vos sc\u00e8nes et d\u00e9cors de vacances de poup\u00e9es taille 1\/12e.","og_url":"https:\/\/mouton-en-sucre.com\/en\/product\/chaises-longues-x2\/","og_site_name":"Le Mouton en Sucre","article_modified_time":"2025-10-19T06:51:42+00:00","og_image":[{"width":1000,"height":667,"url":"https:\/\/mouton-en-sucre.com\/wp-content\/uploads\/2025\/08\/IMG_3307b.jpg","type":"image\/jpeg"}],"twitter_misc":{"Estimated reading time":"1 minute"},"schema":{"@context":"https:\/\/schema.org","@graph":[{"@type":"WebPage","@id":"https:\/\/mouton-en-sucre.com\/produit\/chaises-longues-x2\/","url":"https:\/\/mouton-en-sucre.com\/produit\/chaises-longues-x2\/","name":"Chaises longues x2 - Le Mouton en Sucre","isPartOf":{"@id":"https:\/\/mouton-en-sucre.com\/#website"},"primaryImageOfPage":{"@id":"https:\/\/mouton-en-sucre.com\/produit\/chaises-longues-x2\/#primaryimage"},"image":{"@id":"https:\/\/mouton-en-sucre.com\/produit\/chaises-longues-x2\/#primaryimage"},"thumbnailUrl":"https:\/\/mouton-en-sucre.com\/wp-content\/uploads\/2025\/08\/IMG_3307b.jpg","datePublished":"2025-10-13T13:56:32+00:00","dateModified":"2025-10-19T06:51:42+00:00","description":"Le lot de chaises longues miniatures est parfait pour accessoiriser vos sc\u00e8nes et d\u00e9cors de vacances de poup\u00e9es taille 1\/12e.","breadcrumb":{"@id":"https:\/\/mouton-en-sucre.com\/produit\/chaises-longues-x2\/#breadcrumb"},"inLanguage":"en-GB","potentialAction":[{"@type":"ReadAction","target":["https:\/\/mouton-en-sucre.com\/produit\/chaises-longues-x2\/"]}]},{"@type":"ImageObject","inLanguage":"en-GB","@id":"https:\/\/mouton-en-sucre.com\/produit\/chaises-longues-x2\/#primaryimage","url":"https:\/\/mouton-en-sucre.com\/wp-content\/uploads\/2025\/08\/IMG_3307b.jpg","contentUrl":"https:\/\/mouton-en-sucre.com\/wp-content\/uploads\/2025\/08\/IMG_3307b.jpg","width":1000,"height":667,"caption":"miniature chaise longue beach chair furniture plage decoration bjd doll"},{"@type":"BreadcrumbList","@id":"https:\/\/mouton-en-sucre.com\/produit\/chaises-longues-x2\/#breadcrumb","itemListElement":[{"@type":"ListItem","position":1,"name":"Boutique","item":"https:\/\/mouton-en-sucre.com\/boutique\/"},{"@type":"ListItem","position":2,"name":"Chaises longues x2"}]},{"@type":"WebSite","@id":"https:\/\/mouton-en-sucre.com\/#website","url":"https:\/\/mouton-en-sucre.com\/","name":"Le Mouton en Sucre","description":"Cr\u00e9ateurs de douceurs pour les yeux","potentialAction":[{"@type":"SearchAction","target":{"@type":"EntryPoint","urlTemplate":"https:\/\/mouton-en-sucre.com\/?s={search_term_string}"},"query-input":{"@type":"PropertyValueSpecification","valueRequired":true,"valueName":"search_term_string"}}],"inLanguage":"en-GB"}]}},"_links":{"self":[{"href":"https:\/\/mouton-en-sucre.com\/en\/wp-json\/wp\/v2\/product\/18844","targetHints":{"allow":["GET"]}}],"collection":[{"href":"https:\/\/mouton-en-sucre.com\/en\/wp-json\/wp\/v2\/product"}],"about":[{"href":"https:\/\/mouton-en-sucre.com\/en\/wp-json\/wp\/v2\/types\/product"}],"replies":[{"embeddable":true,"href":"https:\/\/mouton-en-sucre.com\/en\/wp-json\/wp\/v2\/comments?post=18844"}],"wp:featuredmedia":[{"embeddable":true,"href":"https:\/\/mouton-en-sucre.com\/en\/wp-json\/wp\/v2\/media\/18472"}],"wp:attachment":[{"href":"https:\/\/mouton-en-sucre.com\/en\/wp-json\/wp\/v2\/media?parent=18844"}],"wp:term":[{"taxonomy":"product_brand","embeddable":true,"href":"https:\/\/mouton-en-sucre.com\/en\/wp-json\/wp\/v2\/product_brand?post=18844"},{"taxonomy":"product_cat","embeddable":true,"href":"https:\/\/mouton-en-sucre.com\/en\/wp-json\/wp\/v2\/product_cat?post=18844"},{"taxonomy":"product_tag","embeddable":true,"href":"https:\/\/mouton-en-sucre.com\/en\/wp-json\/wp\/v2\/product_tag?post=18844"}],"curies":[{"name":"wp","href":"https:\/\/api.w.org\/{rel}","templated":true}]}}