{"id":18727,"date":"2025-10-11T19:52:17","date_gmt":"2025-10-11T17:52:17","guid":{"rendered":"https:\/\/mouton-en-sucre.com\/?post_type=product&#038;p=18727"},"modified":"2025-10-19T08:53:34","modified_gmt":"2025-10-19T06:53:34","slug":"coacamole-purple-bats","status":"publish","type":"product","link":"https:\/\/mouton-en-sucre.com\/en\/product\/coacamole-purple-bats\/","title":{"rendered":"Coac&rsquo;amole purple bats"},"content":{"rendered":"<p><em>Poup\u00e9e Grenouille<\/em><\/p>\n<p>Tiny doll : 5cm x 4cm<\/p>\n<p>Skin purple<\/p>\n<p>Eyes 10mm<\/p>\n<p>6 accessoires inclus<\/p>\n<p>&nbsp;<\/p>\n<div class=\"quick-gallery\"><div class=\"qg-img qg-no-title\" data-defwidth=\"337\"><a href=\"https:\/\/mouton-en-sucre.com\/wp-content\/uploads\/2025\/10\/IMG_3658b.jpg\" rel=\"lightbox[group-1]\" title=\"\" ><img decoding=\"async\" src=\"https:\/\/mouton-en-sucre.com\/wp-content\/uploads\/2025\/10\/IMG_3658b-337x225.jpg\" \/><div class=\"qg-overlay\"><span class=\"icon-circle\"><span class=\"pg-icon lightbox-icon\"><\/span><\/span><\/div><\/a><\/div><div class=\"qg-img qg-no-title\" data-defwidth=\"337\"><a href=\"https:\/\/mouton-en-sucre.com\/wp-content\/uploads\/2025\/10\/IMG_3657b.jpg\" rel=\"lightbox[group-1]\" title=\"\" ><img decoding=\"async\" src=\"https:\/\/mouton-en-sucre.com\/wp-content\/uploads\/2025\/10\/IMG_3657b-337x225.jpg\" \/><div class=\"qg-overlay\"><span class=\"icon-circle\"><span class=\"pg-icon lightbox-icon\"><\/span><\/span><\/div><\/a><\/div><div class=\"qg-img qg-no-title\" data-defwidth=\"337\"><a href=\"https:\/\/mouton-en-sucre.com\/wp-content\/uploads\/2025\/10\/IMG_3654b.jpg\" rel=\"lightbox[group-1]\" title=\"\" ><img decoding=\"async\" src=\"https:\/\/mouton-en-sucre.com\/wp-content\/uploads\/2025\/10\/IMG_3654b-337x225.jpg\" \/><div class=\"qg-overlay\"><span class=\"icon-circle\"><span class=\"pg-icon lightbox-icon\"><\/span><\/span><\/div><\/a><\/div><div class=\"qg-img qg-no-title\" data-defwidth=\"337\"><a href=\"https:\/\/mouton-en-sucre.com\/wp-content\/uploads\/2025\/10\/IMG_3653b.jpg\" rel=\"lightbox[group-1]\" title=\"\" ><img decoding=\"async\" src=\"https:\/\/mouton-en-sucre.com\/wp-content\/uploads\/2025\/10\/IMG_3653b-337x225.jpg\" \/><div class=\"qg-overlay\"><span class=\"icon-circle\"><span class=\"pg-icon lightbox-icon\"><\/span><\/span><\/div><\/a><\/div><div class=\"qg-img qg-no-title\" data-defwidth=\"337\"><a href=\"https:\/\/mouton-en-sucre.com\/wp-content\/uploads\/2025\/10\/IMG_3649b.jpg\" rel=\"lightbox[group-1]\" title=\"\" ><img decoding=\"async\" src=\"https:\/\/mouton-en-sucre.com\/wp-content\/uploads\/2025\/10\/IMG_3649b-337x225.jpg\" \/><div class=\"qg-overlay\"><span class=\"icon-circle\"><span class=\"pg-icon lightbox-icon\"><\/span><\/span><\/div><\/a><\/div><div class=\"qg-img qg-no-title\" data-defwidth=\"337\"><a href=\"https:\/\/mouton-en-sucre.com\/wp-content\/uploads\/2025\/10\/IMG_3643b.jpg\" rel=\"lightbox[group-1]\" title=\"\" ><img decoding=\"async\" src=\"https:\/\/mouton-en-sucre.com\/wp-content\/uploads\/2025\/10\/IMG_3643b-337x225.jpg\" \/><div class=\"qg-overlay\"><span class=\"icon-circle\"><span class=\"pg-icon lightbox-icon\"><\/span><\/span><\/div><\/a><\/div><div class=\"qg-img qg-no-title\" data-defwidth=\"337\"><a href=\"https:\/\/mouton-en-sucre.com\/wp-content\/uploads\/2025\/10\/IMG_3641b.jpg\" rel=\"lightbox[group-1]\" title=\"\" ><img decoding=\"async\" src=\"https:\/\/mouton-en-sucre.com\/wp-content\/uploads\/2025\/10\/IMG_3641b-337x225.jpg\" \/><div class=\"qg-overlay\"><span class=\"icon-circle\"><span class=\"pg-icon lightbox-icon\"><\/span><\/span><\/div><\/a><\/div><div class=\"qg-img qg-no-title\" data-defwidth=\"337\"><a href=\"https:\/\/mouton-en-sucre.com\/wp-content\/uploads\/2025\/10\/IMG_3637b.jpg\" rel=\"lightbox[group-1]\" title=\"\" ><img decoding=\"async\" src=\"https:\/\/mouton-en-sucre.com\/wp-content\/uploads\/2025\/10\/IMG_3637b-337x225.jpg\" \/><div class=\"qg-overlay\"><span class=\"icon-circle\"><span class=\"pg-icon lightbox-icon\"><\/span><\/span><\/div><\/a><\/div><div class=\"qg-img qg-no-title\" data-defwidth=\"337\"><a href=\"https:\/\/mouton-en-sucre.com\/wp-content\/uploads\/2025\/10\/IMG_3633b.jpg\" rel=\"lightbox[group-1]\" title=\"\" ><img decoding=\"async\" src=\"https:\/\/mouton-en-sucre.com\/wp-content\/uploads\/2025\/10\/IMG_3633b-337x224.jpg\" \/><div class=\"qg-overlay\"><span class=\"icon-circle\"><span class=\"pg-icon lightbox-icon\"><\/span><\/span><\/div><\/a><\/div><div class=\"qg-img qg-no-title\" data-defwidth=\"337\"><a href=\"https:\/\/mouton-en-sucre.com\/wp-content\/uploads\/2025\/10\/IMG_3647b.jpg\" rel=\"lightbox[group-1]\" title=\"\" ><img decoding=\"async\" src=\"https:\/\/mouton-en-sucre.com\/wp-content\/uploads\/2025\/10\/IMG_3647b-337x505.jpg\" \/><div class=\"qg-overlay\"><span class=\"icon-circle\"><span class=\"pg-icon lightbox-icon\"><\/span><\/span><\/div><\/a><\/div><div class=\"qg-img qg-no-title\" data-defwidth=\"337\"><a href=\"https:\/\/mouton-en-sucre.com\/wp-content\/uploads\/2025\/10\/IMG_3646b.jpg\" rel=\"lightbox[group-1]\" title=\"\" ><img decoding=\"async\" src=\"https:\/\/mouton-en-sucre.com\/wp-content\/uploads\/2025\/10\/IMG_3646b-337x505.jpg\" \/><div class=\"qg-overlay\"><span class=\"icon-circle\"><span class=\"pg-icon lightbox-icon\"><\/span><\/span><\/div><\/a><\/div><div class=\"clear\"><\/div><\/div>\n","protected":false},"excerpt":{"rendered":"<p>1 Coac&rsquo;amole<\/p>\n<p>Purple resin<\/p>\n<p>Blush : purple\/black<\/p>\n<p>Included : doll, protection bag, accessories : witch - top - melon hats, baby, crown, moustache.<\/p>","protected":false},"featured_media":18723,"comment_status":"closed","ping_status":"closed","template":"","meta":{"_vp_format_video_url":"","_vp_image_focal_point":[]},"product_brand":[],"product_cat":[208,282],"product_tag":[],"class_list":{"0":"post-18727","1":"product","2":"type-product","3":"status-publish","4":"has-post-thumbnail","6":"product_cat-bjd","7":"product_cat-coacamole","9":"first","10":"instock","11":"featured","12":"shipping-taxable","13":"purchasable","14":"product-type-simple"},"yoast_head":"<!-- This site is optimized with the Yoast SEO plugin v27.1.1 - https:\/\/yoast.com\/product\/yoast-seo-wordpress\/ -->\n<title>Poup\u00e9e oiseau Coac&#039;amole purple bats - Le Mouton en Sucre<\/title>\n<meta name=\"description\" content=\"Coac&#039;amole est une BJD grenouille pleine de surprises. Elle cache des accessoires fantaisie et emm\u00e8ne partout son b\u00e9b\u00e9 t\u00eatard qui aime les c\u00e2lins.\" \/>\n<meta name=\"robots\" content=\"index, follow, max-snippet:-1, max-image-preview:large, max-video-preview:-1\" \/>\n<link rel=\"canonical\" href=\"https:\/\/mouton-en-sucre.com\/en\/product\/coacamole-purple-bats\/\" \/>\n<meta property=\"og:locale\" content=\"en_GB\" \/>\n<meta property=\"og:type\" content=\"article\" \/>\n<meta property=\"og:title\" content=\"Poup\u00e9e oiseau Coac&#039;amole purple bats - Le Mouton en Sucre\" \/>\n<meta property=\"og:description\" content=\"Coac&#039;amole est une BJD grenouille pleine de surprises. Elle cache des accessoires fantaisie et emm\u00e8ne partout son b\u00e9b\u00e9 t\u00eatard qui aime les c\u00e2lins.\" \/>\n<meta property=\"og:url\" content=\"https:\/\/mouton-en-sucre.com\/en\/product\/coacamole-purple-bats\/\" \/>\n<meta property=\"og:site_name\" content=\"Le Mouton en Sucre\" \/>\n<meta property=\"article:modified_time\" content=\"2025-10-19T06:53:34+00:00\" \/>\n<meta property=\"og:image\" content=\"https:\/\/mouton-en-sucre.com\/wp-content\/uploads\/2025\/10\/IMG_3653b.jpg\" \/>\n\t<meta property=\"og:image:width\" content=\"1000\" \/>\n\t<meta property=\"og:image:height\" content=\"667\" \/>\n\t<meta property=\"og:image:type\" content=\"image\/jpeg\" \/>\n<meta name=\"twitter:label1\" content=\"Estimated reading time\" \/>\n\t<meta name=\"twitter:data1\" content=\"1 minute\" \/>\n<script type=\"application\/ld+json\" class=\"yoast-schema-graph\">{\"@context\":\"https:\/\/schema.org\",\"@graph\":[{\"@type\":\"WebPage\",\"@id\":\"https:\/\/mouton-en-sucre.com\/produit\/coacamole-purple-bats\/\",\"url\":\"https:\/\/mouton-en-sucre.com\/produit\/coacamole-purple-bats\/\",\"name\":\"Poup\u00e9e oiseau Coac'amole purple bats - Le Mouton en Sucre\",\"isPartOf\":{\"@id\":\"https:\/\/mouton-en-sucre.com\/#website\"},\"primaryImageOfPage\":{\"@id\":\"https:\/\/mouton-en-sucre.com\/produit\/coacamole-purple-bats\/#primaryimage\"},\"image\":{\"@id\":\"https:\/\/mouton-en-sucre.com\/produit\/coacamole-purple-bats\/#primaryimage\"},\"thumbnailUrl\":\"https:\/\/mouton-en-sucre.com\/wp-content\/uploads\/2025\/10\/IMG_3653b.jpg\",\"datePublished\":\"2025-10-11T17:52:17+00:00\",\"dateModified\":\"2025-10-19T06:53:34+00:00\",\"description\":\"Coac'amole est une BJD grenouille pleine de surprises. Elle cache des accessoires fantaisie et emm\u00e8ne partout son b\u00e9b\u00e9 t\u00eatard qui aime les c\u00e2lins.\",\"breadcrumb\":{\"@id\":\"https:\/\/mouton-en-sucre.com\/produit\/coacamole-purple-bats\/#breadcrumb\"},\"inLanguage\":\"en-GB\",\"potentialAction\":[{\"@type\":\"ReadAction\",\"target\":[\"https:\/\/mouton-en-sucre.com\/produit\/coacamole-purple-bats\/\"]}]},{\"@type\":\"ImageObject\",\"inLanguage\":\"en-GB\",\"@id\":\"https:\/\/mouton-en-sucre.com\/produit\/coacamole-purple-bats\/#primaryimage\",\"url\":\"https:\/\/mouton-en-sucre.com\/wp-content\/uploads\/2025\/10\/IMG_3653b.jpg\",\"contentUrl\":\"https:\/\/mouton-en-sucre.com\/wp-content\/uploads\/2025\/10\/IMG_3653b.jpg\",\"width\":1000,\"height\":667,\"caption\":\"Coac amole bjd doll frog grenouille ooak creation pet purple bat decoration makeup\"},{\"@type\":\"BreadcrumbList\",\"@id\":\"https:\/\/mouton-en-sucre.com\/produit\/coacamole-purple-bats\/#breadcrumb\",\"itemListElement\":[{\"@type\":\"ListItem\",\"position\":1,\"name\":\"Boutique\",\"item\":\"https:\/\/mouton-en-sucre.com\/boutique\/\"},{\"@type\":\"ListItem\",\"position\":2,\"name\":\"Coac&rsquo;amole purple bats\"}]},{\"@type\":\"WebSite\",\"@id\":\"https:\/\/mouton-en-sucre.com\/#website\",\"url\":\"https:\/\/mouton-en-sucre.com\/\",\"name\":\"Le Mouton en Sucre\",\"description\":\"Cr\u00e9ateurs de douceurs pour les yeux\",\"potentialAction\":[{\"@type\":\"SearchAction\",\"target\":{\"@type\":\"EntryPoint\",\"urlTemplate\":\"https:\/\/mouton-en-sucre.com\/?s={search_term_string}\"},\"query-input\":{\"@type\":\"PropertyValueSpecification\",\"valueRequired\":true,\"valueName\":\"search_term_string\"}}],\"inLanguage\":\"en-GB\"}]}<\/script>\n<!-- \/ Yoast SEO plugin. -->","yoast_head_json":{"title":"Poup\u00e9e oiseau Coac'amole purple bats - Le Mouton en Sucre","description":"Coac'amole est une BJD grenouille pleine de surprises. Elle cache des accessoires fantaisie et emm\u00e8ne partout son b\u00e9b\u00e9 t\u00eatard qui aime les c\u00e2lins.","robots":{"index":"index","follow":"follow","max-snippet":"max-snippet:-1","max-image-preview":"max-image-preview:large","max-video-preview":"max-video-preview:-1"},"canonical":"https:\/\/mouton-en-sucre.com\/en\/product\/coacamole-purple-bats\/","og_locale":"en_GB","og_type":"article","og_title":"Poup\u00e9e oiseau Coac'amole purple bats - Le Mouton en Sucre","og_description":"Coac'amole est une BJD grenouille pleine de surprises. Elle cache des accessoires fantaisie et emm\u00e8ne partout son b\u00e9b\u00e9 t\u00eatard qui aime les c\u00e2lins.","og_url":"https:\/\/mouton-en-sucre.com\/en\/product\/coacamole-purple-bats\/","og_site_name":"Le Mouton en Sucre","article_modified_time":"2025-10-19T06:53:34+00:00","og_image":[{"width":1000,"height":667,"url":"https:\/\/mouton-en-sucre.com\/wp-content\/uploads\/2025\/10\/IMG_3653b.jpg","type":"image\/jpeg"}],"twitter_misc":{"Estimated reading time":"1 minute"},"schema":{"@context":"https:\/\/schema.org","@graph":[{"@type":"WebPage","@id":"https:\/\/mouton-en-sucre.com\/produit\/coacamole-purple-bats\/","url":"https:\/\/mouton-en-sucre.com\/produit\/coacamole-purple-bats\/","name":"Poup\u00e9e oiseau Coac'amole purple bats - Le Mouton en Sucre","isPartOf":{"@id":"https:\/\/mouton-en-sucre.com\/#website"},"primaryImageOfPage":{"@id":"https:\/\/mouton-en-sucre.com\/produit\/coacamole-purple-bats\/#primaryimage"},"image":{"@id":"https:\/\/mouton-en-sucre.com\/produit\/coacamole-purple-bats\/#primaryimage"},"thumbnailUrl":"https:\/\/mouton-en-sucre.com\/wp-content\/uploads\/2025\/10\/IMG_3653b.jpg","datePublished":"2025-10-11T17:52:17+00:00","dateModified":"2025-10-19T06:53:34+00:00","description":"Coac'amole est une BJD grenouille pleine de surprises. Elle cache des accessoires fantaisie et emm\u00e8ne partout son b\u00e9b\u00e9 t\u00eatard qui aime les c\u00e2lins.","breadcrumb":{"@id":"https:\/\/mouton-en-sucre.com\/produit\/coacamole-purple-bats\/#breadcrumb"},"inLanguage":"en-GB","potentialAction":[{"@type":"ReadAction","target":["https:\/\/mouton-en-sucre.com\/produit\/coacamole-purple-bats\/"]}]},{"@type":"ImageObject","inLanguage":"en-GB","@id":"https:\/\/mouton-en-sucre.com\/produit\/coacamole-purple-bats\/#primaryimage","url":"https:\/\/mouton-en-sucre.com\/wp-content\/uploads\/2025\/10\/IMG_3653b.jpg","contentUrl":"https:\/\/mouton-en-sucre.com\/wp-content\/uploads\/2025\/10\/IMG_3653b.jpg","width":1000,"height":667,"caption":"Coac amole bjd doll frog grenouille ooak creation pet purple bat decoration makeup"},{"@type":"BreadcrumbList","@id":"https:\/\/mouton-en-sucre.com\/produit\/coacamole-purple-bats\/#breadcrumb","itemListElement":[{"@type":"ListItem","position":1,"name":"Boutique","item":"https:\/\/mouton-en-sucre.com\/boutique\/"},{"@type":"ListItem","position":2,"name":"Coac&rsquo;amole purple bats"}]},{"@type":"WebSite","@id":"https:\/\/mouton-en-sucre.com\/#website","url":"https:\/\/mouton-en-sucre.com\/","name":"Le Mouton en Sucre","description":"Cr\u00e9ateurs de douceurs pour les yeux","potentialAction":[{"@type":"SearchAction","target":{"@type":"EntryPoint","urlTemplate":"https:\/\/mouton-en-sucre.com\/?s={search_term_string}"},"query-input":{"@type":"PropertyValueSpecification","valueRequired":true,"valueName":"search_term_string"}}],"inLanguage":"en-GB"}]}},"_links":{"self":[{"href":"https:\/\/mouton-en-sucre.com\/en\/wp-json\/wp\/v2\/product\/18727","targetHints":{"allow":["GET"]}}],"collection":[{"href":"https:\/\/mouton-en-sucre.com\/en\/wp-json\/wp\/v2\/product"}],"about":[{"href":"https:\/\/mouton-en-sucre.com\/en\/wp-json\/wp\/v2\/types\/product"}],"replies":[{"embeddable":true,"href":"https:\/\/mouton-en-sucre.com\/en\/wp-json\/wp\/v2\/comments?post=18727"}],"wp:featuredmedia":[{"embeddable":true,"href":"https:\/\/mouton-en-sucre.com\/en\/wp-json\/wp\/v2\/media\/18723"}],"wp:attachment":[{"href":"https:\/\/mouton-en-sucre.com\/en\/wp-json\/wp\/v2\/media?parent=18727"}],"wp:term":[{"taxonomy":"product_brand","embeddable":true,"href":"https:\/\/mouton-en-sucre.com\/en\/wp-json\/wp\/v2\/product_brand?post=18727"},{"taxonomy":"product_cat","embeddable":true,"href":"https:\/\/mouton-en-sucre.com\/en\/wp-json\/wp\/v2\/product_cat?post=18727"},{"taxonomy":"product_tag","embeddable":true,"href":"https:\/\/mouton-en-sucre.com\/en\/wp-json\/wp\/v2\/product_tag?post=18727"}],"curies":[{"name":"wp","href":"https:\/\/api.w.org\/{rel}","templated":true}]}}