{"id":18572,"date":"2025-10-11T14:18:46","date_gmt":"2025-10-11T12:18:46","guid":{"rendered":"https:\/\/mouton-en-sucre.com\/?post_type=product&#038;p=18572"},"modified":"2025-10-19T14:56:05","modified_gmt":"2025-10-19T12:56:05","slug":"accessoire-citrouille-debile","status":"publish","type":"product","link":"https:\/\/mouton-en-sucre.com\/en\/product\/accessoire-citrouille-debile\/","title":{"rendered":"Dumb Pumpkin Accessory"},"content":{"rendered":"<p><em>Mini accessoire de t\u00eate aimant\u00e9<\/em><\/p>\n<p>Hauteur 1,3 cm<br \/>\nR\u00e9sine orange<br \/>\nBase aimant\u00e9e<br \/>\nEnti\u00e8rement peint \u00e0 le main<\/p>\n<p>(Compatible avec Rolling Scones glace\/muffin\/cr\u00e2ne\/shamallow, Figatelli, Potelette)<\/p>\n<p>(Mod\u00e8le utilis\u00e9 pour la photo, poup\u00e9e non inclue)<\/p>\n<p>&nbsp;<\/p>\n<div class=\"quick-gallery\"><div class=\"qg-img qg-no-title\" data-defwidth=\"337\"><a href=\"https:\/\/mouton-en-sucre.com\/wp-content\/uploads\/2025\/10\/IMG_4053b.jpg\" rel=\"lightbox[group-1]\" title=\"\" ><img decoding=\"async\" src=\"https:\/\/mouton-en-sucre.com\/wp-content\/uploads\/2025\/10\/IMG_4053b-337x225.jpg\" \/><div class=\"qg-overlay\"><span class=\"icon-circle\"><span class=\"pg-icon lightbox-icon\"><\/span><\/span><\/div><\/a><\/div><div class=\"qg-img qg-no-title\" data-defwidth=\"337\"><a href=\"https:\/\/mouton-en-sucre.com\/wp-content\/uploads\/2025\/10\/IMG_4054b.jpg\" rel=\"lightbox[group-1]\" title=\"\" ><img decoding=\"async\" src=\"https:\/\/mouton-en-sucre.com\/wp-content\/uploads\/2025\/10\/IMG_4054b-337x225.jpg\" \/><div class=\"qg-overlay\"><span class=\"icon-circle\"><span class=\"pg-icon lightbox-icon\"><\/span><\/span><\/div><\/a><\/div><div class=\"qg-img qg-no-title\" data-defwidth=\"337\"><a href=\"https:\/\/mouton-en-sucre.com\/wp-content\/uploads\/2024\/10\/IMG_1442b.jpg\" rel=\"lightbox[group-1]\" title=\"\" ><img decoding=\"async\" src=\"https:\/\/mouton-en-sucre.com\/wp-content\/uploads\/2024\/10\/IMG_1442b-337x225.jpg\" \/><div class=\"qg-overlay\"><span class=\"icon-circle\"><span class=\"pg-icon lightbox-icon\"><\/span><\/span><\/div><\/a><\/div><div class=\"clear\"><\/div><\/div>\n","protected":false},"excerpt":{"rendered":"<p>1 magnetic pumpkin accessory, \"dumb face\" decorated<\/p>\n<p>orange resin<\/p>\n<p>(Support doll not included)<\/p>","protected":false},"featured_media":18573,"comment_status":"closed","ping_status":"closed","template":"","meta":{"_vp_format_video_url":"","_vp_image_focal_point":[]},"product_brand":[],"product_cat":[223,278,224],"product_tag":[],"class_list":{"0":"post-18572","1":"product","2":"type-product","3":"status-publish","4":"has-post-thumbnail","6":"product_cat-accessoires","7":"product_cat-hats","8":"product_cat-resin-toy","10":"first","11":"instock","12":"shipping-taxable","13":"purchasable","14":"product-type-simple"},"yoast_head":"<!-- This site is optimized with the Yoast SEO plugin v27.1.1 - https:\/\/yoast.com\/product\/yoast-seo-wordpress\/ -->\n<title>Accessoire Citrouille d\u00e9bile - Le Mouton en Sucre<\/title>\n<meta name=\"robots\" content=\"index, follow, max-snippet:-1, max-image-preview:large, max-video-preview:-1\" \/>\n<link rel=\"canonical\" href=\"https:\/\/mouton-en-sucre.com\/en\/product\/accessoire-citrouille-debile\/\" \/>\n<meta property=\"og:locale\" content=\"en_GB\" \/>\n<meta property=\"og:type\" content=\"article\" \/>\n<meta property=\"og:title\" content=\"Accessoire Citrouille d\u00e9bile - Le Mouton en Sucre\" \/>\n<meta property=\"og:description\" content=\"1 accessoire citrouille aimant\u00e9, d\u00e9cor\u00e9 &quot;visage d\u00e9bile&quot;  R\u00e9sine orange  (Poup\u00e9e support non inclue)\" \/>\n<meta property=\"og:url\" content=\"https:\/\/mouton-en-sucre.com\/en\/product\/accessoire-citrouille-debile\/\" \/>\n<meta property=\"og:site_name\" content=\"Le Mouton en Sucre\" \/>\n<meta property=\"article:modified_time\" content=\"2025-10-19T12:56:05+00:00\" \/>\n<meta property=\"og:image\" content=\"https:\/\/mouton-en-sucre.com\/wp-content\/uploads\/2025\/10\/IMG_4053b.jpg\" \/>\n\t<meta property=\"og:image:width\" content=\"1000\" \/>\n\t<meta property=\"og:image:height\" content=\"667\" \/>\n\t<meta property=\"og:image:type\" content=\"image\/jpeg\" \/>\n<meta name=\"twitter:label1\" content=\"Estimated reading time\" \/>\n\t<meta name=\"twitter:data1\" content=\"1 minute\" \/>\n<script type=\"application\/ld+json\" class=\"yoast-schema-graph\">{\"@context\":\"https:\/\/schema.org\",\"@graph\":[{\"@type\":\"WebPage\",\"@id\":\"https:\/\/mouton-en-sucre.com\/produit\/accessoire-citrouille-debile\/\",\"url\":\"https:\/\/mouton-en-sucre.com\/produit\/accessoire-citrouille-debile\/\",\"name\":\"Accessoire Citrouille d\u00e9bile - Le Mouton en Sucre\",\"isPartOf\":{\"@id\":\"https:\/\/mouton-en-sucre.com\/#website\"},\"primaryImageOfPage\":{\"@id\":\"https:\/\/mouton-en-sucre.com\/produit\/accessoire-citrouille-debile\/#primaryimage\"},\"image\":{\"@id\":\"https:\/\/mouton-en-sucre.com\/produit\/accessoire-citrouille-debile\/#primaryimage\"},\"thumbnailUrl\":\"https:\/\/mouton-en-sucre.com\/wp-content\/uploads\/2025\/10\/IMG_4053b.jpg\",\"datePublished\":\"2025-10-11T12:18:46+00:00\",\"dateModified\":\"2025-10-19T12:56:05+00:00\",\"breadcrumb\":{\"@id\":\"https:\/\/mouton-en-sucre.com\/produit\/accessoire-citrouille-debile\/#breadcrumb\"},\"inLanguage\":\"en-GB\",\"potentialAction\":[{\"@type\":\"ReadAction\",\"target\":[\"https:\/\/mouton-en-sucre.com\/produit\/accessoire-citrouille-debile\/\"]}]},{\"@type\":\"ImageObject\",\"inLanguage\":\"en-GB\",\"@id\":\"https:\/\/mouton-en-sucre.com\/produit\/accessoire-citrouille-debile\/#primaryimage\",\"url\":\"https:\/\/mouton-en-sucre.com\/wp-content\/uploads\/2025\/10\/IMG_4053b.jpg\",\"contentUrl\":\"https:\/\/mouton-en-sucre.com\/wp-content\/uploads\/2025\/10\/IMG_4053b.jpg\",\"width\":1000,\"height\":667,\"caption\":\"Accessoires pumpkin magneted miniature resin\"},{\"@type\":\"BreadcrumbList\",\"@id\":\"https:\/\/mouton-en-sucre.com\/produit\/accessoire-citrouille-debile\/#breadcrumb\",\"itemListElement\":[{\"@type\":\"ListItem\",\"position\":1,\"name\":\"Boutique\",\"item\":\"https:\/\/mouton-en-sucre.com\/boutique\/\"},{\"@type\":\"ListItem\",\"position\":2,\"name\":\"Accessoire Citrouille d\u00e9bile\"}]},{\"@type\":\"WebSite\",\"@id\":\"https:\/\/mouton-en-sucre.com\/#website\",\"url\":\"https:\/\/mouton-en-sucre.com\/\",\"name\":\"Le Mouton en Sucre\",\"description\":\"Cr\u00e9ateurs de douceurs pour les yeux\",\"potentialAction\":[{\"@type\":\"SearchAction\",\"target\":{\"@type\":\"EntryPoint\",\"urlTemplate\":\"https:\/\/mouton-en-sucre.com\/?s={search_term_string}\"},\"query-input\":{\"@type\":\"PropertyValueSpecification\",\"valueRequired\":true,\"valueName\":\"search_term_string\"}}],\"inLanguage\":\"en-GB\"}]}<\/script>\n<!-- \/ Yoast SEO plugin. -->","yoast_head_json":{"title":"Accessoire Citrouille d\u00e9bile - Le Mouton en Sucre","robots":{"index":"index","follow":"follow","max-snippet":"max-snippet:-1","max-image-preview":"max-image-preview:large","max-video-preview":"max-video-preview:-1"},"canonical":"https:\/\/mouton-en-sucre.com\/en\/product\/accessoire-citrouille-debile\/","og_locale":"en_GB","og_type":"article","og_title":"Accessoire Citrouille d\u00e9bile - Le Mouton en Sucre","og_description":"1 accessoire citrouille aimant\u00e9, d\u00e9cor\u00e9 \"visage d\u00e9bile\"  R\u00e9sine orange  (Poup\u00e9e support non inclue)","og_url":"https:\/\/mouton-en-sucre.com\/en\/product\/accessoire-citrouille-debile\/","og_site_name":"Le Mouton en Sucre","article_modified_time":"2025-10-19T12:56:05+00:00","og_image":[{"width":1000,"height":667,"url":"https:\/\/mouton-en-sucre.com\/wp-content\/uploads\/2025\/10\/IMG_4053b.jpg","type":"image\/jpeg"}],"twitter_misc":{"Estimated reading time":"1 minute"},"schema":{"@context":"https:\/\/schema.org","@graph":[{"@type":"WebPage","@id":"https:\/\/mouton-en-sucre.com\/produit\/accessoire-citrouille-debile\/","url":"https:\/\/mouton-en-sucre.com\/produit\/accessoire-citrouille-debile\/","name":"Accessoire Citrouille d\u00e9bile - Le Mouton en Sucre","isPartOf":{"@id":"https:\/\/mouton-en-sucre.com\/#website"},"primaryImageOfPage":{"@id":"https:\/\/mouton-en-sucre.com\/produit\/accessoire-citrouille-debile\/#primaryimage"},"image":{"@id":"https:\/\/mouton-en-sucre.com\/produit\/accessoire-citrouille-debile\/#primaryimage"},"thumbnailUrl":"https:\/\/mouton-en-sucre.com\/wp-content\/uploads\/2025\/10\/IMG_4053b.jpg","datePublished":"2025-10-11T12:18:46+00:00","dateModified":"2025-10-19T12:56:05+00:00","breadcrumb":{"@id":"https:\/\/mouton-en-sucre.com\/produit\/accessoire-citrouille-debile\/#breadcrumb"},"inLanguage":"en-GB","potentialAction":[{"@type":"ReadAction","target":["https:\/\/mouton-en-sucre.com\/produit\/accessoire-citrouille-debile\/"]}]},{"@type":"ImageObject","inLanguage":"en-GB","@id":"https:\/\/mouton-en-sucre.com\/produit\/accessoire-citrouille-debile\/#primaryimage","url":"https:\/\/mouton-en-sucre.com\/wp-content\/uploads\/2025\/10\/IMG_4053b.jpg","contentUrl":"https:\/\/mouton-en-sucre.com\/wp-content\/uploads\/2025\/10\/IMG_4053b.jpg","width":1000,"height":667,"caption":"Accessoires pumpkin magneted miniature resin"},{"@type":"BreadcrumbList","@id":"https:\/\/mouton-en-sucre.com\/produit\/accessoire-citrouille-debile\/#breadcrumb","itemListElement":[{"@type":"ListItem","position":1,"name":"Boutique","item":"https:\/\/mouton-en-sucre.com\/boutique\/"},{"@type":"ListItem","position":2,"name":"Accessoire Citrouille d\u00e9bile"}]},{"@type":"WebSite","@id":"https:\/\/mouton-en-sucre.com\/#website","url":"https:\/\/mouton-en-sucre.com\/","name":"Le Mouton en Sucre","description":"Cr\u00e9ateurs de douceurs pour les yeux","potentialAction":[{"@type":"SearchAction","target":{"@type":"EntryPoint","urlTemplate":"https:\/\/mouton-en-sucre.com\/?s={search_term_string}"},"query-input":{"@type":"PropertyValueSpecification","valueRequired":true,"valueName":"search_term_string"}}],"inLanguage":"en-GB"}]}},"_links":{"self":[{"href":"https:\/\/mouton-en-sucre.com\/en\/wp-json\/wp\/v2\/product\/18572","targetHints":{"allow":["GET"]}}],"collection":[{"href":"https:\/\/mouton-en-sucre.com\/en\/wp-json\/wp\/v2\/product"}],"about":[{"href":"https:\/\/mouton-en-sucre.com\/en\/wp-json\/wp\/v2\/types\/product"}],"replies":[{"embeddable":true,"href":"https:\/\/mouton-en-sucre.com\/en\/wp-json\/wp\/v2\/comments?post=18572"}],"wp:featuredmedia":[{"embeddable":true,"href":"https:\/\/mouton-en-sucre.com\/en\/wp-json\/wp\/v2\/media\/18573"}],"wp:attachment":[{"href":"https:\/\/mouton-en-sucre.com\/en\/wp-json\/wp\/v2\/media?parent=18572"}],"wp:term":[{"taxonomy":"product_brand","embeddable":true,"href":"https:\/\/mouton-en-sucre.com\/en\/wp-json\/wp\/v2\/product_brand?post=18572"},{"taxonomy":"product_cat","embeddable":true,"href":"https:\/\/mouton-en-sucre.com\/en\/wp-json\/wp\/v2\/product_cat?post=18572"},{"taxonomy":"product_tag","embeddable":true,"href":"https:\/\/mouton-en-sucre.com\/en\/wp-json\/wp\/v2\/product_tag?post=18572"}],"curies":[{"name":"wp","href":"https:\/\/api.w.org\/{rel}","templated":true}]}}