{"id":16038,"date":"2023-06-12T15:45:56","date_gmt":"2023-06-12T13:45:56","guid":{"rendered":"https:\/\/mouton-en-sucre.com\/?post_type=product&#038;p=16038"},"modified":"2024-10-20T08:53:51","modified_gmt":"2024-10-20T06:53:51","slug":"diademe-bettybat-purple","status":"publish","type":"product","link":"https:\/\/mouton-en-sucre.com\/en\/product\/diademe-bettybat-purple\/","title":{"rendered":"Betty Bat diadem purple"},"content":{"rendered":"<p>Diad\u00e8me Chauve-souris \u00ab\u00a0Betty bat\u00a0\u00bb<\/p>\n<p>Couleur : Tons violet\/noir<\/p>\n<p>Mat\u00e9riau : R\u00e9sine UV + base aimant\u00e9e<\/p>\n<p>Taille : 6 cm<\/p>\n<p>Attention poup\u00e9e mod\u00e8le de pr\u00e9sentation non inclus<\/p>\n<p>&nbsp;<\/p>\n<div class=\"quick-gallery\"><div class=\"qg-img qg-no-title\" data-defwidth=\"337\"><a href=\"https:\/\/mouton-en-sucre.com\/wp-content\/uploads\/2023\/06\/IMG_5338b.jpg\" rel=\"lightbox[group-1]\" title=\"\" ><img decoding=\"async\" src=\"https:\/\/mouton-en-sucre.com\/wp-content\/uploads\/2023\/06\/IMG_5338b-337x225.jpg\" \/><div class=\"qg-overlay\"><span class=\"icon-circle\"><span class=\"pg-icon lightbox-icon\"><\/span><\/span><\/div><\/a><\/div><div class=\"qg-img qg-no-title\" data-defwidth=\"337\"><a href=\"https:\/\/mouton-en-sucre.com\/wp-content\/uploads\/2023\/06\/IMG_5339b.jpg\" rel=\"lightbox[group-1]\" title=\"\" ><img decoding=\"async\" src=\"https:\/\/mouton-en-sucre.com\/wp-content\/uploads\/2023\/06\/IMG_5339b-337x225.jpg\" \/><div class=\"qg-overlay\"><span class=\"icon-circle\"><span class=\"pg-icon lightbox-icon\"><\/span><\/span><\/div><\/a><\/div><div class=\"qg-img qg-no-title\" data-defwidth=\"337\"><a href=\"https:\/\/mouton-en-sucre.com\/wp-content\/uploads\/2023\/06\/IMG_5340b.jpg\" rel=\"lightbox[group-1]\" title=\"\" ><img decoding=\"async\" src=\"https:\/\/mouton-en-sucre.com\/wp-content\/uploads\/2023\/06\/IMG_5340b-337x225.jpg\" \/><div class=\"qg-overlay\"><span class=\"icon-circle\"><span class=\"pg-icon lightbox-icon\"><\/span><\/span><\/div><\/a><\/div><div class=\"qg-img qg-no-title\" data-defwidth=\"337\"><a href=\"https:\/\/mouton-en-sucre.com\/wp-content\/uploads\/2023\/06\/IMG_4854b.jpg\" rel=\"lightbox[group-1]\" title=\"\" ><img decoding=\"async\" src=\"https:\/\/mouton-en-sucre.com\/wp-content\/uploads\/2023\/06\/IMG_4854b-337x505.jpg\" \/><div class=\"qg-overlay\"><span class=\"icon-circle\"><span class=\"pg-icon lightbox-icon\"><\/span><\/span><\/div><\/a><\/div><div class=\"qg-img qg-no-title\" data-defwidth=\"337\"><a href=\"https:\/\/mouton-en-sucre.com\/wp-content\/uploads\/2023\/06\/IMG_4855b.jpg\" rel=\"lightbox[group-1]\" title=\"\" ><img decoding=\"async\" src=\"https:\/\/mouton-en-sucre.com\/wp-content\/uploads\/2023\/06\/IMG_4855b-337x505.jpg\" \/><div class=\"qg-overlay\"><span class=\"icon-circle\"><span class=\"pg-icon lightbox-icon\"><\/span><\/span><\/div><\/a><\/div><div class=\"qg-img qg-no-title\" data-defwidth=\"337\"><a href=\"https:\/\/mouton-en-sucre.com\/wp-content\/uploads\/2023\/06\/IMG_4857b.jpg\" rel=\"lightbox[group-1]\" title=\"\" ><img decoding=\"async\" src=\"https:\/\/mouton-en-sucre.com\/wp-content\/uploads\/2023\/06\/IMG_4857b-337x505.jpg\" \/><div class=\"qg-overlay\"><span class=\"icon-circle\"><span class=\"pg-icon lightbox-icon\"><\/span><\/span><\/div><\/a><\/div><div class=\"clear\"><\/div><\/div>\n","protected":false},"excerpt":{"rendered":"<p>Betty Bat diadem purple<\/p>\n<p>Painting is done by hand and can slightly vary from the picture's model.<\/p>","protected":false},"featured_media":16172,"comment_status":"closed","ping_status":"closed","template":"","meta":{"_vp_format_video_url":"","_vp_image_focal_point":[]},"product_brand":[],"product_cat":[223,263],"product_tag":[],"class_list":{"0":"post-16038","1":"product","2":"type-product","3":"status-publish","4":"has-post-thumbnail","6":"product_cat-accessoires","7":"product_cat-bijoux","9":"first","10":"instock","11":"shipping-taxable","12":"purchasable","13":"product-type-simple"},"yoast_head":"<!-- This site is optimized with the Yoast SEO plugin v27.1.1 - https:\/\/yoast.com\/product\/yoast-seo-wordpress\/ -->\n<title>Diad\u00e8me BettyBat Purple - Le Mouton en Sucre<\/title>\n<meta name=\"description\" content=\"La gamme de couronnes chauves-souris pour bjd permet d&#039;accessoiriser vos dolls avec classe et humour pour des customisations originales !\" \/>\n<meta name=\"robots\" content=\"index, follow, max-snippet:-1, max-image-preview:large, max-video-preview:-1\" \/>\n<link rel=\"canonical\" href=\"https:\/\/mouton-en-sucre.com\/en\/product\/diademe-bettybat-purple\/\" \/>\n<meta property=\"og:locale\" content=\"en_GB\" \/>\n<meta property=\"og:type\" content=\"article\" \/>\n<meta property=\"og:title\" content=\"Diad\u00e8me BettyBat Purple - Le Mouton en Sucre\" \/>\n<meta property=\"og:description\" content=\"La gamme de couronnes chauves-souris pour bjd permet d&#039;accessoiriser vos dolls avec classe et humour pour des customisations originales !\" \/>\n<meta property=\"og:url\" content=\"https:\/\/mouton-en-sucre.com\/en\/product\/diademe-bettybat-purple\/\" \/>\n<meta property=\"og:site_name\" content=\"Le Mouton en Sucre\" \/>\n<meta property=\"article:modified_time\" content=\"2024-10-20T06:53:51+00:00\" \/>\n<meta property=\"og:image\" content=\"https:\/\/mouton-en-sucre.com\/wp-content\/uploads\/2023\/06\/IMG_5338b.jpg\" \/>\n\t<meta property=\"og:image:width\" content=\"1000\" \/>\n\t<meta property=\"og:image:height\" content=\"667\" \/>\n\t<meta property=\"og:image:type\" content=\"image\/jpeg\" \/>\n<meta name=\"twitter:label1\" content=\"Estimated reading time\" \/>\n\t<meta name=\"twitter:data1\" content=\"1 minute\" \/>\n<script type=\"application\/ld+json\" class=\"yoast-schema-graph\">{\"@context\":\"https:\/\/schema.org\",\"@graph\":[{\"@type\":\"WebPage\",\"@id\":\"https:\/\/mouton-en-sucre.com\/produit\/diademe-bettybat-purple\/\",\"url\":\"https:\/\/mouton-en-sucre.com\/produit\/diademe-bettybat-purple\/\",\"name\":\"Diad\u00e8me BettyBat Purple - Le Mouton en Sucre\",\"isPartOf\":{\"@id\":\"https:\/\/mouton-en-sucre.com\/#website\"},\"primaryImageOfPage\":{\"@id\":\"https:\/\/mouton-en-sucre.com\/produit\/diademe-bettybat-purple\/#primaryimage\"},\"image\":{\"@id\":\"https:\/\/mouton-en-sucre.com\/produit\/diademe-bettybat-purple\/#primaryimage\"},\"thumbnailUrl\":\"https:\/\/mouton-en-sucre.com\/wp-content\/uploads\/2023\/06\/IMG_5338b.jpg\",\"datePublished\":\"2023-06-12T13:45:56+00:00\",\"dateModified\":\"2024-10-20T06:53:51+00:00\",\"description\":\"La gamme de couronnes chauves-souris pour bjd permet d'accessoiriser vos dolls avec classe et humour pour des customisations originales !\",\"breadcrumb\":{\"@id\":\"https:\/\/mouton-en-sucre.com\/produit\/diademe-bettybat-purple\/#breadcrumb\"},\"inLanguage\":\"en-GB\",\"potentialAction\":[{\"@type\":\"ReadAction\",\"target\":[\"https:\/\/mouton-en-sucre.com\/produit\/diademe-bettybat-purple\/\"]}]},{\"@type\":\"ImageObject\",\"inLanguage\":\"en-GB\",\"@id\":\"https:\/\/mouton-en-sucre.com\/produit\/diademe-bettybat-purple\/#primaryimage\",\"url\":\"https:\/\/mouton-en-sucre.com\/wp-content\/uploads\/2023\/06\/IMG_5338b.jpg\",\"contentUrl\":\"https:\/\/mouton-en-sucre.com\/wp-content\/uploads\/2023\/06\/IMG_5338b.jpg\",\"width\":1000,\"height\":667,\"caption\":\"resin bat crown accessory bjd pullip blythe head jewel purple painted\"},{\"@type\":\"BreadcrumbList\",\"@id\":\"https:\/\/mouton-en-sucre.com\/produit\/diademe-bettybat-purple\/#breadcrumb\",\"itemListElement\":[{\"@type\":\"ListItem\",\"position\":1,\"name\":\"Boutique\",\"item\":\"https:\/\/mouton-en-sucre.com\/boutique\/\"},{\"@type\":\"ListItem\",\"position\":2,\"name\":\"Diad\u00e8me BettyBat Purple\"}]},{\"@type\":\"WebSite\",\"@id\":\"https:\/\/mouton-en-sucre.com\/#website\",\"url\":\"https:\/\/mouton-en-sucre.com\/\",\"name\":\"Le Mouton en Sucre\",\"description\":\"Cr\u00e9ateurs de douceurs pour les yeux\",\"potentialAction\":[{\"@type\":\"SearchAction\",\"target\":{\"@type\":\"EntryPoint\",\"urlTemplate\":\"https:\/\/mouton-en-sucre.com\/?s={search_term_string}\"},\"query-input\":{\"@type\":\"PropertyValueSpecification\",\"valueRequired\":true,\"valueName\":\"search_term_string\"}}],\"inLanguage\":\"en-GB\"}]}<\/script>\n<!-- \/ Yoast SEO plugin. -->","yoast_head_json":{"title":"Diad\u00e8me BettyBat Purple - Le Mouton en Sucre","description":"La gamme de couronnes chauves-souris pour bjd permet d'accessoiriser vos dolls avec classe et humour pour des customisations originales !","robots":{"index":"index","follow":"follow","max-snippet":"max-snippet:-1","max-image-preview":"max-image-preview:large","max-video-preview":"max-video-preview:-1"},"canonical":"https:\/\/mouton-en-sucre.com\/en\/product\/diademe-bettybat-purple\/","og_locale":"en_GB","og_type":"article","og_title":"Diad\u00e8me BettyBat Purple - Le Mouton en Sucre","og_description":"La gamme de couronnes chauves-souris pour bjd permet d'accessoiriser vos dolls avec classe et humour pour des customisations originales !","og_url":"https:\/\/mouton-en-sucre.com\/en\/product\/diademe-bettybat-purple\/","og_site_name":"Le Mouton en Sucre","article_modified_time":"2024-10-20T06:53:51+00:00","og_image":[{"width":1000,"height":667,"url":"https:\/\/mouton-en-sucre.com\/wp-content\/uploads\/2023\/06\/IMG_5338b.jpg","type":"image\/jpeg"}],"twitter_misc":{"Estimated reading time":"1 minute"},"schema":{"@context":"https:\/\/schema.org","@graph":[{"@type":"WebPage","@id":"https:\/\/mouton-en-sucre.com\/produit\/diademe-bettybat-purple\/","url":"https:\/\/mouton-en-sucre.com\/produit\/diademe-bettybat-purple\/","name":"Diad\u00e8me BettyBat Purple - Le Mouton en Sucre","isPartOf":{"@id":"https:\/\/mouton-en-sucre.com\/#website"},"primaryImageOfPage":{"@id":"https:\/\/mouton-en-sucre.com\/produit\/diademe-bettybat-purple\/#primaryimage"},"image":{"@id":"https:\/\/mouton-en-sucre.com\/produit\/diademe-bettybat-purple\/#primaryimage"},"thumbnailUrl":"https:\/\/mouton-en-sucre.com\/wp-content\/uploads\/2023\/06\/IMG_5338b.jpg","datePublished":"2023-06-12T13:45:56+00:00","dateModified":"2024-10-20T06:53:51+00:00","description":"La gamme de couronnes chauves-souris pour bjd permet d'accessoiriser vos dolls avec classe et humour pour des customisations originales !","breadcrumb":{"@id":"https:\/\/mouton-en-sucre.com\/produit\/diademe-bettybat-purple\/#breadcrumb"},"inLanguage":"en-GB","potentialAction":[{"@type":"ReadAction","target":["https:\/\/mouton-en-sucre.com\/produit\/diademe-bettybat-purple\/"]}]},{"@type":"ImageObject","inLanguage":"en-GB","@id":"https:\/\/mouton-en-sucre.com\/produit\/diademe-bettybat-purple\/#primaryimage","url":"https:\/\/mouton-en-sucre.com\/wp-content\/uploads\/2023\/06\/IMG_5338b.jpg","contentUrl":"https:\/\/mouton-en-sucre.com\/wp-content\/uploads\/2023\/06\/IMG_5338b.jpg","width":1000,"height":667,"caption":"resin bat crown accessory bjd pullip blythe head jewel purple painted"},{"@type":"BreadcrumbList","@id":"https:\/\/mouton-en-sucre.com\/produit\/diademe-bettybat-purple\/#breadcrumb","itemListElement":[{"@type":"ListItem","position":1,"name":"Boutique","item":"https:\/\/mouton-en-sucre.com\/boutique\/"},{"@type":"ListItem","position":2,"name":"Diad\u00e8me BettyBat Purple"}]},{"@type":"WebSite","@id":"https:\/\/mouton-en-sucre.com\/#website","url":"https:\/\/mouton-en-sucre.com\/","name":"Le Mouton en Sucre","description":"Cr\u00e9ateurs de douceurs pour les yeux","potentialAction":[{"@type":"SearchAction","target":{"@type":"EntryPoint","urlTemplate":"https:\/\/mouton-en-sucre.com\/?s={search_term_string}"},"query-input":{"@type":"PropertyValueSpecification","valueRequired":true,"valueName":"search_term_string"}}],"inLanguage":"en-GB"}]}},"_links":{"self":[{"href":"https:\/\/mouton-en-sucre.com\/en\/wp-json\/wp\/v2\/product\/16038","targetHints":{"allow":["GET"]}}],"collection":[{"href":"https:\/\/mouton-en-sucre.com\/en\/wp-json\/wp\/v2\/product"}],"about":[{"href":"https:\/\/mouton-en-sucre.com\/en\/wp-json\/wp\/v2\/types\/product"}],"replies":[{"embeddable":true,"href":"https:\/\/mouton-en-sucre.com\/en\/wp-json\/wp\/v2\/comments?post=16038"}],"wp:featuredmedia":[{"embeddable":true,"href":"https:\/\/mouton-en-sucre.com\/en\/wp-json\/wp\/v2\/media\/16172"}],"wp:attachment":[{"href":"https:\/\/mouton-en-sucre.com\/en\/wp-json\/wp\/v2\/media?parent=16038"}],"wp:term":[{"taxonomy":"product_brand","embeddable":true,"href":"https:\/\/mouton-en-sucre.com\/en\/wp-json\/wp\/v2\/product_brand?post=16038"},{"taxonomy":"product_cat","embeddable":true,"href":"https:\/\/mouton-en-sucre.com\/en\/wp-json\/wp\/v2\/product_cat?post=16038"},{"taxonomy":"product_tag","embeddable":true,"href":"https:\/\/mouton-en-sucre.com\/en\/wp-json\/wp\/v2\/product_tag?post=16038"}],"curies":[{"name":"wp","href":"https:\/\/api.w.org\/{rel}","templated":true}]}}