{"id":16023,"date":"2023-06-12T14:34:43","date_gmt":"2023-06-12T12:34:43","guid":{"rendered":"https:\/\/mouton-en-sucre.com\/?post_type=product&#038;p=16023"},"modified":"2024-10-20T15:15:40","modified_gmt":"2024-10-20T13:15:40","slug":"pendentif-bat-3","status":"publish","type":"product","link":"https:\/\/mouton-en-sucre.com\/en\/product\/pendentif-bat-3\/","title":{"rendered":"Betty Bat pendant brown"},"content":{"rendered":"<p>Pendentif Chauve souris \u00ab\u00a0Betty Bat\u00a0\u00bb<\/p>\n<p>Couleur : Tons marron\/noir<\/p>\n<p>Mat\u00e9riau : R\u00e9sine UV + cordon cir\u00e9 0,5mm<\/p>\n<p>Taille : 4 cm<\/p>\n<p>Attention poup\u00e9e mod\u00e8le de pr\u00e9sentation non inclus<\/p>\n<p>Existe en plusieurs couleurs.<\/p>\n<p>&nbsp;<\/p>\n<div class=\"quick-gallery\"><div class=\"qg-img qg-no-title\" data-defwidth=\"337\"><a href=\"https:\/\/mouton-en-sucre.com\/wp-content\/uploads\/2023\/06\/IMG_4960b.jpg\" rel=\"lightbox[group-1]\" title=\"\" ><img decoding=\"async\" src=\"https:\/\/mouton-en-sucre.com\/wp-content\/uploads\/2023\/06\/IMG_4960b-337x505.jpg\" \/><div class=\"qg-overlay\"><span class=\"icon-circle\"><span class=\"pg-icon lightbox-icon\"><\/span><\/span><\/div><\/a><\/div><div class=\"qg-img qg-no-title\" data-defwidth=\"337\"><a href=\"https:\/\/mouton-en-sucre.com\/wp-content\/uploads\/2023\/06\/IMG_4972b.jpg\" rel=\"lightbox[group-1]\" title=\"\" ><img decoding=\"async\" src=\"https:\/\/mouton-en-sucre.com\/wp-content\/uploads\/2023\/06\/IMG_4972b-337x505.jpg\" \/><div class=\"qg-overlay\"><span class=\"icon-circle\"><span class=\"pg-icon lightbox-icon\"><\/span><\/span><\/div><\/a><\/div><div class=\"qg-img qg-no-title\" data-defwidth=\"337\"><a href=\"https:\/\/mouton-en-sucre.com\/wp-content\/uploads\/2023\/06\/IMG_4987b.jpg\" rel=\"lightbox[group-1]\" title=\"\" ><img decoding=\"async\" src=\"https:\/\/mouton-en-sucre.com\/wp-content\/uploads\/2023\/06\/IMG_4987b-337x505.jpg\" \/><div class=\"qg-overlay\"><span class=\"icon-circle\"><span class=\"pg-icon lightbox-icon\"><\/span><\/span><\/div><\/a><\/div><div class=\"qg-img qg-no-title\" data-defwidth=\"337\"><a href=\"https:\/\/mouton-en-sucre.com\/wp-content\/uploads\/2023\/06\/IMG_4995b.jpg\" rel=\"lightbox[group-1]\" title=\"\" ><img decoding=\"async\" src=\"https:\/\/mouton-en-sucre.com\/wp-content\/uploads\/2023\/06\/IMG_4995b-337x505.jpg\" \/><div class=\"qg-overlay\"><span class=\"icon-circle\"><span class=\"pg-icon lightbox-icon\"><\/span><\/span><\/div><\/a><\/div><div class=\"clear\"><\/div><\/div>\n","protected":false},"excerpt":{"rendered":"<p>Betty Bat pendant brown<\/p>","protected":false},"featured_media":16000,"comment_status":"closed","ping_status":"closed","template":"","meta":{"_vp_format_video_url":"","_vp_image_focal_point":[]},"product_brand":[],"product_cat":[223,263],"product_tag":[],"class_list":{"0":"post-16023","1":"product","2":"type-product","3":"status-publish","4":"has-post-thumbnail","6":"product_cat-accessoires","7":"product_cat-bijoux","9":"first","10":"instock","11":"shipping-taxable","12":"purchasable","13":"product-type-simple"},"yoast_head":"<!-- This site is optimized with the Yoast SEO plugin v27.1.1 - https:\/\/yoast.com\/product\/yoast-seo-wordpress\/ -->\n<title>Pendentif BettyBat Brown - Le Mouton en Sucre<\/title>\n<meta name=\"description\" content=\"Pendentif miniature bat chauve-souris pour doll et bjd en r\u00e9sine UV. Existe en trois couleurs pour accessoiriser vos poup\u00e9es au mieux !\" \/>\n<meta name=\"robots\" content=\"index, follow, max-snippet:-1, max-image-preview:large, max-video-preview:-1\" \/>\n<link rel=\"canonical\" href=\"https:\/\/mouton-en-sucre.com\/en\/product\/pendentif-bat-3\/\" \/>\n<meta property=\"og:locale\" content=\"en_GB\" \/>\n<meta property=\"og:type\" content=\"article\" \/>\n<meta property=\"og:title\" content=\"Pendentif BettyBat Brown - Le Mouton en Sucre\" \/>\n<meta property=\"og:description\" content=\"Pendentif miniature bat chauve-souris pour doll et bjd en r\u00e9sine UV. Existe en trois couleurs pour accessoiriser vos poup\u00e9es au mieux !\" \/>\n<meta property=\"og:url\" content=\"https:\/\/mouton-en-sucre.com\/en\/product\/pendentif-bat-3\/\" \/>\n<meta property=\"og:site_name\" content=\"Le Mouton en Sucre\" \/>\n<meta property=\"article:modified_time\" content=\"2024-10-20T13:15:40+00:00\" \/>\n<meta property=\"og:image\" content=\"https:\/\/mouton-en-sucre.com\/wp-content\/uploads\/2023\/06\/IMG_4960b.jpg\" \/>\n\t<meta property=\"og:image:width\" content=\"667\" \/>\n\t<meta property=\"og:image:height\" content=\"1000\" \/>\n\t<meta property=\"og:image:type\" content=\"image\/jpeg\" \/>\n<meta name=\"twitter:label1\" content=\"Estimated reading time\" \/>\n\t<meta name=\"twitter:data1\" content=\"1 minute\" \/>\n<script type=\"application\/ld+json\" class=\"yoast-schema-graph\">{\"@context\":\"https:\/\/schema.org\",\"@graph\":[{\"@type\":\"WebPage\",\"@id\":\"https:\/\/mouton-en-sucre.com\/produit\/pendentif-bat-3\/\",\"url\":\"https:\/\/mouton-en-sucre.com\/produit\/pendentif-bat-3\/\",\"name\":\"Pendentif BettyBat Brown - Le Mouton en Sucre\",\"isPartOf\":{\"@id\":\"https:\/\/mouton-en-sucre.com\/#website\"},\"primaryImageOfPage\":{\"@id\":\"https:\/\/mouton-en-sucre.com\/produit\/pendentif-bat-3\/#primaryimage\"},\"image\":{\"@id\":\"https:\/\/mouton-en-sucre.com\/produit\/pendentif-bat-3\/#primaryimage\"},\"thumbnailUrl\":\"https:\/\/mouton-en-sucre.com\/wp-content\/uploads\/2023\/06\/IMG_4960b.jpg\",\"datePublished\":\"2023-06-12T12:34:43+00:00\",\"dateModified\":\"2024-10-20T13:15:40+00:00\",\"description\":\"Pendentif miniature bat chauve-souris pour doll et bjd en r\u00e9sine UV. Existe en trois couleurs pour accessoiriser vos poup\u00e9es au mieux !\",\"breadcrumb\":{\"@id\":\"https:\/\/mouton-en-sucre.com\/produit\/pendentif-bat-3\/#breadcrumb\"},\"inLanguage\":\"en-GB\",\"potentialAction\":[{\"@type\":\"ReadAction\",\"target\":[\"https:\/\/mouton-en-sucre.com\/produit\/pendentif-bat-3\/\"]}]},{\"@type\":\"ImageObject\",\"inLanguage\":\"en-GB\",\"@id\":\"https:\/\/mouton-en-sucre.com\/produit\/pendentif-bat-3\/#primaryimage\",\"url\":\"https:\/\/mouton-en-sucre.com\/wp-content\/uploads\/2023\/06\/IMG_4960b.jpg\",\"contentUrl\":\"https:\/\/mouton-en-sucre.com\/wp-content\/uploads\/2023\/06\/IMG_4960b.jpg\",\"width\":667,\"height\":1000,\"caption\":\"pendent pendentif Betty bat chauve souris fuschia miniature doll bjd necklace gold\"},{\"@type\":\"BreadcrumbList\",\"@id\":\"https:\/\/mouton-en-sucre.com\/produit\/pendentif-bat-3\/#breadcrumb\",\"itemListElement\":[{\"@type\":\"ListItem\",\"position\":1,\"name\":\"Boutique\",\"item\":\"https:\/\/mouton-en-sucre.com\/boutique\/\"},{\"@type\":\"ListItem\",\"position\":2,\"name\":\"Pendentif BettyBat Brown\"}]},{\"@type\":\"WebSite\",\"@id\":\"https:\/\/mouton-en-sucre.com\/#website\",\"url\":\"https:\/\/mouton-en-sucre.com\/\",\"name\":\"Le Mouton en Sucre\",\"description\":\"Cr\u00e9ateurs de douceurs pour les yeux\",\"potentialAction\":[{\"@type\":\"SearchAction\",\"target\":{\"@type\":\"EntryPoint\",\"urlTemplate\":\"https:\/\/mouton-en-sucre.com\/?s={search_term_string}\"},\"query-input\":{\"@type\":\"PropertyValueSpecification\",\"valueRequired\":true,\"valueName\":\"search_term_string\"}}],\"inLanguage\":\"en-GB\"}]}<\/script>\n<!-- \/ Yoast SEO plugin. -->","yoast_head_json":{"title":"Pendentif BettyBat Brown - Le Mouton en Sucre","description":"Pendentif miniature bat chauve-souris pour doll et bjd en r\u00e9sine UV. Existe en trois couleurs pour accessoiriser vos poup\u00e9es au mieux !","robots":{"index":"index","follow":"follow","max-snippet":"max-snippet:-1","max-image-preview":"max-image-preview:large","max-video-preview":"max-video-preview:-1"},"canonical":"https:\/\/mouton-en-sucre.com\/en\/product\/pendentif-bat-3\/","og_locale":"en_GB","og_type":"article","og_title":"Pendentif BettyBat Brown - Le Mouton en Sucre","og_description":"Pendentif miniature bat chauve-souris pour doll et bjd en r\u00e9sine UV. Existe en trois couleurs pour accessoiriser vos poup\u00e9es au mieux !","og_url":"https:\/\/mouton-en-sucre.com\/en\/product\/pendentif-bat-3\/","og_site_name":"Le Mouton en Sucre","article_modified_time":"2024-10-20T13:15:40+00:00","og_image":[{"width":667,"height":1000,"url":"https:\/\/mouton-en-sucre.com\/wp-content\/uploads\/2023\/06\/IMG_4960b.jpg","type":"image\/jpeg"}],"twitter_misc":{"Estimated reading time":"1 minute"},"schema":{"@context":"https:\/\/schema.org","@graph":[{"@type":"WebPage","@id":"https:\/\/mouton-en-sucre.com\/produit\/pendentif-bat-3\/","url":"https:\/\/mouton-en-sucre.com\/produit\/pendentif-bat-3\/","name":"Pendentif BettyBat Brown - Le Mouton en Sucre","isPartOf":{"@id":"https:\/\/mouton-en-sucre.com\/#website"},"primaryImageOfPage":{"@id":"https:\/\/mouton-en-sucre.com\/produit\/pendentif-bat-3\/#primaryimage"},"image":{"@id":"https:\/\/mouton-en-sucre.com\/produit\/pendentif-bat-3\/#primaryimage"},"thumbnailUrl":"https:\/\/mouton-en-sucre.com\/wp-content\/uploads\/2023\/06\/IMG_4960b.jpg","datePublished":"2023-06-12T12:34:43+00:00","dateModified":"2024-10-20T13:15:40+00:00","description":"Pendentif miniature bat chauve-souris pour doll et bjd en r\u00e9sine UV. Existe en trois couleurs pour accessoiriser vos poup\u00e9es au mieux !","breadcrumb":{"@id":"https:\/\/mouton-en-sucre.com\/produit\/pendentif-bat-3\/#breadcrumb"},"inLanguage":"en-GB","potentialAction":[{"@type":"ReadAction","target":["https:\/\/mouton-en-sucre.com\/produit\/pendentif-bat-3\/"]}]},{"@type":"ImageObject","inLanguage":"en-GB","@id":"https:\/\/mouton-en-sucre.com\/produit\/pendentif-bat-3\/#primaryimage","url":"https:\/\/mouton-en-sucre.com\/wp-content\/uploads\/2023\/06\/IMG_4960b.jpg","contentUrl":"https:\/\/mouton-en-sucre.com\/wp-content\/uploads\/2023\/06\/IMG_4960b.jpg","width":667,"height":1000,"caption":"pendent pendentif Betty bat chauve souris fuschia miniature doll bjd necklace gold"},{"@type":"BreadcrumbList","@id":"https:\/\/mouton-en-sucre.com\/produit\/pendentif-bat-3\/#breadcrumb","itemListElement":[{"@type":"ListItem","position":1,"name":"Boutique","item":"https:\/\/mouton-en-sucre.com\/boutique\/"},{"@type":"ListItem","position":2,"name":"Pendentif BettyBat Brown"}]},{"@type":"WebSite","@id":"https:\/\/mouton-en-sucre.com\/#website","url":"https:\/\/mouton-en-sucre.com\/","name":"Le Mouton en Sucre","description":"Cr\u00e9ateurs de douceurs pour les yeux","potentialAction":[{"@type":"SearchAction","target":{"@type":"EntryPoint","urlTemplate":"https:\/\/mouton-en-sucre.com\/?s={search_term_string}"},"query-input":{"@type":"PropertyValueSpecification","valueRequired":true,"valueName":"search_term_string"}}],"inLanguage":"en-GB"}]}},"_links":{"self":[{"href":"https:\/\/mouton-en-sucre.com\/en\/wp-json\/wp\/v2\/product\/16023","targetHints":{"allow":["GET"]}}],"collection":[{"href":"https:\/\/mouton-en-sucre.com\/en\/wp-json\/wp\/v2\/product"}],"about":[{"href":"https:\/\/mouton-en-sucre.com\/en\/wp-json\/wp\/v2\/types\/product"}],"replies":[{"embeddable":true,"href":"https:\/\/mouton-en-sucre.com\/en\/wp-json\/wp\/v2\/comments?post=16023"}],"wp:featuredmedia":[{"embeddable":true,"href":"https:\/\/mouton-en-sucre.com\/en\/wp-json\/wp\/v2\/media\/16000"}],"wp:attachment":[{"href":"https:\/\/mouton-en-sucre.com\/en\/wp-json\/wp\/v2\/media?parent=16023"}],"wp:term":[{"taxonomy":"product_brand","embeddable":true,"href":"https:\/\/mouton-en-sucre.com\/en\/wp-json\/wp\/v2\/product_brand?post=16023"},{"taxonomy":"product_cat","embeddable":true,"href":"https:\/\/mouton-en-sucre.com\/en\/wp-json\/wp\/v2\/product_cat?post=16023"},{"taxonomy":"product_tag","embeddable":true,"href":"https:\/\/mouton-en-sucre.com\/en\/wp-json\/wp\/v2\/product_tag?post=16023"}],"curies":[{"name":"wp","href":"https:\/\/api.w.org\/{rel}","templated":true}]}}