{"id":14756,"date":"2022-10-11T16:58:52","date_gmt":"2022-10-11T14:58:52","guid":{"rendered":"https:\/\/mouton-en-sucre.com\/?post_type=product&#038;p=14756"},"modified":"2022-10-11T17:00:32","modified_gmt":"2022-10-11T15:00:32","slug":"barnum-bleu-etoiles","status":"publish","type":"product","link":"https:\/\/mouton-en-sucre.com\/en\/product\/barnum-bleu-etoiles\/","title":{"rendered":"Barnum blue stars"},"content":{"rendered":"<p>Petite tente 6 pans en tissus, et bois.<\/p>\n<p>Facile \u00e0 monter.<\/p>\n<p>Taille tiny<\/p>\n<p>(Poup\u00e9e mod\u00e8le non incluse)<\/p>\n<div class=\"quick-gallery\"><div class=\"qg-img qg-no-title\" data-defwidth=\"337\"><a href=\"https:\/\/mouton-en-sucre.com\/wp-content\/uploads\/2017\/07\/IMG_9889b.jpg\" rel=\"lightbox[group-1]\" title=\"\" ><img decoding=\"async\" src=\"https:\/\/mouton-en-sucre.com\/wp-content\/uploads\/2017\/07\/IMG_9889b-337x505.jpg\" \/><div class=\"qg-overlay\"><span class=\"icon-circle\"><span class=\"pg-icon lightbox-icon\"><\/span><\/span><\/div><\/a><\/div><div class=\"qg-img qg-no-title\" data-defwidth=\"337\"><a href=\"https:\/\/mouton-en-sucre.com\/wp-content\/uploads\/2017\/07\/IMG_9879b.jpg\" rel=\"lightbox[group-1]\" title=\"\" ><img decoding=\"async\" src=\"https:\/\/mouton-en-sucre.com\/wp-content\/uploads\/2017\/07\/IMG_9879b-337x505.jpg\" \/><div class=\"qg-overlay\"><span class=\"icon-circle\"><span class=\"pg-icon lightbox-icon\"><\/span><\/span><\/div><\/a><\/div><div class=\"qg-img qg-no-title\" data-defwidth=\"337\"><a href=\"https:\/\/mouton-en-sucre.com\/wp-content\/uploads\/2017\/07\/IMG_9875b.jpg\" rel=\"lightbox[group-1]\" title=\"\" ><img decoding=\"async\" src=\"https:\/\/mouton-en-sucre.com\/wp-content\/uploads\/2017\/07\/IMG_9875b-337x505.jpg\" \/><div class=\"qg-overlay\"><span class=\"icon-circle\"><span class=\"pg-icon lightbox-icon\"><\/span><\/span><\/div><\/a><\/div><div class=\"clear\"><\/div><\/div>\n","protected":false},"excerpt":{"rendered":"<p>Miniature tent ( tiny size - height 35cm)<\/p>\n<p>Blue cotton + stars + veil.<\/p>\n<p>Matching cushions + storage cover.<\/p>\n<p>(Doll not included)<\/p>","protected":false},"featured_media":7558,"comment_status":"closed","ping_status":"closed","template":"","meta":{"_vp_format_video_url":"","_vp_image_focal_point":[]},"product_brand":[],"product_cat":[223,250],"product_tag":[],"class_list":{"0":"post-14756","1":"product","2":"type-product","3":"status-publish","4":"has-post-thumbnail","6":"product_cat-accessoires","7":"product_cat-house","9":"first","10":"instock","11":"shipping-taxable","12":"purchasable","13":"product-type-simple"},"yoast_head":"<!-- This site is optimized with the Yoast SEO plugin v27.1.1 - https:\/\/yoast.com\/product\/yoast-seo-wordpress\/ -->\n<title>Barnum Bleu \u00e9toiles - Le Mouton en Sucre<\/title>\n<meta name=\"robots\" content=\"index, follow, max-snippet:-1, max-image-preview:large, max-video-preview:-1\" \/>\n<link rel=\"canonical\" href=\"https:\/\/mouton-en-sucre.com\/en\/product\/barnum-bleu-etoiles\/\" \/>\n<meta property=\"og:locale\" content=\"en_GB\" \/>\n<meta property=\"og:type\" content=\"article\" \/>\n<meta property=\"og:title\" content=\"Barnum Bleu \u00e9toiles - Le Mouton en Sucre\" \/>\n<meta property=\"og:description\" content=\"Tente miniature ( taille tiny - hauteur 35cm)  Coton bleu + \u00e9toiles + voile.  Coussins assortis + housse de rangement.  (Poup\u00e9e non incluse)\" \/>\n<meta property=\"og:url\" content=\"https:\/\/mouton-en-sucre.com\/en\/product\/barnum-bleu-etoiles\/\" \/>\n<meta property=\"og:site_name\" content=\"Le Mouton en Sucre\" \/>\n<meta property=\"article:modified_time\" content=\"2022-10-11T15:00:32+00:00\" \/>\n<meta property=\"og:image\" content=\"https:\/\/mouton-en-sucre.com\/wp-content\/uploads\/2017\/07\/IMG_9889b.jpg\" \/>\n\t<meta property=\"og:image:width\" content=\"667\" \/>\n\t<meta property=\"og:image:height\" content=\"1000\" \/>\n\t<meta property=\"og:image:type\" content=\"image\/jpeg\" \/>\n<meta name=\"twitter:label1\" content=\"Estimated reading time\" \/>\n\t<meta name=\"twitter:data1\" content=\"1 minute\" \/>\n<script type=\"application\/ld+json\" class=\"yoast-schema-graph\">{\"@context\":\"https:\/\/schema.org\",\"@graph\":[{\"@type\":\"WebPage\",\"@id\":\"https:\/\/mouton-en-sucre.com\/produit\/barnum-bleu-etoiles\/\",\"url\":\"https:\/\/mouton-en-sucre.com\/produit\/barnum-bleu-etoiles\/\",\"name\":\"Barnum Bleu \u00e9toiles - Le Mouton en Sucre\",\"isPartOf\":{\"@id\":\"https:\/\/mouton-en-sucre.com\/#website\"},\"primaryImageOfPage\":{\"@id\":\"https:\/\/mouton-en-sucre.com\/produit\/barnum-bleu-etoiles\/#primaryimage\"},\"image\":{\"@id\":\"https:\/\/mouton-en-sucre.com\/produit\/barnum-bleu-etoiles\/#primaryimage\"},\"thumbnailUrl\":\"https:\/\/mouton-en-sucre.com\/wp-content\/uploads\/2017\/07\/IMG_9889b.jpg\",\"datePublished\":\"2022-10-11T14:58:52+00:00\",\"dateModified\":\"2022-10-11T15:00:32+00:00\",\"breadcrumb\":{\"@id\":\"https:\/\/mouton-en-sucre.com\/produit\/barnum-bleu-etoiles\/#breadcrumb\"},\"inLanguage\":\"en-GB\",\"potentialAction\":[{\"@type\":\"ReadAction\",\"target\":[\"https:\/\/mouton-en-sucre.com\/produit\/barnum-bleu-etoiles\/\"]}]},{\"@type\":\"ImageObject\",\"inLanguage\":\"en-GB\",\"@id\":\"https:\/\/mouton-en-sucre.com\/produit\/barnum-bleu-etoiles\/#primaryimage\",\"url\":\"https:\/\/mouton-en-sucre.com\/wp-content\/uploads\/2017\/07\/IMG_9889b.jpg\",\"contentUrl\":\"https:\/\/mouton-en-sucre.com\/wp-content\/uploads\/2017\/07\/IMG_9889b.jpg\",\"width\":667,\"height\":1000,\"caption\":\"Barnum tent pullip house tiny doll\"},{\"@type\":\"BreadcrumbList\",\"@id\":\"https:\/\/mouton-en-sucre.com\/produit\/barnum-bleu-etoiles\/#breadcrumb\",\"itemListElement\":[{\"@type\":\"ListItem\",\"position\":1,\"name\":\"Boutique\",\"item\":\"https:\/\/mouton-en-sucre.com\/boutique\/\"},{\"@type\":\"ListItem\",\"position\":2,\"name\":\"Barnum Bleu \u00e9toiles\"}]},{\"@type\":\"WebSite\",\"@id\":\"https:\/\/mouton-en-sucre.com\/#website\",\"url\":\"https:\/\/mouton-en-sucre.com\/\",\"name\":\"Le Mouton en Sucre\",\"description\":\"Cr\u00e9ateurs de douceurs pour les yeux\",\"potentialAction\":[{\"@type\":\"SearchAction\",\"target\":{\"@type\":\"EntryPoint\",\"urlTemplate\":\"https:\/\/mouton-en-sucre.com\/?s={search_term_string}\"},\"query-input\":{\"@type\":\"PropertyValueSpecification\",\"valueRequired\":true,\"valueName\":\"search_term_string\"}}],\"inLanguage\":\"en-GB\"}]}<\/script>\n<!-- \/ Yoast SEO plugin. -->","yoast_head_json":{"title":"Barnum Bleu \u00e9toiles - Le Mouton en Sucre","robots":{"index":"index","follow":"follow","max-snippet":"max-snippet:-1","max-image-preview":"max-image-preview:large","max-video-preview":"max-video-preview:-1"},"canonical":"https:\/\/mouton-en-sucre.com\/en\/product\/barnum-bleu-etoiles\/","og_locale":"en_GB","og_type":"article","og_title":"Barnum Bleu \u00e9toiles - Le Mouton en Sucre","og_description":"Tente miniature ( taille tiny - hauteur 35cm)  Coton bleu + \u00e9toiles + voile.  Coussins assortis + housse de rangement.  (Poup\u00e9e non incluse)","og_url":"https:\/\/mouton-en-sucre.com\/en\/product\/barnum-bleu-etoiles\/","og_site_name":"Le Mouton en Sucre","article_modified_time":"2022-10-11T15:00:32+00:00","og_image":[{"width":667,"height":1000,"url":"https:\/\/mouton-en-sucre.com\/wp-content\/uploads\/2017\/07\/IMG_9889b.jpg","type":"image\/jpeg"}],"twitter_misc":{"Estimated reading time":"1 minute"},"schema":{"@context":"https:\/\/schema.org","@graph":[{"@type":"WebPage","@id":"https:\/\/mouton-en-sucre.com\/produit\/barnum-bleu-etoiles\/","url":"https:\/\/mouton-en-sucre.com\/produit\/barnum-bleu-etoiles\/","name":"Barnum Bleu \u00e9toiles - Le Mouton en Sucre","isPartOf":{"@id":"https:\/\/mouton-en-sucre.com\/#website"},"primaryImageOfPage":{"@id":"https:\/\/mouton-en-sucre.com\/produit\/barnum-bleu-etoiles\/#primaryimage"},"image":{"@id":"https:\/\/mouton-en-sucre.com\/produit\/barnum-bleu-etoiles\/#primaryimage"},"thumbnailUrl":"https:\/\/mouton-en-sucre.com\/wp-content\/uploads\/2017\/07\/IMG_9889b.jpg","datePublished":"2022-10-11T14:58:52+00:00","dateModified":"2022-10-11T15:00:32+00:00","breadcrumb":{"@id":"https:\/\/mouton-en-sucre.com\/produit\/barnum-bleu-etoiles\/#breadcrumb"},"inLanguage":"en-GB","potentialAction":[{"@type":"ReadAction","target":["https:\/\/mouton-en-sucre.com\/produit\/barnum-bleu-etoiles\/"]}]},{"@type":"ImageObject","inLanguage":"en-GB","@id":"https:\/\/mouton-en-sucre.com\/produit\/barnum-bleu-etoiles\/#primaryimage","url":"https:\/\/mouton-en-sucre.com\/wp-content\/uploads\/2017\/07\/IMG_9889b.jpg","contentUrl":"https:\/\/mouton-en-sucre.com\/wp-content\/uploads\/2017\/07\/IMG_9889b.jpg","width":667,"height":1000,"caption":"Barnum tent pullip house tiny doll"},{"@type":"BreadcrumbList","@id":"https:\/\/mouton-en-sucre.com\/produit\/barnum-bleu-etoiles\/#breadcrumb","itemListElement":[{"@type":"ListItem","position":1,"name":"Boutique","item":"https:\/\/mouton-en-sucre.com\/boutique\/"},{"@type":"ListItem","position":2,"name":"Barnum Bleu \u00e9toiles"}]},{"@type":"WebSite","@id":"https:\/\/mouton-en-sucre.com\/#website","url":"https:\/\/mouton-en-sucre.com\/","name":"Le Mouton en Sucre","description":"Cr\u00e9ateurs de douceurs pour les yeux","potentialAction":[{"@type":"SearchAction","target":{"@type":"EntryPoint","urlTemplate":"https:\/\/mouton-en-sucre.com\/?s={search_term_string}"},"query-input":{"@type":"PropertyValueSpecification","valueRequired":true,"valueName":"search_term_string"}}],"inLanguage":"en-GB"}]}},"_links":{"self":[{"href":"https:\/\/mouton-en-sucre.com\/en\/wp-json\/wp\/v2\/product\/14756","targetHints":{"allow":["GET"]}}],"collection":[{"href":"https:\/\/mouton-en-sucre.com\/en\/wp-json\/wp\/v2\/product"}],"about":[{"href":"https:\/\/mouton-en-sucre.com\/en\/wp-json\/wp\/v2\/types\/product"}],"replies":[{"embeddable":true,"href":"https:\/\/mouton-en-sucre.com\/en\/wp-json\/wp\/v2\/comments?post=14756"}],"wp:featuredmedia":[{"embeddable":true,"href":"https:\/\/mouton-en-sucre.com\/en\/wp-json\/wp\/v2\/media\/7558"}],"wp:attachment":[{"href":"https:\/\/mouton-en-sucre.com\/en\/wp-json\/wp\/v2\/media?parent=14756"}],"wp:term":[{"taxonomy":"product_brand","embeddable":true,"href":"https:\/\/mouton-en-sucre.com\/en\/wp-json\/wp\/v2\/product_brand?post=14756"},{"taxonomy":"product_cat","embeddable":true,"href":"https:\/\/mouton-en-sucre.com\/en\/wp-json\/wp\/v2\/product_cat?post=14756"},{"taxonomy":"product_tag","embeddable":true,"href":"https:\/\/mouton-en-sucre.com\/en\/wp-json\/wp\/v2\/product_tag?post=14756"}],"curies":[{"name":"wp","href":"https:\/\/api.w.org\/{rel}","templated":true}]}}