{"id":13554,"date":"2022-03-26T19:23:25","date_gmt":"2022-03-26T18:23:25","guid":{"rendered":"https:\/\/mouton-en-sucre.com\/?post_type=product&#038;p=13554"},"modified":"2023-02-01T12:21:52","modified_gmt":"2023-02-01T11:21:52","slug":"gnomelet-acorn","status":"publish","type":"product","link":"https:\/\/mouton-en-sucre.com\/en\/product\/gnomelet-acorn\/","title":{"rendered":"Gnomelet&rsquo; Acorn"},"content":{"rendered":"<p><em>Poup\u00e9e Champignon<\/em><\/p>\n<p>Creature Doll : 13 cm<\/p>\n<p>Skin : beige\/brown<\/p>\n<p>Chapeau amovible + 3 faceplates + pied d\u00e9coratif aimant\u00e9<\/p>\n<p>Eyes : 12 mm<\/p>\n<div class=\"quick-gallery\"><div class=\"qg-img qg-no-title\" data-defwidth=\"337\"><a href=\"https:\/\/mouton-en-sucre.com\/wp-content\/uploads\/2022\/03\/IMG_8628b.jpg\" rel=\"lightbox[group-1]\" title=\"\" ><img decoding=\"async\" src=\"https:\/\/mouton-en-sucre.com\/wp-content\/uploads\/2022\/03\/IMG_8628b-337x505.jpg\" \/><div class=\"qg-overlay\"><span class=\"icon-circle\"><span class=\"pg-icon lightbox-icon\"><\/span><\/span><\/div><\/a><\/div><div class=\"qg-img qg-no-title\" data-defwidth=\"337\"><a href=\"https:\/\/mouton-en-sucre.com\/wp-content\/uploads\/2022\/03\/IMG_8633b.jpg\" rel=\"lightbox[group-1]\" title=\"\" ><img decoding=\"async\" src=\"https:\/\/mouton-en-sucre.com\/wp-content\/uploads\/2022\/03\/IMG_8633b-337x505.jpg\" \/><div class=\"qg-overlay\"><span class=\"icon-circle\"><span class=\"pg-icon lightbox-icon\"><\/span><\/span><\/div><\/a><\/div><div class=\"qg-img qg-no-title\" data-defwidth=\"337\"><a href=\"https:\/\/mouton-en-sucre.com\/wp-content\/uploads\/2022\/03\/IMG_8641b.jpg\" rel=\"lightbox[group-1]\" title=\"\" ><img decoding=\"async\" src=\"https:\/\/mouton-en-sucre.com\/wp-content\/uploads\/2022\/03\/IMG_8641b-337x505.jpg\" \/><div class=\"qg-overlay\"><span class=\"icon-circle\"><span class=\"pg-icon lightbox-icon\"><\/span><\/span><\/div><\/a><\/div><div class=\"qg-img qg-no-title\" data-defwidth=\"337\"><a href=\"https:\/\/mouton-en-sucre.com\/wp-content\/uploads\/2022\/03\/IMG_8643b.jpg\" rel=\"lightbox[group-1]\" title=\"\" ><img decoding=\"async\" src=\"https:\/\/mouton-en-sucre.com\/wp-content\/uploads\/2022\/03\/IMG_8643b-337x505.jpg\" \/><div class=\"qg-overlay\"><span class=\"icon-circle\"><span class=\"pg-icon lightbox-icon\"><\/span><\/span><\/div><\/a><\/div><div class=\"qg-img qg-no-title\" data-defwidth=\"337\"><a href=\"https:\/\/mouton-en-sucre.com\/wp-content\/uploads\/2022\/03\/IMG_8645b.jpg\" rel=\"lightbox[group-1]\" title=\"\" ><img decoding=\"async\" src=\"https:\/\/mouton-en-sucre.com\/wp-content\/uploads\/2022\/03\/IMG_8645b-337x505.jpg\" \/><div class=\"qg-overlay\"><span class=\"icon-circle\"><span class=\"pg-icon lightbox-icon\"><\/span><\/span><\/div><\/a><\/div><div class=\"qg-img qg-no-title\" data-defwidth=\"337\"><a href=\"https:\/\/mouton-en-sucre.com\/wp-content\/uploads\/2022\/03\/IMG_8655b.jpg\" rel=\"lightbox[group-1]\" title=\"\" ><img decoding=\"async\" src=\"https:\/\/mouton-en-sucre.com\/wp-content\/uploads\/2022\/03\/IMG_8655b-337x506.jpg\" \/><div class=\"qg-overlay\"><span class=\"icon-circle\"><span class=\"pg-icon lightbox-icon\"><\/span><\/span><\/div><\/a><\/div><div class=\"qg-img qg-no-title\" data-defwidth=\"337\"><a href=\"https:\/\/mouton-en-sucre.com\/wp-content\/uploads\/2022\/03\/IMG_8658b.jpg\" rel=\"lightbox[group-1]\" title=\"\" ><img decoding=\"async\" src=\"https:\/\/mouton-en-sucre.com\/wp-content\/uploads\/2022\/03\/IMG_8658b-337x506.jpg\" \/><div class=\"qg-overlay\"><span class=\"icon-circle\"><span class=\"pg-icon lightbox-icon\"><\/span><\/span><\/div><\/a><\/div><div class=\"qg-img qg-no-title\" data-defwidth=\"337\"><a href=\"https:\/\/mouton-en-sucre.com\/wp-content\/uploads\/2022\/03\/IMG_8659b.jpg\" rel=\"lightbox[group-1]\" title=\"\" ><img decoding=\"async\" src=\"https:\/\/mouton-en-sucre.com\/wp-content\/uploads\/2022\/03\/IMG_8659b-337x505.jpg\" \/><div class=\"qg-overlay\"><span class=\"icon-circle\"><span class=\"pg-icon lightbox-icon\"><\/span><\/span><\/div><\/a><\/div><div class=\"qg-img qg-no-title\" data-defwidth=\"337\"><a href=\"https:\/\/mouton-en-sucre.com\/wp-content\/uploads\/2022\/03\/IMG_8664b.jpg\" rel=\"lightbox[group-1]\" title=\"\" ><img decoding=\"async\" src=\"https:\/\/mouton-en-sucre.com\/wp-content\/uploads\/2022\/03\/IMG_8664b-337x505.jpg\" \/><div class=\"qg-overlay\"><span class=\"icon-circle\"><span class=\"pg-icon lightbox-icon\"><\/span><\/span><\/div><\/a><\/div><div class=\"qg-img qg-no-title\" data-defwidth=\"337\"><a href=\"https:\/\/mouton-en-sucre.com\/wp-content\/uploads\/2022\/03\/IMG_8670b.jpg\" rel=\"lightbox[group-1]\" title=\"\" ><img decoding=\"async\" src=\"https:\/\/mouton-en-sucre.com\/wp-content\/uploads\/2022\/03\/IMG_8670b-337x505.jpg\" \/><div class=\"qg-overlay\"><span class=\"icon-circle\"><span class=\"pg-icon lightbox-icon\"><\/span><\/span><\/div><\/a><\/div><div class=\"qg-img qg-no-title\" data-defwidth=\"337\"><a href=\"https:\/\/mouton-en-sucre.com\/wp-content\/uploads\/2022\/03\/IMG_8676b.jpg\" rel=\"lightbox[group-1]\" title=\"\" ><img decoding=\"async\" src=\"https:\/\/mouton-en-sucre.com\/wp-content\/uploads\/2022\/03\/IMG_8676b-337x505.jpg\" \/><div class=\"qg-overlay\"><span class=\"icon-circle\"><span class=\"pg-icon lightbox-icon\"><\/span><\/span><\/div><\/a><\/div><div class=\"qg-img qg-no-title\" data-defwidth=\"337\"><a href=\"https:\/\/mouton-en-sucre.com\/wp-content\/uploads\/2022\/03\/IMG_8680b.jpg\" rel=\"lightbox[group-1]\" title=\"\" ><img decoding=\"async\" src=\"https:\/\/mouton-en-sucre.com\/wp-content\/uploads\/2022\/03\/IMG_8680b-337x505.jpg\" \/><div class=\"qg-overlay\"><span class=\"icon-circle\"><span class=\"pg-icon lightbox-icon\"><\/span><\/span><\/div><\/a><\/div><div class=\"qg-img qg-no-title\" data-defwidth=\"337\"><a href=\"https:\/\/mouton-en-sucre.com\/wp-content\/uploads\/2022\/03\/IMG_8682b.jpg\" rel=\"lightbox[group-1]\" title=\"\" ><img decoding=\"async\" src=\"https:\/\/mouton-en-sucre.com\/wp-content\/uploads\/2022\/03\/IMG_8682b-337x505.jpg\" \/><div class=\"qg-overlay\"><span class=\"icon-circle\"><span class=\"pg-icon lightbox-icon\"><\/span><\/span><\/div><\/a><\/div><div class=\"qg-img qg-no-title\" data-defwidth=\"337\"><a href=\"https:\/\/mouton-en-sucre.com\/wp-content\/uploads\/2022\/03\/IMG_8686b.jpg\" rel=\"lightbox[group-1]\" title=\"\" ><img decoding=\"async\" src=\"https:\/\/mouton-en-sucre.com\/wp-content\/uploads\/2022\/03\/IMG_8686b-337x225.jpg\" \/><div class=\"qg-overlay\"><span class=\"icon-circle\"><span class=\"pg-icon lightbox-icon\"><\/span><\/span><\/div><\/a><\/div><div class=\"qg-img qg-no-title\" data-defwidth=\"337\"><a href=\"https:\/\/mouton-en-sucre.com\/wp-content\/uploads\/2022\/03\/IMG_8619b.jpg\" rel=\"lightbox[group-1]\" title=\"\" ><img decoding=\"async\" src=\"https:\/\/mouton-en-sucre.com\/wp-content\/uploads\/2022\/03\/IMG_8619b-337x225.jpg\" \/><div class=\"qg-overlay\"><span class=\"icon-circle\"><span class=\"pg-icon lightbox-icon\"><\/span><\/span><\/div><\/a><\/div><div class=\"clear\"><\/div><\/div>\n","protected":false},"excerpt":{"rendered":"<p>Gnomelet&rsquo; unique Acorn<\/p>\n<p>Brown and beige resin<\/p>\n<p>Blush:brown<\/p>\n<p>Included: Doll, mushroom hat, 3 faceplates, magneted decorated stand, protection bag.<\/p>","protected":false},"featured_media":14675,"comment_status":"closed","ping_status":"closed","template":"","meta":{"_vp_format_video_url":"","_vp_image_focal_point":[]},"product_brand":[],"product_cat":[208,244],"product_tag":[],"class_list":{"0":"post-13554","1":"product","2":"type-product","3":"status-publish","4":"has-post-thumbnail","6":"product_cat-bjd","7":"product_cat-gnomelet","9":"first","10":"instock","11":"shipping-taxable","12":"purchasable","13":"product-type-simple"},"yoast_head":"<!-- This site is optimized with the Yoast SEO plugin v27.1.1 - https:\/\/yoast.com\/product\/yoast-seo-wordpress\/ -->\n<title>Poup\u00e9e champignon Gnomelet&#039; Acorn - Le Mouton en Sucre<\/title>\n<meta name=\"description\" content=\"Poup\u00e9e Champignon articul\u00e9e en r\u00e9sine. Mod\u00e8le de collection. 3 visages amovibles, chapeau aimant\u00e9 et socle d\u00e9cor\u00e9 magn\u00e9tique.\" \/>\n<meta name=\"robots\" content=\"index, follow, max-snippet:-1, max-image-preview:large, max-video-preview:-1\" \/>\n<link rel=\"canonical\" href=\"https:\/\/mouton-en-sucre.com\/en\/product\/gnomelet-acorn\/\" \/>\n<meta property=\"og:locale\" content=\"en_GB\" \/>\n<meta property=\"og:type\" content=\"article\" \/>\n<meta property=\"og:title\" content=\"Poup\u00e9e champignon Gnomelet&#039; Acorn - Le Mouton en Sucre\" \/>\n<meta property=\"og:description\" content=\"Poup\u00e9e Champignon articul\u00e9e en r\u00e9sine. Mod\u00e8le de collection. 3 visages amovibles, chapeau aimant\u00e9 et socle d\u00e9cor\u00e9 magn\u00e9tique.\" \/>\n<meta property=\"og:url\" content=\"https:\/\/mouton-en-sucre.com\/en\/product\/gnomelet-acorn\/\" \/>\n<meta property=\"og:site_name\" content=\"Le Mouton en Sucre\" \/>\n<meta property=\"article:modified_time\" content=\"2023-02-01T11:21:52+00:00\" \/>\n<meta property=\"og:image\" content=\"https:\/\/mouton-en-sucre.com\/wp-content\/uploads\/2022\/03\/IMG_8670b.jpg\" \/>\n\t<meta property=\"og:image:width\" content=\"667\" \/>\n\t<meta property=\"og:image:height\" content=\"1000\" \/>\n\t<meta property=\"og:image:type\" content=\"image\/jpeg\" \/>\n<meta name=\"twitter:label1\" content=\"Estimated reading time\" \/>\n\t<meta name=\"twitter:data1\" content=\"1 minute\" \/>\n<script type=\"application\/ld+json\" class=\"yoast-schema-graph\">{\"@context\":\"https:\/\/schema.org\",\"@graph\":[{\"@type\":\"WebPage\",\"@id\":\"https:\/\/mouton-en-sucre.com\/en\/product\/gnomelet-acorn\/\",\"url\":\"https:\/\/mouton-en-sucre.com\/en\/product\/gnomelet-acorn\/\",\"name\":\"Poup\u00e9e champignon Gnomelet' Acorn - Le Mouton en Sucre\",\"isPartOf\":{\"@id\":\"https:\/\/mouton-en-sucre.com\/#website\"},\"primaryImageOfPage\":{\"@id\":\"https:\/\/mouton-en-sucre.com\/en\/product\/gnomelet-acorn\/#primaryimage\"},\"image\":{\"@id\":\"https:\/\/mouton-en-sucre.com\/en\/product\/gnomelet-acorn\/#primaryimage\"},\"thumbnailUrl\":\"https:\/\/mouton-en-sucre.com\/wp-content\/uploads\/2022\/03\/IMG_8670b.jpg\",\"datePublished\":\"2022-03-26T18:23:25+00:00\",\"dateModified\":\"2023-02-01T11:21:52+00:00\",\"description\":\"Poup\u00e9e Champignon articul\u00e9e en r\u00e9sine. Mod\u00e8le de collection. 3 visages amovibles, chapeau aimant\u00e9 et socle d\u00e9cor\u00e9 magn\u00e9tique.\",\"breadcrumb\":{\"@id\":\"https:\/\/mouton-en-sucre.com\/en\/product\/gnomelet-acorn\/#breadcrumb\"},\"inLanguage\":\"en-GB\",\"potentialAction\":[{\"@type\":\"ReadAction\",\"target\":[\"https:\/\/mouton-en-sucre.com\/en\/product\/gnomelet-acorn\/\"]}]},{\"@type\":\"ImageObject\",\"inLanguage\":\"en-GB\",\"@id\":\"https:\/\/mouton-en-sucre.com\/en\/product\/gnomelet-acorn\/#primaryimage\",\"url\":\"https:\/\/mouton-en-sucre.com\/wp-content\/uploads\/2022\/03\/IMG_8670b.jpg\",\"contentUrl\":\"https:\/\/mouton-en-sucre.com\/wp-content\/uploads\/2022\/03\/IMG_8670b.jpg\",\"width\":667,\"height\":1000,\"caption\":\"Gnomelet mushroom doll bjd champignon acorn decoration with stand creation\"},{\"@type\":\"BreadcrumbList\",\"@id\":\"https:\/\/mouton-en-sucre.com\/en\/product\/gnomelet-acorn\/#breadcrumb\",\"itemListElement\":[{\"@type\":\"ListItem\",\"position\":1,\"name\":\"Boutique\",\"item\":\"https:\/\/mouton-en-sucre.com\/boutique\/\"},{\"@type\":\"ListItem\",\"position\":2,\"name\":\"Gnomelet&rsquo; Acorn\"}]},{\"@type\":\"WebSite\",\"@id\":\"https:\/\/mouton-en-sucre.com\/#website\",\"url\":\"https:\/\/mouton-en-sucre.com\/\",\"name\":\"Le Mouton en Sucre\",\"description\":\"Cr\u00e9ateurs de douceurs pour les yeux\",\"potentialAction\":[{\"@type\":\"SearchAction\",\"target\":{\"@type\":\"EntryPoint\",\"urlTemplate\":\"https:\/\/mouton-en-sucre.com\/?s={search_term_string}\"},\"query-input\":{\"@type\":\"PropertyValueSpecification\",\"valueRequired\":true,\"valueName\":\"search_term_string\"}}],\"inLanguage\":\"en-GB\"}]}<\/script>\n<!-- \/ Yoast SEO plugin. -->","yoast_head_json":{"title":"Poup\u00e9e champignon Gnomelet' Acorn - Le Mouton en Sucre","description":"Poup\u00e9e Champignon articul\u00e9e en r\u00e9sine. Mod\u00e8le de collection. 3 visages amovibles, chapeau aimant\u00e9 et socle d\u00e9cor\u00e9 magn\u00e9tique.","robots":{"index":"index","follow":"follow","max-snippet":"max-snippet:-1","max-image-preview":"max-image-preview:large","max-video-preview":"max-video-preview:-1"},"canonical":"https:\/\/mouton-en-sucre.com\/en\/product\/gnomelet-acorn\/","og_locale":"en_GB","og_type":"article","og_title":"Poup\u00e9e champignon Gnomelet' Acorn - Le Mouton en Sucre","og_description":"Poup\u00e9e Champignon articul\u00e9e en r\u00e9sine. Mod\u00e8le de collection. 3 visages amovibles, chapeau aimant\u00e9 et socle d\u00e9cor\u00e9 magn\u00e9tique.","og_url":"https:\/\/mouton-en-sucre.com\/en\/product\/gnomelet-acorn\/","og_site_name":"Le Mouton en Sucre","article_modified_time":"2023-02-01T11:21:52+00:00","og_image":[{"width":667,"height":1000,"url":"https:\/\/mouton-en-sucre.com\/wp-content\/uploads\/2022\/03\/IMG_8670b.jpg","type":"image\/jpeg"}],"twitter_misc":{"Estimated reading time":"1 minute"},"schema":{"@context":"https:\/\/schema.org","@graph":[{"@type":"WebPage","@id":"https:\/\/mouton-en-sucre.com\/en\/product\/gnomelet-acorn\/","url":"https:\/\/mouton-en-sucre.com\/en\/product\/gnomelet-acorn\/","name":"Poup\u00e9e champignon Gnomelet' Acorn - Le Mouton en Sucre","isPartOf":{"@id":"https:\/\/mouton-en-sucre.com\/#website"},"primaryImageOfPage":{"@id":"https:\/\/mouton-en-sucre.com\/en\/product\/gnomelet-acorn\/#primaryimage"},"image":{"@id":"https:\/\/mouton-en-sucre.com\/en\/product\/gnomelet-acorn\/#primaryimage"},"thumbnailUrl":"https:\/\/mouton-en-sucre.com\/wp-content\/uploads\/2022\/03\/IMG_8670b.jpg","datePublished":"2022-03-26T18:23:25+00:00","dateModified":"2023-02-01T11:21:52+00:00","description":"Poup\u00e9e Champignon articul\u00e9e en r\u00e9sine. Mod\u00e8le de collection. 3 visages amovibles, chapeau aimant\u00e9 et socle d\u00e9cor\u00e9 magn\u00e9tique.","breadcrumb":{"@id":"https:\/\/mouton-en-sucre.com\/en\/product\/gnomelet-acorn\/#breadcrumb"},"inLanguage":"en-GB","potentialAction":[{"@type":"ReadAction","target":["https:\/\/mouton-en-sucre.com\/en\/product\/gnomelet-acorn\/"]}]},{"@type":"ImageObject","inLanguage":"en-GB","@id":"https:\/\/mouton-en-sucre.com\/en\/product\/gnomelet-acorn\/#primaryimage","url":"https:\/\/mouton-en-sucre.com\/wp-content\/uploads\/2022\/03\/IMG_8670b.jpg","contentUrl":"https:\/\/mouton-en-sucre.com\/wp-content\/uploads\/2022\/03\/IMG_8670b.jpg","width":667,"height":1000,"caption":"Gnomelet mushroom doll bjd champignon acorn decoration with stand creation"},{"@type":"BreadcrumbList","@id":"https:\/\/mouton-en-sucre.com\/en\/product\/gnomelet-acorn\/#breadcrumb","itemListElement":[{"@type":"ListItem","position":1,"name":"Boutique","item":"https:\/\/mouton-en-sucre.com\/boutique\/"},{"@type":"ListItem","position":2,"name":"Gnomelet&rsquo; Acorn"}]},{"@type":"WebSite","@id":"https:\/\/mouton-en-sucre.com\/#website","url":"https:\/\/mouton-en-sucre.com\/","name":"Le Mouton en Sucre","description":"Cr\u00e9ateurs de douceurs pour les yeux","potentialAction":[{"@type":"SearchAction","target":{"@type":"EntryPoint","urlTemplate":"https:\/\/mouton-en-sucre.com\/?s={search_term_string}"},"query-input":{"@type":"PropertyValueSpecification","valueRequired":true,"valueName":"search_term_string"}}],"inLanguage":"en-GB"}]}},"_links":{"self":[{"href":"https:\/\/mouton-en-sucre.com\/en\/wp-json\/wp\/v2\/product\/13554","targetHints":{"allow":["GET"]}}],"collection":[{"href":"https:\/\/mouton-en-sucre.com\/en\/wp-json\/wp\/v2\/product"}],"about":[{"href":"https:\/\/mouton-en-sucre.com\/en\/wp-json\/wp\/v2\/types\/product"}],"replies":[{"embeddable":true,"href":"https:\/\/mouton-en-sucre.com\/en\/wp-json\/wp\/v2\/comments?post=13554"}],"wp:featuredmedia":[{"embeddable":true,"href":"https:\/\/mouton-en-sucre.com\/en\/wp-json\/wp\/v2\/media\/14675"}],"wp:attachment":[{"href":"https:\/\/mouton-en-sucre.com\/en\/wp-json\/wp\/v2\/media?parent=13554"}],"wp:term":[{"taxonomy":"product_brand","embeddable":true,"href":"https:\/\/mouton-en-sucre.com\/en\/wp-json\/wp\/v2\/product_brand?post=13554"},{"taxonomy":"product_cat","embeddable":true,"href":"https:\/\/mouton-en-sucre.com\/en\/wp-json\/wp\/v2\/product_cat?post=13554"},{"taxonomy":"product_tag","embeddable":true,"href":"https:\/\/mouton-en-sucre.com\/en\/wp-json\/wp\/v2\/product_tag?post=13554"}],"curies":[{"name":"wp","href":"https:\/\/api.w.org\/{rel}","templated":true}]}}