{"id":11895,"date":"2021-09-18T12:33:17","date_gmt":"2021-09-18T10:33:17","guid":{"rendered":"https:\/\/mouton-en-sucre.com\/?post_type=product&#038;p=11895"},"modified":"2023-10-22T08:28:47","modified_gmt":"2023-10-22T06:28:47","slug":"jelly-purple","status":"publish","type":"product","link":"https:\/\/mouton-en-sucre.com\/en\/product\/jelly-purple\/","title":{"rendered":"Jelly Purple"},"content":{"rendered":"<p><em>Poup\u00e9e m\u00e9duse<\/em><\/p>\n<p>Pet Doll : Hauteur 10cm<\/p>\n<p>Skin : purple<\/p>\n<p>Eyes : 12mm<\/p>\n<p>&nbsp;<\/p>\n<div class=\"quick-gallery\"><div class=\"qg-img qg-no-title\" data-defwidth=\"337\"><a href=\"https:\/\/mouton-en-sucre.com\/wp-content\/uploads\/2021\/02\/IMG_5384b.jpg\" rel=\"lightbox[group-1]\" title=\"\" ><img decoding=\"async\" src=\"https:\/\/mouton-en-sucre.com\/wp-content\/uploads\/2021\/02\/IMG_5384b-337x505.jpg\" \/><div class=\"qg-overlay\"><span class=\"icon-circle\"><span class=\"pg-icon lightbox-icon\"><\/span><\/span><\/div><\/a><\/div><div class=\"qg-img qg-no-title\" data-defwidth=\"337\"><a href=\"https:\/\/mouton-en-sucre.com\/wp-content\/uploads\/2021\/02\/IMG_5380b.jpg\" rel=\"lightbox[group-1]\" title=\"\" ><img decoding=\"async\" src=\"https:\/\/mouton-en-sucre.com\/wp-content\/uploads\/2021\/02\/IMG_5380b-337x505.jpg\" \/><div class=\"qg-overlay\"><span class=\"icon-circle\"><span class=\"pg-icon lightbox-icon\"><\/span><\/span><\/div><\/a><\/div><div class=\"qg-img qg-no-title\" data-defwidth=\"337\"><a href=\"https:\/\/mouton-en-sucre.com\/wp-content\/uploads\/2021\/02\/IMG_5378b.jpg\" rel=\"lightbox[group-1]\" title=\"\" ><img decoding=\"async\" src=\"https:\/\/mouton-en-sucre.com\/wp-content\/uploads\/2021\/02\/IMG_5378b-337x505.jpg\" \/><div class=\"qg-overlay\"><span class=\"icon-circle\"><span class=\"pg-icon lightbox-icon\"><\/span><\/span><\/div><\/a><\/div><div class=\"qg-img qg-no-title\" data-defwidth=\"337\"><a href=\"https:\/\/mouton-en-sucre.com\/wp-content\/uploads\/2021\/02\/IMG_5376b.jpg\" rel=\"lightbox[group-1]\" title=\"\" ><img decoding=\"async\" src=\"https:\/\/mouton-en-sucre.com\/wp-content\/uploads\/2021\/02\/IMG_5376b-337x505.jpg\" \/><div class=\"qg-overlay\"><span class=\"icon-circle\"><span class=\"pg-icon lightbox-icon\"><\/span><\/span><\/div><\/a><\/div><div class=\"qg-img qg-no-title\" data-defwidth=\"337\"><a href=\"https:\/\/mouton-en-sucre.com\/wp-content\/uploads\/2021\/02\/IMG_5374b.jpg\" rel=\"lightbox[group-1]\" title=\"\" ><img decoding=\"async\" src=\"https:\/\/mouton-en-sucre.com\/wp-content\/uploads\/2021\/02\/IMG_5374b-337x505.jpg\" \/><div class=\"qg-overlay\"><span class=\"icon-circle\"><span class=\"pg-icon lightbox-icon\"><\/span><\/span><\/div><\/a><\/div><div class=\"qg-img qg-no-title\" data-defwidth=\"337\"><a href=\"https:\/\/mouton-en-sucre.com\/wp-content\/uploads\/2021\/02\/IMG_5373b.jpg\" rel=\"lightbox[group-1]\" title=\"\" ><img decoding=\"async\" src=\"https:\/\/mouton-en-sucre.com\/wp-content\/uploads\/2021\/02\/IMG_5373b-337x505.jpg\" \/><div class=\"qg-overlay\"><span class=\"icon-circle\"><span class=\"pg-icon lightbox-icon\"><\/span><\/span><\/div><\/a><\/div><div class=\"qg-img qg-no-title\" data-defwidth=\"337\"><a href=\"https:\/\/mouton-en-sucre.com\/wp-content\/uploads\/2021\/02\/IMG_5371b.jpg\" rel=\"lightbox[group-1]\" title=\"\" ><img decoding=\"async\" src=\"https:\/\/mouton-en-sucre.com\/wp-content\/uploads\/2021\/02\/IMG_5371b-337x505.jpg\" \/><div class=\"qg-overlay\"><span class=\"icon-circle\"><span class=\"pg-icon lightbox-icon\"><\/span><\/span><\/div><\/a><\/div><div class=\"qg-img qg-no-title\" data-defwidth=\"337\"><a href=\"https:\/\/mouton-en-sucre.com\/wp-content\/uploads\/2021\/02\/IMG_5368b.jpg\" rel=\"lightbox[group-1]\" title=\"\" ><img decoding=\"async\" src=\"https:\/\/mouton-en-sucre.com\/wp-content\/uploads\/2021\/02\/IMG_5368b-337x505.jpg\" \/><div class=\"qg-overlay\"><span class=\"icon-circle\"><span class=\"pg-icon lightbox-icon\"><\/span><\/span><\/div><\/a><\/div><div class=\"qg-img qg-no-title\" data-defwidth=\"337\"><a href=\"https:\/\/mouton-en-sucre.com\/wp-content\/uploads\/2021\/02\/IMG_5362b.jpg\" rel=\"lightbox[group-1]\" title=\"\" ><img decoding=\"async\" src=\"https:\/\/mouton-en-sucre.com\/wp-content\/uploads\/2021\/02\/IMG_5362b-337x505.jpg\" \/><div class=\"qg-overlay\"><span class=\"icon-circle\"><span class=\"pg-icon lightbox-icon\"><\/span><\/span><\/div><\/a><\/div><div class=\"qg-img qg-no-title\" data-defwidth=\"337\"><a href=\"https:\/\/mouton-en-sucre.com\/wp-content\/uploads\/2021\/02\/IMG_5360b.jpg\" rel=\"lightbox[group-1]\" title=\"\" ><img decoding=\"async\" src=\"https:\/\/mouton-en-sucre.com\/wp-content\/uploads\/2021\/02\/IMG_5360b-337x505.jpg\" \/><div class=\"qg-overlay\"><span class=\"icon-circle\"><span class=\"pg-icon lightbox-icon\"><\/span><\/span><\/div><\/a><\/div><div class=\"qg-img qg-no-title\" data-defwidth=\"337\"><a href=\"https:\/\/mouton-en-sucre.com\/wp-content\/uploads\/2021\/02\/IMG_5357b.jpg\" rel=\"lightbox[group-1]\" title=\"\" ><img decoding=\"async\" src=\"https:\/\/mouton-en-sucre.com\/wp-content\/uploads\/2021\/02\/IMG_5357b-337x505.jpg\" \/><div class=\"qg-overlay\"><span class=\"icon-circle\"><span class=\"pg-icon lightbox-icon\"><\/span><\/span><\/div><\/a><\/div><div class=\"qg-img qg-no-title\" data-defwidth=\"337\"><a href=\"https:\/\/mouton-en-sucre.com\/wp-content\/uploads\/2021\/02\/IMG_5353b.jpg\" rel=\"lightbox[group-1]\" title=\"\" ><img decoding=\"async\" src=\"https:\/\/mouton-en-sucre.com\/wp-content\/uploads\/2021\/02\/IMG_5353b-337x505.jpg\" \/><div class=\"qg-overlay\"><span class=\"icon-circle\"><span class=\"pg-icon lightbox-icon\"><\/span><\/span><\/div><\/a><\/div><div class=\"qg-img qg-no-title\" data-defwidth=\"337\"><a href=\"https:\/\/mouton-en-sucre.com\/wp-content\/uploads\/2021\/02\/IMG_5364b.jpg\" rel=\"lightbox[group-1]\" title=\"\" ><img decoding=\"async\" src=\"https:\/\/mouton-en-sucre.com\/wp-content\/uploads\/2021\/02\/IMG_5364b-337x225.jpg\" \/><div class=\"qg-overlay\"><span class=\"icon-circle\"><span class=\"pg-icon lightbox-icon\"><\/span><\/span><\/div><\/a><\/div><div class=\"qg-img qg-no-title\" data-defwidth=\"337\"><a href=\"https:\/\/mouton-en-sucre.com\/wp-content\/uploads\/2021\/02\/IMG_5355b.jpg\" rel=\"lightbox[group-1]\" title=\"\" ><img decoding=\"async\" src=\"https:\/\/mouton-en-sucre.com\/wp-content\/uploads\/2021\/02\/IMG_5355b-337x225.jpg\" \/><div class=\"qg-overlay\"><span class=\"icon-circle\"><span class=\"pg-icon lightbox-icon\"><\/span><\/span><\/div><\/a><\/div><div class=\"qg-img qg-no-title\" data-defwidth=\"337\"><a href=\"https:\/\/mouton-en-sucre.com\/wp-content\/uploads\/2021\/02\/IMG_5350b.jpg\" rel=\"lightbox[group-1]\" title=\"\" ><img decoding=\"async\" src=\"https:\/\/mouton-en-sucre.com\/wp-content\/uploads\/2021\/02\/IMG_5350b-337x225.jpg\" \/><div class=\"qg-overlay\"><span class=\"icon-circle\"><span class=\"pg-icon lightbox-icon\"><\/span><\/span><\/div><\/a><\/div><div class=\"qg-img qg-no-title\" data-defwidth=\"337\"><a href=\"https:\/\/mouton-en-sucre.com\/wp-content\/uploads\/2021\/02\/IMG_5348b.jpg\" rel=\"lightbox[group-1]\" title=\"\" ><img decoding=\"async\" src=\"https:\/\/mouton-en-sucre.com\/wp-content\/uploads\/2021\/02\/IMG_5348b-337x506.jpg\" \/><div class=\"qg-overlay\"><span class=\"icon-circle\"><span class=\"pg-icon lightbox-icon\"><\/span><\/span><\/div><\/a><\/div><div class=\"clear\"><\/div><\/div>\n","protected":false},"excerpt":{"rendered":"<p>Jelly classic<\/p>\n<p>Purple resin<\/p>\n<p>Included : doll, crown, shell, protection bag.<\/p>","protected":false},"featured_media":9339,"comment_status":"closed","ping_status":"closed","template":"","meta":{"_vp_format_video_url":"","_vp_image_focal_point":[]},"product_brand":[],"product_cat":[208,221],"product_tag":[],"class_list":{"0":"post-11895","1":"product","2":"type-product","3":"status-publish","4":"has-post-thumbnail","6":"product_cat-bjd","7":"product_cat-jelly","9":"first","10":"instock","11":"sale","12":"shipping-taxable","13":"purchasable","14":"product-type-simple"},"yoast_head":"<!-- This site is optimized with the Yoast SEO plugin v27.1.1 - https:\/\/yoast.com\/product\/yoast-seo-wordpress\/ -->\n<title>Poup\u00e9e m\u00e9duse Jelly Purple - Le Mouton en Sucre<\/title>\n<meta name=\"description\" content=\"Jelly la poup\u00e9e m\u00e9duse articul\u00e9e en r\u00e9sine est une jolie petite BJD color\u00e9e. Socle aimant\u00e9 amovible pour de multiples poses.\" \/>\n<meta name=\"robots\" content=\"index, follow, max-snippet:-1, max-image-preview:large, max-video-preview:-1\" \/>\n<link rel=\"canonical\" href=\"https:\/\/mouton-en-sucre.com\/en\/product\/jelly-purple\/\" \/>\n<meta property=\"og:locale\" content=\"en_GB\" \/>\n<meta property=\"og:type\" content=\"article\" \/>\n<meta property=\"og:title\" content=\"Poup\u00e9e m\u00e9duse Jelly Purple - Le Mouton en Sucre\" \/>\n<meta property=\"og:description\" content=\"Jelly la poup\u00e9e m\u00e9duse articul\u00e9e en r\u00e9sine est une jolie petite BJD color\u00e9e. Socle aimant\u00e9 amovible pour de multiples poses.\" \/>\n<meta property=\"og:url\" content=\"https:\/\/mouton-en-sucre.com\/en\/product\/jelly-purple\/\" \/>\n<meta property=\"og:site_name\" content=\"Le Mouton en Sucre\" \/>\n<meta property=\"article:modified_time\" content=\"2023-10-22T06:28:47+00:00\" \/>\n<meta property=\"og:image\" content=\"https:\/\/mouton-en-sucre.com\/wp-content\/uploads\/2021\/02\/IMG_5348b.jpg\" \/>\n\t<meta property=\"og:image:width\" content=\"666\" \/>\n\t<meta property=\"og:image:height\" content=\"1000\" \/>\n\t<meta property=\"og:image:type\" content=\"image\/jpeg\" \/>\n<meta name=\"twitter:label1\" content=\"Estimated reading time\" \/>\n\t<meta name=\"twitter:data1\" content=\"1 minute\" \/>\n<script type=\"application\/ld+json\" class=\"yoast-schema-graph\">{\"@context\":\"https:\/\/schema.org\",\"@graph\":[{\"@type\":\"WebPage\",\"@id\":\"https:\/\/mouton-en-sucre.com\/produit\/jelly-purple\/\",\"url\":\"https:\/\/mouton-en-sucre.com\/produit\/jelly-purple\/\",\"name\":\"Poup\u00e9e m\u00e9duse Jelly Purple - Le Mouton en Sucre\",\"isPartOf\":{\"@id\":\"https:\/\/mouton-en-sucre.com\/#website\"},\"primaryImageOfPage\":{\"@id\":\"https:\/\/mouton-en-sucre.com\/produit\/jelly-purple\/#primaryimage\"},\"image\":{\"@id\":\"https:\/\/mouton-en-sucre.com\/produit\/jelly-purple\/#primaryimage\"},\"thumbnailUrl\":\"https:\/\/mouton-en-sucre.com\/wp-content\/uploads\/2021\/02\/IMG_5348b.jpg\",\"datePublished\":\"2021-09-18T10:33:17+00:00\",\"dateModified\":\"2023-10-22T06:28:47+00:00\",\"description\":\"Jelly la poup\u00e9e m\u00e9duse articul\u00e9e en r\u00e9sine est une jolie petite BJD color\u00e9e. Socle aimant\u00e9 amovible pour de multiples poses.\",\"breadcrumb\":{\"@id\":\"https:\/\/mouton-en-sucre.com\/produit\/jelly-purple\/#breadcrumb\"},\"inLanguage\":\"en-GB\",\"potentialAction\":[{\"@type\":\"ReadAction\",\"target\":[\"https:\/\/mouton-en-sucre.com\/produit\/jelly-purple\/\"]}]},{\"@type\":\"ImageObject\",\"inLanguage\":\"en-GB\",\"@id\":\"https:\/\/mouton-en-sucre.com\/produit\/jelly-purple\/#primaryimage\",\"url\":\"https:\/\/mouton-en-sucre.com\/wp-content\/uploads\/2021\/02\/IMG_5348b.jpg\",\"contentUrl\":\"https:\/\/mouton-en-sucre.com\/wp-content\/uploads\/2021\/02\/IMG_5348b.jpg\",\"width\":666,\"height\":1000,\"caption\":\"Jelly jellyfish bjd doll animal pet creature sea meduse cute happy violet purple\"},{\"@type\":\"BreadcrumbList\",\"@id\":\"https:\/\/mouton-en-sucre.com\/produit\/jelly-purple\/#breadcrumb\",\"itemListElement\":[{\"@type\":\"ListItem\",\"position\":1,\"name\":\"Boutique\",\"item\":\"https:\/\/mouton-en-sucre.com\/boutique\/\"},{\"@type\":\"ListItem\",\"position\":2,\"name\":\"Jelly Purple\"}]},{\"@type\":\"WebSite\",\"@id\":\"https:\/\/mouton-en-sucre.com\/#website\",\"url\":\"https:\/\/mouton-en-sucre.com\/\",\"name\":\"Le Mouton en Sucre\",\"description\":\"Cr\u00e9ateurs de douceurs pour les yeux\",\"potentialAction\":[{\"@type\":\"SearchAction\",\"target\":{\"@type\":\"EntryPoint\",\"urlTemplate\":\"https:\/\/mouton-en-sucre.com\/?s={search_term_string}\"},\"query-input\":{\"@type\":\"PropertyValueSpecification\",\"valueRequired\":true,\"valueName\":\"search_term_string\"}}],\"inLanguage\":\"en-GB\"}]}<\/script>\n<!-- \/ Yoast SEO plugin. -->","yoast_head_json":{"title":"Poup\u00e9e m\u00e9duse Jelly Purple - Le Mouton en Sucre","description":"Jelly la poup\u00e9e m\u00e9duse articul\u00e9e en r\u00e9sine est une jolie petite BJD color\u00e9e. Socle aimant\u00e9 amovible pour de multiples poses.","robots":{"index":"index","follow":"follow","max-snippet":"max-snippet:-1","max-image-preview":"max-image-preview:large","max-video-preview":"max-video-preview:-1"},"canonical":"https:\/\/mouton-en-sucre.com\/en\/product\/jelly-purple\/","og_locale":"en_GB","og_type":"article","og_title":"Poup\u00e9e m\u00e9duse Jelly Purple - Le Mouton en Sucre","og_description":"Jelly la poup\u00e9e m\u00e9duse articul\u00e9e en r\u00e9sine est une jolie petite BJD color\u00e9e. Socle aimant\u00e9 amovible pour de multiples poses.","og_url":"https:\/\/mouton-en-sucre.com\/en\/product\/jelly-purple\/","og_site_name":"Le Mouton en Sucre","article_modified_time":"2023-10-22T06:28:47+00:00","og_image":[{"width":666,"height":1000,"url":"https:\/\/mouton-en-sucre.com\/wp-content\/uploads\/2021\/02\/IMG_5348b.jpg","type":"image\/jpeg"}],"twitter_misc":{"Estimated reading time":"1 minute"},"schema":{"@context":"https:\/\/schema.org","@graph":[{"@type":"WebPage","@id":"https:\/\/mouton-en-sucre.com\/produit\/jelly-purple\/","url":"https:\/\/mouton-en-sucre.com\/produit\/jelly-purple\/","name":"Poup\u00e9e m\u00e9duse Jelly Purple - Le Mouton en Sucre","isPartOf":{"@id":"https:\/\/mouton-en-sucre.com\/#website"},"primaryImageOfPage":{"@id":"https:\/\/mouton-en-sucre.com\/produit\/jelly-purple\/#primaryimage"},"image":{"@id":"https:\/\/mouton-en-sucre.com\/produit\/jelly-purple\/#primaryimage"},"thumbnailUrl":"https:\/\/mouton-en-sucre.com\/wp-content\/uploads\/2021\/02\/IMG_5348b.jpg","datePublished":"2021-09-18T10:33:17+00:00","dateModified":"2023-10-22T06:28:47+00:00","description":"Jelly la poup\u00e9e m\u00e9duse articul\u00e9e en r\u00e9sine est une jolie petite BJD color\u00e9e. Socle aimant\u00e9 amovible pour de multiples poses.","breadcrumb":{"@id":"https:\/\/mouton-en-sucre.com\/produit\/jelly-purple\/#breadcrumb"},"inLanguage":"en-GB","potentialAction":[{"@type":"ReadAction","target":["https:\/\/mouton-en-sucre.com\/produit\/jelly-purple\/"]}]},{"@type":"ImageObject","inLanguage":"en-GB","@id":"https:\/\/mouton-en-sucre.com\/produit\/jelly-purple\/#primaryimage","url":"https:\/\/mouton-en-sucre.com\/wp-content\/uploads\/2021\/02\/IMG_5348b.jpg","contentUrl":"https:\/\/mouton-en-sucre.com\/wp-content\/uploads\/2021\/02\/IMG_5348b.jpg","width":666,"height":1000,"caption":"Jelly jellyfish bjd doll animal pet creature sea meduse cute happy violet purple"},{"@type":"BreadcrumbList","@id":"https:\/\/mouton-en-sucre.com\/produit\/jelly-purple\/#breadcrumb","itemListElement":[{"@type":"ListItem","position":1,"name":"Boutique","item":"https:\/\/mouton-en-sucre.com\/boutique\/"},{"@type":"ListItem","position":2,"name":"Jelly Purple"}]},{"@type":"WebSite","@id":"https:\/\/mouton-en-sucre.com\/#website","url":"https:\/\/mouton-en-sucre.com\/","name":"Le Mouton en Sucre","description":"Cr\u00e9ateurs de douceurs pour les yeux","potentialAction":[{"@type":"SearchAction","target":{"@type":"EntryPoint","urlTemplate":"https:\/\/mouton-en-sucre.com\/?s={search_term_string}"},"query-input":{"@type":"PropertyValueSpecification","valueRequired":true,"valueName":"search_term_string"}}],"inLanguage":"en-GB"}]}},"_links":{"self":[{"href":"https:\/\/mouton-en-sucre.com\/en\/wp-json\/wp\/v2\/product\/11895","targetHints":{"allow":["GET"]}}],"collection":[{"href":"https:\/\/mouton-en-sucre.com\/en\/wp-json\/wp\/v2\/product"}],"about":[{"href":"https:\/\/mouton-en-sucre.com\/en\/wp-json\/wp\/v2\/types\/product"}],"replies":[{"embeddable":true,"href":"https:\/\/mouton-en-sucre.com\/en\/wp-json\/wp\/v2\/comments?post=11895"}],"wp:featuredmedia":[{"embeddable":true,"href":"https:\/\/mouton-en-sucre.com\/en\/wp-json\/wp\/v2\/media\/9339"}],"wp:attachment":[{"href":"https:\/\/mouton-en-sucre.com\/en\/wp-json\/wp\/v2\/media?parent=11895"}],"wp:term":[{"taxonomy":"product_brand","embeddable":true,"href":"https:\/\/mouton-en-sucre.com\/en\/wp-json\/wp\/v2\/product_brand?post=11895"},{"taxonomy":"product_cat","embeddable":true,"href":"https:\/\/mouton-en-sucre.com\/en\/wp-json\/wp\/v2\/product_cat?post=11895"},{"taxonomy":"product_tag","embeddable":true,"href":"https:\/\/mouton-en-sucre.com\/en\/wp-json\/wp\/v2\/product_tag?post=11895"}],"curies":[{"name":"wp","href":"https:\/\/api.w.org\/{rel}","templated":true}]}}