{"id":11894,"date":"2021-09-18T12:30:22","date_gmt":"2021-09-18T10:30:22","guid":{"rendered":"https:\/\/mouton-en-sucre.com\/?post_type=product&#038;p=11894"},"modified":"2023-10-22T08:28:54","modified_gmt":"2023-10-22T06:28:54","slug":"jelly-pink","status":"publish","type":"product","link":"https:\/\/mouton-en-sucre.com\/en\/product\/jelly-pink\/","title":{"rendered":"Jelly pink"},"content":{"rendered":"<p><em>Poup\u00e9e m\u00e9duse<\/em><\/p>\n<p>Pet Doll : Hauteur 10cm<\/p>\n<p>Skin : pink<\/p>\n<p>Eyes : 12mm<\/p>\n<p>&nbsp;<\/p>\n<div class=\"quick-gallery\"><div class=\"qg-img qg-no-title\" data-defwidth=\"337\"><a href=\"https:\/\/mouton-en-sucre.com\/wp-content\/uploads\/2021\/02\/IMG_5473b.jpg\" rel=\"lightbox[group-1]\" title=\"\" ><img decoding=\"async\" src=\"https:\/\/mouton-en-sucre.com\/wp-content\/uploads\/2021\/02\/IMG_5473b-337x505.jpg\" \/><div class=\"qg-overlay\"><span class=\"icon-circle\"><span class=\"pg-icon lightbox-icon\"><\/span><\/span><\/div><\/a><\/div><div class=\"qg-img qg-no-title\" data-defwidth=\"337\"><a href=\"https:\/\/mouton-en-sucre.com\/wp-content\/uploads\/2021\/02\/IMG_5472b.jpg\" rel=\"lightbox[group-1]\" title=\"\" ><img decoding=\"async\" src=\"https:\/\/mouton-en-sucre.com\/wp-content\/uploads\/2021\/02\/IMG_5472b-337x505.jpg\" \/><div class=\"qg-overlay\"><span class=\"icon-circle\"><span class=\"pg-icon lightbox-icon\"><\/span><\/span><\/div><\/a><\/div><div class=\"qg-img qg-no-title\" data-defwidth=\"337\"><a href=\"https:\/\/mouton-en-sucre.com\/wp-content\/uploads\/2021\/02\/IMG_5470b.jpg\" rel=\"lightbox[group-1]\" title=\"\" ><img decoding=\"async\" src=\"https:\/\/mouton-en-sucre.com\/wp-content\/uploads\/2021\/02\/IMG_5470b-337x505.jpg\" \/><div class=\"qg-overlay\"><span class=\"icon-circle\"><span class=\"pg-icon lightbox-icon\"><\/span><\/span><\/div><\/a><\/div><div class=\"qg-img qg-no-title\" data-defwidth=\"337\"><a href=\"https:\/\/mouton-en-sucre.com\/wp-content\/uploads\/2021\/02\/IMG_5467b.jpg\" rel=\"lightbox[group-1]\" title=\"\" ><img decoding=\"async\" src=\"https:\/\/mouton-en-sucre.com\/wp-content\/uploads\/2021\/02\/IMG_5467b-337x505.jpg\" \/><div class=\"qg-overlay\"><span class=\"icon-circle\"><span class=\"pg-icon lightbox-icon\"><\/span><\/span><\/div><\/a><\/div><div class=\"qg-img qg-no-title\" data-defwidth=\"337\"><a href=\"https:\/\/mouton-en-sucre.com\/wp-content\/uploads\/2021\/02\/IMG_5464b.jpg\" rel=\"lightbox[group-1]\" title=\"\" ><img decoding=\"async\" src=\"https:\/\/mouton-en-sucre.com\/wp-content\/uploads\/2021\/02\/IMG_5464b-337x505.jpg\" \/><div class=\"qg-overlay\"><span class=\"icon-circle\"><span class=\"pg-icon lightbox-icon\"><\/span><\/span><\/div><\/a><\/div><div class=\"qg-img qg-no-title\" data-defwidth=\"337\"><a href=\"https:\/\/mouton-en-sucre.com\/wp-content\/uploads\/2021\/02\/IMG_5462b.jpg\" rel=\"lightbox[group-1]\" title=\"\" ><img decoding=\"async\" src=\"https:\/\/mouton-en-sucre.com\/wp-content\/uploads\/2021\/02\/IMG_5462b-337x505.jpg\" \/><div class=\"qg-overlay\"><span class=\"icon-circle\"><span class=\"pg-icon lightbox-icon\"><\/span><\/span><\/div><\/a><\/div><div class=\"qg-img qg-no-title\" data-defwidth=\"337\"><a href=\"https:\/\/mouton-en-sucre.com\/wp-content\/uploads\/2021\/02\/IMG_5458b.jpg\" rel=\"lightbox[group-1]\" title=\"\" ><img decoding=\"async\" src=\"https:\/\/mouton-en-sucre.com\/wp-content\/uploads\/2021\/02\/IMG_5458b-337x505.jpg\" \/><div class=\"qg-overlay\"><span class=\"icon-circle\"><span class=\"pg-icon lightbox-icon\"><\/span><\/span><\/div><\/a><\/div><div class=\"qg-img qg-no-title\" data-defwidth=\"337\"><a href=\"https:\/\/mouton-en-sucre.com\/wp-content\/uploads\/2021\/02\/IMG_5457b.jpg\" rel=\"lightbox[group-1]\" title=\"\" ><img decoding=\"async\" src=\"https:\/\/mouton-en-sucre.com\/wp-content\/uploads\/2021\/02\/IMG_5457b-337x505.jpg\" \/><div class=\"qg-overlay\"><span class=\"icon-circle\"><span class=\"pg-icon lightbox-icon\"><\/span><\/span><\/div><\/a><\/div><div class=\"qg-img qg-no-title\" data-defwidth=\"337\"><a href=\"https:\/\/mouton-en-sucre.com\/wp-content\/uploads\/2021\/02\/IMG_5444b.jpg\" rel=\"lightbox[group-1]\" title=\"\" ><img decoding=\"async\" src=\"https:\/\/mouton-en-sucre.com\/wp-content\/uploads\/2021\/02\/IMG_5444b-337x505.jpg\" \/><div class=\"qg-overlay\"><span class=\"icon-circle\"><span class=\"pg-icon lightbox-icon\"><\/span><\/span><\/div><\/a><\/div><div class=\"qg-img qg-no-title\" data-defwidth=\"337\"><a href=\"https:\/\/mouton-en-sucre.com\/wp-content\/uploads\/2021\/02\/IMG_5453b.jpg\" rel=\"lightbox[group-1]\" title=\"\" ><img decoding=\"async\" src=\"https:\/\/mouton-en-sucre.com\/wp-content\/uploads\/2021\/02\/IMG_5453b-337x225.jpg\" \/><div class=\"qg-overlay\"><span class=\"icon-circle\"><span class=\"pg-icon lightbox-icon\"><\/span><\/span><\/div><\/a><\/div><div class=\"qg-img qg-no-title\" data-defwidth=\"337\"><a href=\"https:\/\/mouton-en-sucre.com\/wp-content\/uploads\/2021\/02\/IMG_5447b.jpg\" rel=\"lightbox[group-1]\" title=\"\" ><img decoding=\"async\" src=\"https:\/\/mouton-en-sucre.com\/wp-content\/uploads\/2021\/02\/IMG_5447b-337x225.jpg\" \/><div class=\"qg-overlay\"><span class=\"icon-circle\"><span class=\"pg-icon lightbox-icon\"><\/span><\/span><\/div><\/a><\/div><div class=\"qg-img qg-no-title\" data-defwidth=\"337\"><a href=\"https:\/\/mouton-en-sucre.com\/wp-content\/uploads\/2021\/02\/IMG_5442b.jpg\" rel=\"lightbox[group-1]\" title=\"\" ><img decoding=\"async\" src=\"https:\/\/mouton-en-sucre.com\/wp-content\/uploads\/2021\/02\/IMG_5442b-337x225.jpg\" \/><div class=\"qg-overlay\"><span class=\"icon-circle\"><span class=\"pg-icon lightbox-icon\"><\/span><\/span><\/div><\/a><\/div><div class=\"qg-img qg-no-title\" data-defwidth=\"337\"><a href=\"https:\/\/mouton-en-sucre.com\/wp-content\/uploads\/2021\/02\/IMG_5435b.jpg\" rel=\"lightbox[group-1]\" title=\"\" ><img decoding=\"async\" src=\"https:\/\/mouton-en-sucre.com\/wp-content\/uploads\/2021\/02\/IMG_5435b-337x505.jpg\" \/><div class=\"qg-overlay\"><span class=\"icon-circle\"><span class=\"pg-icon lightbox-icon\"><\/span><\/span><\/div><\/a><\/div><div class=\"qg-img qg-no-title\" data-defwidth=\"337\"><a href=\"https:\/\/mouton-en-sucre.com\/wp-content\/uploads\/2021\/02\/IMG_5431b.jpg\" rel=\"lightbox[group-1]\" title=\"\" ><img decoding=\"async\" src=\"https:\/\/mouton-en-sucre.com\/wp-content\/uploads\/2021\/02\/IMG_5431b-337x505.jpg\" \/><div class=\"qg-overlay\"><span class=\"icon-circle\"><span class=\"pg-icon lightbox-icon\"><\/span><\/span><\/div><\/a><\/div><div class=\"qg-img qg-no-title\" data-defwidth=\"337\"><a href=\"https:\/\/mouton-en-sucre.com\/wp-content\/uploads\/2021\/02\/IMG_5427b.jpg\" rel=\"lightbox[group-1]\" title=\"\" ><img decoding=\"async\" src=\"https:\/\/mouton-en-sucre.com\/wp-content\/uploads\/2021\/02\/IMG_5427b-337x505.jpg\" \/><div class=\"qg-overlay\"><span class=\"icon-circle\"><span class=\"pg-icon lightbox-icon\"><\/span><\/span><\/div><\/a><\/div><div class=\"qg-img qg-no-title\" data-defwidth=\"337\"><a href=\"https:\/\/mouton-en-sucre.com\/wp-content\/uploads\/2021\/02\/IMG_5433b.jpg\" rel=\"lightbox[group-1]\" title=\"\" ><img decoding=\"async\" src=\"https:\/\/mouton-en-sucre.com\/wp-content\/uploads\/2021\/02\/IMG_5433b-337x225.jpg\" \/><div class=\"qg-overlay\"><span class=\"icon-circle\"><span class=\"pg-icon lightbox-icon\"><\/span><\/span><\/div><\/a><\/div><div class=\"clear\"><\/div><\/div>\n","protected":false},"excerpt":{"rendered":"<p>Jelly classic<\/p>\n<p>Pink resin<\/p>\n<p>Included : doll, crown, shell, protection bag.<\/p>","protected":false},"featured_media":9367,"comment_status":"closed","ping_status":"closed","template":"","meta":{"_vp_format_video_url":"","_vp_image_focal_point":[]},"product_brand":[],"product_cat":[208,221],"product_tag":[],"class_list":{"0":"post-11894","1":"product","2":"type-product","3":"status-publish","4":"has-post-thumbnail","6":"product_cat-bjd","7":"product_cat-jelly","9":"first","10":"instock","11":"sale","12":"shipping-taxable","13":"purchasable","14":"product-type-simple"},"yoast_head":"<!-- This site is optimized with the Yoast SEO plugin v27.1.1 - https:\/\/yoast.com\/product\/yoast-seo-wordpress\/ -->\n<title>Poup\u00e9e m\u00e9duse Jelly pink - Le Mouton en Sucre<\/title>\n<meta name=\"description\" content=\"Jelly la poup\u00e9e m\u00e9duse articul\u00e9e en r\u00e9sine est une jolie petite BJD color\u00e9e. Socle aimant\u00e9 amovible pour de multiples poses.\" \/>\n<meta name=\"robots\" content=\"index, follow, max-snippet:-1, max-image-preview:large, max-video-preview:-1\" \/>\n<link rel=\"canonical\" href=\"https:\/\/mouton-en-sucre.com\/en\/product\/jelly-pink\/\" \/>\n<meta property=\"og:locale\" content=\"en_GB\" \/>\n<meta property=\"og:type\" content=\"article\" \/>\n<meta property=\"og:title\" content=\"Poup\u00e9e m\u00e9duse Jelly pink - Le Mouton en Sucre\" \/>\n<meta property=\"og:description\" content=\"Jelly la poup\u00e9e m\u00e9duse articul\u00e9e en r\u00e9sine est une jolie petite BJD color\u00e9e. Socle aimant\u00e9 amovible pour de multiples poses.\" \/>\n<meta property=\"og:url\" content=\"https:\/\/mouton-en-sucre.com\/en\/product\/jelly-pink\/\" \/>\n<meta property=\"og:site_name\" content=\"Le Mouton en Sucre\" \/>\n<meta property=\"article:modified_time\" content=\"2023-10-22T06:28:54+00:00\" \/>\n<meta property=\"og:image\" content=\"https:\/\/mouton-en-sucre.com\/wp-content\/uploads\/2021\/02\/IMG_5427b.jpg\" \/>\n\t<meta property=\"og:image:width\" content=\"667\" \/>\n\t<meta property=\"og:image:height\" content=\"1000\" \/>\n\t<meta property=\"og:image:type\" content=\"image\/jpeg\" \/>\n<meta name=\"twitter:label1\" content=\"Estimated reading time\" \/>\n\t<meta name=\"twitter:data1\" content=\"1 minute\" \/>\n<script type=\"application\/ld+json\" class=\"yoast-schema-graph\">{\"@context\":\"https:\/\/schema.org\",\"@graph\":[{\"@type\":\"WebPage\",\"@id\":\"https:\/\/mouton-en-sucre.com\/produit\/jelly-pink\/\",\"url\":\"https:\/\/mouton-en-sucre.com\/produit\/jelly-pink\/\",\"name\":\"Poup\u00e9e m\u00e9duse Jelly pink - Le Mouton en Sucre\",\"isPartOf\":{\"@id\":\"https:\/\/mouton-en-sucre.com\/#website\"},\"primaryImageOfPage\":{\"@id\":\"https:\/\/mouton-en-sucre.com\/produit\/jelly-pink\/#primaryimage\"},\"image\":{\"@id\":\"https:\/\/mouton-en-sucre.com\/produit\/jelly-pink\/#primaryimage\"},\"thumbnailUrl\":\"https:\/\/mouton-en-sucre.com\/wp-content\/uploads\/2021\/02\/IMG_5427b.jpg\",\"datePublished\":\"2021-09-18T10:30:22+00:00\",\"dateModified\":\"2023-10-22T06:28:54+00:00\",\"description\":\"Jelly la poup\u00e9e m\u00e9duse articul\u00e9e en r\u00e9sine est une jolie petite BJD color\u00e9e. Socle aimant\u00e9 amovible pour de multiples poses.\",\"breadcrumb\":{\"@id\":\"https:\/\/mouton-en-sucre.com\/produit\/jelly-pink\/#breadcrumb\"},\"inLanguage\":\"en-GB\",\"potentialAction\":[{\"@type\":\"ReadAction\",\"target\":[\"https:\/\/mouton-en-sucre.com\/produit\/jelly-pink\/\"]}]},{\"@type\":\"ImageObject\",\"inLanguage\":\"en-GB\",\"@id\":\"https:\/\/mouton-en-sucre.com\/produit\/jelly-pink\/#primaryimage\",\"url\":\"https:\/\/mouton-en-sucre.com\/wp-content\/uploads\/2021\/02\/IMG_5427b.jpg\",\"contentUrl\":\"https:\/\/mouton-en-sucre.com\/wp-content\/uploads\/2021\/02\/IMG_5427b.jpg\",\"width\":667,\"height\":1000,\"caption\":\"Jelly jellyfish bjd doll animal pet creature sea meduse cute happy pink rose\"},{\"@type\":\"BreadcrumbList\",\"@id\":\"https:\/\/mouton-en-sucre.com\/produit\/jelly-pink\/#breadcrumb\",\"itemListElement\":[{\"@type\":\"ListItem\",\"position\":1,\"name\":\"Boutique\",\"item\":\"https:\/\/mouton-en-sucre.com\/boutique\/\"},{\"@type\":\"ListItem\",\"position\":2,\"name\":\"Jelly pink\"}]},{\"@type\":\"WebSite\",\"@id\":\"https:\/\/mouton-en-sucre.com\/#website\",\"url\":\"https:\/\/mouton-en-sucre.com\/\",\"name\":\"Le Mouton en Sucre\",\"description\":\"Cr\u00e9ateurs de douceurs pour les yeux\",\"potentialAction\":[{\"@type\":\"SearchAction\",\"target\":{\"@type\":\"EntryPoint\",\"urlTemplate\":\"https:\/\/mouton-en-sucre.com\/?s={search_term_string}\"},\"query-input\":{\"@type\":\"PropertyValueSpecification\",\"valueRequired\":true,\"valueName\":\"search_term_string\"}}],\"inLanguage\":\"en-GB\"}]}<\/script>\n<!-- \/ Yoast SEO plugin. -->","yoast_head_json":{"title":"Poup\u00e9e m\u00e9duse Jelly pink - Le Mouton en Sucre","description":"Jelly la poup\u00e9e m\u00e9duse articul\u00e9e en r\u00e9sine est une jolie petite BJD color\u00e9e. Socle aimant\u00e9 amovible pour de multiples poses.","robots":{"index":"index","follow":"follow","max-snippet":"max-snippet:-1","max-image-preview":"max-image-preview:large","max-video-preview":"max-video-preview:-1"},"canonical":"https:\/\/mouton-en-sucre.com\/en\/product\/jelly-pink\/","og_locale":"en_GB","og_type":"article","og_title":"Poup\u00e9e m\u00e9duse Jelly pink - Le Mouton en Sucre","og_description":"Jelly la poup\u00e9e m\u00e9duse articul\u00e9e en r\u00e9sine est une jolie petite BJD color\u00e9e. Socle aimant\u00e9 amovible pour de multiples poses.","og_url":"https:\/\/mouton-en-sucre.com\/en\/product\/jelly-pink\/","og_site_name":"Le Mouton en Sucre","article_modified_time":"2023-10-22T06:28:54+00:00","og_image":[{"width":667,"height":1000,"url":"https:\/\/mouton-en-sucre.com\/wp-content\/uploads\/2021\/02\/IMG_5427b.jpg","type":"image\/jpeg"}],"twitter_misc":{"Estimated reading time":"1 minute"},"schema":{"@context":"https:\/\/schema.org","@graph":[{"@type":"WebPage","@id":"https:\/\/mouton-en-sucre.com\/produit\/jelly-pink\/","url":"https:\/\/mouton-en-sucre.com\/produit\/jelly-pink\/","name":"Poup\u00e9e m\u00e9duse Jelly pink - Le Mouton en Sucre","isPartOf":{"@id":"https:\/\/mouton-en-sucre.com\/#website"},"primaryImageOfPage":{"@id":"https:\/\/mouton-en-sucre.com\/produit\/jelly-pink\/#primaryimage"},"image":{"@id":"https:\/\/mouton-en-sucre.com\/produit\/jelly-pink\/#primaryimage"},"thumbnailUrl":"https:\/\/mouton-en-sucre.com\/wp-content\/uploads\/2021\/02\/IMG_5427b.jpg","datePublished":"2021-09-18T10:30:22+00:00","dateModified":"2023-10-22T06:28:54+00:00","description":"Jelly la poup\u00e9e m\u00e9duse articul\u00e9e en r\u00e9sine est une jolie petite BJD color\u00e9e. Socle aimant\u00e9 amovible pour de multiples poses.","breadcrumb":{"@id":"https:\/\/mouton-en-sucre.com\/produit\/jelly-pink\/#breadcrumb"},"inLanguage":"en-GB","potentialAction":[{"@type":"ReadAction","target":["https:\/\/mouton-en-sucre.com\/produit\/jelly-pink\/"]}]},{"@type":"ImageObject","inLanguage":"en-GB","@id":"https:\/\/mouton-en-sucre.com\/produit\/jelly-pink\/#primaryimage","url":"https:\/\/mouton-en-sucre.com\/wp-content\/uploads\/2021\/02\/IMG_5427b.jpg","contentUrl":"https:\/\/mouton-en-sucre.com\/wp-content\/uploads\/2021\/02\/IMG_5427b.jpg","width":667,"height":1000,"caption":"Jelly jellyfish bjd doll animal pet creature sea meduse cute happy pink rose"},{"@type":"BreadcrumbList","@id":"https:\/\/mouton-en-sucre.com\/produit\/jelly-pink\/#breadcrumb","itemListElement":[{"@type":"ListItem","position":1,"name":"Boutique","item":"https:\/\/mouton-en-sucre.com\/boutique\/"},{"@type":"ListItem","position":2,"name":"Jelly pink"}]},{"@type":"WebSite","@id":"https:\/\/mouton-en-sucre.com\/#website","url":"https:\/\/mouton-en-sucre.com\/","name":"Le Mouton en Sucre","description":"Cr\u00e9ateurs de douceurs pour les yeux","potentialAction":[{"@type":"SearchAction","target":{"@type":"EntryPoint","urlTemplate":"https:\/\/mouton-en-sucre.com\/?s={search_term_string}"},"query-input":{"@type":"PropertyValueSpecification","valueRequired":true,"valueName":"search_term_string"}}],"inLanguage":"en-GB"}]}},"_links":{"self":[{"href":"https:\/\/mouton-en-sucre.com\/en\/wp-json\/wp\/v2\/product\/11894","targetHints":{"allow":["GET"]}}],"collection":[{"href":"https:\/\/mouton-en-sucre.com\/en\/wp-json\/wp\/v2\/product"}],"about":[{"href":"https:\/\/mouton-en-sucre.com\/en\/wp-json\/wp\/v2\/types\/product"}],"replies":[{"embeddable":true,"href":"https:\/\/mouton-en-sucre.com\/en\/wp-json\/wp\/v2\/comments?post=11894"}],"wp:featuredmedia":[{"embeddable":true,"href":"https:\/\/mouton-en-sucre.com\/en\/wp-json\/wp\/v2\/media\/9367"}],"wp:attachment":[{"href":"https:\/\/mouton-en-sucre.com\/en\/wp-json\/wp\/v2\/media?parent=11894"}],"wp:term":[{"taxonomy":"product_brand","embeddable":true,"href":"https:\/\/mouton-en-sucre.com\/en\/wp-json\/wp\/v2\/product_brand?post=11894"},{"taxonomy":"product_cat","embeddable":true,"href":"https:\/\/mouton-en-sucre.com\/en\/wp-json\/wp\/v2\/product_cat?post=11894"},{"taxonomy":"product_tag","embeddable":true,"href":"https:\/\/mouton-en-sucre.com\/en\/wp-json\/wp\/v2\/product_tag?post=11894"}],"curies":[{"name":"wp","href":"https:\/\/api.w.org\/{rel}","templated":true}]}}