{"id":11809,"date":"2021-09-17T19:31:36","date_gmt":"2021-09-17T17:31:36","guid":{"rendered":"https:\/\/mouton-en-sucre.com\/?post_type=product&#038;p=11809"},"modified":"2023-02-01T12:55:33","modified_gmt":"2023-02-01T11:55:33","slug":"biscotti-mama-violet-rose","status":"publish","type":"product","link":"https:\/\/mouton-en-sucre.com\/en\/product\/biscotti-mama-violet-rose\/","title":{"rendered":"Biscotti Mama Violet pink"},"content":{"rendered":"<p><em>Poup\u00e9e Oiseau<\/em><\/p>\n<p>Tiny doll, tailles :<br \/>\n\u2013 Mama 4,5cm x 3,5cm<br \/>\n\u2013 Baby 3,5cm x 2,5cm<\/p>\n<p>Skin light purple<\/p>\n<p>Eyes 8mm (mama) \/ 6mm (baby)<\/p>\n<p>&nbsp;<\/p>\n<div class=\"quick-gallery\"><div class=\"qg-img qg-no-title\" data-defwidth=\"337\"><a href=\"https:\/\/mouton-en-sucre.com\/wp-content\/uploads\/2021\/09\/IMG_1402b.jpg\" rel=\"lightbox[group-1]\" title=\"\" ><img decoding=\"async\" src=\"https:\/\/mouton-en-sucre.com\/wp-content\/uploads\/2021\/09\/IMG_1402b-337x225.jpg\" \/><div class=\"qg-overlay\"><span class=\"icon-circle\"><span class=\"pg-icon lightbox-icon\"><\/span><\/span><\/div><\/a><\/div><div class=\"qg-img qg-no-title\" data-defwidth=\"337\"><a href=\"https:\/\/mouton-en-sucre.com\/wp-content\/uploads\/2021\/09\/IMG_1403b.jpg\" rel=\"lightbox[group-1]\" title=\"\" ><img decoding=\"async\" src=\"https:\/\/mouton-en-sucre.com\/wp-content\/uploads\/2021\/09\/IMG_1403b-337x225.jpg\" \/><div class=\"qg-overlay\"><span class=\"icon-circle\"><span class=\"pg-icon lightbox-icon\"><\/span><\/span><\/div><\/a><\/div><div class=\"qg-img qg-no-title\" data-defwidth=\"337\"><a href=\"https:\/\/mouton-en-sucre.com\/wp-content\/uploads\/2021\/09\/IMG_1400b.jpg\" rel=\"lightbox[group-1]\" title=\"\" ><img decoding=\"async\" src=\"https:\/\/mouton-en-sucre.com\/wp-content\/uploads\/2021\/09\/IMG_1400b-337x224.jpg\" \/><div class=\"qg-overlay\"><span class=\"icon-circle\"><span class=\"pg-icon lightbox-icon\"><\/span><\/span><\/div><\/a><\/div><div class=\"qg-img qg-no-title\" data-defwidth=\"337\"><a href=\"https:\/\/mouton-en-sucre.com\/wp-content\/uploads\/2021\/09\/IMG_1398b.jpg\" rel=\"lightbox[group-1]\" title=\"\" ><img decoding=\"async\" src=\"https:\/\/mouton-en-sucre.com\/wp-content\/uploads\/2021\/09\/IMG_1398b-337x225.jpg\" \/><div class=\"qg-overlay\"><span class=\"icon-circle\"><span class=\"pg-icon lightbox-icon\"><\/span><\/span><\/div><\/a><\/div><div class=\"qg-img qg-no-title\" data-defwidth=\"337\"><a href=\"https:\/\/mouton-en-sucre.com\/wp-content\/uploads\/2021\/09\/IMG_1393b.jpg\" rel=\"lightbox[group-1]\" title=\"\" ><img decoding=\"async\" src=\"https:\/\/mouton-en-sucre.com\/wp-content\/uploads\/2021\/09\/IMG_1393b-337x225.jpg\" \/><div class=\"qg-overlay\"><span class=\"icon-circle\"><span class=\"pg-icon lightbox-icon\"><\/span><\/span><\/div><\/a><\/div><div class=\"qg-img qg-no-title\" data-defwidth=\"337\"><a href=\"https:\/\/mouton-en-sucre.com\/wp-content\/uploads\/2021\/09\/IMG_1390b.jpg\" rel=\"lightbox[group-1]\" title=\"\" ><img decoding=\"async\" src=\"https:\/\/mouton-en-sucre.com\/wp-content\/uploads\/2021\/09\/IMG_1390b-337x225.jpg\" \/><div class=\"qg-overlay\"><span class=\"icon-circle\"><span class=\"pg-icon lightbox-icon\"><\/span><\/span><\/div><\/a><\/div><div class=\"qg-img qg-no-title\" data-defwidth=\"337\"><a href=\"https:\/\/mouton-en-sucre.com\/wp-content\/uploads\/2021\/09\/IMG_1388b.jpg\" rel=\"lightbox[group-1]\" title=\"\" ><img decoding=\"async\" src=\"https:\/\/mouton-en-sucre.com\/wp-content\/uploads\/2021\/09\/IMG_1388b-337x225.jpg\" \/><div class=\"qg-overlay\"><span class=\"icon-circle\"><span class=\"pg-icon lightbox-icon\"><\/span><\/span><\/div><\/a><\/div><div class=\"qg-img qg-no-title\" data-defwidth=\"337\"><a href=\"https:\/\/mouton-en-sucre.com\/wp-content\/uploads\/2021\/09\/IMG_1381b.jpg\" rel=\"lightbox[group-1]\" title=\"\" ><img decoding=\"async\" src=\"https:\/\/mouton-en-sucre.com\/wp-content\/uploads\/2021\/09\/IMG_1381b-337x225.jpg\" \/><div class=\"qg-overlay\"><span class=\"icon-circle\"><span class=\"pg-icon lightbox-icon\"><\/span><\/span><\/div><\/a><\/div><div class=\"qg-img qg-no-title\" data-defwidth=\"337\"><a href=\"https:\/\/mouton-en-sucre.com\/wp-content\/uploads\/2021\/09\/IMG_1385b.jpg\" rel=\"lightbox[group-1]\" title=\"\" ><img decoding=\"async\" src=\"https:\/\/mouton-en-sucre.com\/wp-content\/uploads\/2021\/09\/IMG_1385b-337x225.jpg\" \/><div class=\"qg-overlay\"><span class=\"icon-circle\"><span class=\"pg-icon lightbox-icon\"><\/span><\/span><\/div><\/a><\/div><div class=\"qg-img qg-no-title\" data-defwidth=\"337\"><a href=\"https:\/\/mouton-en-sucre.com\/wp-content\/uploads\/2021\/09\/IMG_1395b.jpg\" rel=\"lightbox[group-1]\" title=\"\" ><img decoding=\"async\" src=\"https:\/\/mouton-en-sucre.com\/wp-content\/uploads\/2021\/09\/IMG_1395b-337x506.jpg\" \/><div class=\"qg-overlay\"><span class=\"icon-circle\"><span class=\"pg-icon lightbox-icon\"><\/span><\/span><\/div><\/a><\/div><div class=\"clear\"><\/div><\/div>\n","protected":false},"excerpt":{"rendered":"<p>1 Biscotti Mama size<\/p>\n<p>Light purple resin<\/p>\n<p>Blush : purple, pink<\/p>\n<p>Included : Doll, protection bag<\/p>","protected":false},"featured_media":11804,"comment_status":"closed","ping_status":"closed","template":"","meta":{"_vp_format_video_url":"","_vp_image_focal_point":[]},"product_brand":[],"product_cat":[220,208],"product_tag":[],"class_list":{"0":"post-11809","1":"product","2":"type-product","3":"status-publish","4":"has-post-thumbnail","6":"product_cat-biscotti","7":"product_cat-bjd","9":"first","10":"instock","11":"featured","12":"shipping-taxable","13":"purchasable","14":"product-type-simple"},"yoast_head":"<!-- This site is optimized with the Yoast SEO plugin v27.1.1 - https:\/\/yoast.com\/product\/yoast-seo-wordpress\/ -->\n<title>Poup\u00e9e oiseau Biscotti Mama Violet rose - Le Mouton en Sucre<\/title>\n<meta name=\"description\" content=\"Biscotti, la poup\u00e9e BJD oiseau articul\u00e9e en r\u00e9sine. Mini format tr\u00e8s pratique pour accompagner vos poup\u00e9es et base aimant\u00e9e pour le poser.\" \/>\n<meta name=\"robots\" content=\"index, follow, max-snippet:-1, max-image-preview:large, max-video-preview:-1\" \/>\n<link rel=\"canonical\" href=\"https:\/\/mouton-en-sucre.com\/en\/product\/biscotti-mama-violet-rose\/\" \/>\n<meta property=\"og:locale\" content=\"en_GB\" \/>\n<meta property=\"og:type\" content=\"article\" \/>\n<meta property=\"og:title\" content=\"Poup\u00e9e oiseau Biscotti Mama Violet rose - Le Mouton en Sucre\" \/>\n<meta property=\"og:description\" content=\"Biscotti, la poup\u00e9e BJD oiseau articul\u00e9e en r\u00e9sine. Mini format tr\u00e8s pratique pour accompagner vos poup\u00e9es et base aimant\u00e9e pour le poser.\" \/>\n<meta property=\"og:url\" content=\"https:\/\/mouton-en-sucre.com\/en\/product\/biscotti-mama-violet-rose\/\" \/>\n<meta property=\"og:site_name\" content=\"Le Mouton en Sucre\" \/>\n<meta property=\"article:modified_time\" content=\"2023-02-01T11:55:33+00:00\" \/>\n<meta property=\"og:image\" content=\"https:\/\/mouton-en-sucre.com\/wp-content\/uploads\/2021\/09\/IMG_1395b.jpg\" \/>\n\t<meta property=\"og:image:width\" content=\"666\" \/>\n\t<meta property=\"og:image:height\" content=\"1000\" \/>\n\t<meta property=\"og:image:type\" content=\"image\/jpeg\" \/>\n<meta name=\"twitter:label1\" content=\"Estimated reading time\" \/>\n\t<meta name=\"twitter:data1\" content=\"1 minute\" \/>\n<script type=\"application\/ld+json\" class=\"yoast-schema-graph\">{\"@context\":\"https:\/\/schema.org\",\"@graph\":[{\"@type\":\"WebPage\",\"@id\":\"https:\/\/mouton-en-sucre.com\/en\/product\/biscotti-mama-violet-rose\/\",\"url\":\"https:\/\/mouton-en-sucre.com\/en\/product\/biscotti-mama-violet-rose\/\",\"name\":\"Poup\u00e9e oiseau Biscotti Mama Violet rose - Le Mouton en Sucre\",\"isPartOf\":{\"@id\":\"https:\/\/mouton-en-sucre.com\/#website\"},\"primaryImageOfPage\":{\"@id\":\"https:\/\/mouton-en-sucre.com\/en\/product\/biscotti-mama-violet-rose\/#primaryimage\"},\"image\":{\"@id\":\"https:\/\/mouton-en-sucre.com\/en\/product\/biscotti-mama-violet-rose\/#primaryimage\"},\"thumbnailUrl\":\"https:\/\/mouton-en-sucre.com\/wp-content\/uploads\/2021\/09\/IMG_1395b.jpg\",\"datePublished\":\"2021-09-17T17:31:36+00:00\",\"dateModified\":\"2023-02-01T11:55:33+00:00\",\"description\":\"Biscotti, la poup\u00e9e BJD oiseau articul\u00e9e en r\u00e9sine. Mini format tr\u00e8s pratique pour accompagner vos poup\u00e9es et base aimant\u00e9e pour le poser.\",\"breadcrumb\":{\"@id\":\"https:\/\/mouton-en-sucre.com\/en\/product\/biscotti-mama-violet-rose\/#breadcrumb\"},\"inLanguage\":\"en-GB\",\"potentialAction\":[{\"@type\":\"ReadAction\",\"target\":[\"https:\/\/mouton-en-sucre.com\/en\/product\/biscotti-mama-violet-rose\/\"]}]},{\"@type\":\"ImageObject\",\"inLanguage\":\"en-GB\",\"@id\":\"https:\/\/mouton-en-sucre.com\/en\/product\/biscotti-mama-violet-rose\/#primaryimage\",\"url\":\"https:\/\/mouton-en-sucre.com\/wp-content\/uploads\/2021\/09\/IMG_1395b.jpg\",\"contentUrl\":\"https:\/\/mouton-en-sucre.com\/wp-content\/uploads\/2021\/09\/IMG_1395b.jpg\",\"width\":666,\"height\":1000,\"caption\":\"Biscotti bjd doll bird oiseau miniature tiny little cute pink rose violet purple special event serie resin\"},{\"@type\":\"BreadcrumbList\",\"@id\":\"https:\/\/mouton-en-sucre.com\/en\/product\/biscotti-mama-violet-rose\/#breadcrumb\",\"itemListElement\":[{\"@type\":\"ListItem\",\"position\":1,\"name\":\"Boutique\",\"item\":\"https:\/\/mouton-en-sucre.com\/boutique\/\"},{\"@type\":\"ListItem\",\"position\":2,\"name\":\"Biscotti Mama Violet rose\"}]},{\"@type\":\"WebSite\",\"@id\":\"https:\/\/mouton-en-sucre.com\/#website\",\"url\":\"https:\/\/mouton-en-sucre.com\/\",\"name\":\"Le Mouton en Sucre\",\"description\":\"Cr\u00e9ateurs de douceurs pour les yeux\",\"potentialAction\":[{\"@type\":\"SearchAction\",\"target\":{\"@type\":\"EntryPoint\",\"urlTemplate\":\"https:\/\/mouton-en-sucre.com\/?s={search_term_string}\"},\"query-input\":{\"@type\":\"PropertyValueSpecification\",\"valueRequired\":true,\"valueName\":\"search_term_string\"}}],\"inLanguage\":\"en-GB\"}]}<\/script>\n<!-- \/ Yoast SEO plugin. -->","yoast_head_json":{"title":"Poup\u00e9e oiseau Biscotti Mama Violet rose - Le Mouton en Sucre","description":"Biscotti, la poup\u00e9e BJD oiseau articul\u00e9e en r\u00e9sine. Mini format tr\u00e8s pratique pour accompagner vos poup\u00e9es et base aimant\u00e9e pour le poser.","robots":{"index":"index","follow":"follow","max-snippet":"max-snippet:-1","max-image-preview":"max-image-preview:large","max-video-preview":"max-video-preview:-1"},"canonical":"https:\/\/mouton-en-sucre.com\/en\/product\/biscotti-mama-violet-rose\/","og_locale":"en_GB","og_type":"article","og_title":"Poup\u00e9e oiseau Biscotti Mama Violet rose - Le Mouton en Sucre","og_description":"Biscotti, la poup\u00e9e BJD oiseau articul\u00e9e en r\u00e9sine. Mini format tr\u00e8s pratique pour accompagner vos poup\u00e9es et base aimant\u00e9e pour le poser.","og_url":"https:\/\/mouton-en-sucre.com\/en\/product\/biscotti-mama-violet-rose\/","og_site_name":"Le Mouton en Sucre","article_modified_time":"2023-02-01T11:55:33+00:00","og_image":[{"width":666,"height":1000,"url":"https:\/\/mouton-en-sucre.com\/wp-content\/uploads\/2021\/09\/IMG_1395b.jpg","type":"image\/jpeg"}],"twitter_misc":{"Estimated reading time":"1 minute"},"schema":{"@context":"https:\/\/schema.org","@graph":[{"@type":"WebPage","@id":"https:\/\/mouton-en-sucre.com\/en\/product\/biscotti-mama-violet-rose\/","url":"https:\/\/mouton-en-sucre.com\/en\/product\/biscotti-mama-violet-rose\/","name":"Poup\u00e9e oiseau Biscotti Mama Violet rose - Le Mouton en Sucre","isPartOf":{"@id":"https:\/\/mouton-en-sucre.com\/#website"},"primaryImageOfPage":{"@id":"https:\/\/mouton-en-sucre.com\/en\/product\/biscotti-mama-violet-rose\/#primaryimage"},"image":{"@id":"https:\/\/mouton-en-sucre.com\/en\/product\/biscotti-mama-violet-rose\/#primaryimage"},"thumbnailUrl":"https:\/\/mouton-en-sucre.com\/wp-content\/uploads\/2021\/09\/IMG_1395b.jpg","datePublished":"2021-09-17T17:31:36+00:00","dateModified":"2023-02-01T11:55:33+00:00","description":"Biscotti, la poup\u00e9e BJD oiseau articul\u00e9e en r\u00e9sine. Mini format tr\u00e8s pratique pour accompagner vos poup\u00e9es et base aimant\u00e9e pour le poser.","breadcrumb":{"@id":"https:\/\/mouton-en-sucre.com\/en\/product\/biscotti-mama-violet-rose\/#breadcrumb"},"inLanguage":"en-GB","potentialAction":[{"@type":"ReadAction","target":["https:\/\/mouton-en-sucre.com\/en\/product\/biscotti-mama-violet-rose\/"]}]},{"@type":"ImageObject","inLanguage":"en-GB","@id":"https:\/\/mouton-en-sucre.com\/en\/product\/biscotti-mama-violet-rose\/#primaryimage","url":"https:\/\/mouton-en-sucre.com\/wp-content\/uploads\/2021\/09\/IMG_1395b.jpg","contentUrl":"https:\/\/mouton-en-sucre.com\/wp-content\/uploads\/2021\/09\/IMG_1395b.jpg","width":666,"height":1000,"caption":"Biscotti bjd doll bird oiseau miniature tiny little cute pink rose violet purple special event serie resin"},{"@type":"BreadcrumbList","@id":"https:\/\/mouton-en-sucre.com\/en\/product\/biscotti-mama-violet-rose\/#breadcrumb","itemListElement":[{"@type":"ListItem","position":1,"name":"Boutique","item":"https:\/\/mouton-en-sucre.com\/boutique\/"},{"@type":"ListItem","position":2,"name":"Biscotti Mama Violet rose"}]},{"@type":"WebSite","@id":"https:\/\/mouton-en-sucre.com\/#website","url":"https:\/\/mouton-en-sucre.com\/","name":"Le Mouton en Sucre","description":"Cr\u00e9ateurs de douceurs pour les yeux","potentialAction":[{"@type":"SearchAction","target":{"@type":"EntryPoint","urlTemplate":"https:\/\/mouton-en-sucre.com\/?s={search_term_string}"},"query-input":{"@type":"PropertyValueSpecification","valueRequired":true,"valueName":"search_term_string"}}],"inLanguage":"en-GB"}]}},"_links":{"self":[{"href":"https:\/\/mouton-en-sucre.com\/en\/wp-json\/wp\/v2\/product\/11809","targetHints":{"allow":["GET"]}}],"collection":[{"href":"https:\/\/mouton-en-sucre.com\/en\/wp-json\/wp\/v2\/product"}],"about":[{"href":"https:\/\/mouton-en-sucre.com\/en\/wp-json\/wp\/v2\/types\/product"}],"replies":[{"embeddable":true,"href":"https:\/\/mouton-en-sucre.com\/en\/wp-json\/wp\/v2\/comments?post=11809"}],"wp:featuredmedia":[{"embeddable":true,"href":"https:\/\/mouton-en-sucre.com\/en\/wp-json\/wp\/v2\/media\/11804"}],"wp:attachment":[{"href":"https:\/\/mouton-en-sucre.com\/en\/wp-json\/wp\/v2\/media?parent=11809"}],"wp:term":[{"taxonomy":"product_brand","embeddable":true,"href":"https:\/\/mouton-en-sucre.com\/en\/wp-json\/wp\/v2\/product_brand?post=11809"},{"taxonomy":"product_cat","embeddable":true,"href":"https:\/\/mouton-en-sucre.com\/en\/wp-json\/wp\/v2\/product_cat?post=11809"},{"taxonomy":"product_tag","embeddable":true,"href":"https:\/\/mouton-en-sucre.com\/en\/wp-json\/wp\/v2\/product_tag?post=11809"}],"curies":[{"name":"wp","href":"https:\/\/api.w.org\/{rel}","templated":true}]}}