{"id":11338,"date":"2021-09-16T13:26:04","date_gmt":"2021-09-16T11:26:04","guid":{"rendered":"https:\/\/mouton-en-sucre.com\/?post_type=product&#038;p=11338"},"modified":"2023-10-22T09:32:32","modified_gmt":"2023-10-22T07:32:32","slug":"plapico-blanche-neige","status":"publish","type":"product","link":"https:\/\/mouton-en-sucre.com\/en\/product\/plapico-blanche-neige\/","title":{"rendered":"PLAPico Snow White"},"content":{"rendered":"<p>Figurine toy dragon PLA<\/p>\n<p>PlaPico Original Aileendoll<\/p>\n<p>Customisation unique<\/p>\n<p>&nbsp;<\/p>\n<div class=\"quick-gallery\"><div class=\"qg-img qg-no-title\" data-defwidth=\"337\"><a href=\"https:\/\/mouton-en-sucre.com\/wp-content\/uploads\/2019\/12\/IMG_7090b.jpg\" rel=\"lightbox[group-1]\" title=\"\" ><img decoding=\"async\" src=\"https:\/\/mouton-en-sucre.com\/wp-content\/uploads\/2019\/12\/IMG_7090b-337x505.jpg\" \/><div class=\"qg-overlay\"><span class=\"icon-circle\"><span class=\"pg-icon lightbox-icon\"><\/span><\/span><\/div><\/a><\/div><div class=\"qg-img qg-no-title\" data-defwidth=\"337\"><a href=\"https:\/\/mouton-en-sucre.com\/wp-content\/uploads\/2019\/12\/IMG_7077b.jpg\" rel=\"lightbox[group-1]\" title=\"\" ><img decoding=\"async\" src=\"https:\/\/mouton-en-sucre.com\/wp-content\/uploads\/2019\/12\/IMG_7077b-337x505.jpg\" \/><div class=\"qg-overlay\"><span class=\"icon-circle\"><span class=\"pg-icon lightbox-icon\"><\/span><\/span><\/div><\/a><\/div><div class=\"qg-img qg-no-title\" data-defwidth=\"337\"><a href=\"https:\/\/mouton-en-sucre.com\/wp-content\/uploads\/2019\/12\/IMG_7072b.jpg\" rel=\"lightbox[group-1]\" title=\"\" ><img decoding=\"async\" src=\"https:\/\/mouton-en-sucre.com\/wp-content\/uploads\/2019\/12\/IMG_7072b-337x505.jpg\" \/><div class=\"qg-overlay\"><span class=\"icon-circle\"><span class=\"pg-icon lightbox-icon\"><\/span><\/span><\/div><\/a><\/div><div class=\"clear\"><\/div><\/div>\n","protected":false},"excerpt":{"rendered":"<p>PlaPico Aileendoll<\/p>\n<p>\"Rot\" white + apple<\/p>\n<p>Included : Doll, protection bag<\/p>","protected":false},"featured_media":6998,"comment_status":"closed","ping_status":"closed","template":"","meta":{"_vp_format_video_url":"","_vp_image_focal_point":[]},"product_brand":[],"product_cat":[226],"product_tag":[],"class_list":{"0":"post-11338","1":"product","2":"type-product","3":"status-publish","4":"has-post-thumbnail","6":"product_cat-pla-pico","8":"first","9":"instock","10":"sale","11":"shipping-taxable","12":"purchasable","13":"product-type-simple"},"yoast_head":"<!-- This site is optimized with the Yoast SEO plugin v27.1.1 - https:\/\/yoast.com\/product\/yoast-seo-wordpress\/ -->\n<title>Figurine dragon PLAPico Blanche Neige - Le Mouton en Sucre<\/title>\n<meta name=\"description\" content=\"Les PlaPicos sont des figurines dragons articul\u00e9e en PLA. Chacune est mond\u00e9e, ponc\u00e9e et peinte \u00e0 la main en France pour immortaliser vos h\u00e9ros pr\u00e9f\u00e9r\u00e9s.\" \/>\n<meta name=\"robots\" content=\"index, follow, max-snippet:-1, max-image-preview:large, max-video-preview:-1\" \/>\n<link rel=\"canonical\" href=\"https:\/\/mouton-en-sucre.com\/en\/product\/plapico-blanche-neige\/\" \/>\n<meta property=\"og:locale\" content=\"en_GB\" \/>\n<meta property=\"og:type\" content=\"article\" \/>\n<meta property=\"og:title\" content=\"Figurine dragon PLAPico Blanche Neige - Le Mouton en Sucre\" \/>\n<meta property=\"og:description\" content=\"Les PlaPicos sont des figurines dragons articul\u00e9e en PLA. Chacune est mond\u00e9e, ponc\u00e9e et peinte \u00e0 la main en France pour immortaliser vos h\u00e9ros pr\u00e9f\u00e9r\u00e9s.\" \/>\n<meta property=\"og:url\" content=\"https:\/\/mouton-en-sucre.com\/en\/product\/plapico-blanche-neige\/\" \/>\n<meta property=\"og:site_name\" content=\"Le Mouton en Sucre\" \/>\n<meta property=\"article:modified_time\" content=\"2023-10-22T07:32:32+00:00\" \/>\n<meta property=\"og:image\" content=\"https:\/\/mouton-en-sucre.com\/wp-content\/uploads\/2019\/12\/IMG_7090b.jpg\" \/>\n\t<meta property=\"og:image:width\" content=\"667\" \/>\n\t<meta property=\"og:image:height\" content=\"1000\" \/>\n\t<meta property=\"og:image:type\" content=\"image\/jpeg\" \/>\n<meta name=\"twitter:label1\" content=\"Estimated reading time\" \/>\n\t<meta name=\"twitter:data1\" content=\"1 minute\" \/>\n<script type=\"application\/ld+json\" class=\"yoast-schema-graph\">{\"@context\":\"https:\/\/schema.org\",\"@graph\":[{\"@type\":\"WebPage\",\"@id\":\"https:\/\/mouton-en-sucre.com\/produit\/plapico-blanche-neige\/\",\"url\":\"https:\/\/mouton-en-sucre.com\/produit\/plapico-blanche-neige\/\",\"name\":\"Figurine dragon PLAPico Blanche Neige - Le Mouton en Sucre\",\"isPartOf\":{\"@id\":\"https:\/\/mouton-en-sucre.com\/#website\"},\"primaryImageOfPage\":{\"@id\":\"https:\/\/mouton-en-sucre.com\/produit\/plapico-blanche-neige\/#primaryimage\"},\"image\":{\"@id\":\"https:\/\/mouton-en-sucre.com\/produit\/plapico-blanche-neige\/#primaryimage\"},\"thumbnailUrl\":\"https:\/\/mouton-en-sucre.com\/wp-content\/uploads\/2019\/12\/IMG_7090b.jpg\",\"datePublished\":\"2021-09-16T11:26:04+00:00\",\"dateModified\":\"2023-10-22T07:32:32+00:00\",\"description\":\"Les PlaPicos sont des figurines dragons articul\u00e9e en PLA. Chacune est mond\u00e9e, ponc\u00e9e et peinte \u00e0 la main en France pour immortaliser vos h\u00e9ros pr\u00e9f\u00e9r\u00e9s.\",\"breadcrumb\":{\"@id\":\"https:\/\/mouton-en-sucre.com\/produit\/plapico-blanche-neige\/#breadcrumb\"},\"inLanguage\":\"en-GB\",\"potentialAction\":[{\"@type\":\"ReadAction\",\"target\":[\"https:\/\/mouton-en-sucre.com\/produit\/plapico-blanche-neige\/\"]}]},{\"@type\":\"ImageObject\",\"inLanguage\":\"en-GB\",\"@id\":\"https:\/\/mouton-en-sucre.com\/produit\/plapico-blanche-neige\/#primaryimage\",\"url\":\"https:\/\/mouton-en-sucre.com\/wp-content\/uploads\/2019\/12\/IMG_7090b.jpg\",\"contentUrl\":\"https:\/\/mouton-en-sucre.com\/wp-content\/uploads\/2019\/12\/IMG_7090b.jpg\",\"width\":667,\"height\":1000,\"caption\":\"PlaPico aileendoll custom artist bjd doll pet dragon snow white blanche neige\"},{\"@type\":\"BreadcrumbList\",\"@id\":\"https:\/\/mouton-en-sucre.com\/produit\/plapico-blanche-neige\/#breadcrumb\",\"itemListElement\":[{\"@type\":\"ListItem\",\"position\":1,\"name\":\"Boutique\",\"item\":\"https:\/\/mouton-en-sucre.com\/boutique\/\"},{\"@type\":\"ListItem\",\"position\":2,\"name\":\"PLAPico Blanche Neige\"}]},{\"@type\":\"WebSite\",\"@id\":\"https:\/\/mouton-en-sucre.com\/#website\",\"url\":\"https:\/\/mouton-en-sucre.com\/\",\"name\":\"Le Mouton en Sucre\",\"description\":\"Cr\u00e9ateurs de douceurs pour les yeux\",\"potentialAction\":[{\"@type\":\"SearchAction\",\"target\":{\"@type\":\"EntryPoint\",\"urlTemplate\":\"https:\/\/mouton-en-sucre.com\/?s={search_term_string}\"},\"query-input\":{\"@type\":\"PropertyValueSpecification\",\"valueRequired\":true,\"valueName\":\"search_term_string\"}}],\"inLanguage\":\"en-GB\"}]}<\/script>\n<!-- \/ Yoast SEO plugin. -->","yoast_head_json":{"title":"Figurine dragon PLAPico Blanche Neige - Le Mouton en Sucre","description":"Les PlaPicos sont des figurines dragons articul\u00e9e en PLA. Chacune est mond\u00e9e, ponc\u00e9e et peinte \u00e0 la main en France pour immortaliser vos h\u00e9ros pr\u00e9f\u00e9r\u00e9s.","robots":{"index":"index","follow":"follow","max-snippet":"max-snippet:-1","max-image-preview":"max-image-preview:large","max-video-preview":"max-video-preview:-1"},"canonical":"https:\/\/mouton-en-sucre.com\/en\/product\/plapico-blanche-neige\/","og_locale":"en_GB","og_type":"article","og_title":"Figurine dragon PLAPico Blanche Neige - Le Mouton en Sucre","og_description":"Les PlaPicos sont des figurines dragons articul\u00e9e en PLA. Chacune est mond\u00e9e, ponc\u00e9e et peinte \u00e0 la main en France pour immortaliser vos h\u00e9ros pr\u00e9f\u00e9r\u00e9s.","og_url":"https:\/\/mouton-en-sucre.com\/en\/product\/plapico-blanche-neige\/","og_site_name":"Le Mouton en Sucre","article_modified_time":"2023-10-22T07:32:32+00:00","og_image":[{"width":667,"height":1000,"url":"https:\/\/mouton-en-sucre.com\/wp-content\/uploads\/2019\/12\/IMG_7090b.jpg","type":"image\/jpeg"}],"twitter_misc":{"Estimated reading time":"1 minute"},"schema":{"@context":"https:\/\/schema.org","@graph":[{"@type":"WebPage","@id":"https:\/\/mouton-en-sucre.com\/produit\/plapico-blanche-neige\/","url":"https:\/\/mouton-en-sucre.com\/produit\/plapico-blanche-neige\/","name":"Figurine dragon PLAPico Blanche Neige - Le Mouton en Sucre","isPartOf":{"@id":"https:\/\/mouton-en-sucre.com\/#website"},"primaryImageOfPage":{"@id":"https:\/\/mouton-en-sucre.com\/produit\/plapico-blanche-neige\/#primaryimage"},"image":{"@id":"https:\/\/mouton-en-sucre.com\/produit\/plapico-blanche-neige\/#primaryimage"},"thumbnailUrl":"https:\/\/mouton-en-sucre.com\/wp-content\/uploads\/2019\/12\/IMG_7090b.jpg","datePublished":"2021-09-16T11:26:04+00:00","dateModified":"2023-10-22T07:32:32+00:00","description":"Les PlaPicos sont des figurines dragons articul\u00e9e en PLA. Chacune est mond\u00e9e, ponc\u00e9e et peinte \u00e0 la main en France pour immortaliser vos h\u00e9ros pr\u00e9f\u00e9r\u00e9s.","breadcrumb":{"@id":"https:\/\/mouton-en-sucre.com\/produit\/plapico-blanche-neige\/#breadcrumb"},"inLanguage":"en-GB","potentialAction":[{"@type":"ReadAction","target":["https:\/\/mouton-en-sucre.com\/produit\/plapico-blanche-neige\/"]}]},{"@type":"ImageObject","inLanguage":"en-GB","@id":"https:\/\/mouton-en-sucre.com\/produit\/plapico-blanche-neige\/#primaryimage","url":"https:\/\/mouton-en-sucre.com\/wp-content\/uploads\/2019\/12\/IMG_7090b.jpg","contentUrl":"https:\/\/mouton-en-sucre.com\/wp-content\/uploads\/2019\/12\/IMG_7090b.jpg","width":667,"height":1000,"caption":"PlaPico aileendoll custom artist bjd doll pet dragon snow white blanche neige"},{"@type":"BreadcrumbList","@id":"https:\/\/mouton-en-sucre.com\/produit\/plapico-blanche-neige\/#breadcrumb","itemListElement":[{"@type":"ListItem","position":1,"name":"Boutique","item":"https:\/\/mouton-en-sucre.com\/boutique\/"},{"@type":"ListItem","position":2,"name":"PLAPico Blanche Neige"}]},{"@type":"WebSite","@id":"https:\/\/mouton-en-sucre.com\/#website","url":"https:\/\/mouton-en-sucre.com\/","name":"Le Mouton en Sucre","description":"Cr\u00e9ateurs de douceurs pour les yeux","potentialAction":[{"@type":"SearchAction","target":{"@type":"EntryPoint","urlTemplate":"https:\/\/mouton-en-sucre.com\/?s={search_term_string}"},"query-input":{"@type":"PropertyValueSpecification","valueRequired":true,"valueName":"search_term_string"}}],"inLanguage":"en-GB"}]}},"_links":{"self":[{"href":"https:\/\/mouton-en-sucre.com\/en\/wp-json\/wp\/v2\/product\/11338","targetHints":{"allow":["GET"]}}],"collection":[{"href":"https:\/\/mouton-en-sucre.com\/en\/wp-json\/wp\/v2\/product"}],"about":[{"href":"https:\/\/mouton-en-sucre.com\/en\/wp-json\/wp\/v2\/types\/product"}],"replies":[{"embeddable":true,"href":"https:\/\/mouton-en-sucre.com\/en\/wp-json\/wp\/v2\/comments?post=11338"}],"wp:featuredmedia":[{"embeddable":true,"href":"https:\/\/mouton-en-sucre.com\/en\/wp-json\/wp\/v2\/media\/6998"}],"wp:attachment":[{"href":"https:\/\/mouton-en-sucre.com\/en\/wp-json\/wp\/v2\/media?parent=11338"}],"wp:term":[{"taxonomy":"product_brand","embeddable":true,"href":"https:\/\/mouton-en-sucre.com\/en\/wp-json\/wp\/v2\/product_brand?post=11338"},{"taxonomy":"product_cat","embeddable":true,"href":"https:\/\/mouton-en-sucre.com\/en\/wp-json\/wp\/v2\/product_cat?post=11338"},{"taxonomy":"product_tag","embeddable":true,"href":"https:\/\/mouton-en-sucre.com\/en\/wp-json\/wp\/v2\/product_tag?post=11338"}],"curies":[{"name":"wp","href":"https:\/\/api.w.org\/{rel}","templated":true}]}}