{"id":8704,"date":"2020-11-11T18:31:58","date_gmt":"2020-11-11T17:31:58","guid":{"rendered":"https:\/\/mouton-en-sucre.com\/?page_id=8704"},"modified":"2023-09-13T13:43:26","modified_gmt":"2023-09-13T11:43:26","slug":"faq","status":"publish","type":"page","link":"https:\/\/mouton-en-sucre.com\/en\/faq\/","title":{"rendered":"FAQ"},"content":{"rendered":"<h1 style=\"text-align: center;\"><strong><span style=\"color: #ff99cc;\">Frequently Asked Questions<\/span><\/strong><\/h1>\n<p>&nbsp;<\/p>\n<p><img loading=\"lazy\" decoding=\"async\" class=\"img-frame aligncenter\" src=\"https:\/\/mouton-en-sucre.com\/wp-content\/uploads\/2020\/11\/FAQimgBubble.png\" width=\"615\" height=\"471\" \/><\/p>\n<p>&nbsp;<\/p>\n<p>The questions you ask us, we answer them here:<\/p>\n<p>&nbsp;<\/p>\n<p><span style=\"color: #4c1fad;\"><em><strong>LOCATION<\/strong><\/em><\/span><br \/>\n<div class=\"mks_accordion\">\n<div class=\"mks_accordion_item\">\r\n            <div class=\"mks_accordion_heading\">What language do you speak?<i class=\"fa fa-plus\"><\/i><i class=\"fa fa-minus\"><\/i><\/div>\r\n                <div class=\"mks_accordion_content\">\n<p><span style=\"font-weight: 400;\">We are French creators and speak French and English.<br \/>\nUnfortunately, we do not understand other languages.<br \/>\nThe website is translated into both languages.<br \/>\nYou can change the language using the \u201cflag\u201d button at the bottom or in the menu.<\/span><\/p>\n<\/div>\r\n            <\/div>\n<div class=\"mks_accordion_item\">\r\n            <div class=\"mks_accordion_heading\">Quelle heure est-t-il en France ?<i class=\"fa fa-plus\"><\/i><i class=\"fa fa-minus\"><\/i><\/div>\r\n                <div class=\"mks_accordion_content\">\n<p><span style=\"font-weight: 400;\">Time in France is GMT + 1<\/span><\/p>\n<\/div>\r\n            <\/div><\/div>\n<p>&nbsp;<\/p>\n<p><span style=\"color: #4c1fad;\"><em><strong>PRODUCTS<\/strong><\/em><\/span><\/p>\n<div class=\"mks_accordion\">\n<div class=\"mks_accordion_item\">\r\n            <div class=\"mks_accordion_heading\">What is your BJD made in?<i class=\"fa fa-plus\"><\/i><i class=\"fa fa-minus\"><\/i><\/div>\r\n                <div class=\"mks_accordion_content\">\n<p>Our BJD are made of Polyurethane Resin. It is a polymerization chemical reaction material, it is fragile and sensitive to UV.<br \/>\nTo avoid yellowing, we advise to keep the object away from natural light.<br \/>\nTo keep the creation in its original state, handle it carefully to avoid shocks, scratches, breakage\u2026<\/p>\n<\/div>\r\n            <\/div>\n<div class=\"mks_accordion_item\">\r\n            <div class=\"mks_accordion_heading\">Are your creations toys?<i class=\"fa fa-plus\"><\/i><i class=\"fa fa-minus\"><\/i><\/div>\r\n                <div class=\"mks_accordion_content\">\n<p>Absolutely NOT !<br \/>\nOur creations are not toys and are especially not intended for children. They are fragile objects intended for decoration and should only be handled by adults of full age.<br \/>\nThey contain small parts and elements that can be dangerous (magnets, breakage, swallowing, allergies, etc.)<\/p>\n<\/div>\r\n            <\/div>\n<div class=\"mks_accordion_item\">\r\n            <div class=\"mks_accordion_heading\">Are your creations waterproof?<i class=\"fa fa-plus\"><\/i><i class=\"fa fa-minus\"><\/i><\/div>\r\n                <div class=\"mks_accordion_content\">\n<p>The resin does not fear water. However our creations are made of other small elements sensitive to moisture.<br \/>\nWater can damage paint, rust iron hooks, and degrade elastic and glue. We therefore advise you to keep the creations away from moisture.<\/p>\n<\/div>\r\n            <\/div><\/div>\n<p>&nbsp;<\/p>\n<p><span style=\"color: #4c1fad;\"><em><strong>ORDERING<\/strong><\/em><\/span><\/p>\n<div class=\"mks_accordion\"><div class=\"mks_accordion_item\">\r\n            <div class=\"mks_accordion_heading\">I don\u2019t understand how to order your creations?<i class=\"fa fa-plus\"><\/i><i class=\"fa fa-minus\"><\/i><\/div>\r\n                <div class=\"mks_accordion_content\">\n<p><span style=\"font-weight: 400;\">If you wish to order, a dedicated section is available <a href=\"https:\/\/mouton-en-sucre.com\/en\/how-to-order\/\">HERE<\/a>.<br \/>\nCreations available in stock are listed <a href=\"https:\/\/mouton-en-sucre.com\/en\/in-stock-box\/\">HERE<\/a>. <\/span><\/p>\n<\/div>\r\n            <\/div>\n<div class=\"mks_accordion_item\">\r\n            <div class=\"mks_accordion_heading\">Can I order this doll in another resin colour?<i class=\"fa fa-plus\"><\/i><i class=\"fa fa-minus\"><\/i><\/div>\r\n                <div class=\"mks_accordion_content\">\n<p><span style=\"font-weight: 400;\">If you want one of our creations in a specific resin colour,<br \/>\ndo not hesitate to ask us so that we can tell you if it is possible.<br \/>\n<\/span><span style=\"font-weight: 400;\">Note that light colours are easier to produce than dark colours.<\/span><\/p>\n<\/div>\r\n            <\/div>\n<div class=\"mks_accordion_item\">\r\n            <div class=\"mks_accordion_heading\">I absolutely want this doll, when will it be on sale?<i class=\"fa fa-plus\"><\/i><i class=\"fa fa-minus\"><\/i><\/div>\r\n                <div class=\"mks_accordion_content\">\n<p><span style=\"font-weight: 400;\">We will be happy to provide you with the forward-looking information we have.<br \/>\nPreparing a product takes time, there is no need to regularly insist to have priority.<br \/>\nAll new information is shared on the site and social networks in due time.<br \/>\nPlease be patient and respectful of both our work and other clients who are also waiting. <\/span><\/p>\n<\/div>\r\n            <\/div>\n<div class=\"mks_accordion_item\">\r\n            <div class=\"mks_accordion_heading\">I bought a doll, I would like to receive it quickly?<i class=\"fa fa-plus\"><\/i><i class=\"fa fa-minus\"><\/i><\/div>\r\n                <div class=\"mks_accordion_content\">\n<p><span style=\"font-weight: 400;\">It takes a long time to create BJD.<br \/>\nThe estimated time limits are indicated when ordering in the specific sales conditions.<br \/>\nYou are systematically kept informed of your order progress.<br \/>\nThere is no need to ask for regular updates about the work progress.<br \/>\nWe thank you for your enthusiasm, be patient, we are working on your projects.<\/span><\/p>\n<\/div>\r\n            <\/div>\n<div class=\"mks_accordion_item\">\r\n            <div class=\"mks_accordion_heading\">How can I buy a blank doll, without makeup?<i class=\"fa fa-plus\"><\/i><i class=\"fa fa-minus\"><\/i><\/div>\r\n                <div class=\"mks_accordion_content\">\n<p><span style=\"font-weight: 400;\">We do not offer blank dolls for purchase because it doesn't correspond to our product values.<br \/>\nWe create finished, quality objects with style and soul.<br \/>\nThat\u2019s why we offer simple makeup (classic option) for free.<br \/>\nIf you want a more complex unique makeup, you can choose the \u00abartist custom\u00bb paying option.<\/span><\/p>\n<\/div>\r\n            <\/div><\/div>\n<p>&nbsp;<\/p>\n<p><span style=\"color: #4c1fad;\"><em><strong>MAKE-UP<\/strong><\/em><\/span><br \/>\n<div class=\"mks_accordion\"><div class=\"mks_accordion_item\">\r\n            <div class=\"mks_accordion_heading\">I would like a make-up, what information do you need?<i class=\"fa fa-plus\"><\/i><i class=\"fa fa-minus\"><\/i><\/div>\r\n                <div class=\"mks_accordion_content\">\n<p><span style=\"font-weight: 400;\">A Doll's makeup is very personal. So I have to be able to understand your universe. I need to know which colours you like or don\u2019t like, the design style you want.<br \/>\nYou can use image sources to show your inspiration and visual details.<br \/>\nBe careful not to give too much detail, if you expect something too specific you may be disappointed.<br \/>\nThe makeup artist has his own style and interpretation of your directions. You must choose him knowing that his artistic sensitivity will permeate your order.<\/span><\/p>\n<\/div>\r\n            <\/div>\n<div class=\"mks_accordion_item\">\r\n            <div class=\"mks_accordion_heading\">What do I need to know to send my doll package for makeup?<i class=\"fa fa-plus\"><\/i><i class=\"fa fa-minus\"><\/i><\/div>\r\n                <div class=\"mks_accordion_content\">\n<p>We have created a special page to explain how to prepare your package and the customs regulations in force <a href=\"https:\/\/mouton-en-sucre.com\/en\/preparer-son-colis\/\">HERE<\/a><\/p>\n<\/div>\r\n            <\/div>\n<div class=\"mks_accordion_item\">\r\n            <div class=\"mks_accordion_heading\">Are there any types of dolls you don't make up?<i class=\"fa fa-plus\"><\/i><i class=\"fa fa-minus\"><\/i><\/div>\r\n                <div class=\"mks_accordion_content\">\n<p>Yes, in order to stay true to our universe, we do not make up Blythe, Pullip or dolls with \"Manga\" faces.<\/p>\n<\/div>\r\n            <\/div><\/div>\n<p>&nbsp;<\/p>\n<p><span style=\"color: #4c1fad;\"><em><strong>PRICES<\/strong><\/em><\/span><br \/>\n<div class=\"mks_accordion\"><div class=\"mks_accordion_item\">\r\n            <div class=\"mks_accordion_heading\">The currency of my country is not Euro, how to do it?<i class=\"fa fa-plus\"><\/i><i class=\"fa fa-minus\"><\/i><\/div>\r\n                <div class=\"mks_accordion_content\">\n<p><span style=\"font-weight: 400;\">Our prices are displayed in Euro because it is the currency used in France. Currency conversion can be complicated, varies every day, and Paypal takes extra charges to pay for it.<br \/>\nThe simplest is to send the amount of payments directly in EURO thanks to the currency choice when sending by Paypal. If you have any difficulties or are afraid of being mistaken, we can send you an invoice of the exact amount, you will only have to validate by clicking on a button.<br \/>\nWarning, if you want to know the equivalent in your currency, the Google calculation formula is not the same as Paypal one, it can create amounts differences.<\/span><\/p>\n<\/div>\r\n            <\/div>\n<div class=\"mks_accordion_item\">\r\n            <div class=\"mks_accordion_heading\">Why do I have to pay Paypal fees?<i class=\"fa fa-plus\"><\/i><i class=\"fa fa-minus\"><\/i><\/div>\r\n                <div class=\"mks_accordion_content\">\n<p><span style=\"font-weight: 400;\">Paypal fees are mandatory to take advantage of the platform\u2019s buyer protection.<br \/>\nWhen a transaction is a purchase of goods or services from a professional, these fees are automatic.<br \/>\nThey are withdrawn from the amount sent to the seller, which is why we charge customers.<\/span><\/p>\n<\/div>\r\n            <\/div>\n<div class=\"mks_accordion_item\">\r\n            <div class=\"mks_accordion_heading\">Qu&#039;est-ce que je paie dans les frais de Port ?<i class=\"fa fa-plus\"><\/i><i class=\"fa fa-minus\"><\/i><\/div>\r\n                <div class=\"mks_accordion_content\">\n<p><span style=\"font-weight: 400;\">The creations sent are precious and fragile objects, we systematically ship them insured.<br \/>\nThis insurance allows to be protected in case of loss or damage.<br \/>\nShipping costs vary depending on the courier, weight, destination and value of the item, and we calculate them as accurately as possible for you.<\/span><\/p>\n<\/div>\r\n            <\/div>\n<div class=\"mks_accordion_item\">\r\n            <div class=\"mks_accordion_heading\">Can I get a discount?<i class=\"fa fa-plus\"><\/i><i class=\"fa fa-minus\"><\/i><\/div>\r\n                <div class=\"mks_accordion_content\">\n<p><span style=\"font-weight: 400;\">We do not accept negotiations.<br \/>\nNeither on prices, nor on layaway (time and amount) because we cannot negotiate our charges, our bills, or our taxes\u2026<br \/>\nThis work is our main activity and allows us to live.<\/span><\/p>\n<p><span style=\"font-weight: 400;\">Our products prices are best suited to the budget of our customers and do not represent the time and investment spent to produce them.<br \/>\nA layaway payment option has been put in place to facilitate settlements, any work deserves salary,<br \/>\nand we can\u2019t do more without putting ourselves in trouble.<br \/>\n<\/span><\/p>\n<\/div>\r\n            <\/div><\/div>\n<p>&nbsp;<\/p>\n<p><span style=\"color: #4c1fad;\"><em><strong>SHIPPING<\/strong><\/em><\/span><br \/>\n<div class=\"mks_accordion\"><div class=\"mks_accordion_item\">\r\n            <div class=\"mks_accordion_heading\">Where do you ship packages from?<i class=\"fa fa-plus\"><\/i><i class=\"fa fa-minus\"><\/i><\/div>\r\n                <div class=\"mks_accordion_content\">\n<p><span style=\"font-weight: 400;\">We ship all our packages from FRANCE.<\/span><\/p>\n<\/div>\r\n            <\/div>\n<div class=\"mks_accordion_item\">\r\n            <div class=\"mks_accordion_heading\">Is it possible to pick up my package by hand?<i class=\"fa fa-plus\"><\/i><i class=\"fa fa-minus\"><\/i><\/div>\r\n                <div class=\"mks_accordion_content\">\n<p><span style=\"font-weight: 400;\">It is quite possible to agree on a handover of your purchase at a show where we are sure to be present.<\/span><\/p>\n<\/div>\r\n            <\/div><\/div>\n<p>&nbsp;<\/p>\n<p><span style=\"color: #4c1fad;\"><em><strong>ILLEGAL COPIES<\/strong><\/em><\/span><br \/>\n<div class=\"mks_accordion\"><div class=\"mks_accordion_item\">\r\n            <div class=\"mks_accordion_heading\">What is your position on counterfeiting?<i class=\"fa fa-plus\"><\/i><i class=\"fa fa-minus\"><\/i><\/div>\r\n                <div class=\"mks_accordion_content\">\n<p>Our creations are ORIGINAL and AUTHENTIC. We fight for the respect of artists and their work.<br \/>\nWe are against copying and counterfeiting and we urge you to read our article about <a href=\"https:\/\/mouton-en-sucre.com\/en\/le-recast-contrefacon\/\">RECAST<\/a> to know more.<\/p>\n<\/div>\r\n            <\/div>\n<div class=\"mks_accordion_item\">\r\n            <div class=\"mks_accordion_heading\">How can I help fighting against counterfeiting?<i class=\"fa fa-plus\"><\/i><i class=\"fa fa-minus\"><\/i><\/div>\r\n                <div class=\"mks_accordion_content\">\n<p>Be curious, stay up-to-date on best practices and inform your loved ones about the risks.<br \/>\nThe key is to respect, support and buy authentic products from creators.<br \/>\nYou can report suspicious ads on marketplaces or just talk about them in the community for help.<br \/>\nBe kind because no one is perfect and no one listens to someone who attacks them.<br \/>\nBe careful who you buy or sell your doll to on the secondary market.<br \/>\nDo not post photos of your certificates of authenticity so they are not copied.<br \/>\nRESPECT \u2013 AWARENESS \u2013 PEDAGOGY<\/p>\n<\/div>\r\n            <\/div>\n<div class=\"mks_accordion_item\">\r\n            <div class=\"mks_accordion_heading\">I want to sell my BJD on the secondary market, what are the best practices?<i class=\"fa fa-plus\"><\/i><i class=\"fa fa-minus\"><\/i><\/div>\r\n                <div class=\"mks_accordion_content\">\n<p>First of all, be careful where you post your ad. Some sites are more respectable than others. Some platforms are frequented by an initiated public, others are open to a varied public of \"discount\" buyers whose trust index is quite low.<\/p>\n<p>When posting an ad, never post the HD photo of the certificate of authenticity. It could be used to make counterfeits. (Hide a part with your fingers, or blur the important areas)<\/p>\n<p>Check whether your customer can be trusted. Does he have sales feedback? Does he know what he is talking about? Be observant and check the bona fides of what they say. Do your investigation!<\/p>\n<\/div>\r\n            <\/div>\n<div class=\"mks_accordion_item\">\r\n            <div class=\"mks_accordion_heading\">Can I use your photos of my doll?<i class=\"fa fa-plus\"><\/i><i class=\"fa fa-minus\"><\/i><\/div>\r\n                <div class=\"mks_accordion_content\">\n<p>NO. The photos we take to present our work belong to us and we hold the moral and patrimonial rights to them. No use is possible without our written and official authorization.<\/p>\n<p>Did you ask us for permission and get it? This permission is limited. The photos are intended to promote our work, they may only be represented in this exceptional case, without modification or retouching, with systematic mention of our name\/signature. No cutting or pasting is allowed. They may not be used for the promotion of another brand or company. Any use of our photos for commercial or promotional purposes is strictly forbidden!<\/p>\n<\/div>\r\n            <\/div><\/div>\n<p>&nbsp;<\/p>\n<p><span style=\"color: #4c1fad;\"><em><strong>CONTACT<\/strong><\/em><\/span><br \/>\n<div class=\"mks_accordion\"><div class=\"mks_accordion_item\">\r\n            <div class=\"mks_accordion_heading\">I sent a message, why didn\u2019t I get an answer?<i class=\"fa fa-plus\"><\/i><i class=\"fa fa-minus\"><\/i><\/div>\r\n                <div class=\"mks_accordion_content\">\n<p>We try to answer quickly to your messages.<br \/>\nIf you don't get an answer, please contact us as an oversight is always possible.<\/p>\n<p>We advise you to ask clear questions related to our activity to facilitate the answer.<\/p>\n<p>However, we ask you to show respect and politeness.<br \/>\nWe are professionals and expect to be treated as such. Respect must be reciprocal.<\/p>\n<\/div>\r\n            <\/div>\n<div class=\"mks_accordion_item\">\r\n            <div class=\"mks_accordion_heading\">Can you give me some advice on how to create a BJD, how to make up...?<i class=\"fa fa-plus\"><\/i><i class=\"fa fa-minus\"><\/i><\/div>\r\n                <div class=\"mks_accordion_content\">\n<p><span style=\"font-weight: 400;\">We don't offer consultations to learn how to make a bjd or make-up.<br \/>\nWe can exchange information about our products but we cannot provide technical instruction due to lack of time.<br \/>\nIf you are passionated about this hobby, there are many information places for this purpose on the Internet.<br \/>\n<\/span><span style=\"font-weight: 400;\">It is a long learning and a lot of work, which we cannot share in a few words.<br \/>\nThank you for respecting our work, we are creators, not teachers.<\/span><\/p>\n<\/div>\r\n            <\/div><\/div>\n<p>&nbsp;<\/p>\n<p><span style=\"color: #4c1fad;\"><em><strong>PARTNERSHIP<\/strong><\/em><\/span><\/p>\n<div class=\"mks_accordion\"><div class=\"mks_accordion_item\">\r\n            <div class=\"mks_accordion_heading\">Can I offer you a partnership, a gift for some likes?<i class=\"fa fa-plus\"><\/i><i class=\"fa fa-minus\"><\/i><\/div>\r\n                <div class=\"mks_accordion_content\">\n<p><span style=\"font-weight: 400;\">We are not considering any partnership proposals from influencers, youtubers, socialers\u2026 <\/span><\/p>\n<\/div>\r\n            <\/div>\n<div class=\"mks_accordion_item\">\r\n            <div class=\"mks_accordion_heading\">I\u2019m an artist, can we trade?<i class=\"fa fa-plus\"><\/i><i class=\"fa fa-minus\"><\/i><\/div>\r\n                <div class=\"mks_accordion_content\">\n<p><span style=\"font-weight: 400;\">Unfortunately, we cannot afford to exchange creations because our activity allows us to live and pay the bills.<\/span><\/p>\n<\/div>\r\n            <\/div>\n<div class=\"mks_accordion_item\">\r\n            <div class=\"mks_accordion_heading\">Do you offer internships, creative courses?<i class=\"fa fa-plus\"><\/i><i class=\"fa fa-minus\"><\/i><\/div>\r\n                <div class=\"mks_accordion_content\">\n<p><span style=\"font-weight: 400;\">Unfortunately our work takes up all our time, we want to continue to offer quality creations, so we cannot take on the role of teacher as well.<\/span><\/p>\n<\/div>\r\n            <\/div>\n<div class=\"mks_accordion_item\">\r\n            <div class=\"mks_accordion_heading\">Can you share your contacts and suppliers?<i class=\"fa fa-plus\"><\/i><i class=\"fa fa-minus\"><\/i><\/div>\r\n                <div class=\"mks_accordion_content\">\n<p><span style=\"font-weight: 400;\">No. The beauty of a secret is that it remains a secret.<\/span><\/p>\n<\/div>\r\n            <\/div>\n<\/div>","protected":false},"excerpt":{"rendered":"<p>Foire Aux Questions &nbsp; &nbsp; Les questions que vous nous posez, nous y r\u00e9pondons ici : &nbsp; PAYS &nbsp; PRODUITS [&hellip;]<\/p>\n","protected":false},"author":2,"featured_media":0,"parent":0,"menu_order":0,"comment_status":"closed","ping_status":"closed","template":"template-full-custom.php","meta":{"_vp_format_video_url":"","_vp_image_focal_point":[],"footnotes":""},"class_list":["post-8704","page","type-page","status-publish","hentry"],"yoast_head":"<!-- This site is optimized with the Yoast SEO plugin v27.1.1 - https:\/\/yoast.com\/product\/yoast-seo-wordpress\/ -->\n<title>Questions FAQ - Le Mouton en Sucre<\/title>\n<meta name=\"description\" content=\"Trouvez les r\u00e9ponses aux questions les plus fr\u00e9quemment pos\u00e9es. Origine, technique, valeurs... on essaie de r\u00e9pondre au mieux.\" \/>\n<meta name=\"robots\" content=\"index, follow, max-snippet:-1, max-image-preview:large, max-video-preview:-1\" \/>\n<link rel=\"canonical\" href=\"https:\/\/mouton-en-sucre.com\/en\/faq\/\" \/>\n<meta property=\"og:locale\" content=\"en_GB\" \/>\n<meta property=\"og:type\" content=\"article\" \/>\n<meta property=\"og:title\" content=\"Questions FAQ - Le Mouton en Sucre\" \/>\n<meta property=\"og:description\" content=\"Trouvez les r\u00e9ponses aux questions les plus fr\u00e9quemment pos\u00e9es. Origine, technique, valeurs... on essaie de r\u00e9pondre au mieux.\" \/>\n<meta property=\"og:url\" content=\"https:\/\/mouton-en-sucre.com\/en\/faq\/\" \/>\n<meta property=\"og:site_name\" content=\"Le Mouton en Sucre\" \/>\n<meta property=\"article:modified_time\" content=\"2023-09-13T11:43:26+00:00\" \/>\n<meta property=\"og:image\" content=\"https:\/\/mouton-en-sucre.com\/wp-content\/uploads\/2020\/11\/FAQimgBubble.png\" \/>\n<meta name=\"twitter:label1\" content=\"Estimated reading time\" \/>\n\t<meta name=\"twitter:data1\" content=\"10 minutes\" \/>\n<script type=\"application\/ld+json\" class=\"yoast-schema-graph\">{\"@context\":\"https:\/\/schema.org\",\"@graph\":[{\"@type\":\"WebPage\",\"@id\":\"https:\/\/mouton-en-sucre.com\/faq\/\",\"url\":\"https:\/\/mouton-en-sucre.com\/faq\/\",\"name\":\"Questions FAQ - Le Mouton en Sucre\",\"isPartOf\":{\"@id\":\"https:\/\/mouton-en-sucre.com\/#website\"},\"primaryImageOfPage\":{\"@id\":\"https:\/\/mouton-en-sucre.com\/faq\/#primaryimage\"},\"image\":{\"@id\":\"https:\/\/mouton-en-sucre.com\/faq\/#primaryimage\"},\"thumbnailUrl\":\"https:\/\/mouton-en-sucre.com\/wp-content\/uploads\/2020\/11\/FAQimgBubble.png\",\"datePublished\":\"2020-11-11T17:31:58+00:00\",\"dateModified\":\"2023-09-13T11:43:26+00:00\",\"description\":\"Trouvez les r\u00e9ponses aux questions les plus fr\u00e9quemment pos\u00e9es. Origine, technique, valeurs... on essaie de r\u00e9pondre au mieux.\",\"inLanguage\":\"en-GB\",\"potentialAction\":[{\"@type\":\"ReadAction\",\"target\":[\"https:\/\/mouton-en-sucre.com\/faq\/\"]}]},{\"@type\":\"ImageObject\",\"inLanguage\":\"en-GB\",\"@id\":\"https:\/\/mouton-en-sucre.com\/faq\/#primaryimage\",\"url\":\"https:\/\/mouton-en-sucre.com\/wp-content\/uploads\/2020\/11\/FAQimgBubble.png\",\"contentUrl\":\"https:\/\/mouton-en-sucre.com\/wp-content\/uploads\/2020\/11\/FAQimgBubble.png\"},{\"@type\":\"WebSite\",\"@id\":\"https:\/\/mouton-en-sucre.com\/#website\",\"url\":\"https:\/\/mouton-en-sucre.com\/\",\"name\":\"Le Mouton en Sucre\",\"description\":\"Cr\u00e9ateurs de douceurs pour les yeux\",\"potentialAction\":[{\"@type\":\"SearchAction\",\"target\":{\"@type\":\"EntryPoint\",\"urlTemplate\":\"https:\/\/mouton-en-sucre.com\/?s={search_term_string}\"},\"query-input\":{\"@type\":\"PropertyValueSpecification\",\"valueRequired\":true,\"valueName\":\"search_term_string\"}}],\"inLanguage\":\"en-GB\"}]}<\/script>\n<!-- \/ Yoast SEO plugin. -->","yoast_head_json":{"title":"Questions FAQ - Le Mouton en Sucre","description":"Trouvez les r\u00e9ponses aux questions les plus fr\u00e9quemment pos\u00e9es. Origine, technique, valeurs... on essaie de r\u00e9pondre au mieux.","robots":{"index":"index","follow":"follow","max-snippet":"max-snippet:-1","max-image-preview":"max-image-preview:large","max-video-preview":"max-video-preview:-1"},"canonical":"https:\/\/mouton-en-sucre.com\/en\/faq\/","og_locale":"en_GB","og_type":"article","og_title":"Questions FAQ - Le Mouton en Sucre","og_description":"Trouvez les r\u00e9ponses aux questions les plus fr\u00e9quemment pos\u00e9es. Origine, technique, valeurs... on essaie de r\u00e9pondre au mieux.","og_url":"https:\/\/mouton-en-sucre.com\/en\/faq\/","og_site_name":"Le Mouton en Sucre","article_modified_time":"2023-09-13T11:43:26+00:00","og_image":[{"url":"https:\/\/mouton-en-sucre.com\/wp-content\/uploads\/2020\/11\/FAQimgBubble.png","type":"","width":"","height":""}],"twitter_misc":{"Estimated reading time":"10 minutes"},"schema":{"@context":"https:\/\/schema.org","@graph":[{"@type":"WebPage","@id":"https:\/\/mouton-en-sucre.com\/faq\/","url":"https:\/\/mouton-en-sucre.com\/faq\/","name":"Questions FAQ - Le Mouton en Sucre","isPartOf":{"@id":"https:\/\/mouton-en-sucre.com\/#website"},"primaryImageOfPage":{"@id":"https:\/\/mouton-en-sucre.com\/faq\/#primaryimage"},"image":{"@id":"https:\/\/mouton-en-sucre.com\/faq\/#primaryimage"},"thumbnailUrl":"https:\/\/mouton-en-sucre.com\/wp-content\/uploads\/2020\/11\/FAQimgBubble.png","datePublished":"2020-11-11T17:31:58+00:00","dateModified":"2023-09-13T11:43:26+00:00","description":"Trouvez les r\u00e9ponses aux questions les plus fr\u00e9quemment pos\u00e9es. Origine, technique, valeurs... on essaie de r\u00e9pondre au mieux.","inLanguage":"en-GB","potentialAction":[{"@type":"ReadAction","target":["https:\/\/mouton-en-sucre.com\/faq\/"]}]},{"@type":"ImageObject","inLanguage":"en-GB","@id":"https:\/\/mouton-en-sucre.com\/faq\/#primaryimage","url":"https:\/\/mouton-en-sucre.com\/wp-content\/uploads\/2020\/11\/FAQimgBubble.png","contentUrl":"https:\/\/mouton-en-sucre.com\/wp-content\/uploads\/2020\/11\/FAQimgBubble.png"},{"@type":"WebSite","@id":"https:\/\/mouton-en-sucre.com\/#website","url":"https:\/\/mouton-en-sucre.com\/","name":"Le Mouton en Sucre","description":"Cr\u00e9ateurs de douceurs pour les yeux","potentialAction":[{"@type":"SearchAction","target":{"@type":"EntryPoint","urlTemplate":"https:\/\/mouton-en-sucre.com\/?s={search_term_string}"},"query-input":{"@type":"PropertyValueSpecification","valueRequired":true,"valueName":"search_term_string"}}],"inLanguage":"en-GB"}]}},"_links":{"self":[{"href":"https:\/\/mouton-en-sucre.com\/en\/wp-json\/wp\/v2\/pages\/8704","targetHints":{"allow":["GET"]}}],"collection":[{"href":"https:\/\/mouton-en-sucre.com\/en\/wp-json\/wp\/v2\/pages"}],"about":[{"href":"https:\/\/mouton-en-sucre.com\/en\/wp-json\/wp\/v2\/types\/page"}],"author":[{"embeddable":true,"href":"https:\/\/mouton-en-sucre.com\/en\/wp-json\/wp\/v2\/users\/2"}],"replies":[{"embeddable":true,"href":"https:\/\/mouton-en-sucre.com\/en\/wp-json\/wp\/v2\/comments?post=8704"}],"version-history":[{"count":52,"href":"https:\/\/mouton-en-sucre.com\/en\/wp-json\/wp\/v2\/pages\/8704\/revisions"}],"predecessor-version":[{"id":16551,"href":"https:\/\/mouton-en-sucre.com\/en\/wp-json\/wp\/v2\/pages\/8704\/revisions\/16551"}],"wp:attachment":[{"href":"https:\/\/mouton-en-sucre.com\/en\/wp-json\/wp\/v2\/media?parent=8704"}],"curies":[{"name":"wp","href":"https:\/\/api.w.org\/{rel}","templated":true}]}}