{"id":8039,"date":"2020-09-10T18:16:14","date_gmt":"2020-09-10T16:16:14","guid":{"rendered":"https:\/\/mouton-en-sucre.com\/?page_id=8039"},"modified":"2021-09-19T15:56:35","modified_gmt":"2021-09-19T13:56:35","slug":"how-to-order","status":"publish","type":"page","link":"https:\/\/mouton-en-sucre.com\/en\/how-to-order\/","title":{"rendered":"How to Order"},"content":{"rendered":"<h1 style=\"text-align: center;\"><strong><span style=\"color: #ff99cc;\">Order a Doll<\/span><\/strong><\/h1>\n<p><img loading=\"lazy\" decoding=\"async\" class=\"img-frame aligncenter\" src=\"https:\/\/mouton-en-sucre.com\/wp-content\/uploads\/2020\/09\/ArtistDolls.jpg\" alt=\"commander prder Artist BJD creators\" width=\"656\" height=\"500\" \/><\/p>\n<p>&nbsp;<\/p>\n<p><span style=\"font-weight: 400;\"><img loading=\"lazy\" decoding=\"async\" class=\"img-frame alignleft\" src=\"https:\/\/mouton-en-sucre.com\/wp-content\/uploads\/2020\/11\/FormSampleEN.jpg\" alt=\"formulaire commander sample\" width=\"319\" height=\"415\" \/><\/span><\/p>\n<p>&nbsp;<\/p>\n<p>&nbsp;<\/p>\n<p>&nbsp;<\/p>\n<p><span style=\"font-weight: 400;\">As the creations of the workshop are handmade, we cannot offer to order all products at all times.<br \/>\n<\/span><span style=\"font-weight: 400;\">A special time in the year is proposed for each and announced a little in advance so that you are kept informed of their release when the time comes.\u00a0<\/span><\/p>\n<p>&nbsp;<\/p>\n<p><strong><span style=\"color: #ff99cc;\">PREORDER TIME<\/span><\/strong><\/p>\n<p><span style=\"font-weight: 400;\">When a doll is in sales, called \u00abpreorder\u00bb, an order form is available on the site at the product page.<br \/>\nYou just have to complete it entirely. Once your order has been sent by the form, you will receive a quote email, specifying the chosen options, and the precise price with the included costs adapted to your order.\u00a0<\/span><\/p>\n<p><span style=\"font-weight: 400;\">You can then proceed with the payment in full or in part depending on the options selected and on the agreed terms.<br \/>\nWhen payment is made in full, the order is validated. You will be informed of the production time of the doll as and when it is finished and it is sent to you as soon as it is finished!\u00a0<\/span><\/p>\n<p>&nbsp;<\/p>\n<p>&nbsp;<\/p>\n<p>&nbsp;<\/p>\n<p>&nbsp;<\/p>\n<p><strong><span style=\"color: #ff99cc;\">THE REST OF THE TIME<\/span><\/strong><\/p>\n<p>A shop presents the in stock products ( event sale, unique pieces...)<\/p>\n<p><span style=\"font-weight: 400;\">If a product is not in stock, neither in sales, you can still contact us to find out if it will be soon. <img loading=\"lazy\" decoding=\"async\" class=\"img-frame alignright\" src=\"https:\/\/mouton-en-sucre.com\/wp-content\/uploads\/2020\/11\/PoteletteLutinNoel.png\" alt=\"Potelette lutin de Noel\" width=\"269\" height=\"300\" \/><br \/>\nThis allows us to know where your desire is and to organize the release schedules accordingly.\u00a0<\/span><\/p>\n<p><span style=\"font-weight: 400;\">Sometimes, some creations are in stock following festivals.<br \/>\nYou may be lucky and the doll may be exceptionally available out of the period.<br \/>\n<strong>Don\u2019t hesitate to ask us!\u00a0<\/strong><\/span><\/p>\n<p>&nbsp;<\/p>\n<p><strong><span style=\"color: #ff99cc;\">TERMS<\/span><\/strong><\/p>\n<p>Please note that each sale is subject to the General Conditions of Sale of the site. The buyer agrees to accept and respect them.<br \/>\nThe current threat of counterfeiting is very worrying,<br \/>\nwe thank you in advance for your concern for our little creatures<br \/>\nand we hope that you <strong>will help us to fight this scourge with your respect and support.<\/strong>.<\/p>\n<p>&nbsp;<\/p>\n<p>&nbsp;<\/p>\n<hr \/>\n<p>&nbsp;<\/p>\n<div class=\"section-full-width section-light-bg\" style=\"background-color:#ffffff;\"><div style=\"background-image:url(https:\/\/mouton-en-sucre.com\/wp-content\/uploads\/2020\/09\/MagicBG.jpg); opacity:0.5; filter: alpha(opacity=50);\" class=\"full-bg-image\" ><\/div><div class=\"section-boxed\" style=\"color:#4e4e4e;\">\n<h2 style=\"text-align: center;\"><\/h2>\n<h2 style=\"text-align: center; font-style: bold; font-size: 40px;\"><strong>Let us support artists<\/strong><br \/>\n<strong>Fight against counterfeiting!<\/strong><\/h2>\n<p style=\"text-align: center;\"><a class=\"button\" style=\"background-color: #c456a3;\" href=\"https:\/\/mouton-en-sucre.com\/en\/le-recast-contrefacon\/\">More infos about Recast<\/a><\/p>\n<\/div><\/div>\n<h2 style=\"text-align: center;\"><strong><span style=\"color: #ff99cc;\">\u00a0<\/span><\/strong><\/h2>\n<div class=\"cols-wrapper cols-2\">\n<div class=\"col\">\n<h2 style=\"text-align: center;\"><strong><span style=\"color: #ff99cc; font-size: 25px;\">Order a Makeup<\/span><\/strong><\/h2>\n<p style=\"text-align: center;\"><span style=\"font-weight: 400;\">Send us a message we will discuss your project together.<\/span><\/p>\n<p style=\"text-align: center;\"><a class=\"button\" style=\"background-color: #ffa1e6;\" href=\"https:\/\/mouton-en-sucre.com\/en\/makeup\/\">More Makeup<\/a><\/p>\n<\/div>\n<div class=\"col nomargin\">\n<h2 style=\"text-align: center;\"><strong><span style=\"color: #ff99cc; font-size: 25px;\">Order an accessory<\/span><\/strong><\/h2>\n<p style=\"text-align: center;\"><b>(eyes, house, outfit, bag\u2026)\u00a0<\/b><\/p>\n<p style=\"text-align: center;\"><span style=\"font-weight: 400;\">Send us a message, some items are in stock, if possible we make the accessory on order, otherwise we will inform you.\u00a0<\/span><\/p>\n<p style=\"text-align: center;\"><a class=\"button\" style=\"background-color: #ffa1e6;\" href=\"https:\/\/mouton-en-sucre.com\/en\/creations\/\">More accessories<\/a><\/p>\n<\/div>\n<\/div>\n<h2 style=\"text-align: center;\"><\/h2>","protected":false},"excerpt":{"rendered":"<p>Commander une Doll &nbsp; &nbsp; &nbsp; &nbsp; Les cr\u00e9ations de l&rsquo;atelier \u00e9tant faites \u00e0 la main, nous ne pouvons proposer [&hellip;]<\/p>\n","protected":false},"author":2,"featured_media":0,"parent":0,"menu_order":0,"comment_status":"closed","ping_status":"closed","template":"","meta":{"_vp_format_video_url":"","_vp_image_focal_point":[],"footnotes":""},"class_list":["post-8039","page","type-page","status-publish","hentry"],"yoast_head":"<!-- This site is optimized with the Yoast SEO plugin v27.1.1 - https:\/\/yoast.com\/product\/yoast-seo-wordpress\/ -->\n<title>Comment commander nos cr\u00e9ations - Le Mouton en Sucre<\/title>\n<meta name=\"description\" content=\"Pour savoir comment commander les cr\u00e9ations originales du Mouton en Sucre : toutes les informations necessaires sont not\u00e9es ici !\" \/>\n<meta name=\"robots\" content=\"index, follow, max-snippet:-1, max-image-preview:large, max-video-preview:-1\" \/>\n<link rel=\"canonical\" href=\"https:\/\/mouton-en-sucre.com\/en\/how-to-order\/\" \/>\n<meta property=\"og:locale\" content=\"en_GB\" \/>\n<meta property=\"og:type\" content=\"article\" \/>\n<meta property=\"og:title\" content=\"Comment commander nos cr\u00e9ations - Le Mouton en Sucre\" \/>\n<meta property=\"og:description\" content=\"Pour savoir comment commander les cr\u00e9ations originales du Mouton en Sucre : toutes les informations necessaires sont not\u00e9es ici !\" \/>\n<meta property=\"og:url\" content=\"https:\/\/mouton-en-sucre.com\/en\/how-to-order\/\" \/>\n<meta property=\"og:site_name\" content=\"Le Mouton en Sucre\" \/>\n<meta property=\"article:modified_time\" content=\"2021-09-19T13:56:35+00:00\" \/>\n<meta property=\"og:image\" content=\"https:\/\/mouton-en-sucre.com\/wp-content\/uploads\/2020\/09\/ArtistDolls.jpg\" \/>\n<meta name=\"twitter:label1\" content=\"Estimated reading time\" \/>\n\t<meta name=\"twitter:data1\" content=\"2 minutes\" \/>\n<script type=\"application\/ld+json\" class=\"yoast-schema-graph\">{\"@context\":\"https:\/\/schema.org\",\"@graph\":[{\"@type\":\"WebPage\",\"@id\":\"https:\/\/mouton-en-sucre.com\/how-to-order\/\",\"url\":\"https:\/\/mouton-en-sucre.com\/how-to-order\/\",\"name\":\"Comment commander nos cr\u00e9ations - Le Mouton en Sucre\",\"isPartOf\":{\"@id\":\"https:\/\/mouton-en-sucre.com\/#website\"},\"primaryImageOfPage\":{\"@id\":\"https:\/\/mouton-en-sucre.com\/how-to-order\/#primaryimage\"},\"image\":{\"@id\":\"https:\/\/mouton-en-sucre.com\/how-to-order\/#primaryimage\"},\"thumbnailUrl\":\"https:\/\/mouton-en-sucre.com\/wp-content\/uploads\/2020\/09\/ArtistDolls.jpg\",\"datePublished\":\"2020-09-10T16:16:14+00:00\",\"dateModified\":\"2021-09-19T13:56:35+00:00\",\"description\":\"Pour savoir comment commander les cr\u00e9ations originales du Mouton en Sucre : toutes les informations necessaires sont not\u00e9es ici !\",\"inLanguage\":\"en-GB\",\"potentialAction\":[{\"@type\":\"ReadAction\",\"target\":[\"https:\/\/mouton-en-sucre.com\/how-to-order\/\"]}]},{\"@type\":\"ImageObject\",\"inLanguage\":\"en-GB\",\"@id\":\"https:\/\/mouton-en-sucre.com\/how-to-order\/#primaryimage\",\"url\":\"https:\/\/mouton-en-sucre.com\/wp-content\/uploads\/2020\/09\/ArtistDolls.jpg\",\"contentUrl\":\"https:\/\/mouton-en-sucre.com\/wp-content\/uploads\/2020\/09\/ArtistDolls.jpg\"},{\"@type\":\"WebSite\",\"@id\":\"https:\/\/mouton-en-sucre.com\/#website\",\"url\":\"https:\/\/mouton-en-sucre.com\/\",\"name\":\"Le Mouton en Sucre\",\"description\":\"Cr\u00e9ateurs de douceurs pour les yeux\",\"potentialAction\":[{\"@type\":\"SearchAction\",\"target\":{\"@type\":\"EntryPoint\",\"urlTemplate\":\"https:\/\/mouton-en-sucre.com\/?s={search_term_string}\"},\"query-input\":{\"@type\":\"PropertyValueSpecification\",\"valueRequired\":true,\"valueName\":\"search_term_string\"}}],\"inLanguage\":\"en-GB\"}]}<\/script>\n<!-- \/ Yoast SEO plugin. -->","yoast_head_json":{"title":"Comment commander nos cr\u00e9ations - Le Mouton en Sucre","description":"Pour savoir comment commander les cr\u00e9ations originales du Mouton en Sucre : toutes les informations necessaires sont not\u00e9es ici !","robots":{"index":"index","follow":"follow","max-snippet":"max-snippet:-1","max-image-preview":"max-image-preview:large","max-video-preview":"max-video-preview:-1"},"canonical":"https:\/\/mouton-en-sucre.com\/en\/how-to-order\/","og_locale":"en_GB","og_type":"article","og_title":"Comment commander nos cr\u00e9ations - Le Mouton en Sucre","og_description":"Pour savoir comment commander les cr\u00e9ations originales du Mouton en Sucre : toutes les informations necessaires sont not\u00e9es ici !","og_url":"https:\/\/mouton-en-sucre.com\/en\/how-to-order\/","og_site_name":"Le Mouton en Sucre","article_modified_time":"2021-09-19T13:56:35+00:00","og_image":[{"url":"https:\/\/mouton-en-sucre.com\/wp-content\/uploads\/2020\/09\/ArtistDolls.jpg","type":"","width":"","height":""}],"twitter_misc":{"Estimated reading time":"2 minutes"},"schema":{"@context":"https:\/\/schema.org","@graph":[{"@type":"WebPage","@id":"https:\/\/mouton-en-sucre.com\/how-to-order\/","url":"https:\/\/mouton-en-sucre.com\/how-to-order\/","name":"Comment commander nos cr\u00e9ations - Le Mouton en Sucre","isPartOf":{"@id":"https:\/\/mouton-en-sucre.com\/#website"},"primaryImageOfPage":{"@id":"https:\/\/mouton-en-sucre.com\/how-to-order\/#primaryimage"},"image":{"@id":"https:\/\/mouton-en-sucre.com\/how-to-order\/#primaryimage"},"thumbnailUrl":"https:\/\/mouton-en-sucre.com\/wp-content\/uploads\/2020\/09\/ArtistDolls.jpg","datePublished":"2020-09-10T16:16:14+00:00","dateModified":"2021-09-19T13:56:35+00:00","description":"Pour savoir comment commander les cr\u00e9ations originales du Mouton en Sucre : toutes les informations necessaires sont not\u00e9es ici !","inLanguage":"en-GB","potentialAction":[{"@type":"ReadAction","target":["https:\/\/mouton-en-sucre.com\/how-to-order\/"]}]},{"@type":"ImageObject","inLanguage":"en-GB","@id":"https:\/\/mouton-en-sucre.com\/how-to-order\/#primaryimage","url":"https:\/\/mouton-en-sucre.com\/wp-content\/uploads\/2020\/09\/ArtistDolls.jpg","contentUrl":"https:\/\/mouton-en-sucre.com\/wp-content\/uploads\/2020\/09\/ArtistDolls.jpg"},{"@type":"WebSite","@id":"https:\/\/mouton-en-sucre.com\/#website","url":"https:\/\/mouton-en-sucre.com\/","name":"Le Mouton en Sucre","description":"Cr\u00e9ateurs de douceurs pour les yeux","potentialAction":[{"@type":"SearchAction","target":{"@type":"EntryPoint","urlTemplate":"https:\/\/mouton-en-sucre.com\/?s={search_term_string}"},"query-input":{"@type":"PropertyValueSpecification","valueRequired":true,"valueName":"search_term_string"}}],"inLanguage":"en-GB"}]}},"_links":{"self":[{"href":"https:\/\/mouton-en-sucre.com\/en\/wp-json\/wp\/v2\/pages\/8039","targetHints":{"allow":["GET"]}}],"collection":[{"href":"https:\/\/mouton-en-sucre.com\/en\/wp-json\/wp\/v2\/pages"}],"about":[{"href":"https:\/\/mouton-en-sucre.com\/en\/wp-json\/wp\/v2\/types\/page"}],"author":[{"embeddable":true,"href":"https:\/\/mouton-en-sucre.com\/en\/wp-json\/wp\/v2\/users\/2"}],"replies":[{"embeddable":true,"href":"https:\/\/mouton-en-sucre.com\/en\/wp-json\/wp\/v2\/comments?post=8039"}],"version-history":[{"count":32,"href":"https:\/\/mouton-en-sucre.com\/en\/wp-json\/wp\/v2\/pages\/8039\/revisions"}],"predecessor-version":[{"id":11983,"href":"https:\/\/mouton-en-sucre.com\/en\/wp-json\/wp\/v2\/pages\/8039\/revisions\/11983"}],"wp:attachment":[{"href":"https:\/\/mouton-en-sucre.com\/en\/wp-json\/wp\/v2\/media?parent=8039"}],"curies":[{"name":"wp","href":"https:\/\/api.w.org\/{rel}","templated":true}]}}