{"id":6105,"date":"2019-05-30T16:51:00","date_gmt":"2019-05-30T14:51:00","guid":{"rendered":"https:\/\/mouton-en-sucre.com\/?page_id=6105"},"modified":"2023-01-31T23:06:14","modified_gmt":"2023-01-31T22:06:14","slug":"mirabelle-head","status":"publish","type":"page","link":"https:\/\/mouton-en-sucre.com\/en\/mirabelle-head\/","title":{"rendered":"MiraBelle Head"},"content":{"rendered":"<p>&nbsp;<\/p>\n<div class=\"cols-wrapper cols-2\">\n<div class=\"col\">\n<p><img decoding=\"async\" class=\"img-frame aligncenter\" src=\"https:\/\/mouton-en-sucre.com\/wp-content\/uploads\/2019\/05\/IMG_4039b.jpg\" \/><\/p>\n<\/div>\n<div class=\"col nomargin\">\n<h1><span style=\"color: #ff99cc;\"><strong>MiraBelle<\/strong><\/span><\/h1>\n<p><em>BJD SD T\u00eate &#8211; 2019<\/em><\/p>\n<p>&nbsp;<\/p>\n<p>SD Size<\/p>\n<p>Normal skin<\/p>\n<p>Eyes 16mm<\/p>\n<p>Wig 8-9<\/p>\n<\/div>\n<\/div>\n<h2><strong>BJD t\u00eate SD :<\/strong><\/h2>\n<p>MiraBelle ( Mira pour les intimes ^^) est une t\u00eate de Taille SD cr\u00e9\u00e9e \u00e0 l&rsquo;occasion d&rsquo;un concours. Nous avions besoin d&rsquo;une t\u00eate et il \u00e9tait plus amusant d&rsquo;en fabriquer une bien \u00e0 nous correspondant \u00e0 nos besoins du moment. ironie du sort, nous n&rsquo;avons finalement pas pu participer au concours en question faute de temps pour travailler sur le theme, mais Mira est d\u00e9ja une belle surprise ! Elle a un fort potentiel grace a ses grands yeux et sa bouche d\u00e9licate. Elle est\u00a0 tr\u00e8s photog\u00e9nique et s&rsquo;accorde bien aux tons chauds comme aux tons froids selon le makeup qui la met en valeur. Une jolie exp\u00e9rience pour notre premi\u00e8re cr\u00e9ation BJD humaine !<\/p>\n<p>&nbsp;<\/p>\n<hr \/>\n<p>&nbsp;<\/p>\n<div class=\"quick-gallery\"><div class=\"qg-img qg-no-title\" data-defwidth=\"251\"><a href=\"https:\/\/mouton-en-sucre.com\/wp-content\/uploads\/2019\/05\/IMG_4361b.jpg\" rel=\"lightbox[group-1]\" title=\"\" ><img decoding=\"async\" src=\"https:\/\/mouton-en-sucre.com\/wp-content\/uploads\/2019\/05\/IMG_4361b-251x200.jpg\" \/><div class=\"qg-overlay\"><span class=\"icon-circle\"><span class=\"pg-icon lightbox-icon\"><\/span><\/span><\/div><\/a><\/div><div class=\"qg-img qg-no-title\" data-defwidth=\"251\"><a href=\"https:\/\/mouton-en-sucre.com\/wp-content\/uploads\/2019\/05\/IMG_4359b.jpg\" rel=\"lightbox[group-1]\" title=\"\" ><img decoding=\"async\" src=\"https:\/\/mouton-en-sucre.com\/wp-content\/uploads\/2019\/05\/IMG_4359b-251x200.jpg\" \/><div class=\"qg-overlay\"><span class=\"icon-circle\"><span class=\"pg-icon lightbox-icon\"><\/span><\/span><\/div><\/a><\/div><div class=\"qg-img qg-no-title\" data-defwidth=\"251\"><a href=\"https:\/\/mouton-en-sucre.com\/wp-content\/uploads\/2019\/05\/IMG_4353b.jpg\" rel=\"lightbox[group-1]\" title=\"\" ><img decoding=\"async\" src=\"https:\/\/mouton-en-sucre.com\/wp-content\/uploads\/2019\/05\/IMG_4353b-251x200.jpg\" \/><div class=\"qg-overlay\"><span class=\"icon-circle\"><span class=\"pg-icon lightbox-icon\"><\/span><\/span><\/div><\/a><\/div><div class=\"qg-img qg-no-title\" data-defwidth=\"251\"><a href=\"https:\/\/mouton-en-sucre.com\/wp-content\/uploads\/2019\/05\/IMG_4352b.jpg\" rel=\"lightbox[group-1]\" title=\"\" ><img decoding=\"async\" src=\"https:\/\/mouton-en-sucre.com\/wp-content\/uploads\/2019\/05\/IMG_4352b-251x200.jpg\" \/><div class=\"qg-overlay\"><span class=\"icon-circle\"><span class=\"pg-icon lightbox-icon\"><\/span><\/span><\/div><\/a><\/div><div class=\"qg-img qg-no-title\" data-defwidth=\"251\"><a href=\"https:\/\/mouton-en-sucre.com\/wp-content\/uploads\/2019\/05\/IMG_4336b.jpg\" rel=\"lightbox[group-1]\" title=\"\" ><img decoding=\"async\" src=\"https:\/\/mouton-en-sucre.com\/wp-content\/uploads\/2019\/05\/IMG_4336b-251x200.jpg\" \/><div class=\"qg-overlay\"><span class=\"icon-circle\"><span class=\"pg-icon lightbox-icon\"><\/span><\/span><\/div><\/a><\/div><div class=\"qg-img qg-no-title\" data-defwidth=\"251\"><a href=\"https:\/\/mouton-en-sucre.com\/wp-content\/uploads\/2019\/05\/IMG_4039b.jpg\" rel=\"lightbox[group-1]\" title=\"\" ><img decoding=\"async\" src=\"https:\/\/mouton-en-sucre.com\/wp-content\/uploads\/2019\/05\/IMG_4039b-251x200.jpg\" \/><div class=\"qg-overlay\"><span class=\"icon-circle\"><span class=\"pg-icon lightbox-icon\"><\/span><\/span><\/div><\/a><\/div><div class=\"qg-img qg-no-title\" data-defwidth=\"251\"><a href=\"https:\/\/mouton-en-sucre.com\/wp-content\/uploads\/2019\/05\/IMG_4042b.jpg\" rel=\"lightbox[group-1]\" title=\"\" ><img decoding=\"async\" src=\"https:\/\/mouton-en-sucre.com\/wp-content\/uploads\/2019\/05\/IMG_4042b-251x200.jpg\" \/><div class=\"qg-overlay\"><span class=\"icon-circle\"><span class=\"pg-icon lightbox-icon\"><\/span><\/span><\/div><\/a><\/div><div class=\"qg-img qg-no-title\" data-defwidth=\"251\"><a href=\"https:\/\/mouton-en-sucre.com\/wp-content\/uploads\/2019\/05\/IMG_4045b.jpg\" rel=\"lightbox[group-1]\" title=\"\" ><img decoding=\"async\" src=\"https:\/\/mouton-en-sucre.com\/wp-content\/uploads\/2019\/05\/IMG_4045b-251x200.jpg\" \/><div class=\"qg-overlay\"><span class=\"icon-circle\"><span class=\"pg-icon lightbox-icon\"><\/span><\/span><\/div><\/a><\/div><div class=\"qg-img qg-no-title\" data-defwidth=\"251\"><a href=\"https:\/\/mouton-en-sucre.com\/wp-content\/uploads\/2019\/05\/IMG_4060b.jpg\" rel=\"lightbox[group-1]\" title=\"\" ><img decoding=\"async\" src=\"https:\/\/mouton-en-sucre.com\/wp-content\/uploads\/2019\/05\/IMG_4060b-251x200.jpg\" \/><div class=\"qg-overlay\"><span class=\"icon-circle\"><span class=\"pg-icon lightbox-icon\"><\/span><\/span><\/div><\/a><\/div><div class=\"qg-img qg-no-title\" data-defwidth=\"251\"><a href=\"https:\/\/mouton-en-sucre.com\/wp-content\/uploads\/2019\/05\/IMG_4065b.jpg\" rel=\"lightbox[group-1]\" title=\"\" ><img decoding=\"async\" src=\"https:\/\/mouton-en-sucre.com\/wp-content\/uploads\/2019\/05\/IMG_4065b-251x200.jpg\" \/><div class=\"qg-overlay\"><span class=\"icon-circle\"><span class=\"pg-icon lightbox-icon\"><\/span><\/span><\/div><\/a><\/div><div class=\"qg-img qg-no-title\" data-defwidth=\"251\"><a href=\"https:\/\/mouton-en-sucre.com\/wp-content\/uploads\/2019\/05\/IMG_4103b.jpg\" rel=\"lightbox[group-1]\" title=\"\" ><img decoding=\"async\" src=\"https:\/\/mouton-en-sucre.com\/wp-content\/uploads\/2019\/05\/IMG_4103b-251x200.jpg\" \/><div class=\"qg-overlay\"><span class=\"icon-circle\"><span class=\"pg-icon lightbox-icon\"><\/span><\/span><\/div><\/a><\/div><div class=\"qg-img qg-no-title\" data-defwidth=\"251\"><a href=\"https:\/\/mouton-en-sucre.com\/wp-content\/uploads\/2019\/05\/IMG_4104b.jpg\" rel=\"lightbox[group-1]\" title=\"\" ><img decoding=\"async\" src=\"https:\/\/mouton-en-sucre.com\/wp-content\/uploads\/2019\/05\/IMG_4104b-251x200.jpg\" \/><div class=\"qg-overlay\"><span class=\"icon-circle\"><span class=\"pg-icon lightbox-icon\"><\/span><\/span><\/div><\/a><\/div><div class=\"qg-img qg-no-title\" data-defwidth=\"251\"><a href=\"https:\/\/mouton-en-sucre.com\/wp-content\/uploads\/2019\/05\/IMG_4108b.jpg\" rel=\"lightbox[group-1]\" title=\"\" ><img decoding=\"async\" src=\"https:\/\/mouton-en-sucre.com\/wp-content\/uploads\/2019\/05\/IMG_4108b-251x200.jpg\" \/><div class=\"qg-overlay\"><span class=\"icon-circle\"><span class=\"pg-icon lightbox-icon\"><\/span><\/span><\/div><\/a><\/div><div class=\"qg-img qg-no-title\" data-defwidth=\"251\"><a href=\"https:\/\/mouton-en-sucre.com\/wp-content\/uploads\/2019\/05\/IMG_4109b.jpg\" rel=\"lightbox[group-1]\" title=\"\" ><img decoding=\"async\" src=\"https:\/\/mouton-en-sucre.com\/wp-content\/uploads\/2019\/05\/IMG_4109b-251x200.jpg\" \/><div class=\"qg-overlay\"><span class=\"icon-circle\"><span class=\"pg-icon lightbox-icon\"><\/span><\/span><\/div><\/a><\/div><div class=\"qg-img qg-no-title\" data-defwidth=\"251\"><a href=\"https:\/\/mouton-en-sucre.com\/wp-content\/uploads\/2019\/05\/IMG_4089b.jpg\" rel=\"lightbox[group-1]\" title=\"\" ><img decoding=\"async\" src=\"https:\/\/mouton-en-sucre.com\/wp-content\/uploads\/2019\/05\/IMG_4089b-251x200.jpg\" \/><div class=\"qg-overlay\"><span class=\"icon-circle\"><span class=\"pg-icon lightbox-icon\"><\/span><\/span><\/div><\/a><\/div><div class=\"qg-img qg-no-title\" data-defwidth=\"251\"><a href=\"https:\/\/mouton-en-sucre.com\/wp-content\/uploads\/2019\/05\/IMG_4094b.jpg\" rel=\"lightbox[group-1]\" title=\"\" ><img decoding=\"async\" src=\"https:\/\/mouton-en-sucre.com\/wp-content\/uploads\/2019\/05\/IMG_4094b-251x200.jpg\" \/><div class=\"qg-overlay\"><span class=\"icon-circle\"><span class=\"pg-icon lightbox-icon\"><\/span><\/span><\/div><\/a><\/div><div class=\"qg-img qg-no-title\" data-defwidth=\"251\"><a href=\"https:\/\/mouton-en-sucre.com\/wp-content\/uploads\/2019\/05\/IMG_4096b.jpg\" rel=\"lightbox[group-1]\" title=\"\" ><img decoding=\"async\" src=\"https:\/\/mouton-en-sucre.com\/wp-content\/uploads\/2019\/05\/IMG_4096b-251x200.jpg\" \/><div class=\"qg-overlay\"><span class=\"icon-circle\"><span class=\"pg-icon lightbox-icon\"><\/span><\/span><\/div><\/a><\/div><div class=\"qg-img qg-no-title\" data-defwidth=\"251\"><a href=\"https:\/\/mouton-en-sucre.com\/wp-content\/uploads\/2019\/05\/IMG_4100b.jpg\" rel=\"lightbox[group-1]\" title=\"\" ><img decoding=\"async\" src=\"https:\/\/mouton-en-sucre.com\/wp-content\/uploads\/2019\/05\/IMG_4100b-251x200.jpg\" \/><div class=\"qg-overlay\"><span class=\"icon-circle\"><span class=\"pg-icon lightbox-icon\"><\/span><\/span><\/div><\/a><\/div><div class=\"qg-img qg-no-title\" data-defwidth=\"251\"><a href=\"https:\/\/mouton-en-sucre.com\/wp-content\/uploads\/2019\/05\/IMG_4111b.jpg\" rel=\"lightbox[group-1]\" title=\"\" ><img decoding=\"async\" src=\"https:\/\/mouton-en-sucre.com\/wp-content\/uploads\/2019\/05\/IMG_4111b-251x200.jpg\" \/><div class=\"qg-overlay\"><span class=\"icon-circle\"><span class=\"pg-icon lightbox-icon\"><\/span><\/span><\/div><\/a><\/div><div class=\"qg-img qg-no-title\" data-defwidth=\"251\"><a href=\"https:\/\/mouton-en-sucre.com\/wp-content\/uploads\/2019\/05\/IMG_4113b.jpg\" rel=\"lightbox[group-1]\" title=\"\" ><img decoding=\"async\" src=\"https:\/\/mouton-en-sucre.com\/wp-content\/uploads\/2019\/05\/IMG_4113b-251x200.jpg\" \/><div class=\"qg-overlay\"><span class=\"icon-circle\"><span class=\"pg-icon lightbox-icon\"><\/span><\/span><\/div><\/a><\/div><div class=\"qg-img qg-no-title\" data-defwidth=\"251\"><a href=\"https:\/\/mouton-en-sucre.com\/wp-content\/uploads\/2019\/05\/IMG_4118b.jpg\" rel=\"lightbox[group-1]\" title=\"\" ><img decoding=\"async\" src=\"https:\/\/mouton-en-sucre.com\/wp-content\/uploads\/2019\/05\/IMG_4118b-251x200.jpg\" \/><div class=\"qg-overlay\"><span class=\"icon-circle\"><span class=\"pg-icon lightbox-icon\"><\/span><\/span><\/div><\/a><\/div><div class=\"qg-img qg-no-title\" data-defwidth=\"251\"><a href=\"https:\/\/mouton-en-sucre.com\/wp-content\/uploads\/2019\/05\/IMG_4121b.jpg\" rel=\"lightbox[group-1]\" title=\"\" ><img decoding=\"async\" src=\"https:\/\/mouton-en-sucre.com\/wp-content\/uploads\/2019\/05\/IMG_4121b-251x200.jpg\" \/><div class=\"qg-overlay\"><span class=\"icon-circle\"><span class=\"pg-icon lightbox-icon\"><\/span><\/span><\/div><\/a><\/div><div class=\"qg-img qg-no-title\" data-defwidth=\"251\"><a href=\"https:\/\/mouton-en-sucre.com\/wp-content\/uploads\/2019\/05\/IMG_4086b.jpg\" rel=\"lightbox[group-1]\" title=\"\" ><img decoding=\"async\" src=\"https:\/\/mouton-en-sucre.com\/wp-content\/uploads\/2019\/05\/IMG_4086b-251x200.jpg\" \/><div class=\"qg-overlay\"><span class=\"icon-circle\"><span class=\"pg-icon lightbox-icon\"><\/span><\/span><\/div><\/a><\/div><div class=\"qg-img qg-no-title\" data-defwidth=\"251\"><a href=\"https:\/\/mouton-en-sucre.com\/wp-content\/uploads\/2019\/05\/IMG_4084b.jpg\" rel=\"lightbox[group-1]\" title=\"\" ><img decoding=\"async\" src=\"https:\/\/mouton-en-sucre.com\/wp-content\/uploads\/2019\/05\/IMG_4084b-251x200.jpg\" \/><div class=\"qg-overlay\"><span class=\"icon-circle\"><span class=\"pg-icon lightbox-icon\"><\/span><\/span><\/div><\/a><\/div><div class=\"qg-img qg-no-title\" data-defwidth=\"251\"><a href=\"https:\/\/mouton-en-sucre.com\/wp-content\/uploads\/2019\/05\/IMG_4077b.jpg\" rel=\"lightbox[group-1]\" title=\"\" ><img decoding=\"async\" src=\"https:\/\/mouton-en-sucre.com\/wp-content\/uploads\/2019\/05\/IMG_4077b-251x200.jpg\" \/><div class=\"qg-overlay\"><span class=\"icon-circle\"><span class=\"pg-icon lightbox-icon\"><\/span><\/span><\/div><\/a><\/div><div class=\"qg-img qg-no-title\" data-defwidth=\"251\"><a href=\"https:\/\/mouton-en-sucre.com\/wp-content\/uploads\/2019\/05\/IMG_4075b.jpg\" rel=\"lightbox[group-1]\" title=\"\" ><img decoding=\"async\" src=\"https:\/\/mouton-en-sucre.com\/wp-content\/uploads\/2019\/05\/IMG_4075b-251x200.jpg\" \/><div class=\"qg-overlay\"><span class=\"icon-circle\"><span class=\"pg-icon lightbox-icon\"><\/span><\/span><\/div><\/a><\/div><div class=\"qg-img qg-no-title\" data-defwidth=\"251\"><a href=\"https:\/\/mouton-en-sucre.com\/wp-content\/uploads\/2019\/05\/IMG_4334b.jpg\" rel=\"lightbox[group-1]\" title=\"\" ><img decoding=\"async\" src=\"https:\/\/mouton-en-sucre.com\/wp-content\/uploads\/2019\/05\/IMG_4334b-251x200.jpg\" \/><div class=\"qg-overlay\"><span class=\"icon-circle\"><span class=\"pg-icon lightbox-icon\"><\/span><\/span><\/div><\/a><\/div><div class=\"qg-img qg-no-title\" data-defwidth=\"251\"><a href=\"https:\/\/mouton-en-sucre.com\/wp-content\/uploads\/2019\/05\/IMG_4314b.jpg\" rel=\"lightbox[group-1]\" title=\"\" ><img decoding=\"async\" src=\"https:\/\/mouton-en-sucre.com\/wp-content\/uploads\/2019\/05\/IMG_4314b-251x200.jpg\" \/><div class=\"qg-overlay\"><span class=\"icon-circle\"><span class=\"pg-icon lightbox-icon\"><\/span><\/span><\/div><\/a><\/div><div class=\"qg-img qg-no-title\" data-defwidth=\"251\"><a href=\"https:\/\/mouton-en-sucre.com\/wp-content\/uploads\/2019\/05\/IMG_4330b.jpg\" rel=\"lightbox[group-1]\" title=\"\" ><img decoding=\"async\" src=\"https:\/\/mouton-en-sucre.com\/wp-content\/uploads\/2019\/05\/IMG_4330b-251x200.jpg\" \/><div class=\"qg-overlay\"><span class=\"icon-circle\"><span class=\"pg-icon lightbox-icon\"><\/span><\/span><\/div><\/a><\/div><div class=\"qg-img qg-no-title\" data-defwidth=\"251\"><a href=\"https:\/\/mouton-en-sucre.com\/wp-content\/uploads\/2019\/05\/IMG_4333b.jpg\" rel=\"lightbox[group-1]\" title=\"\" ><img decoding=\"async\" src=\"https:\/\/mouton-en-sucre.com\/wp-content\/uploads\/2019\/05\/IMG_4333b-251x200.jpg\" \/><div class=\"qg-overlay\"><span class=\"icon-circle\"><span class=\"pg-icon lightbox-icon\"><\/span><\/span><\/div><\/a><\/div><div class=\"qg-img qg-no-title\" data-defwidth=\"251\"><a href=\"https:\/\/mouton-en-sucre.com\/wp-content\/uploads\/2019\/05\/IMG_4324b.jpg\" rel=\"lightbox[group-1]\" title=\"\" ><img decoding=\"async\" src=\"https:\/\/mouton-en-sucre.com\/wp-content\/uploads\/2019\/05\/IMG_4324b-251x200.jpg\" \/><div class=\"qg-overlay\"><span class=\"icon-circle\"><span class=\"pg-icon lightbox-icon\"><\/span><\/span><\/div><\/a><\/div><div class=\"qg-img qg-no-title\" data-defwidth=\"251\"><a href=\"https:\/\/mouton-en-sucre.com\/wp-content\/uploads\/2019\/05\/IMG_4295b.jpg\" rel=\"lightbox[group-1]\" title=\"\" ><img decoding=\"async\" src=\"https:\/\/mouton-en-sucre.com\/wp-content\/uploads\/2019\/05\/IMG_4295b-251x200.jpg\" \/><div class=\"qg-overlay\"><span class=\"icon-circle\"><span class=\"pg-icon lightbox-icon\"><\/span><\/span><\/div><\/a><\/div><div class=\"qg-img qg-no-title\" data-defwidth=\"251\"><a href=\"https:\/\/mouton-en-sucre.com\/wp-content\/uploads\/2019\/05\/IMG_4299b.jpg\" rel=\"lightbox[group-1]\" title=\"\" ><img decoding=\"async\" src=\"https:\/\/mouton-en-sucre.com\/wp-content\/uploads\/2019\/05\/IMG_4299b-251x200.jpg\" \/><div class=\"qg-overlay\"><span class=\"icon-circle\"><span class=\"pg-icon lightbox-icon\"><\/span><\/span><\/div><\/a><\/div><div class=\"qg-img qg-no-title\" data-defwidth=\"251\"><a href=\"https:\/\/mouton-en-sucre.com\/wp-content\/uploads\/2019\/05\/IMG_4300b.jpg\" rel=\"lightbox[group-1]\" title=\"\" ><img decoding=\"async\" src=\"https:\/\/mouton-en-sucre.com\/wp-content\/uploads\/2019\/05\/IMG_4300b-251x200.jpg\" \/><div class=\"qg-overlay\"><span class=\"icon-circle\"><span class=\"pg-icon lightbox-icon\"><\/span><\/span><\/div><\/a><\/div><div class=\"qg-img qg-no-title\" data-defwidth=\"251\"><a href=\"https:\/\/mouton-en-sucre.com\/wp-content\/uploads\/2019\/05\/IMG_4301b.jpg\" rel=\"lightbox[group-1]\" title=\"\" ><img decoding=\"async\" src=\"https:\/\/mouton-en-sucre.com\/wp-content\/uploads\/2019\/05\/IMG_4301b-251x200.jpg\" \/><div class=\"qg-overlay\"><span class=\"icon-circle\"><span class=\"pg-icon lightbox-icon\"><\/span><\/span><\/div><\/a><\/div><div class=\"qg-img qg-no-title\" data-defwidth=\"251\"><a href=\"https:\/\/mouton-en-sucre.com\/wp-content\/uploads\/2019\/05\/IMG_4306b.jpg\" rel=\"lightbox[group-1]\" title=\"\" ><img decoding=\"async\" src=\"https:\/\/mouton-en-sucre.com\/wp-content\/uploads\/2019\/05\/IMG_4306b-251x200.jpg\" \/><div class=\"qg-overlay\"><span class=\"icon-circle\"><span class=\"pg-icon lightbox-icon\"><\/span><\/span><\/div><\/a><\/div><div class=\"clear\"><\/div><\/div>\n","protected":false},"excerpt":{"rendered":"<p>&nbsp; MiraBelle BJD SD T\u00eate &#8211; 2019 &nbsp; SD Size Normal skin Eyes 16mm Wig 8-9 BJD t\u00eate SD : [&hellip;]<\/p>\n","protected":false},"author":2,"featured_media":0,"parent":0,"menu_order":0,"comment_status":"closed","ping_status":"closed","template":"","meta":{"_vp_format_video_url":"","_vp_image_focal_point":[],"footnotes":""},"class_list":["post-6105","page","type-page","status-publish","hentry"],"yoast_head":"<!-- This site is optimized with the Yoast SEO plugin v27.1.1 - https:\/\/yoast.com\/product\/yoast-seo-wordpress\/ -->\n<title>T\u00eate SD BJD MiraBelle - Le Mouton en Sucre<\/title>\n<meta name=\"description\" content=\"Mira est une t\u00eate de BJD taille SD compatible avec les corps SD. Avec ces grands yeux, c&#039;est une dolol \u00e9l\u00e9gante.\" \/>\n<meta name=\"robots\" content=\"index, follow, max-snippet:-1, max-image-preview:large, max-video-preview:-1\" \/>\n<link rel=\"canonical\" href=\"https:\/\/mouton-en-sucre.com\/en\/mirabelle-head\/\" \/>\n<meta property=\"og:locale\" content=\"en_GB\" \/>\n<meta property=\"og:type\" content=\"article\" \/>\n<meta property=\"og:title\" content=\"T\u00eate SD BJD MiraBelle - Le Mouton en Sucre\" \/>\n<meta property=\"og:description\" content=\"Mira est une t\u00eate de BJD taille SD compatible avec les corps SD. Avec ces grands yeux, c&#039;est une dolol \u00e9l\u00e9gante.\" \/>\n<meta property=\"og:url\" content=\"https:\/\/mouton-en-sucre.com\/en\/mirabelle-head\/\" \/>\n<meta property=\"og:site_name\" content=\"Le Mouton en Sucre\" \/>\n<meta property=\"article:modified_time\" content=\"2023-01-31T22:06:14+00:00\" \/>\n<meta property=\"og:image\" content=\"https:\/\/mouton-en-sucre.com\/wp-content\/uploads\/2019\/05\/IMG_4361b-251x200.jpg\" \/>\n<meta name=\"twitter:label1\" content=\"Estimated reading time\" \/>\n\t<meta name=\"twitter:data1\" content=\"1 minute\" \/>\n<script type=\"application\/ld+json\" class=\"yoast-schema-graph\">{\"@context\":\"https:\/\/schema.org\",\"@graph\":[{\"@type\":\"WebPage\",\"@id\":\"https:\/\/mouton-en-sucre.com\/mirabelle-head\/\",\"url\":\"https:\/\/mouton-en-sucre.com\/mirabelle-head\/\",\"name\":\"T\u00eate SD BJD MiraBelle - Le Mouton en Sucre\",\"isPartOf\":{\"@id\":\"https:\/\/mouton-en-sucre.com\/#website\"},\"primaryImageOfPage\":{\"@id\":\"https:\/\/mouton-en-sucre.com\/mirabelle-head\/#primaryimage\"},\"image\":{\"@id\":\"https:\/\/mouton-en-sucre.com\/mirabelle-head\/#primaryimage\"},\"thumbnailUrl\":\"https:\/\/mouton-en-sucre.com\/wp-content\/uploads\/2019\/05\/IMG_4039b.jpg\",\"datePublished\":\"2019-05-30T14:51:00+00:00\",\"dateModified\":\"2023-01-31T22:06:14+00:00\",\"description\":\"Mira est une t\u00eate de BJD taille SD compatible avec les corps SD. Avec ces grands yeux, c'est une dolol \u00e9l\u00e9gante.\",\"inLanguage\":\"en-GB\",\"potentialAction\":[{\"@type\":\"ReadAction\",\"target\":[\"https:\/\/mouton-en-sucre.com\/mirabelle-head\/\"]}]},{\"@type\":\"ImageObject\",\"inLanguage\":\"en-GB\",\"@id\":\"https:\/\/mouton-en-sucre.com\/mirabelle-head\/#primaryimage\",\"url\":\"https:\/\/mouton-en-sucre.com\/wp-content\/uploads\/2019\/05\/IMG_4039b.jpg\",\"contentUrl\":\"https:\/\/mouton-en-sucre.com\/wp-content\/uploads\/2019\/05\/IMG_4039b.jpg\"},{\"@type\":\"WebSite\",\"@id\":\"https:\/\/mouton-en-sucre.com\/#website\",\"url\":\"https:\/\/mouton-en-sucre.com\/\",\"name\":\"Le Mouton en Sucre\",\"description\":\"Cr\u00e9ateurs de douceurs pour les yeux\",\"potentialAction\":[{\"@type\":\"SearchAction\",\"target\":{\"@type\":\"EntryPoint\",\"urlTemplate\":\"https:\/\/mouton-en-sucre.com\/?s={search_term_string}\"},\"query-input\":{\"@type\":\"PropertyValueSpecification\",\"valueRequired\":true,\"valueName\":\"search_term_string\"}}],\"inLanguage\":\"en-GB\"}]}<\/script>\n<!-- \/ Yoast SEO plugin. -->","yoast_head_json":{"title":"T\u00eate SD BJD MiraBelle - Le Mouton en Sucre","description":"Mira est une t\u00eate de BJD taille SD compatible avec les corps SD. Avec ces grands yeux, c'est une dolol \u00e9l\u00e9gante.","robots":{"index":"index","follow":"follow","max-snippet":"max-snippet:-1","max-image-preview":"max-image-preview:large","max-video-preview":"max-video-preview:-1"},"canonical":"https:\/\/mouton-en-sucre.com\/en\/mirabelle-head\/","og_locale":"en_GB","og_type":"article","og_title":"T\u00eate SD BJD MiraBelle - Le Mouton en Sucre","og_description":"Mira est une t\u00eate de BJD taille SD compatible avec les corps SD. Avec ces grands yeux, c'est une dolol \u00e9l\u00e9gante.","og_url":"https:\/\/mouton-en-sucre.com\/en\/mirabelle-head\/","og_site_name":"Le Mouton en Sucre","article_modified_time":"2023-01-31T22:06:14+00:00","og_image":[{"url":"https:\/\/mouton-en-sucre.com\/wp-content\/uploads\/2019\/05\/IMG_4361b-251x200.jpg","type":"","width":"","height":""}],"twitter_misc":{"Estimated reading time":"1 minute"},"schema":{"@context":"https:\/\/schema.org","@graph":[{"@type":"WebPage","@id":"https:\/\/mouton-en-sucre.com\/mirabelle-head\/","url":"https:\/\/mouton-en-sucre.com\/mirabelle-head\/","name":"T\u00eate SD BJD MiraBelle - Le Mouton en Sucre","isPartOf":{"@id":"https:\/\/mouton-en-sucre.com\/#website"},"primaryImageOfPage":{"@id":"https:\/\/mouton-en-sucre.com\/mirabelle-head\/#primaryimage"},"image":{"@id":"https:\/\/mouton-en-sucre.com\/mirabelle-head\/#primaryimage"},"thumbnailUrl":"https:\/\/mouton-en-sucre.com\/wp-content\/uploads\/2019\/05\/IMG_4039b.jpg","datePublished":"2019-05-30T14:51:00+00:00","dateModified":"2023-01-31T22:06:14+00:00","description":"Mira est une t\u00eate de BJD taille SD compatible avec les corps SD. Avec ces grands yeux, c'est une dolol \u00e9l\u00e9gante.","inLanguage":"en-GB","potentialAction":[{"@type":"ReadAction","target":["https:\/\/mouton-en-sucre.com\/mirabelle-head\/"]}]},{"@type":"ImageObject","inLanguage":"en-GB","@id":"https:\/\/mouton-en-sucre.com\/mirabelle-head\/#primaryimage","url":"https:\/\/mouton-en-sucre.com\/wp-content\/uploads\/2019\/05\/IMG_4039b.jpg","contentUrl":"https:\/\/mouton-en-sucre.com\/wp-content\/uploads\/2019\/05\/IMG_4039b.jpg"},{"@type":"WebSite","@id":"https:\/\/mouton-en-sucre.com\/#website","url":"https:\/\/mouton-en-sucre.com\/","name":"Le Mouton en Sucre","description":"Cr\u00e9ateurs de douceurs pour les yeux","potentialAction":[{"@type":"SearchAction","target":{"@type":"EntryPoint","urlTemplate":"https:\/\/mouton-en-sucre.com\/?s={search_term_string}"},"query-input":{"@type":"PropertyValueSpecification","valueRequired":true,"valueName":"search_term_string"}}],"inLanguage":"en-GB"}]}},"_links":{"self":[{"href":"https:\/\/mouton-en-sucre.com\/en\/wp-json\/wp\/v2\/pages\/6105","targetHints":{"allow":["GET"]}}],"collection":[{"href":"https:\/\/mouton-en-sucre.com\/en\/wp-json\/wp\/v2\/pages"}],"about":[{"href":"https:\/\/mouton-en-sucre.com\/en\/wp-json\/wp\/v2\/types\/page"}],"author":[{"embeddable":true,"href":"https:\/\/mouton-en-sucre.com\/en\/wp-json\/wp\/v2\/users\/2"}],"replies":[{"embeddable":true,"href":"https:\/\/mouton-en-sucre.com\/en\/wp-json\/wp\/v2\/comments?post=6105"}],"version-history":[{"count":5,"href":"https:\/\/mouton-en-sucre.com\/en\/wp-json\/wp\/v2\/pages\/6105\/revisions"}],"predecessor-version":[{"id":15352,"href":"https:\/\/mouton-en-sucre.com\/en\/wp-json\/wp\/v2\/pages\/6105\/revisions\/15352"}],"wp:attachment":[{"href":"https:\/\/mouton-en-sucre.com\/en\/wp-json\/wp\/v2\/media?parent=6105"}],"curies":[{"name":"wp","href":"https:\/\/api.w.org\/{rel}","templated":true}]}}