{"id":4747,"date":"2018-05-06T23:39:11","date_gmt":"2018-05-06T21:39:11","guid":{"rendered":"http:\/\/mouton-en-sucre.com\/?page_id=4747"},"modified":"2025-10-13T15:15:26","modified_gmt":"2025-10-13T13:15:26","slug":"charte-qualite","status":"publish","type":"page","link":"https:\/\/mouton-en-sucre.com\/en\/charte-qualite\/","title":{"rendered":"Quality Chart"},"content":{"rendered":"<h1 style=\"text-align: center;\"><strong><span style=\"color: #ff99cc;\">harte qualit\u00e9 de l&rsquo;Atelier<\/span><\/strong><\/h1>\n<p style=\"text-align: center;\"><img loading=\"lazy\" decoding=\"async\" class=\"aligncenter wp-image-4757 size-full\" src=\"https:\/\/mouton-en-sucre.com\/wp-content\/uploads\/2018\/05\/ImagesMakeUpWeb1.jpg\" alt=\"cr\u00e9ations de qualit\u00e9\" width=\"500\" height=\"333\" srcset=\"https:\/\/mouton-en-sucre.com\/wp-content\/uploads\/2018\/05\/ImagesMakeUpWeb1.jpg 500w, https:\/\/mouton-en-sucre.com\/wp-content\/uploads\/2018\/05\/ImagesMakeUpWeb1-300x200.jpg 300w\" sizes=\"auto, (max-width: 500px) 100vw, 500px\" \/><\/p>\n<h3 style=\"text-align: center;\">BJD Creation<\/h3>\n<p style=\"text-align: center;\">We engage our work to produce exceptional creations with exceptional quality!<\/p>\n<p>&nbsp;<\/p>\n<div class=\"cols-wrapper cols-3\">\n<div class=\"col\">\n<h3 style=\"text-align: center;\"><i class=\"fa fa-tag\" style=\"color: #ff99cc\"><\/i><\/h3>\n<h3 style=\"text-align: center;\"><span style=\"color: #ff99cc;\"><strong>HANDMADE<\/strong><\/span><\/h3>\n<p>The BJD created by Le Mouton en Sucre are produced in our workshop in France.<\/p>\n<p>Creation, casting, finishing are entirely done by hand.<\/p>\n<p>Each doll is made with care and love. Each one is unique and has its small flaws that make their charm and authenticity.<\/p>\n<\/div>\n<div class=\"col\">\n<h3 style=\"text-align: center;\"><i class=\"fa fa-edit\" style=\"color: #ff99cc\"><\/i><\/h3>\n<h3 style=\"text-align: center;\"><span style=\"color: #ff99cc;\"><strong>SIGNED DOLLS<\/strong><\/span><\/h3>\n<p>It is very important for us to offer you some quality creations with a unique and authentic personality.<\/p>\n<p>They are all individually customized with care to match our quality requirement.<\/p>\n<p>It is to respect these values that we don't propose blank dolls.<\/p>\n<\/div>\n<div class=\"col nomargin\">\n<h3 style=\"text-align: center;\"><i class=\"fa fa-star\" style=\"color: #ff99cc\"><\/i><\/h3>\n<h3 style=\"text-align: center;\"><span style=\"color: #ff99cc;\"><strong>UNIQUE CREATIONS<\/strong><\/span><\/h3>\n<p>To make your resin friends absolutely unique, we offer the \u00abartist makeup\u00bb option for all of our creations.<\/p>\n<p>This customization option gives you the chance to own an art object that is unique in the world, to your taste, and of inestimable value.<\/p>\n<\/div>\n<\/div>\n<p>Each doll is provided with a certificate of authenticity and a protection bag.<\/p>\n<p>&nbsp;<\/p>\n<div class=\"section-full-width section-light-bg\" style=\"background-color:#1d4c5e;\"><div style=\"background-image:url(https:\/\/mouton-en-sucre.com\/wp-content\/uploads\/2020\/09\/BGwingsMesg2.jpg); opacity:0.5; filter: alpha(opacity=50);\" class=\"full-bg-image\" ><\/div><div class=\"section-boxed\" style=\"color:#ffffff;\">\n<p style=\"text-align: center;\"><strong>We don't offer Blank dolls<\/strong><\/p>\n<p style=\"text-align: center;\"><strong>Too many times we saw blank BJD, staying without makeup forever.<\/strong><\/p>\n<p style=\"text-align: center;\"><strong>It's sad, cold and against our values.<\/strong><\/p>\n<p style=\"text-align: center;\"><strong>This is why all our dolls will be available with a minimum simple blush*<\/strong><\/p>\n<p>&nbsp;<\/p>\n<p style=\"text-align: center;\"><strong>If you want a more elaborated makeup you could choose the artist make-up option.<\/strong><\/p>\n<\/div><\/div>\n<p>*The Simple blush will be detailed, according to each dolls, at the order time.<\/p>\n<p>&nbsp;<\/p>\n<hr \/>\n<h3><\/h3>\n<h3><strong>The Mouton en Sucre signed BJD<\/strong><\/h3>\n<p>&nbsp;<\/p>\n<div class=\"cols-wrapper cols-3\">\n<div class=\"col\">\n<ul>\n<li><a href=\"https:\/\/mouton-en-sucre.com\/en\/guimauve\/\">Guimauve the Sheep<\/a><\/li>\n<li><a href=\"https:\/\/mouton-en-sucre.com\/en\/roudoudou\/\">Roudoudou the Fox<\/a><\/li>\n<li><a href=\"https:\/\/mouton-en-sucre.com\/en\/ticoco\/\">Ti'Coco the Owl<\/a><\/li>\n<li><a href=\"https:\/\/mouton-en-sucre.com\/en\/cotton\/\">Cotton the will-o-the-wisp<\/a><\/li>\n<li><a href=\"https:\/\/mouton-en-sucre.com\/en\/re-gliss\/\">R\u00e9-Gliss the Scarab<\/a><\/li>\n<li><a href=\"https:\/\/mouton-en-sucre.com\/en\/tagada\/\">Tagada the Unicorn<\/a><\/li>\n<li><a href=\"https:\/\/mouton-en-sucre.com\/en\/mirabelle-head\/\">Mirabelle Head<\/a><\/li>\n<li><a href=\"https:\/\/mouton-en-sucre.com\/en\/mojito-tapazz\/\">Mojito &amp; Tapazz&rsquo;<\/a><\/li>\n<\/ul>\n<\/div>\n<div class=\"col\">\n<ul>\n<li><a href=\"https:\/\/mouton-en-sucre.com\/en\/potelette\/\">Potelette the Pumpkin<\/a><\/li>\n<li><a href=\"https:\/\/mouton-en-sucre.com\/en\/glandouille\/\">Glandouille the Acorn<\/a><\/li>\n<li><a href=\"https:\/\/mouton-en-sucre.com\/en\/cachou\/\">Cachou the Raven<\/a><\/li>\n<li><a href=\"https:\/\/mouton-en-sucre.com\/en\/jelly\/\">Jelly the jellyfish<\/a><\/li>\n<li><a href=\"https:\/\/mouton-en-sucre.com\/en\/biscotti\/\">Biscotti the bird<\/a><\/li>\n<li><a href=\"https:\/\/mouton-en-sucre.com\/en\/madlaine\/\">Mad'laine the spider<\/a><\/li>\n<li><a href=\"https:\/\/mouton-en-sucre.com\/en\/gnomelet\/\">Gnomelet' the mushroom<\/a><\/li>\n<\/ul>\n<\/div>\n<div class=\"col nomargin\">\n<ul>\n<li><a href=\"https:\/\/mouton-en-sucre.com\/en\/opaline\/\">Opaline the butterfly<\/a><\/li>\n<li><a href=\"https:\/\/mouton-en-sucre.com\/en\/tartine\/\">Tartine the Bee<\/a><\/li>\n<li><a href=\"https:\/\/mouton-en-sucre.com\/en\/patachou\/\">Patachou the sheep<\/a><\/li>\n<li><a href=\"https:\/\/mouton-en-sucre.com\/en\/figatelli\/\">Figatelli the cat<\/a><\/li>\n<li><a href=\"https:\/\/mouton-en-sucre.com\/en\/rolling-scones\/\">Rolling Scones the cupcakes<\/a><\/li>\n<li><a href=\"https:\/\/mouton-en-sucre.com\/en\/coacamole\/\">Coac&rsquo;amole la Grenouille<\/a><\/li>\n<\/ul>\n<\/div>\n<\/div>\n<div class=\"portfolio-carousel pc-no-title pc-no-link\"><div class=\"pc-header\"><div class=\"carousel-title\"> <h4 class=\"small-title\"><\/h4><\/div><\/div><div class=\"pc-wrapper\"><div class=\"pc-holder\"><div class=\"pc-page-wrapper\"><div class=\"pc-item\" data-defwidth=\"350\" data-type=\"standard\" data-itemid=\"17208\"><a href=\"https:\/\/mouton-en-sucre.com\/en\/portfolio\/lounge-library\/\" title=\"Lounge library\" ><div class=\"pg-img-wrapper\"><img decoding=\"async\" src=\"https:\/\/mouton-en-sucre.com\/wp-content\/uploads\/2024\/02\/IMG_8087b-490x331.jpg\"\/><\/div><div class=\"pg-info\"><span class=\"icon-circle\"><span class=\"pg-icon standard-icon\"><\/span><\/span><div class=\"pg-details\"><h2>Lounge library<\/h2><span class=\"pg-categories\">Artist BJD \/ Dollhouse<\/span><\/div><\/div><\/a><\/div><div class=\"pc-item\" data-defwidth=\"350\" data-type=\"standard\" data-itemid=\"16480\"><a href=\"https:\/\/mouton-en-sucre.com\/en\/portfolio\/wizarding-room\/\" title=\"Wizarding room\" ><div class=\"pg-img-wrapper\"><img decoding=\"async\" src=\"https:\/\/mouton-en-sucre.com\/wp-content\/uploads\/2023\/09\/IMG_6194b-490x331.jpg\"\/><\/div><div class=\"pg-info\"><span class=\"icon-circle\"><span class=\"pg-icon standard-icon\"><\/span><\/span><div class=\"pg-details\"><h2>Wizarding room<\/h2><span class=\"pg-categories\">Artist BJD \/ Dollhouse<\/span><\/div><\/div><\/a><\/div><\/div><div class=\"pc-page-wrapper\"><div class=\"pc-item\" data-defwidth=\"350\" data-type=\"standard\" data-itemid=\"13678\"><a href=\"https:\/\/mouton-en-sucre.com\/en\/portfolio\/gnomelet\/\" title=\"Gnomelet' \/ Mushroom bjd\" ><div class=\"pg-img-wrapper\"><img decoding=\"async\" src=\"https:\/\/mouton-en-sucre.com\/wp-content\/uploads\/2022\/03\/IMG_6044b-490x331.jpg\"\/><\/div><div class=\"pg-info\"><span class=\"icon-circle\"><span class=\"pg-icon standard-icon\"><\/span><\/span><div class=\"pg-details\"><h2>Gnomelet' \/ Mushroom bjd<\/h2><span class=\"pg-categories\">Artist BJD \/ Custo \/ CustoPet<\/span><\/div><\/div><\/a><\/div><div class=\"pc-item\" data-defwidth=\"350\" data-type=\"standard\" data-itemid=\"12816\"><a href=\"https:\/\/mouton-en-sucre.com\/en\/portfolio\/spider-madlaine\/\" title=\"Spider Mad'Laine\" ><div class=\"pg-img-wrapper\"><img decoding=\"async\" src=\"https:\/\/mouton-en-sucre.com\/wp-content\/uploads\/2022\/01\/IMG_0993b-490x331.jpg\"\/><\/div><div class=\"pg-info\"><span class=\"icon-circle\"><span class=\"pg-icon standard-icon\"><\/span><\/span><div class=\"pg-details\"><h2>Spider Mad'Laine<\/h2><span class=\"pg-categories\">Artist BJD \/ Custo \/ CustoPet<\/span><\/div><\/div><\/a><\/div><\/div><div class=\"pc-page-wrapper\"><div class=\"pc-item\" data-defwidth=\"350\" data-type=\"standard\" data-itemid=\"9954\"><a href=\"https:\/\/mouton-en-sucre.com\/en\/portfolio\/biscotti\/\" title=\"Biscotti\" ><div class=\"pg-img-wrapper\"><img decoding=\"async\" src=\"https:\/\/mouton-en-sucre.com\/wp-content\/uploads\/2021\/03\/IMG_6389b-490x331.jpg\"\/><\/div><div class=\"pg-info\"><span class=\"icon-circle\"><span class=\"pg-icon standard-icon\"><\/span><\/span><div class=\"pg-details\"><h2>Biscotti<\/h2><span class=\"pg-categories\">Artist BJD \/ Custo \/ CustoPet<\/span><\/div><\/div><\/a><\/div><div class=\"pc-item\" data-defwidth=\"350\" data-type=\"standard\" data-itemid=\"9658\"><a href=\"https:\/\/mouton-en-sucre.com\/en\/portfolio\/jelly\/\" title=\"Jelly\" ><div class=\"pg-img-wrapper\"><img decoding=\"async\" src=\"https:\/\/mouton-en-sucre.com\/wp-content\/uploads\/2021\/03\/IMG_6119b-490x331.jpg\"\/><\/div><div class=\"pg-info\"><span class=\"icon-circle\"><span class=\"pg-icon standard-icon\"><\/span><\/span><div class=\"pg-details\"><h2>Jelly<\/h2><span class=\"pg-categories\">Artist BJD \/ Custo \/ CustoPet<\/span><\/div><\/div><\/a><\/div><\/div><div class=\"pc-page-wrapper\"><div class=\"pc-item\" data-defwidth=\"350\" data-type=\"standard\" data-itemid=\"7958\"><a href=\"https:\/\/mouton-en-sucre.com\/en\/portfolio\/cachou-raven\/\" title=\"Cachou, the guardian spirit\" ><div class=\"pg-img-wrapper\"><img decoding=\"async\" src=\"https:\/\/mouton-en-sucre.com\/wp-content\/uploads\/2020\/08\/IMG_1910b-490x331.jpg\"\/><\/div><div class=\"pg-info\"><span class=\"icon-circle\"><span class=\"pg-icon standard-icon\"><\/span><\/span><div class=\"pg-details\"><h2>Cachou, the guardian spirit<\/h2><span class=\"pg-categories\">Artist BJD \/ Custo \/ CustoPet<\/span><\/div><\/div><\/a><\/div><div class=\"pc-item\" data-defwidth=\"350\" data-type=\"standard\" data-itemid=\"7667\"><a href=\"https:\/\/mouton-en-sucre.com\/en\/portfolio\/glandouille-acorn\/\" title=\"Glandouille acorn\" ><div class=\"pg-img-wrapper\"><img decoding=\"async\" src=\"https:\/\/mouton-en-sucre.com\/wp-content\/uploads\/2020\/07\/IMG_0879b-490x331.jpg\"\/><\/div><div class=\"pg-info\"><span class=\"icon-circle\"><span class=\"pg-icon standard-icon\"><\/span><\/span><div class=\"pg-details\"><h2>Glandouille acorn<\/h2><span class=\"pg-categories\">Artist BJD \/ Custo \/ CustoPet<\/span><\/div><\/div><\/a><\/div><\/div><div class=\"pc-page-wrapper\"><div class=\"pc-item\" data-defwidth=\"350\" data-type=\"standard\" data-itemid=\"6888\"><a href=\"https:\/\/mouton-en-sucre.com\/en\/portfolio\/potelette-pumpkin-doll\/\" title=\"Potelette Pumpkin Doll\" ><div class=\"pg-img-wrapper\"><img decoding=\"async\" src=\"https:\/\/mouton-en-sucre.com\/wp-content\/uploads\/2020\/10\/IMG_2735b-490x331.jpg\"\/><\/div><div class=\"pg-info\"><span class=\"icon-circle\"><span class=\"pg-icon standard-icon\"><\/span><\/span><div class=\"pg-details\"><h2>Potelette Pumpkin Doll<\/h2><span class=\"pg-categories\">Artist BJD \/ Custo \/ CustoPet<\/span><\/div><\/div><\/a><\/div><div class=\"pc-item\" data-defwidth=\"350\" data-type=\"standard\" data-itemid=\"6294\"><a href=\"https:\/\/mouton-en-sucre.com\/en\/portfolio\/mojito-and-tapazz\/\" title=\"Mojito and Tapazz'\" ><div class=\"pg-img-wrapper\"><img decoding=\"async\" src=\"https:\/\/mouton-en-sucre.com\/wp-content\/uploads\/2020\/11\/IMG_3697b-490x331.jpg\"\/><\/div><div class=\"pg-info\"><span class=\"icon-circle\"><span class=\"pg-icon standard-icon\"><\/span><\/span><div class=\"pg-details\"><h2>Mojito and Tapazz'<\/h2><span class=\"pg-categories\">Artist BJD<\/span><\/div><\/div><\/a><\/div><\/div><div class=\"pc-page-wrapper\"><div class=\"pc-item\" data-defwidth=\"350\" data-type=\"standard\" data-itemid=\"6249\"><a href=\"https:\/\/mouton-en-sucre.com\/en\/portfolio\/mirabelle-head\/\" title=\"MiraBelle Head\" ><div class=\"pg-img-wrapper\"><img decoding=\"async\" src=\"https:\/\/mouton-en-sucre.com\/wp-content\/uploads\/2019\/05\/IMG_4361b-490x331.jpg\"\/><\/div><div class=\"pg-info\"><span class=\"icon-circle\"><span class=\"pg-icon standard-icon\"><\/span><\/span><div class=\"pg-details\"><h2>MiraBelle Head<\/h2><span class=\"pg-categories\">Artist BJD \/ Custo \/ CustoHuman<\/span><\/div><\/div><\/a><\/div><div class=\"pc-item\" data-defwidth=\"350\" data-type=\"standard\" data-itemid=\"5216\"><a href=\"https:\/\/mouton-en-sucre.com\/en\/portfolio\/tagada-unicorn\/\" title=\"Tagada Unicorn\" ><div class=\"pg-img-wrapper\"><img decoding=\"async\" src=\"https:\/\/mouton-en-sucre.com\/wp-content\/uploads\/2018\/12\/IMG_0905b-490x331.jpg\"\/><\/div><div class=\"pg-info\"><span class=\"icon-circle\"><span class=\"pg-icon standard-icon\"><\/span><\/span><div class=\"pg-details\"><h2>Tagada Unicorn<\/h2><span class=\"pg-categories\">Artist BJD<\/span><\/div><\/div><\/a><\/div><\/div><div class=\"pc-page-wrapper\"><div class=\"pc-item\" data-defwidth=\"350\" data-type=\"standard\" data-itemid=\"4767\"><a href=\"https:\/\/mouton-en-sucre.com\/en\/portfolio\/re-gliss-bjd\/\" title=\"R\u00e9-Gliss BJD\" ><div class=\"pg-img-wrapper\"><img decoding=\"async\" src=\"https:\/\/mouton-en-sucre.com\/wp-content\/uploads\/2018\/05\/IMG_3168b-490x331.jpg\"\/><\/div><div class=\"pg-info\"><span class=\"icon-circle\"><span class=\"pg-icon standard-icon\"><\/span><\/span><div class=\"pg-details\"><h2>R\u00e9-Gliss BJD<\/h2><span class=\"pg-categories\">Artist BJD<\/span><\/div><\/div><\/a><\/div><div class=\"pc-item\" data-defwidth=\"350\" data-type=\"standard\" data-itemid=\"4726\"><a href=\"https:\/\/mouton-en-sucre.com\/en\/portfolio\/cotton-bjd\/\" title=\"Cotton BJD\" ><div class=\"pg-img-wrapper\"><img decoding=\"async\" src=\"https:\/\/mouton-en-sucre.com\/wp-content\/uploads\/2018\/05\/IMG_7787b-490x331.jpg\"\/><\/div><div class=\"pg-info\"><span class=\"icon-circle\"><span class=\"pg-icon standard-icon\"><\/span><\/span><div class=\"pg-details\"><h2>Cotton BJD<\/h2><span class=\"pg-categories\">Artist BJD<\/span><\/div><\/div><\/a><\/div><\/div><div class=\"pc-page-wrapper\"><div class=\"pc-item\" data-defwidth=\"350\" data-type=\"standard\" data-itemid=\"4207\"><a href=\"https:\/\/mouton-en-sucre.com\/en\/portfolio\/ticoco-bjd\/\" title=\"Ti'Coco owl BJD\" ><div class=\"pg-img-wrapper\"><img decoding=\"async\" src=\"https:\/\/mouton-en-sucre.com\/wp-content\/uploads\/2017\/08\/IMG_5225b-490x331.jpg\"\/><\/div><div class=\"pg-info\"><span class=\"icon-circle\"><span class=\"pg-icon standard-icon\"><\/span><\/span><div class=\"pg-details\"><h2>Ti'Coco owl BJD<\/h2><span class=\"pg-categories\">Artist BJD<\/span><\/div><\/div><\/a><\/div><\/div><\/div><\/div><div class=\"clear\"><\/div><\/div>","protected":false},"excerpt":{"rendered":"<p>harte qualit\u00e9 de l&rsquo;Atelier Cr\u00e9ation de BJD Nous nous engageons dans la qualit\u00e9 de notre travail \u00e0 produire des cr\u00e9ations [&hellip;]<\/p>\n","protected":false},"author":2,"featured_media":0,"parent":0,"menu_order":0,"comment_status":"closed","ping_status":"closed","template":"","meta":{"_vp_format_video_url":"","_vp_image_focal_point":[],"footnotes":""},"class_list":["post-4747","page","type-page","status-publish","hentry"],"yoast_head":"<!-- This site is optimized with the Yoast SEO plugin v27.1.1 - https:\/\/yoast.com\/product\/yoast-seo-wordpress\/ -->\n<title>Charte qualit\u00e9, des produits faits main -Le Mouton en Sucre<\/title>\n<meta name=\"description\" content=\"Nos cr\u00e9ations sont pr\u00e9cieuses et de qualit\u00e9. Elles sont enti\u00e8rement cr\u00e9\u00e9es \u00e0 la main dans notre atelier en France et vous donneront le sourire\" \/>\n<meta name=\"robots\" content=\"index, follow, max-snippet:-1, max-image-preview:large, max-video-preview:-1\" \/>\n<link rel=\"canonical\" href=\"https:\/\/mouton-en-sucre.com\/en\/charte-qualite\/\" \/>\n<meta property=\"og:locale\" content=\"en_GB\" \/>\n<meta property=\"og:type\" content=\"article\" \/>\n<meta property=\"og:title\" content=\"Charte qualit\u00e9, des produits faits main -Le Mouton en Sucre\" \/>\n<meta property=\"og:description\" content=\"Nos cr\u00e9ations sont pr\u00e9cieuses et de qualit\u00e9. Elles sont enti\u00e8rement cr\u00e9\u00e9es \u00e0 la main dans notre atelier en France et vous donneront le sourire\" \/>\n<meta property=\"og:url\" content=\"https:\/\/mouton-en-sucre.com\/en\/charte-qualite\/\" \/>\n<meta property=\"og:site_name\" content=\"Le Mouton en Sucre\" \/>\n<meta property=\"article:modified_time\" content=\"2025-10-13T13:15:26+00:00\" \/>\n<meta property=\"og:image\" content=\"https:\/\/mouton-en-sucre.com\/wp-content\/uploads\/2018\/05\/ImagesMakeUpWeb1.jpg\" \/>\n\t<meta property=\"og:image:width\" content=\"500\" \/>\n\t<meta property=\"og:image:height\" content=\"333\" \/>\n\t<meta property=\"og:image:type\" content=\"image\/jpeg\" \/>\n<meta name=\"twitter:label1\" content=\"Estimated reading time\" \/>\n\t<meta name=\"twitter:data1\" content=\"2 minutes\" \/>\n<script type=\"application\/ld+json\" class=\"yoast-schema-graph\">{\"@context\":\"https:\/\/schema.org\",\"@graph\":[{\"@type\":\"WebPage\",\"@id\":\"https:\/\/mouton-en-sucre.com\/charte-qualite\/\",\"url\":\"https:\/\/mouton-en-sucre.com\/charte-qualite\/\",\"name\":\"Charte qualit\u00e9, des produits faits main -Le Mouton en Sucre\",\"isPartOf\":{\"@id\":\"https:\/\/mouton-en-sucre.com\/#website\"},\"primaryImageOfPage\":{\"@id\":\"https:\/\/mouton-en-sucre.com\/charte-qualite\/#primaryimage\"},\"image\":{\"@id\":\"https:\/\/mouton-en-sucre.com\/charte-qualite\/#primaryimage\"},\"thumbnailUrl\":\"https:\/\/mouton-en-sucre.com\/wp-content\/uploads\/2018\/05\/ImagesMakeUpWeb1.jpg\",\"datePublished\":\"2018-05-06T21:39:11+00:00\",\"dateModified\":\"2025-10-13T13:15:26+00:00\",\"description\":\"Nos cr\u00e9ations sont pr\u00e9cieuses et de qualit\u00e9. Elles sont enti\u00e8rement cr\u00e9\u00e9es \u00e0 la main dans notre atelier en France et vous donneront le sourire\",\"inLanguage\":\"en-GB\",\"potentialAction\":[{\"@type\":\"ReadAction\",\"target\":[\"https:\/\/mouton-en-sucre.com\/charte-qualite\/\"]}]},{\"@type\":\"ImageObject\",\"inLanguage\":\"en-GB\",\"@id\":\"https:\/\/mouton-en-sucre.com\/charte-qualite\/#primaryimage\",\"url\":\"https:\/\/mouton-en-sucre.com\/wp-content\/uploads\/2018\/05\/ImagesMakeUpWeb1.jpg\",\"contentUrl\":\"https:\/\/mouton-en-sucre.com\/wp-content\/uploads\/2018\/05\/ImagesMakeUpWeb1.jpg\"},{\"@type\":\"WebSite\",\"@id\":\"https:\/\/mouton-en-sucre.com\/#website\",\"url\":\"https:\/\/mouton-en-sucre.com\/\",\"name\":\"Le Mouton en Sucre\",\"description\":\"Cr\u00e9ateurs de douceurs pour les yeux\",\"potentialAction\":[{\"@type\":\"SearchAction\",\"target\":{\"@type\":\"EntryPoint\",\"urlTemplate\":\"https:\/\/mouton-en-sucre.com\/?s={search_term_string}\"},\"query-input\":{\"@type\":\"PropertyValueSpecification\",\"valueRequired\":true,\"valueName\":\"search_term_string\"}}],\"inLanguage\":\"en-GB\"}]}<\/script>\n<!-- \/ Yoast SEO plugin. -->","yoast_head_json":{"title":"Charte qualit\u00e9, des produits faits main -Le Mouton en Sucre","description":"Nos cr\u00e9ations sont pr\u00e9cieuses et de qualit\u00e9. Elles sont enti\u00e8rement cr\u00e9\u00e9es \u00e0 la main dans notre atelier en France et vous donneront le sourire","robots":{"index":"index","follow":"follow","max-snippet":"max-snippet:-1","max-image-preview":"max-image-preview:large","max-video-preview":"max-video-preview:-1"},"canonical":"https:\/\/mouton-en-sucre.com\/en\/charte-qualite\/","og_locale":"en_GB","og_type":"article","og_title":"Charte qualit\u00e9, des produits faits main -Le Mouton en Sucre","og_description":"Nos cr\u00e9ations sont pr\u00e9cieuses et de qualit\u00e9. Elles sont enti\u00e8rement cr\u00e9\u00e9es \u00e0 la main dans notre atelier en France et vous donneront le sourire","og_url":"https:\/\/mouton-en-sucre.com\/en\/charte-qualite\/","og_site_name":"Le Mouton en Sucre","article_modified_time":"2025-10-13T13:15:26+00:00","og_image":[{"width":500,"height":333,"url":"https:\/\/mouton-en-sucre.com\/wp-content\/uploads\/2018\/05\/ImagesMakeUpWeb1.jpg","type":"image\/jpeg"}],"twitter_misc":{"Estimated reading time":"2 minutes"},"schema":{"@context":"https:\/\/schema.org","@graph":[{"@type":"WebPage","@id":"https:\/\/mouton-en-sucre.com\/charte-qualite\/","url":"https:\/\/mouton-en-sucre.com\/charte-qualite\/","name":"Charte qualit\u00e9, des produits faits main -Le Mouton en Sucre","isPartOf":{"@id":"https:\/\/mouton-en-sucre.com\/#website"},"primaryImageOfPage":{"@id":"https:\/\/mouton-en-sucre.com\/charte-qualite\/#primaryimage"},"image":{"@id":"https:\/\/mouton-en-sucre.com\/charte-qualite\/#primaryimage"},"thumbnailUrl":"https:\/\/mouton-en-sucre.com\/wp-content\/uploads\/2018\/05\/ImagesMakeUpWeb1.jpg","datePublished":"2018-05-06T21:39:11+00:00","dateModified":"2025-10-13T13:15:26+00:00","description":"Nos cr\u00e9ations sont pr\u00e9cieuses et de qualit\u00e9. Elles sont enti\u00e8rement cr\u00e9\u00e9es \u00e0 la main dans notre atelier en France et vous donneront le sourire","inLanguage":"en-GB","potentialAction":[{"@type":"ReadAction","target":["https:\/\/mouton-en-sucre.com\/charte-qualite\/"]}]},{"@type":"ImageObject","inLanguage":"en-GB","@id":"https:\/\/mouton-en-sucre.com\/charte-qualite\/#primaryimage","url":"https:\/\/mouton-en-sucre.com\/wp-content\/uploads\/2018\/05\/ImagesMakeUpWeb1.jpg","contentUrl":"https:\/\/mouton-en-sucre.com\/wp-content\/uploads\/2018\/05\/ImagesMakeUpWeb1.jpg"},{"@type":"WebSite","@id":"https:\/\/mouton-en-sucre.com\/#website","url":"https:\/\/mouton-en-sucre.com\/","name":"Le Mouton en Sucre","description":"Cr\u00e9ateurs de douceurs pour les yeux","potentialAction":[{"@type":"SearchAction","target":{"@type":"EntryPoint","urlTemplate":"https:\/\/mouton-en-sucre.com\/?s={search_term_string}"},"query-input":{"@type":"PropertyValueSpecification","valueRequired":true,"valueName":"search_term_string"}}],"inLanguage":"en-GB"}]}},"_links":{"self":[{"href":"https:\/\/mouton-en-sucre.com\/en\/wp-json\/wp\/v2\/pages\/4747","targetHints":{"allow":["GET"]}}],"collection":[{"href":"https:\/\/mouton-en-sucre.com\/en\/wp-json\/wp\/v2\/pages"}],"about":[{"href":"https:\/\/mouton-en-sucre.com\/en\/wp-json\/wp\/v2\/types\/page"}],"author":[{"embeddable":true,"href":"https:\/\/mouton-en-sucre.com\/en\/wp-json\/wp\/v2\/users\/2"}],"replies":[{"embeddable":true,"href":"https:\/\/mouton-en-sucre.com\/en\/wp-json\/wp\/v2\/comments?post=4747"}],"version-history":[{"count":90,"href":"https:\/\/mouton-en-sucre.com\/en\/wp-json\/wp\/v2\/pages\/4747\/revisions"}],"predecessor-version":[{"id":18837,"href":"https:\/\/mouton-en-sucre.com\/en\/wp-json\/wp\/v2\/pages\/4747\/revisions\/18837"}],"wp:attachment":[{"href":"https:\/\/mouton-en-sucre.com\/en\/wp-json\/wp\/v2\/media?parent=4747"}],"curies":[{"name":"wp","href":"https:\/\/api.w.org\/{rel}","templated":true}]}}