{"id":4024,"date":"2017-07-23T14:04:14","date_gmt":"2017-07-23T12:04:14","guid":{"rendered":"http:\/\/mouton-en-sucre.com\/?page_id=4024"},"modified":"2023-01-31T19:40:43","modified_gmt":"2023-01-31T18:40:43","slug":"fashion","status":"publish","type":"page","link":"https:\/\/mouton-en-sucre.com\/en\/fashion\/","title":{"rendered":"Fashion"},"content":{"rendered":"<p><img decoding=\"async\" class=\"img-frame aligncenter\" src=\"https:\/\/mouton-en-sucre.com\/wp-content\/uploads\/2017\/07\/FashionCreaImg.jpg\" alt=\"\" \/><\/p>\n<h1 style=\"text-align: center;\"><span style=\"color: #ff99cc;\"><strong>Clothing, accessories, wigs<\/strong><\/span><\/h1>\n<p style=\"text-align: center;\">Find here all the little fashion creations of the fairy Cousette!<\/p>","protected":false},"excerpt":{"rendered":"<p>V\u00eatements\u00a0\/ Accessoires \/ Wigs Retrouvez ici toutes les petites cr\u00e9ations fashion de la f\u00e9e Cousette !<\/p>","protected":false},"author":2,"featured_media":0,"parent":0,"menu_order":0,"comment_status":"closed","ping_status":"closed","template":"template-portfolio-gallery.php","meta":{"_vp_format_video_url":"","_vp_image_focal_point":[],"footnotes":""},"class_list":["post-4024","page","type-page","status-publish","hentry"],"yoast_head":"<!-- This site is optimized with the Yoast SEO plugin v27.1.1 - https:\/\/yoast.com\/product\/yoast-seo-wordpress\/ -->\n<title>Fashion - Le Mouton en Sucre<\/title>\n<meta name=\"description\" content=\"Les cr\u00e9ations d&#039;accessoires fashion et couture sont rang\u00e9es ici. Visitez les albums v\u00eatements, housses, maisonettes...\" \/>\n<meta name=\"robots\" content=\"index, follow, max-snippet:-1, max-image-preview:large, max-video-preview:-1\" \/>\n<link rel=\"canonical\" href=\"https:\/\/mouton-en-sucre.com\/en\/fashion\/\" \/>\n<meta property=\"og:locale\" content=\"en_GB\" \/>\n<meta property=\"og:type\" content=\"article\" \/>\n<meta property=\"og:title\" content=\"Fashion - Le Mouton en Sucre\" \/>\n<meta property=\"og:description\" content=\"Les cr\u00e9ations d&#039;accessoires fashion et couture sont rang\u00e9es ici. Visitez les albums v\u00eatements, housses, maisonettes...\" \/>\n<meta property=\"og:url\" content=\"https:\/\/mouton-en-sucre.com\/en\/fashion\/\" \/>\n<meta property=\"og:site_name\" content=\"Le Mouton en Sucre\" \/>\n<meta property=\"article:modified_time\" content=\"2023-01-31T18:40:43+00:00\" \/>\n<meta property=\"og:image\" content=\"https:\/\/mouton-en-sucre.com\/wp-content\/uploads\/2017\/07\/FashionCreaImg.jpg\" \/>\n<meta name=\"twitter:label1\" content=\"Estimated reading time\" \/>\n\t<meta name=\"twitter:data1\" content=\"1 minute\" \/>\n<script type=\"application\/ld+json\" class=\"yoast-schema-graph\">{\"@context\":\"https:\/\/schema.org\",\"@graph\":[{\"@type\":\"WebPage\",\"@id\":\"https:\/\/mouton-en-sucre.com\/fashion\/\",\"url\":\"https:\/\/mouton-en-sucre.com\/fashion\/\",\"name\":\"Fashion - Le Mouton en Sucre\",\"isPartOf\":{\"@id\":\"https:\/\/mouton-en-sucre.com\/#website\"},\"primaryImageOfPage\":{\"@id\":\"https:\/\/mouton-en-sucre.com\/fashion\/#primaryimage\"},\"image\":{\"@id\":\"https:\/\/mouton-en-sucre.com\/fashion\/#primaryimage\"},\"thumbnailUrl\":\"https:\/\/mouton-en-sucre.com\/wp-content\/uploads\/2017\/07\/FashionCreaImg.jpg\",\"datePublished\":\"2017-07-23T12:04:14+00:00\",\"dateModified\":\"2023-01-31T18:40:43+00:00\",\"description\":\"Les cr\u00e9ations d'accessoires fashion et couture sont rang\u00e9es ici. Visitez les albums v\u00eatements, housses, maisonettes...\",\"inLanguage\":\"en-GB\",\"potentialAction\":[{\"@type\":\"ReadAction\",\"target\":[\"https:\/\/mouton-en-sucre.com\/fashion\/\"]}]},{\"@type\":\"ImageObject\",\"inLanguage\":\"en-GB\",\"@id\":\"https:\/\/mouton-en-sucre.com\/fashion\/#primaryimage\",\"url\":\"https:\/\/mouton-en-sucre.com\/wp-content\/uploads\/2017\/07\/FashionCreaImg.jpg\",\"contentUrl\":\"https:\/\/mouton-en-sucre.com\/wp-content\/uploads\/2017\/07\/FashionCreaImg.jpg\"},{\"@type\":\"WebSite\",\"@id\":\"https:\/\/mouton-en-sucre.com\/#website\",\"url\":\"https:\/\/mouton-en-sucre.com\/\",\"name\":\"Le Mouton en Sucre\",\"description\":\"Cr\u00e9ateurs de douceurs pour les yeux\",\"potentialAction\":[{\"@type\":\"SearchAction\",\"target\":{\"@type\":\"EntryPoint\",\"urlTemplate\":\"https:\/\/mouton-en-sucre.com\/?s={search_term_string}\"},\"query-input\":{\"@type\":\"PropertyValueSpecification\",\"valueRequired\":true,\"valueName\":\"search_term_string\"}}],\"inLanguage\":\"en-GB\"}]}<\/script>\n<!-- \/ Yoast SEO plugin. -->","yoast_head_json":{"title":"Fashion - Le Mouton en Sucre","description":"Les cr\u00e9ations d'accessoires fashion et couture sont rang\u00e9es ici. Visitez les albums v\u00eatements, housses, maisonettes...","robots":{"index":"index","follow":"follow","max-snippet":"max-snippet:-1","max-image-preview":"max-image-preview:large","max-video-preview":"max-video-preview:-1"},"canonical":"https:\/\/mouton-en-sucre.com\/en\/fashion\/","og_locale":"en_GB","og_type":"article","og_title":"Fashion - Le Mouton en Sucre","og_description":"Les cr\u00e9ations d'accessoires fashion et couture sont rang\u00e9es ici. Visitez les albums v\u00eatements, housses, maisonettes...","og_url":"https:\/\/mouton-en-sucre.com\/en\/fashion\/","og_site_name":"Le Mouton en Sucre","article_modified_time":"2023-01-31T18:40:43+00:00","og_image":[{"url":"https:\/\/mouton-en-sucre.com\/wp-content\/uploads\/2017\/07\/FashionCreaImg.jpg","type":"","width":"","height":""}],"twitter_misc":{"Estimated reading time":"1 minute"},"schema":{"@context":"https:\/\/schema.org","@graph":[{"@type":"WebPage","@id":"https:\/\/mouton-en-sucre.com\/fashion\/","url":"https:\/\/mouton-en-sucre.com\/fashion\/","name":"Fashion - Le Mouton en Sucre","isPartOf":{"@id":"https:\/\/mouton-en-sucre.com\/#website"},"primaryImageOfPage":{"@id":"https:\/\/mouton-en-sucre.com\/fashion\/#primaryimage"},"image":{"@id":"https:\/\/mouton-en-sucre.com\/fashion\/#primaryimage"},"thumbnailUrl":"https:\/\/mouton-en-sucre.com\/wp-content\/uploads\/2017\/07\/FashionCreaImg.jpg","datePublished":"2017-07-23T12:04:14+00:00","dateModified":"2023-01-31T18:40:43+00:00","description":"Les cr\u00e9ations d'accessoires fashion et couture sont rang\u00e9es ici. Visitez les albums v\u00eatements, housses, maisonettes...","inLanguage":"en-GB","potentialAction":[{"@type":"ReadAction","target":["https:\/\/mouton-en-sucre.com\/fashion\/"]}]},{"@type":"ImageObject","inLanguage":"en-GB","@id":"https:\/\/mouton-en-sucre.com\/fashion\/#primaryimage","url":"https:\/\/mouton-en-sucre.com\/wp-content\/uploads\/2017\/07\/FashionCreaImg.jpg","contentUrl":"https:\/\/mouton-en-sucre.com\/wp-content\/uploads\/2017\/07\/FashionCreaImg.jpg"},{"@type":"WebSite","@id":"https:\/\/mouton-en-sucre.com\/#website","url":"https:\/\/mouton-en-sucre.com\/","name":"Le Mouton en Sucre","description":"Cr\u00e9ateurs de douceurs pour les yeux","potentialAction":[{"@type":"SearchAction","target":{"@type":"EntryPoint","urlTemplate":"https:\/\/mouton-en-sucre.com\/?s={search_term_string}"},"query-input":{"@type":"PropertyValueSpecification","valueRequired":true,"valueName":"search_term_string"}}],"inLanguage":"en-GB"}]}},"_links":{"self":[{"href":"https:\/\/mouton-en-sucre.com\/en\/wp-json\/wp\/v2\/pages\/4024","targetHints":{"allow":["GET"]}}],"collection":[{"href":"https:\/\/mouton-en-sucre.com\/en\/wp-json\/wp\/v2\/pages"}],"about":[{"href":"https:\/\/mouton-en-sucre.com\/en\/wp-json\/wp\/v2\/types\/page"}],"author":[{"embeddable":true,"href":"https:\/\/mouton-en-sucre.com\/en\/wp-json\/wp\/v2\/users\/2"}],"replies":[{"embeddable":true,"href":"https:\/\/mouton-en-sucre.com\/en\/wp-json\/wp\/v2\/comments?post=4024"}],"version-history":[{"count":5,"href":"https:\/\/mouton-en-sucre.com\/en\/wp-json\/wp\/v2\/pages\/4024\/revisions"}],"predecessor-version":[{"id":15337,"href":"https:\/\/mouton-en-sucre.com\/en\/wp-json\/wp\/v2\/pages\/4024\/revisions\/15337"}],"wp:attachment":[{"href":"https:\/\/mouton-en-sucre.com\/en\/wp-json\/wp\/v2\/media?parent=4024"}],"curies":[{"name":"wp","href":"https:\/\/api.w.org\/{rel}","templated":true}]}}