{"id":2702,"date":"2015-07-17T23:05:15","date_gmt":"2015-07-17T21:05:15","guid":{"rendered":"http:\/\/mouton-en-sucre.com\/?page_id=2702"},"modified":"2015-07-18T12:00:08","modified_gmt":"2015-07-18T10:00:08","slug":"les-blythes","status":"publish","type":"page","link":"https:\/\/mouton-en-sucre.com\/en\/les-blythes\/","title":{"rendered":"Blythes"},"content":{"rendered":"<div class=\"section-full-width section-light-bg\" style=\"background-color:#ffffff;\"><div class=\"section-boxed\" style=\"color:#262626;\"><h2 class=\"section-title\" style=\"color:#444444;\">Les Blythes<\/h2>\n<div class=\"cols-wrapper cols-2\">\n<div class=\"col\">\n<p>Blythe appara\u00eet\u00a0dans les ann\u00e9es 70&rsquo;s. Tr\u00e8s en avance pour leur \u00e9poque les Blythes ont \u00e9t\u00e9 commercialis\u00e9es durant une seule ann\u00e9e aux \u00c9tats-Unis, en Australie et au Japon en 1972 avant de tomber dans l&rsquo;oubli. La poup\u00e9e originale produite par la soci\u00e9t\u00e9 Kenner devient culte aupr\u00e8s des collectionneurs et des photographes des ann\u00e9es plus tard gr\u00e2ce au design d&rsquo;Allison Katzman qui cherchait \u00e0 rivaliser avec la fameuse Barbie.<\/p>\n<p>Pour cela elle \u00e0 invent\u00e9 un syst\u00e8me attrayant d&rsquo;yeux changeants de couleur sur la\u00a0poup\u00e9e inspir\u00e9e de Betty Boop.<\/p>\n<p>C&rsquo;est en 1997, suite \u00e0 une campagne publicitaire pour une cha\u00eene de grands magasins dont Blythe est la star, qu&rsquo;elle gagne le c\u0153ur d&rsquo;une jeunesse populaire et se fait enfin une place.<\/p>\n<p>En 2001, Hasbro donne \u00e0\u00a0Takara au\u00a0Japon et CWC une licence pour produire la Nouvelle \u00c9dition de Blythe : la\u00a0N\u00e9o-Blythe.<\/p>\n<\/div>\n<div class=\"col nomargin\">\n<p><span id=\"tran0\">Il existe plusieurs tailles de Blythe mais seule l&rsquo;originale poss\u00e8de le syst\u00e8me sur les yeux.\u00a0Son prix peux varier de quelques dizaines d&rsquo;eros \u00e0 plusieurs centaines, voire beaucoup plus pour les poup\u00e9es datant de 1972 !<\/span><\/p>\n<p>Malheureusement il existe de nombreuses copies ( Blybe, Basaak et Cce dolls)\u00a0et contrefa\u00e7ons de la Blythe.<br \/>\nLes contrefa\u00e7ons se trouvent souvent sur Ebay mais \u00e9videment vous n&rsquo;aurez ni la poup\u00e9e authentique ni sa qualit\u00e9 ni son rendu esth\u00e9tique&#8230; Pour le copies, ce sont des marques qui ont cherch\u00e9 \u00e0 utiliser le style Blythe pour attirer un public d\u00e9j\u00e0 conquis, et l\u00e0 encore on retrouve des poup\u00e9es de moindre qualit\u00e9 \u00e0 prix tr\u00e8s comp\u00e9titif, mais aussi tr\u00e8s fragiles avec\u00a0un corps \u00e9loign\u00e9 de celui des Blythe et un rendu beaucoup moins agr\u00e9able.<\/p>\n<\/div>\n<\/div>\n<p>Une Blythe sp\u00e9ciale \u00e0 m\u00eame \u00e9t\u00e9 redessin\u00e9e et adapt\u00e9e par la marque l\u00e9gitime pour \u00eatre int\u00e9gr\u00e9e \u00e0 l&rsquo;univers des Littlest PetShop. La d\u00e9marche commerciale est originale mais la poup\u00e9e bien moins craquante que son alpha.<\/p>\n<p>&nbsp;<\/p>\n<h2 class=\"page-heading\">Les Blythes en 1972<\/h2>\n<p><img decoding=\"async\" class=\"img-frame aligncenter\" src=\"https:\/\/mouton-en-sucre.com\/wp-content\/uploads\/2015\/07\/Kenner_blythe_dolls.jpg\" alt=\"\" \/><\/p>\n<\/div><\/div>\n<h2 class=\"page-heading\"><strong>Les Blythes aujourd&rsquo;hui<\/strong><\/h2>\n<p>&nbsp;<\/p>\n<div class=\"quick-gallery\"><div class=\"qg-img\" data-defwidth=\"198\"><a href=\"https:\/\/mouton-en-sucre.com\/wp-content\/uploads\/2015\/07\/8ec260f2b4d78df1b785b1fd6f388fb8monica.jpg\" rel=\"lightbox[group-1]\" title=\"\" ><img decoding=\"async\" src=\"https:\/\/mouton-en-sucre.com\/wp-content\/uploads\/2015\/07\/8ec260f2b4d78df1b785b1fd6f388fb8monica-198x200.jpg\" \/><div class=\"qg-overlay\"><span class=\"icon-circle\"><span class=\"pg-icon lightbox-icon\"><\/span><\/span><span class=\"qg-title\">\u00a9 Monica<\/span><\/div><\/a><\/div><div class=\"qg-img\" data-defwidth=\"198\"><a href=\"https:\/\/mouton-en-sucre.com\/wp-content\/uploads\/2015\/07\/4752a205f821f3f1f01860d834893981bebeimaginary.jpg\" rel=\"lightbox[group-1]\" title=\"\" ><img decoding=\"async\" src=\"https:\/\/mouton-en-sucre.com\/wp-content\/uploads\/2015\/07\/4752a205f821f3f1f01860d834893981bebeimaginary-198x200.jpg\" \/><div class=\"qg-overlay\"><span class=\"icon-circle\"><span class=\"pg-icon lightbox-icon\"><\/span><\/span><span class=\"qg-title\">\u00a9 Bebeimaginary<\/span><\/div><\/a><\/div><div class=\"qg-img\" data-defwidth=\"198\"><a href=\"https:\/\/mouton-en-sucre.com\/wp-content\/uploads\/2015\/07\/14837956195_16c0d93352_kass.jpg\" rel=\"lightbox[group-1]\" title=\"\" ><img decoding=\"async\" src=\"https:\/\/mouton-en-sucre.com\/wp-content\/uploads\/2015\/07\/14837956195_16c0d93352_kass-198x200.jpg\" \/><div class=\"qg-overlay\"><span class=\"icon-circle\"><span class=\"pg-icon lightbox-icon\"><\/span><\/span><span class=\"qg-title\">\u00a9 Kassandrabox<\/span><\/div><\/a><\/div><div class=\"qg-img\" data-defwidth=\"198\"><a href=\"https:\/\/mouton-en-sucre.com\/wp-content\/uploads\/2015\/07\/blythe_b13.jpg\" rel=\"lightbox[group-1]\" title=\"\" ><img decoding=\"async\" src=\"https:\/\/mouton-en-sucre.com\/wp-content\/uploads\/2015\/07\/blythe_b13-198x200.jpg\" \/><div class=\"qg-overlay\"><span class=\"icon-circle\"><span class=\"pg-icon lightbox-icon\"><\/span><\/span><span class=\"qg-title\">\u00a9 Ragazza<\/span><\/div><\/a><\/div><div class=\"qg-img\" data-defwidth=\"198\"><a href=\"https:\/\/mouton-en-sucre.com\/wp-content\/uploads\/2015\/07\/blythe_b23.jpg\" rel=\"lightbox[group-1]\" title=\"\" ><img decoding=\"async\" src=\"https:\/\/mouton-en-sucre.com\/wp-content\/uploads\/2015\/07\/blythe_b23-198x200.jpg\" \/><div class=\"qg-overlay\"><span class=\"icon-circle\"><span class=\"pg-icon lightbox-icon\"><\/span><\/span><span class=\"qg-title\">\u00a9 Hola Gominola<\/span><\/div><\/a><\/div><div class=\"qg-img\" data-defwidth=\"198\"><a href=\"https:\/\/mouton-en-sucre.com\/wp-content\/uploads\/2015\/07\/blythe16.jpg\" rel=\"lightbox[group-1]\" title=\"\" ><img decoding=\"async\" src=\"https:\/\/mouton-en-sucre.com\/wp-content\/uploads\/2015\/07\/blythe16-198x200.jpg\" \/><div class=\"qg-overlay\"><span class=\"icon-circle\"><span class=\"pg-icon lightbox-icon\"><\/span><\/span><span class=\"qg-title\">\u00a9 O Chiappone<\/span><\/div><\/a><\/div><div class=\"qg-img\" data-defwidth=\"198\"><a href=\"https:\/\/mouton-en-sucre.com\/wp-content\/uploads\/2015\/07\/blythe33.jpg\" rel=\"lightbox[group-1]\" title=\"\" ><img decoding=\"async\" src=\"https:\/\/mouton-en-sucre.com\/wp-content\/uploads\/2015\/07\/blythe33-198x200.jpg\" \/><div class=\"qg-overlay\"><span class=\"icon-circle\"><span class=\"pg-icon lightbox-icon\"><\/span><\/span><span class=\"qg-title\">\u00a9 O Chiappone<\/span><\/div><\/a><\/div><div class=\"qg-img\" data-defwidth=\"198\"><a href=\"https:\/\/mouton-en-sucre.com\/wp-content\/uploads\/2015\/07\/luna__ooak_custom_blythe_doll__by_katalin89-d8gzv85.jpg\" rel=\"lightbox[group-1]\" title=\"\" ><img decoding=\"async\" src=\"https:\/\/mouton-en-sucre.com\/wp-content\/uploads\/2015\/07\/luna__ooak_custom_blythe_doll__by_katalin89-d8gzv85-198x200.jpg\" \/><div class=\"qg-overlay\"><span class=\"icon-circle\"><span class=\"pg-icon lightbox-icon\"><\/span><\/span><span class=\"qg-title\">\u00a9 Unnie Dolls<\/span><\/div><\/a><\/div><div class=\"qg-img\" data-defwidth=\"198\"><a href=\"https:\/\/mouton-en-sucre.com\/wp-content\/uploads\/2015\/07\/vintage_date04.jpg\" rel=\"lightbox[group-1]\" title=\"\" ><img decoding=\"async\" src=\"https:\/\/mouton-en-sucre.com\/wp-content\/uploads\/2015\/07\/vintage_date04-198x200.jpg\" \/><div class=\"qg-overlay\"><span class=\"icon-circle\"><span class=\"pg-icon lightbox-icon\"><\/span><\/span><span class=\"qg-title\">\u00a9 Chu Things<\/span><\/div><\/a><\/div><div class=\"qg-img\" data-defwidth=\"198\"><a href=\"https:\/\/mouton-en-sucre.com\/wp-content\/uploads\/2015\/07\/64567710_acbf8d3a54.jpg\" rel=\"lightbox[group-1]\" title=\"\" ><img decoding=\"async\" src=\"https:\/\/mouton-en-sucre.com\/wp-content\/uploads\/2015\/07\/64567710_acbf8d3a54-198x200.jpg\" \/><div class=\"qg-overlay\"><span class=\"icon-circle\"><span class=\"pg-icon lightbox-icon\"><\/span><\/span><span class=\"qg-title\">\u00a9 C Noeffie<\/span><\/div><\/a><\/div><div class=\"clear\"><\/div><\/div>\n<div class=\"section-full-width section-light2\" style=\"background-color:#fba4fc;\"><div class=\"section-boxed\" style=\"color:#171717;\">\n<h2 class=\"page-heading\">Plus sur les Blythe<\/h2>\n<ul class=\"bullet_star imglist\">\n<li><a href=\"http:\/\/www.blythedoll.com\/en\/\" target=\"_blank\">Le Shop officiel<\/a><\/li>\n<li><a href=\"http:\/\/www.222am.org\/how-to-buy-a-blythe-doll\/\" target=\"_blank\">Plus d&rsquo;infos ici<\/a><\/li>\n<\/ul>\n<\/div><\/div>\n","protected":false},"excerpt":{"rendered":"<p>Blythes now &nbsp;<\/p>","protected":false},"author":2,"featured_media":0,"parent":0,"menu_order":0,"comment_status":"closed","ping_status":"open","template":"template-full-custom.php","meta":{"_vp_format_video_url":"","_vp_image_focal_point":[],"footnotes":""},"class_list":["post-2702","page","type-page","status-publish","hentry"],"yoast_head":"<!-- This site is optimized with the Yoast SEO plugin v27.1.1 - https:\/\/yoast.com\/product\/yoast-seo-wordpress\/ -->\n<title>Les Blythes - Le Mouton en Sucre<\/title>\n<meta name=\"description\" content=\"Les Blythes sont des poup\u00e9es articul\u00e9es tout droit arriv\u00e9es des 70&#039;s ! Un peu vintage mais trop craquantes elles sont tr\u00e8s appr\u00e9ci\u00e9es des collectionneurs !\" \/>\n<meta name=\"robots\" content=\"index, follow, max-snippet:-1, max-image-preview:large, max-video-preview:-1\" \/>\n<link rel=\"canonical\" href=\"https:\/\/mouton-en-sucre.com\/en\/les-blythes\/\" \/>\n<meta property=\"og:locale\" content=\"en_GB\" \/>\n<meta property=\"og:type\" content=\"article\" \/>\n<meta property=\"og:title\" content=\"Les Blythes - Le Mouton en Sucre\" \/>\n<meta property=\"og:description\" content=\"Les Blythes sont des poup\u00e9es articul\u00e9es tout droit arriv\u00e9es des 70&#039;s ! Un peu vintage mais trop craquantes elles sont tr\u00e8s appr\u00e9ci\u00e9es des collectionneurs !\" \/>\n<meta property=\"og:url\" content=\"https:\/\/mouton-en-sucre.com\/en\/les-blythes\/\" \/>\n<meta property=\"og:site_name\" content=\"Le Mouton en Sucre\" \/>\n<meta property=\"article:modified_time\" content=\"2015-07-18T10:00:08+00:00\" \/>\n<meta property=\"og:image\" content=\"https:\/\/mouton-en-sucre.com\/wp-content\/uploads\/2015\/07\/8ec260f2b4d78df1b785b1fd6f388fb8monica-198x246.jpg\" \/>\n<meta name=\"twitter:label1\" content=\"Estimated reading time\" \/>\n\t<meta name=\"twitter:data1\" content=\"2 minutes\" \/>\n<script type=\"application\/ld+json\" class=\"yoast-schema-graph\">{\"@context\":\"https:\/\/schema.org\",\"@graph\":[{\"@type\":\"WebPage\",\"@id\":\"https:\/\/mouton-en-sucre.com\/les-blythes\/\",\"url\":\"https:\/\/mouton-en-sucre.com\/les-blythes\/\",\"name\":\"Les Blythes - Le Mouton en Sucre\",\"isPartOf\":{\"@id\":\"https:\/\/mouton-en-sucre.com\/#website\"},\"primaryImageOfPage\":{\"@id\":\"https:\/\/mouton-en-sucre.com\/les-blythes\/#primaryimage\"},\"image\":{\"@id\":\"https:\/\/mouton-en-sucre.com\/les-blythes\/#primaryimage\"},\"thumbnailUrl\":\"https:\/\/mouton-en-sucre.com\/wp-content\/uploads\/2015\/07\/Kenner_blythe_dolls.jpg\",\"datePublished\":\"2015-07-17T21:05:15+00:00\",\"dateModified\":\"2015-07-18T10:00:08+00:00\",\"description\":\"Les Blythes sont des poup\u00e9es articul\u00e9es tout droit arriv\u00e9es des 70's ! Un peu vintage mais trop craquantes elles sont tr\u00e8s appr\u00e9ci\u00e9es des collectionneurs !\",\"inLanguage\":\"en-GB\",\"potentialAction\":[{\"@type\":\"ReadAction\",\"target\":[\"https:\/\/mouton-en-sucre.com\/les-blythes\/\"]}]},{\"@type\":\"ImageObject\",\"inLanguage\":\"en-GB\",\"@id\":\"https:\/\/mouton-en-sucre.com\/les-blythes\/#primaryimage\",\"url\":\"https:\/\/mouton-en-sucre.com\/wp-content\/uploads\/2015\/07\/Kenner_blythe_dolls.jpg\",\"contentUrl\":\"https:\/\/mouton-en-sucre.com\/wp-content\/uploads\/2015\/07\/Kenner_blythe_dolls.jpg\"},{\"@type\":\"WebSite\",\"@id\":\"https:\/\/mouton-en-sucre.com\/#website\",\"url\":\"https:\/\/mouton-en-sucre.com\/\",\"name\":\"Le Mouton en Sucre\",\"description\":\"Cr\u00e9ateurs de douceurs pour les yeux\",\"potentialAction\":[{\"@type\":\"SearchAction\",\"target\":{\"@type\":\"EntryPoint\",\"urlTemplate\":\"https:\/\/mouton-en-sucre.com\/?s={search_term_string}\"},\"query-input\":{\"@type\":\"PropertyValueSpecification\",\"valueRequired\":true,\"valueName\":\"search_term_string\"}}],\"inLanguage\":\"en-GB\"}]}<\/script>\n<!-- \/ Yoast SEO plugin. -->","yoast_head_json":{"title":"Les Blythes - Le Mouton en Sucre","description":"Les Blythes sont des poup\u00e9es articul\u00e9es tout droit arriv\u00e9es des 70's ! Un peu vintage mais trop craquantes elles sont tr\u00e8s appr\u00e9ci\u00e9es des collectionneurs !","robots":{"index":"index","follow":"follow","max-snippet":"max-snippet:-1","max-image-preview":"max-image-preview:large","max-video-preview":"max-video-preview:-1"},"canonical":"https:\/\/mouton-en-sucre.com\/en\/les-blythes\/","og_locale":"en_GB","og_type":"article","og_title":"Les Blythes - Le Mouton en Sucre","og_description":"Les Blythes sont des poup\u00e9es articul\u00e9es tout droit arriv\u00e9es des 70's ! Un peu vintage mais trop craquantes elles sont tr\u00e8s appr\u00e9ci\u00e9es des collectionneurs !","og_url":"https:\/\/mouton-en-sucre.com\/en\/les-blythes\/","og_site_name":"Le Mouton en Sucre","article_modified_time":"2015-07-18T10:00:08+00:00","og_image":[{"url":"https:\/\/mouton-en-sucre.com\/wp-content\/uploads\/2015\/07\/8ec260f2b4d78df1b785b1fd6f388fb8monica-198x246.jpg","type":"","width":"","height":""}],"twitter_misc":{"Estimated reading time":"2 minutes"},"schema":{"@context":"https:\/\/schema.org","@graph":[{"@type":"WebPage","@id":"https:\/\/mouton-en-sucre.com\/les-blythes\/","url":"https:\/\/mouton-en-sucre.com\/les-blythes\/","name":"Les Blythes - Le Mouton en Sucre","isPartOf":{"@id":"https:\/\/mouton-en-sucre.com\/#website"},"primaryImageOfPage":{"@id":"https:\/\/mouton-en-sucre.com\/les-blythes\/#primaryimage"},"image":{"@id":"https:\/\/mouton-en-sucre.com\/les-blythes\/#primaryimage"},"thumbnailUrl":"https:\/\/mouton-en-sucre.com\/wp-content\/uploads\/2015\/07\/Kenner_blythe_dolls.jpg","datePublished":"2015-07-17T21:05:15+00:00","dateModified":"2015-07-18T10:00:08+00:00","description":"Les Blythes sont des poup\u00e9es articul\u00e9es tout droit arriv\u00e9es des 70's ! Un peu vintage mais trop craquantes elles sont tr\u00e8s appr\u00e9ci\u00e9es des collectionneurs !","inLanguage":"en-GB","potentialAction":[{"@type":"ReadAction","target":["https:\/\/mouton-en-sucre.com\/les-blythes\/"]}]},{"@type":"ImageObject","inLanguage":"en-GB","@id":"https:\/\/mouton-en-sucre.com\/les-blythes\/#primaryimage","url":"https:\/\/mouton-en-sucre.com\/wp-content\/uploads\/2015\/07\/Kenner_blythe_dolls.jpg","contentUrl":"https:\/\/mouton-en-sucre.com\/wp-content\/uploads\/2015\/07\/Kenner_blythe_dolls.jpg"},{"@type":"WebSite","@id":"https:\/\/mouton-en-sucre.com\/#website","url":"https:\/\/mouton-en-sucre.com\/","name":"Le Mouton en Sucre","description":"Cr\u00e9ateurs de douceurs pour les yeux","potentialAction":[{"@type":"SearchAction","target":{"@type":"EntryPoint","urlTemplate":"https:\/\/mouton-en-sucre.com\/?s={search_term_string}"},"query-input":{"@type":"PropertyValueSpecification","valueRequired":true,"valueName":"search_term_string"}}],"inLanguage":"en-GB"}]}},"_links":{"self":[{"href":"https:\/\/mouton-en-sucre.com\/en\/wp-json\/wp\/v2\/pages\/2702","targetHints":{"allow":["GET"]}}],"collection":[{"href":"https:\/\/mouton-en-sucre.com\/en\/wp-json\/wp\/v2\/pages"}],"about":[{"href":"https:\/\/mouton-en-sucre.com\/en\/wp-json\/wp\/v2\/types\/page"}],"author":[{"embeddable":true,"href":"https:\/\/mouton-en-sucre.com\/en\/wp-json\/wp\/v2\/users\/2"}],"replies":[{"embeddable":true,"href":"https:\/\/mouton-en-sucre.com\/en\/wp-json\/wp\/v2\/comments?post=2702"}],"version-history":[{"count":10,"href":"https:\/\/mouton-en-sucre.com\/en\/wp-json\/wp\/v2\/pages\/2702\/revisions"}],"predecessor-version":[{"id":2731,"href":"https:\/\/mouton-en-sucre.com\/en\/wp-json\/wp\/v2\/pages\/2702\/revisions\/2731"}],"wp:attachment":[{"href":"https:\/\/mouton-en-sucre.com\/en\/wp-json\/wp\/v2\/media?parent=2702"}],"curies":[{"name":"wp","href":"https:\/\/api.w.org\/{rel}","templated":true}]}}