{"id":242,"date":"2013-07-28T00:02:37","date_gmt":"2013-07-27T23:02:37","guid":{"rendered":"http:\/\/www.artifices-dolls.fr\/?page_id=242"},"modified":"2023-09-13T13:20:47","modified_gmt":"2023-09-13T11:20:47","slug":"calendar","status":"publish","type":"page","link":"https:\/\/mouton-en-sucre.com\/en\/calendar\/","title":{"rendered":"Calendar"},"content":{"rendered":"<h1 style=\"text-align: center;\"><strong>CALENDAR<\/strong><\/h1>\n<p style=\"text-align: center;\">In this calendar, find all the important dates for Le <a title=\"Le Mouton en Sucre\" href=\"https:\/\/mouton-en-sucre.com\/en\/\">Mouton en Sucre<\/a>. Festivals presentations, and preorder times. We hope that this tool will be useful.<\/p>\n<p>&nbsp;<\/p>\n<hr \/>\n<h2><\/h2>\n<h2><strong>FESTIVALS<\/strong><\/h2>\n<p><strong>Festiv&rsquo;at Home 3<\/strong> &#8211; 16 oct 2022<\/p>\n<p><strong>Dolly Day Golden<\/strong> &#8211; 10 juin 2023<\/p>\n<p><strong>Festiv&rsquo;at Home 4<\/strong> &#8211; 22 oct 2023<\/p>\n<p>&nbsp;<\/p>\n<hr \/>\n<h2><\/h2>\n<h2><strong>DOLL PREORDER PLAN 2023<\/strong><\/h2>\n<p><strong>DOLLS<\/strong> \u2013 Stock sale event<\/p>","protected":false},"excerpt":{"rendered":"<p>LE CALENDRIER Dans ce calendrier, retrouvez toutes les dates importantes pour le Mouton en Sucre. Les festivals y sont pr\u00e9sent\u00e9s, [&hellip;]<\/p>\n","protected":false},"author":2,"featured_media":0,"parent":0,"menu_order":0,"comment_status":"closed","ping_status":"closed","template":"","meta":{"_vp_format_video_url":"","_vp_image_focal_point":[],"footnotes":""},"class_list":["post-242","page","type-page","status-publish","hentry"],"yoast_head":"<!-- This site is optimized with the Yoast SEO plugin v27.1.1 - https:\/\/yoast.com\/product\/yoast-seo-wordpress\/ -->\n<title>Calendrier - Le Mouton en Sucre<\/title>\n<meta name=\"description\" content=\"D\u00e9couvrez notre calendrier des \u00e9v\u00e9nements : Festivals, pr\u00e9orders, ventes sp\u00e9ciales... Retrouvez le planning de l&#039;atelier.\" \/>\n<meta name=\"robots\" content=\"index, follow, max-snippet:-1, max-image-preview:large, max-video-preview:-1\" \/>\n<link rel=\"canonical\" href=\"https:\/\/mouton-en-sucre.com\/en\/calendar\/\" \/>\n<meta property=\"og:locale\" content=\"en_GB\" \/>\n<meta property=\"og:type\" content=\"article\" \/>\n<meta property=\"og:title\" content=\"Calendrier - Le Mouton en Sucre\" \/>\n<meta property=\"og:description\" content=\"D\u00e9couvrez notre calendrier des \u00e9v\u00e9nements : Festivals, pr\u00e9orders, ventes sp\u00e9ciales... Retrouvez le planning de l&#039;atelier.\" \/>\n<meta property=\"og:url\" content=\"https:\/\/mouton-en-sucre.com\/en\/calendar\/\" \/>\n<meta property=\"og:site_name\" content=\"Le Mouton en Sucre\" \/>\n<meta property=\"article:modified_time\" content=\"2023-09-13T11:20:47+00:00\" \/>\n<meta name=\"twitter:label1\" content=\"Estimated reading time\" \/>\n\t<meta name=\"twitter:data1\" content=\"1 minute\" \/>\n<script type=\"application\/ld+json\" class=\"yoast-schema-graph\">{\"@context\":\"https:\/\/schema.org\",\"@graph\":[{\"@type\":\"WebPage\",\"@id\":\"https:\/\/mouton-en-sucre.com\/calendar\/\",\"url\":\"https:\/\/mouton-en-sucre.com\/calendar\/\",\"name\":\"Calendrier - Le Mouton en Sucre\",\"isPartOf\":{\"@id\":\"https:\/\/mouton-en-sucre.com\/#website\"},\"datePublished\":\"2013-07-27T23:02:37+00:00\",\"dateModified\":\"2023-09-13T11:20:47+00:00\",\"description\":\"D\u00e9couvrez notre calendrier des \u00e9v\u00e9nements : Festivals, pr\u00e9orders, ventes sp\u00e9ciales... Retrouvez le planning de l'atelier.\",\"inLanguage\":\"en-GB\",\"potentialAction\":[{\"@type\":\"ReadAction\",\"target\":[\"https:\/\/mouton-en-sucre.com\/calendar\/\"]}]},{\"@type\":\"WebSite\",\"@id\":\"https:\/\/mouton-en-sucre.com\/#website\",\"url\":\"https:\/\/mouton-en-sucre.com\/\",\"name\":\"Le Mouton en Sucre\",\"description\":\"Cr\u00e9ateurs de douceurs pour les yeux\",\"potentialAction\":[{\"@type\":\"SearchAction\",\"target\":{\"@type\":\"EntryPoint\",\"urlTemplate\":\"https:\/\/mouton-en-sucre.com\/?s={search_term_string}\"},\"query-input\":{\"@type\":\"PropertyValueSpecification\",\"valueRequired\":true,\"valueName\":\"search_term_string\"}}],\"inLanguage\":\"en-GB\"}]}<\/script>\n<!-- \/ Yoast SEO plugin. -->","yoast_head_json":{"title":"Calendrier - Le Mouton en Sucre","description":"D\u00e9couvrez notre calendrier des \u00e9v\u00e9nements : Festivals, pr\u00e9orders, ventes sp\u00e9ciales... Retrouvez le planning de l'atelier.","robots":{"index":"index","follow":"follow","max-snippet":"max-snippet:-1","max-image-preview":"max-image-preview:large","max-video-preview":"max-video-preview:-1"},"canonical":"https:\/\/mouton-en-sucre.com\/en\/calendar\/","og_locale":"en_GB","og_type":"article","og_title":"Calendrier - Le Mouton en Sucre","og_description":"D\u00e9couvrez notre calendrier des \u00e9v\u00e9nements : Festivals, pr\u00e9orders, ventes sp\u00e9ciales... Retrouvez le planning de l'atelier.","og_url":"https:\/\/mouton-en-sucre.com\/en\/calendar\/","og_site_name":"Le Mouton en Sucre","article_modified_time":"2023-09-13T11:20:47+00:00","twitter_misc":{"Estimated reading time":"1 minute"},"schema":{"@context":"https:\/\/schema.org","@graph":[{"@type":"WebPage","@id":"https:\/\/mouton-en-sucre.com\/calendar\/","url":"https:\/\/mouton-en-sucre.com\/calendar\/","name":"Calendrier - Le Mouton en Sucre","isPartOf":{"@id":"https:\/\/mouton-en-sucre.com\/#website"},"datePublished":"2013-07-27T23:02:37+00:00","dateModified":"2023-09-13T11:20:47+00:00","description":"D\u00e9couvrez notre calendrier des \u00e9v\u00e9nements : Festivals, pr\u00e9orders, ventes sp\u00e9ciales... Retrouvez le planning de l'atelier.","inLanguage":"en-GB","potentialAction":[{"@type":"ReadAction","target":["https:\/\/mouton-en-sucre.com\/calendar\/"]}]},{"@type":"WebSite","@id":"https:\/\/mouton-en-sucre.com\/#website","url":"https:\/\/mouton-en-sucre.com\/","name":"Le Mouton en Sucre","description":"Cr\u00e9ateurs de douceurs pour les yeux","potentialAction":[{"@type":"SearchAction","target":{"@type":"EntryPoint","urlTemplate":"https:\/\/mouton-en-sucre.com\/?s={search_term_string}"},"query-input":{"@type":"PropertyValueSpecification","valueRequired":true,"valueName":"search_term_string"}}],"inLanguage":"en-GB"}]}},"_links":{"self":[{"href":"https:\/\/mouton-en-sucre.com\/en\/wp-json\/wp\/v2\/pages\/242","targetHints":{"allow":["GET"]}}],"collection":[{"href":"https:\/\/mouton-en-sucre.com\/en\/wp-json\/wp\/v2\/pages"}],"about":[{"href":"https:\/\/mouton-en-sucre.com\/en\/wp-json\/wp\/v2\/types\/page"}],"author":[{"embeddable":true,"href":"https:\/\/mouton-en-sucre.com\/en\/wp-json\/wp\/v2\/users\/2"}],"replies":[{"embeddable":true,"href":"https:\/\/mouton-en-sucre.com\/en\/wp-json\/wp\/v2\/comments?post=242"}],"version-history":[{"count":39,"href":"https:\/\/mouton-en-sucre.com\/en\/wp-json\/wp\/v2\/pages\/242\/revisions"}],"predecessor-version":[{"id":16546,"href":"https:\/\/mouton-en-sucre.com\/en\/wp-json\/wp\/v2\/pages\/242\/revisions\/16546"}],"wp:attachment":[{"href":"https:\/\/mouton-en-sucre.com\/en\/wp-json\/wp\/v2\/media?parent=242"}],"curies":[{"name":"wp","href":"https:\/\/api.w.org\/{rel}","templated":true}]}}