{"id":174,"date":"2013-07-27T21:25:44","date_gmt":"2013-07-27T20:25:44","guid":{"rendered":"http:\/\/www.artifices-dolls.fr\/?page_id=174"},"modified":"2023-01-31T22:32:58","modified_gmt":"2023-01-31T21:32:58","slug":"les-monster-high","status":"publish","type":"page","link":"https:\/\/mouton-en-sucre.com\/en\/les-monster-high\/","title":{"rendered":"Monster High"},"content":{"rendered":"<div class=\"section-full-width section-light-bg\" style=\"background-color:#fff;\"><div class=\"section-boxed\" style=\"color:#4e4e4e;\"><h2 class=\"section-title\" style=\"color:#4e4e4e;\">Les Monster High<\/h2>&nbsp;<\/p>\n<div class=\"cols-wrapper cols-2\">\n<div class=\"col\">\n<p>Monster High est une franchise am\u00e9ricaine de poup\u00e9es mannequins lanc\u00e9e par Mattel en juillet 2010 aux \u00c9tats-Unis tir\u00e9e d&rsquo;une s\u00e9rie de livres du m\u00eame nom. Les personnages sont inspir\u00e9s de cr\u00e9atures monstrueuses issues de la litt\u00e9rature fantastique. Les Monster High incarnent chacune un monstre. Elles s&rsquo;accompagnent \u00e9galement d&rsquo;\u00e9pisodes sp\u00e9ciaux pour la t\u00e9l\u00e9vision et le march\u00e9 DVD, et d&rsquo;une web-s\u00e9rie. Le concept de Monster High met en sc\u00e8ne des adolescents tous descendants de monstres ou de cr\u00e9atures c\u00e9l\u00e8bres.<\/p>\n<p>Les poup\u00e9es mannequins mesurent 20 cm (pour les filles) ou 25 cm (pour les gar\u00e7ons). Leurs t\u00eates et leurs yeux sont volontairement surdimensionn\u00e9s. Chaque personnage b\u00e9n\u00e9ficie d&rsquo;un moule diff\u00e9rent pour la t\u00eate. Les poup\u00e9es filles Monster High peuvent enlever leurs mains et bras mais les gar\u00e7ons ne peuvent enlever que leurs bras. Chaque personnage est caract\u00e9ris\u00e9 par un style vestimentaire et une gamme de couleurs qui se retrouvent dans les diff\u00e9rentes collections. Une panoplie d&rsquo;accessoires s&rsquo;articule autour de cet univers, ailes, bijoux, v\u00eatements, sacs&#8230;<\/p>\n<\/div>\n<div class=\"col nomargin\">\n<p>Les poup\u00e9es s\u2019adressent aux adolescents mais aussi aux adultes gr\u00e2ce \u00e0 des \u00e9ditions et coffrets collectors. Leur corps est tr\u00e8s diff\u00e9rent de sa concurrente Barbie. La taille reste excessivement fine mais la cambrure accentue le cot\u00e9 lolita sexy, une petite poitrine et des hanches plus ch\u00e9tives correspondent mieux aux canons de beaut\u00e9 actuels par opposition \u00e0 sa copine descendant des ann\u00e9es 80.<\/p>\n<p><strong>Les h\u00e9ro\u00efnes principales sont :<\/strong><\/p>\n<ul>\n<li><b>Abbey Bominable<\/b>\u00a0(fille du y\u00e9ti)<\/li>\n<li><b>Clawdeen Wolf<\/b>\u00a0(fille d&rsquo;une loup garou)<\/li>\n<li><b>Cleo De Nile<\/b>\u00a0(fille de momie)<\/li>\n<li><b>Draculaura<\/b>\u00a0(fille de Dracula )<\/li>\n<li><b>Frankie Stein<\/b>\u00a0(fille de Frankenstein)<\/li>\n<li><b>Ghoulia Yelps<\/b>\u00a0(fille d&rsquo;un zombie)<\/li>\n<li><b>Lagoona Blue<\/b>\u00a0(fille d&rsquo;un monstre\u00a0marin)<\/li>\n<\/ul>\n<p>La customisation de Monster High est assez diff\u00e9rente de celle des BJD et Pullips. Les yeux \u00e9tant dessin\u00e9s enti\u00e8rement il faut les recr\u00e9er compl\u00e8tement pour changer la custo. Les cheveux eux aussi ne sont pas implant\u00e9s sur perruque mais directement dans le cr\u00e2ne de la poup\u00e9e. Pour changer ses cheveux il faut donc retirer cette implantation d\u00e9licatement et rerooter la doll ou lui cr\u00e9er une wig sur mesure.<\/p>\n<p>Les Monster High OOAK sont de vraies merveilles quand on les compare \u00e0 leur version industrielle !<\/p>\n<\/div>\n<p>&nbsp;<\/p>\n<\/div>\n<\/div><\/div>\n<div class=\"section-full-width section-dark-bg parallax-fixed\" style=\"background-color:#ffffff;\"><div style=\"background-image:url(https:\/\/mouton-en-sucre.com\/wp-content\/uploads\/2013\/07\/monster-high-tome-4-de-vampire-en-pire-3294802.jpg); opacity:1; filter: alpha(opacity=100);\" class=\"full-bg-image\" ><\/div><div class=\"section-boxed\" style=\"color:#ffffff;\">\n<p style=\"text-align: center;\">M<\/p>\n<p style=\"text-align: center;\">O<\/p>\n<p style=\"text-align: center;\">N<\/p>\n<p style=\"text-align: center;\">S<\/p>\n<p style=\"text-align: center;\">T<\/p>\n<p style=\"text-align: center;\">E<\/p>\n<p style=\"text-align: center;\">R<\/p>\n<p style=\"text-align: center;\">H<\/p>\n<\/div><\/div>\n<p><img loading=\"lazy\" decoding=\"async\" class=\"aligncenter size-medium wp-image-2347\" src=\"https:\/\/mouton-en-sucre.com\/wp-content\/uploads\/2015\/05\/IMG_0903b-200x300.jpg\" alt=\"Beauty Monster high\" width=\"200\" height=\"300\" srcset=\"https:\/\/mouton-en-sucre.com\/wp-content\/uploads\/2015\/05\/IMG_0903b-200x300.jpg 200w, https:\/\/mouton-en-sucre.com\/wp-content\/uploads\/2015\/05\/IMG_0903b-600x900.jpg 600w, https:\/\/mouton-en-sucre.com\/wp-content\/uploads\/2015\/05\/IMG_0903b.jpg 667w\" sizes=\"auto, (max-width: 200px) 100vw, 200px\" \/><\/p>\n<div class=\"quick-gallery\"><div class=\"qg-img\" data-defwidth=\"198\"><a href=\"https:\/\/mouton-en-sucre.com\/wp-content\/uploads\/2013\/07\/candy-thoughts-monster-custom-raul-guerra-2.jpg.jpeg\" rel=\"lightbox[group-1]\" title=\"\" ><img decoding=\"async\" src=\"https:\/\/mouton-en-sucre.com\/wp-content\/uploads\/2013\/07\/candy-thoughts-monster-custom-raul-guerra-2.jpg-198x200.jpeg\" \/><div class=\"qg-overlay\"><span class=\"icon-circle\"><span class=\"pg-icon lightbox-icon\"><\/span><\/span><span class=\"qg-title\">Raul Guerra - Candy thoughts<\/span><\/div><\/a><\/div><div class=\"qg-img\" data-defwidth=\"198\"><a href=\"https:\/\/mouton-en-sucre.com\/wp-content\/uploads\/2013\/07\/custom_monster_high___mori_girl_ghoulia_by_kayke-d5ia45p.jpg.jpeg\" rel=\"lightbox[group-1]\" title=\"\" ><img decoding=\"async\" src=\"https:\/\/mouton-en-sucre.com\/wp-content\/uploads\/2013\/07\/custom_monster_high___mori_girl_ghoulia_by_kayke-d5ia45p.jpg-198x200.jpeg\" \/><div class=\"qg-overlay\"><span class=\"icon-circle\"><span class=\"pg-icon lightbox-icon\"><\/span><\/span><span class=\"qg-title\">Kayke<\/span><\/div><\/a><\/div><div class=\"qg-img\" data-defwidth=\"198\"><a href=\"https:\/\/mouton-en-sucre.com\/wp-content\/uploads\/2013\/07\/custom_monster_high_draculaura_by_kayke-d56n54m.jpg.jpeg\" rel=\"lightbox[group-1]\" title=\"\" ><img decoding=\"async\" src=\"https:\/\/mouton-en-sucre.com\/wp-content\/uploads\/2013\/07\/custom_monster_high_draculaura_by_kayke-d56n54m.jpg-198x200.jpeg\" \/><div class=\"qg-overlay\"><span class=\"icon-circle\"><span class=\"pg-icon lightbox-icon\"><\/span><\/span><span class=\"qg-title\">Kayke<\/span><\/div><\/a><\/div><div class=\"qg-img\" data-defwidth=\"198\"><a href=\"https:\/\/mouton-en-sucre.com\/wp-content\/uploads\/2013\/07\/custom_monster_high_monster_high_repaint_by_surlybunny-d534bn0.jpg.jpeg\" rel=\"lightbox[group-1]\" title=\"\" ><img decoding=\"async\" src=\"https:\/\/mouton-en-sucre.com\/wp-content\/uploads\/2013\/07\/custom_monster_high_monster_high_repaint_by_surlybunny-d534bn0.jpg-198x200.jpeg\" \/><div class=\"qg-overlay\"><span class=\"icon-circle\"><span class=\"pg-icon lightbox-icon\"><\/span><\/span><span class=\"qg-title\">Surlybunny<\/span><\/div><\/a><\/div><div class=\"qg-img\" data-defwidth=\"198\"><a href=\"https:\/\/mouton-en-sucre.com\/wp-content\/uploads\/2013\/07\/dream_land_by_frankienadine-d5fsbxo.jpg.jpeg\" rel=\"lightbox[group-1]\" title=\"\" ><img decoding=\"async\" src=\"https:\/\/mouton-en-sucre.com\/wp-content\/uploads\/2013\/07\/dream_land_by_frankienadine-d5fsbxo.jpg-198x200.jpeg\" \/><div class=\"qg-overlay\"><span class=\"icon-circle\"><span class=\"pg-icon lightbox-icon\"><\/span><\/span><span class=\"qg-title\">Frankienadine<\/span><\/div><\/a><\/div><div class=\"qg-img\" data-defwidth=\"198\"><a href=\"https:\/\/mouton-en-sucre.com\/wp-content\/uploads\/2013\/07\/francine_portrait_ooak_monster_high_doll_by_alicjaocchivetro-d4uhym2.png\" rel=\"lightbox[group-1]\" title=\"\" ><img decoding=\"async\" src=\"https:\/\/mouton-en-sucre.com\/wp-content\/uploads\/2013\/07\/francine_portrait_ooak_monster_high_doll_by_alicjaocchivetro-d4uhym2-198x200.png\" \/><div class=\"qg-overlay\"><span class=\"icon-circle\"><span class=\"pg-icon lightbox-icon\"><\/span><\/span><span class=\"qg-title\">Alicjaocchivetro<\/span><\/div><\/a><\/div><div class=\"qg-img\" data-defwidth=\"198\"><a href=\"https:\/\/mouton-en-sucre.com\/wp-content\/uploads\/2013\/07\/monster_high_cupid_ooak__burlesque_girl_by_malinlin-d5apwit.jpg.jpeg\" rel=\"lightbox[group-1]\" title=\"\" ><img decoding=\"async\" src=\"https:\/\/mouton-en-sucre.com\/wp-content\/uploads\/2013\/07\/monster_high_cupid_ooak__burlesque_girl_by_malinlin-d5apwit.jpg-198x200.jpeg\" \/><div class=\"qg-overlay\"><span class=\"icon-circle\"><span class=\"pg-icon lightbox-icon\"><\/span><\/span><span class=\"qg-title\">Malinlin<\/span><\/div><\/a><\/div><div class=\"qg-img\" data-defwidth=\"198\"><a href=\"https:\/\/mouton-en-sucre.com\/wp-content\/uploads\/2013\/07\/tinink.jpeg\" rel=\"lightbox[group-1]\" title=\"\" ><img decoding=\"async\" src=\"https:\/\/mouton-en-sucre.com\/wp-content\/uploads\/2013\/07\/tinink-198x200.jpeg\" \/><div class=\"qg-overlay\"><span class=\"icon-circle\"><span class=\"pg-icon lightbox-icon\"><\/span><\/span><span class=\"qg-title\">Tinink<\/span><\/div><\/a><\/div><div class=\"qg-img\" data-defwidth=\"198\"><a href=\"https:\/\/mouton-en-sucre.com\/wp-content\/uploads\/2013\/07\/tinink3.jpeg\" rel=\"lightbox[group-1]\" title=\"\" ><img decoding=\"async\" src=\"https:\/\/mouton-en-sucre.com\/wp-content\/uploads\/2013\/07\/tinink3-198x200.jpeg\" \/><div class=\"qg-overlay\"><span class=\"icon-circle\"><span class=\"pg-icon lightbox-icon\"><\/span><\/span><span class=\"qg-title\">Tinink<\/span><\/div><\/a><\/div><div class=\"qg-img\" data-defwidth=\"198\"><a href=\"https:\/\/mouton-en-sucre.com\/wp-content\/uploads\/2013\/07\/by_alicjaocchivetro-d4l7lhj.jpg\" rel=\"lightbox[group-1]\" title=\"\" ><img decoding=\"async\" src=\"https:\/\/mouton-en-sucre.com\/wp-content\/uploads\/2013\/07\/by_alicjaocchivetro-d4l7lhj-198x200.jpg\" \/><div class=\"qg-overlay\"><span class=\"icon-circle\"><span class=\"pg-icon lightbox-icon\"><\/span><\/span><span class=\"qg-title\">Alicjaocchivetro<\/span><\/div><\/a><\/div><div class=\"qg-img\" data-defwidth=\"198\"><a href=\"https:\/\/mouton-en-sucre.com\/wp-content\/uploads\/2013\/07\/by_armeleia-d4egqs4.jpg\" rel=\"lightbox[group-1]\" title=\"\" ><img decoding=\"async\" src=\"https:\/\/mouton-en-sucre.com\/wp-content\/uploads\/2013\/07\/by_armeleia-d4egqs4-198x200.jpg\" \/><div class=\"qg-overlay\"><span class=\"icon-circle\"><span class=\"pg-icon lightbox-icon\"><\/span><\/span><span class=\"qg-title\">Armeleia<\/span><\/div><\/a><\/div><div class=\"qg-img qg-no-title\" data-defwidth=\"198\"><a href=\"https:\/\/mouton-en-sucre.com\/wp-content\/uploads\/2015\/06\/IMG_1979b.jpg\" rel=\"lightbox[group-1]\" title=\"\" ><img decoding=\"async\" src=\"https:\/\/mouton-en-sucre.com\/wp-content\/uploads\/2015\/06\/IMG_1979b-198x200.jpg\" \/><div class=\"qg-overlay\"><span class=\"icon-circle\"><span class=\"pg-icon lightbox-icon\"><\/span><\/span><\/div><\/a><\/div><div class=\"clear\"><\/div><\/div>\n<div class=\"section-full-width section-dark\" style=\"background-color:#454849;\"><div class=\"section-boxed\" style=\"color:#ffffff;\">\n<h2 class=\"page-heading\">Plus sur les Monster High<\/h2>\n<ul class=\"bullet_star imglist\">\n<li><a href=\"http:\/\/www.monsterhigh.com\/fr-fr\/index.html\" target=\"_blank\" rel=\"noopener\">Le site officiel !<\/a><\/li>\n<li><a href=\"http:\/\/darkodordevic.tumblr.com\/\" target=\"_blank\" rel=\"noopener\">De tr\u00e8s belles illustrations<\/a><\/li>\n<\/ul>\n<\/div><\/div>\n","protected":false},"excerpt":{"rendered":"","protected":false},"author":2,"featured_media":0,"parent":0,"menu_order":0,"comment_status":"closed","ping_status":"open","template":"template-full-custom.php","meta":{"_vp_format_video_url":"","_vp_image_focal_point":[],"footnotes":""},"class_list":["post-174","page","type-page","status-publish","hentry"],"yoast_head":"<!-- This site is optimized with the Yoast SEO plugin v27.1.1 - https:\/\/yoast.com\/product\/yoast-seo-wordpress\/ -->\n<title>Les Monster High - Le Mouton en Sucre<\/title>\n<meta name=\"description\" content=\"Les Monster High sont des poup\u00e9es mannequins populaires, mais savez vous d&#039;o\u00f9 elles viennent et ce que l&#039;on peut vraiment faire avec !\" \/>\n<meta name=\"robots\" content=\"index, follow, max-snippet:-1, max-image-preview:large, max-video-preview:-1\" \/>\n<link rel=\"canonical\" href=\"https:\/\/mouton-en-sucre.com\/en\/les-monster-high\/\" \/>\n<meta property=\"og:locale\" content=\"en_GB\" \/>\n<meta property=\"og:type\" content=\"article\" \/>\n<meta property=\"og:title\" content=\"Les Monster High - Le Mouton en Sucre\" \/>\n<meta property=\"og:description\" content=\"Les Monster High sont des poup\u00e9es mannequins populaires, mais savez vous d&#039;o\u00f9 elles viennent et ce que l&#039;on peut vraiment faire avec !\" \/>\n<meta property=\"og:url\" content=\"https:\/\/mouton-en-sucre.com\/en\/les-monster-high\/\" \/>\n<meta property=\"og:site_name\" content=\"Le Mouton en Sucre\" \/>\n<meta property=\"article:modified_time\" content=\"2023-01-31T21:32:58+00:00\" \/>\n<meta property=\"og:image\" content=\"https:\/\/mouton-en-sucre.com\/wp-content\/uploads\/2013\/07\/candy-thoughts-monster-custom-raul-guerra-2.jpg-198x200.jpeg\" \/>\n<meta name=\"twitter:label1\" content=\"Estimated reading time\" \/>\n\t<meta name=\"twitter:data1\" content=\"3 minutes\" \/>\n<script type=\"application\/ld+json\" class=\"yoast-schema-graph\">{\"@context\":\"https:\/\/schema.org\",\"@graph\":[{\"@type\":\"WebPage\",\"@id\":\"https:\/\/mouton-en-sucre.com\/les-monster-high\/\",\"url\":\"https:\/\/mouton-en-sucre.com\/les-monster-high\/\",\"name\":\"Les Monster High - Le Mouton en Sucre\",\"isPartOf\":{\"@id\":\"https:\/\/mouton-en-sucre.com\/#website\"},\"primaryImageOfPage\":{\"@id\":\"https:\/\/mouton-en-sucre.com\/les-monster-high\/#primaryimage\"},\"image\":{\"@id\":\"https:\/\/mouton-en-sucre.com\/les-monster-high\/#primaryimage\"},\"thumbnailUrl\":\"https:\/\/mouton-en-sucre.com\/wp-content\/uploads\/2015\/05\/IMG_0903b-200x300.jpg\",\"datePublished\":\"2013-07-27T20:25:44+00:00\",\"dateModified\":\"2023-01-31T21:32:58+00:00\",\"description\":\"Les Monster High sont des poup\u00e9es mannequins populaires, mais savez vous d'o\u00f9 elles viennent et ce que l'on peut vraiment faire avec !\",\"inLanguage\":\"en-GB\",\"potentialAction\":[{\"@type\":\"ReadAction\",\"target\":[\"https:\/\/mouton-en-sucre.com\/les-monster-high\/\"]}]},{\"@type\":\"ImageObject\",\"inLanguage\":\"en-GB\",\"@id\":\"https:\/\/mouton-en-sucre.com\/les-monster-high\/#primaryimage\",\"url\":\"https:\/\/mouton-en-sucre.com\/wp-content\/uploads\/2015\/05\/IMG_0903b-200x300.jpg\",\"contentUrl\":\"https:\/\/mouton-en-sucre.com\/wp-content\/uploads\/2015\/05\/IMG_0903b-200x300.jpg\"},{\"@type\":\"WebSite\",\"@id\":\"https:\/\/mouton-en-sucre.com\/#website\",\"url\":\"https:\/\/mouton-en-sucre.com\/\",\"name\":\"Le Mouton en Sucre\",\"description\":\"Cr\u00e9ateurs de douceurs pour les yeux\",\"potentialAction\":[{\"@type\":\"SearchAction\",\"target\":{\"@type\":\"EntryPoint\",\"urlTemplate\":\"https:\/\/mouton-en-sucre.com\/?s={search_term_string}\"},\"query-input\":{\"@type\":\"PropertyValueSpecification\",\"valueRequired\":true,\"valueName\":\"search_term_string\"}}],\"inLanguage\":\"en-GB\"}]}<\/script>\n<!-- \/ Yoast SEO plugin. -->","yoast_head_json":{"title":"Les Monster High - Le Mouton en Sucre","description":"Les Monster High sont des poup\u00e9es mannequins populaires, mais savez vous d'o\u00f9 elles viennent et ce que l'on peut vraiment faire avec !","robots":{"index":"index","follow":"follow","max-snippet":"max-snippet:-1","max-image-preview":"max-image-preview:large","max-video-preview":"max-video-preview:-1"},"canonical":"https:\/\/mouton-en-sucre.com\/en\/les-monster-high\/","og_locale":"en_GB","og_type":"article","og_title":"Les Monster High - Le Mouton en Sucre","og_description":"Les Monster High sont des poup\u00e9es mannequins populaires, mais savez vous d'o\u00f9 elles viennent et ce que l'on peut vraiment faire avec !","og_url":"https:\/\/mouton-en-sucre.com\/en\/les-monster-high\/","og_site_name":"Le Mouton en Sucre","article_modified_time":"2023-01-31T21:32:58+00:00","og_image":[{"url":"https:\/\/mouton-en-sucre.com\/wp-content\/uploads\/2013\/07\/candy-thoughts-monster-custom-raul-guerra-2.jpg-198x200.jpeg","type":"","width":"","height":""}],"twitter_misc":{"Estimated reading time":"3 minutes"},"schema":{"@context":"https:\/\/schema.org","@graph":[{"@type":"WebPage","@id":"https:\/\/mouton-en-sucre.com\/les-monster-high\/","url":"https:\/\/mouton-en-sucre.com\/les-monster-high\/","name":"Les Monster High - Le Mouton en Sucre","isPartOf":{"@id":"https:\/\/mouton-en-sucre.com\/#website"},"primaryImageOfPage":{"@id":"https:\/\/mouton-en-sucre.com\/les-monster-high\/#primaryimage"},"image":{"@id":"https:\/\/mouton-en-sucre.com\/les-monster-high\/#primaryimage"},"thumbnailUrl":"https:\/\/mouton-en-sucre.com\/wp-content\/uploads\/2015\/05\/IMG_0903b-200x300.jpg","datePublished":"2013-07-27T20:25:44+00:00","dateModified":"2023-01-31T21:32:58+00:00","description":"Les Monster High sont des poup\u00e9es mannequins populaires, mais savez vous d'o\u00f9 elles viennent et ce que l'on peut vraiment faire avec !","inLanguage":"en-GB","potentialAction":[{"@type":"ReadAction","target":["https:\/\/mouton-en-sucre.com\/les-monster-high\/"]}]},{"@type":"ImageObject","inLanguage":"en-GB","@id":"https:\/\/mouton-en-sucre.com\/les-monster-high\/#primaryimage","url":"https:\/\/mouton-en-sucre.com\/wp-content\/uploads\/2015\/05\/IMG_0903b-200x300.jpg","contentUrl":"https:\/\/mouton-en-sucre.com\/wp-content\/uploads\/2015\/05\/IMG_0903b-200x300.jpg"},{"@type":"WebSite","@id":"https:\/\/mouton-en-sucre.com\/#website","url":"https:\/\/mouton-en-sucre.com\/","name":"Le Mouton en Sucre","description":"Cr\u00e9ateurs de douceurs pour les yeux","potentialAction":[{"@type":"SearchAction","target":{"@type":"EntryPoint","urlTemplate":"https:\/\/mouton-en-sucre.com\/?s={search_term_string}"},"query-input":{"@type":"PropertyValueSpecification","valueRequired":true,"valueName":"search_term_string"}}],"inLanguage":"en-GB"}]}},"_links":{"self":[{"href":"https:\/\/mouton-en-sucre.com\/en\/wp-json\/wp\/v2\/pages\/174","targetHints":{"allow":["GET"]}}],"collection":[{"href":"https:\/\/mouton-en-sucre.com\/en\/wp-json\/wp\/v2\/pages"}],"about":[{"href":"https:\/\/mouton-en-sucre.com\/en\/wp-json\/wp\/v2\/types\/page"}],"author":[{"embeddable":true,"href":"https:\/\/mouton-en-sucre.com\/en\/wp-json\/wp\/v2\/users\/2"}],"replies":[{"embeddable":true,"href":"https:\/\/mouton-en-sucre.com\/en\/wp-json\/wp\/v2\/comments?post=174"}],"version-history":[{"count":14,"href":"https:\/\/mouton-en-sucre.com\/en\/wp-json\/wp\/v2\/pages\/174\/revisions"}],"predecessor-version":[{"id":15344,"href":"https:\/\/mouton-en-sucre.com\/en\/wp-json\/wp\/v2\/pages\/174\/revisions\/15344"}],"wp:attachment":[{"href":"https:\/\/mouton-en-sucre.com\/en\/wp-json\/wp\/v2\/media?parent=174"}],"curies":[{"name":"wp","href":"https:\/\/api.w.org\/{rel}","templated":true}]}}