{"id":15059,"date":"2023-01-11T20:00:29","date_gmt":"2023-01-11T19:00:29","guid":{"rendered":"https:\/\/mouton-en-sucre.com\/?page_id=15059"},"modified":"2023-01-31T23:09:18","modified_gmt":"2023-01-31T22:09:18","slug":"newsletter","status":"publish","type":"page","link":"https:\/\/mouton-en-sucre.com\/en\/newsletter\/","title":{"rendered":"Newsletter"},"content":{"rendered":"<h1><strong><span style=\"color: #ff99cc;\">S&rsquo;INSCRIRE \u00c0 LA NEWSLETTER<\/span><\/strong><\/h1>\n<p><img loading=\"lazy\" decoding=\"async\" class=\"img-frame alignnone\" src=\"https:\/\/mouton-en-sucre.com\/wp-content\/uploads\/2023\/01\/FlyingMail.png\" width=\"373\" height=\"450\" \/><\/p>\n<p>Vous souhaitez vous abonner \u00e0 notre newsletter pour ne plus rater aucune information importante ?<\/p>\n<p>Les r\u00e9seaux sociaux ne sont plus fiables, restez inform\u00e9s de nos nouveaut\u00e9s et \u00e9v\u00e8nements en vous inscrivant ici.<\/p>\n<p>&nbsp;<\/p>\n<p>Vous serez pr\u00e9venus avant tout le monde des nouvelles cr\u00e9ations, des salons, des promotions&#8230; Rejoignez le carr\u00e9 VIP du Mouton en Sucre !<\/p>\n<p>&nbsp;<\/p>\n<div class=\"section-full-width section-light-bg\" style=\"background-color:#e8e8e8;\"><div class=\"section-boxed\" style=\"color:#4e4e4e;\">                    <script type=\"text\/javascript\">\n                        var onloadSibCallback = function () {\n                            jQuery('.g-recaptcha').each(function (index, el) {\n                                grecaptcha.render(el, {\n                                    'sitekey': jQuery(el).attr('data-sitekey')\n                                });\n                            });\n                        };\n                    <\/script>\n\t\t\t\t\t                <script src=\"https:\/\/www.google.com\/recaptcha\/api.js?onload=onloadSibCallback&render=explicit\" async defer><\/script>\n\t\t\t\t\n\t\t\t<form id=\"sib_signup_form_2\" method=\"post\" class=\"sib_signup_form\">\n\t\t\t\t<div class=\"sib_loader\" style=\"display:none;\"><img\n\t\t\t\t\t\t\tsrc=\"https:\/\/mouton-en-sucre.com\/wp-includes\/images\/spinner.gif\" alt=\"loader\"><\/div>\n\t\t\t\t<input type=\"hidden\" name=\"sib_form_action\" value=\"subscribe_form_submit\">\n\t\t\t\t<input type=\"hidden\" name=\"sib_form_id\" value=\"2\">\n                <input type=\"hidden\" name=\"sib_form_alert_notice\" value=\"Fill this field please\">\n                <input type=\"hidden\" name=\"sib_form_invalid_email_notice\" value=\"Invalid e-mail\">\n                <input type=\"hidden\" name=\"sib_security\" value=\"c5226ad81a\">\n\t\t\t\t<div class=\"sib_signup_box_inside_2\">\n\t\t\t\t\t<div style=\"\/*display:none*\/\" class=\"sib_msg_disp\">\n\t\t\t\t\t<\/div>\n                    \t\t\t\t\t<p class=\"sib-email-area\">\r\n    Votre Email*\r\n    <input type=\"email\" class=\"sib-email-area\" name=\"email\" required=\"required\">\r\n<\/p>\r\n<input type=\"checkbox\" name=\"terms\" required=\"required\">J'accepte les <a href=\"https:\/\/mouton-en-sucre.com\/mentions-legales\/\">mentions l\u00e9gales<\/a> \r\n<p>\r\n<div id=\"sib_captcha\" class=\"g-recaptcha\" data-sitekey=\"6LfUtO0jAAAAAIvGAJFR1F-PHt05v_DPbGbSzvrP\"><\/div>\r\n<input type=\"submit\" class=\"sib-default-btn\" value=\"Subscribe\">\r\n<\/p>\r\nVotre adresse e-mail est seulement utilis\u00e9e pour vous envoyer notre newsletter et des informations sur nos activit\u00e9s. Vous pouvez \u00e0 tout moment vous d\u00e9sinscrire grace au lien affich\u00e9 dans la newsletter.\r\n\r\n\t\t\t\t<\/div>\n\t\t\t<\/form>\n\t\t\t<style>\n\t\t\t\tform#sib_signup_form_2 { padding: 5px; -moz-box-sizing:border-box; -webkit-box-sizing: border-box; box-sizing: border-box; } form#sib_signup_form_2 input[type=text],form#sib_signup_form_2 input[type=email], form#sib_signup_form_2 select { width: 100%; border: 1px solid #bbb; height: auto; margin: 5px 0 0 0; } form#sib_signup_form_2 .sib-default-btn { margin: 5px 0; padding: 6px 12px; color:#fff; background-color: #E698F2; border-color: #2E2E2E; font-size: 11px; font-weight:400; line-height: 1.4285; text-align: center; cursor: pointer; vertical-align: middle; -webkit-user-select:none; -moz-user-select:none; -ms-user-select:none; user-select:none; white-space: normal; border:1px solid transparent; border-radius: 3px; } form#sib_signup_form_2 .sib-default-btn:hover { background-color: #444; } form#sib_signup_form_2 p{ margin: 10px 0 0 0; }form#sib_signup_form_2 p.sib-alert-message {\n    padding: 6px 12px;\n    margin-bottom: 20px;\n    border: 1px solid transparent;\n    border-radius: 4px;\n    -webkit-box-sizing: border-box;\n    -moz-box-sizing: border-box;\n    box-sizing: border-box;\n}\nform#sib_signup_form_2 p.sib-alert-message-error {\n    background-color: #f2dede;\n    border-color: #ebccd1;\n    color: #a94442;\n}\nform#sib_signup_form_2 p.sib-alert-message-success {\n    background-color: #dff0d8;\n    border-color: #d6e9c6;\n    color: #3c763d;\n}\nform#sib_signup_form_2 p.sib-alert-message-warning {\n    background-color: #fcf8e3;\n    border-color: #faebcc;\n    color: #8a6d3b;\n}\n\t\t\t<\/style>\n\t\t\t<\/div><\/div>\n","protected":false},"excerpt":{"rendered":"<p>S&rsquo;INSCRIRE \u00c0 LA NEWSLETTER Vous souhaitez vous abonner \u00e0 notre newsletter pour ne plus rater aucune information importante ? Les [&hellip;]<\/p>\n","protected":false},"author":2,"featured_media":0,"parent":0,"menu_order":0,"comment_status":"closed","ping_status":"closed","template":"","meta":{"_vp_format_video_url":"","_vp_image_focal_point":[],"footnotes":""},"class_list":["post-15059","page","type-page","status-publish","hentry"],"yoast_head":"<!-- This site is optimized with the Yoast SEO plugin v27.1.1 - https:\/\/yoast.com\/product\/yoast-seo-wordpress\/ -->\n<title>Newsletter - Le Mouton en Sucre<\/title>\n<meta name=\"description\" content=\"Vous souhaitez \u00eatre inform\u00e9s de toutes nos nouveaut\u00e9s avant tout le monde ? Inscrivez vous \u00e0 la newsletter et ne ratez plus aucune exclu !\" \/>\n<meta name=\"robots\" content=\"index, follow, max-snippet:-1, max-image-preview:large, max-video-preview:-1\" \/>\n<link rel=\"canonical\" href=\"https:\/\/mouton-en-sucre.com\/en\/newsletter\/\" \/>\n<meta property=\"og:locale\" content=\"en_GB\" \/>\n<meta property=\"og:type\" content=\"article\" \/>\n<meta property=\"og:title\" content=\"Newsletter - Le Mouton en Sucre\" \/>\n<meta property=\"og:description\" content=\"Vous souhaitez \u00eatre inform\u00e9s de toutes nos nouveaut\u00e9s avant tout le monde ? Inscrivez vous \u00e0 la newsletter et ne ratez plus aucune exclu !\" \/>\n<meta property=\"og:url\" content=\"https:\/\/mouton-en-sucre.com\/en\/newsletter\/\" \/>\n<meta property=\"og:site_name\" content=\"Le Mouton en Sucre\" \/>\n<meta property=\"article:modified_time\" content=\"2023-01-31T22:09:18+00:00\" \/>\n<meta property=\"og:image\" content=\"https:\/\/mouton-en-sucre.com\/wp-content\/uploads\/2023\/01\/FlyingMail.png\" \/>\n<meta name=\"twitter:label1\" content=\"Estimated reading time\" \/>\n\t<meta name=\"twitter:data1\" content=\"1 minute\" \/>\n<script type=\"application\/ld+json\" class=\"yoast-schema-graph\">{\"@context\":\"https:\/\/schema.org\",\"@graph\":[{\"@type\":\"WebPage\",\"@id\":\"https:\/\/mouton-en-sucre.com\/newsletter\/\",\"url\":\"https:\/\/mouton-en-sucre.com\/newsletter\/\",\"name\":\"Newsletter - Le Mouton en Sucre\",\"isPartOf\":{\"@id\":\"https:\/\/mouton-en-sucre.com\/#website\"},\"primaryImageOfPage\":{\"@id\":\"https:\/\/mouton-en-sucre.com\/newsletter\/#primaryimage\"},\"image\":{\"@id\":\"https:\/\/mouton-en-sucre.com\/newsletter\/#primaryimage\"},\"thumbnailUrl\":\"https:\/\/mouton-en-sucre.com\/wp-content\/uploads\/2023\/01\/FlyingMail.png\",\"datePublished\":\"2023-01-11T19:00:29+00:00\",\"dateModified\":\"2023-01-31T22:09:18+00:00\",\"description\":\"Vous souhaitez \u00eatre inform\u00e9s de toutes nos nouveaut\u00e9s avant tout le monde ? Inscrivez vous \u00e0 la newsletter et ne ratez plus aucune exclu !\",\"inLanguage\":\"en-GB\",\"potentialAction\":[{\"@type\":\"ReadAction\",\"target\":[\"https:\/\/mouton-en-sucre.com\/newsletter\/\"]}]},{\"@type\":\"ImageObject\",\"inLanguage\":\"en-GB\",\"@id\":\"https:\/\/mouton-en-sucre.com\/newsletter\/#primaryimage\",\"url\":\"https:\/\/mouton-en-sucre.com\/wp-content\/uploads\/2023\/01\/FlyingMail.png\",\"contentUrl\":\"https:\/\/mouton-en-sucre.com\/wp-content\/uploads\/2023\/01\/FlyingMail.png\"},{\"@type\":\"WebSite\",\"@id\":\"https:\/\/mouton-en-sucre.com\/#website\",\"url\":\"https:\/\/mouton-en-sucre.com\/\",\"name\":\"Le Mouton en Sucre\",\"description\":\"Cr\u00e9ateurs de douceurs pour les yeux\",\"potentialAction\":[{\"@type\":\"SearchAction\",\"target\":{\"@type\":\"EntryPoint\",\"urlTemplate\":\"https:\/\/mouton-en-sucre.com\/?s={search_term_string}\"},\"query-input\":{\"@type\":\"PropertyValueSpecification\",\"valueRequired\":true,\"valueName\":\"search_term_string\"}}],\"inLanguage\":\"en-GB\"}]}<\/script>\n<!-- \/ Yoast SEO plugin. -->","yoast_head_json":{"title":"Newsletter - Le Mouton en Sucre","description":"Vous souhaitez \u00eatre inform\u00e9s de toutes nos nouveaut\u00e9s avant tout le monde ? Inscrivez vous \u00e0 la newsletter et ne ratez plus aucune exclu !","robots":{"index":"index","follow":"follow","max-snippet":"max-snippet:-1","max-image-preview":"max-image-preview:large","max-video-preview":"max-video-preview:-1"},"canonical":"https:\/\/mouton-en-sucre.com\/en\/newsletter\/","og_locale":"en_GB","og_type":"article","og_title":"Newsletter - Le Mouton en Sucre","og_description":"Vous souhaitez \u00eatre inform\u00e9s de toutes nos nouveaut\u00e9s avant tout le monde ? Inscrivez vous \u00e0 la newsletter et ne ratez plus aucune exclu !","og_url":"https:\/\/mouton-en-sucre.com\/en\/newsletter\/","og_site_name":"Le Mouton en Sucre","article_modified_time":"2023-01-31T22:09:18+00:00","og_image":[{"url":"https:\/\/mouton-en-sucre.com\/wp-content\/uploads\/2023\/01\/FlyingMail.png","type":"","width":"","height":""}],"twitter_misc":{"Estimated reading time":"1 minute"},"schema":{"@context":"https:\/\/schema.org","@graph":[{"@type":"WebPage","@id":"https:\/\/mouton-en-sucre.com\/newsletter\/","url":"https:\/\/mouton-en-sucre.com\/newsletter\/","name":"Newsletter - Le Mouton en Sucre","isPartOf":{"@id":"https:\/\/mouton-en-sucre.com\/#website"},"primaryImageOfPage":{"@id":"https:\/\/mouton-en-sucre.com\/newsletter\/#primaryimage"},"image":{"@id":"https:\/\/mouton-en-sucre.com\/newsletter\/#primaryimage"},"thumbnailUrl":"https:\/\/mouton-en-sucre.com\/wp-content\/uploads\/2023\/01\/FlyingMail.png","datePublished":"2023-01-11T19:00:29+00:00","dateModified":"2023-01-31T22:09:18+00:00","description":"Vous souhaitez \u00eatre inform\u00e9s de toutes nos nouveaut\u00e9s avant tout le monde ? Inscrivez vous \u00e0 la newsletter et ne ratez plus aucune exclu !","inLanguage":"en-GB","potentialAction":[{"@type":"ReadAction","target":["https:\/\/mouton-en-sucre.com\/newsletter\/"]}]},{"@type":"ImageObject","inLanguage":"en-GB","@id":"https:\/\/mouton-en-sucre.com\/newsletter\/#primaryimage","url":"https:\/\/mouton-en-sucre.com\/wp-content\/uploads\/2023\/01\/FlyingMail.png","contentUrl":"https:\/\/mouton-en-sucre.com\/wp-content\/uploads\/2023\/01\/FlyingMail.png"},{"@type":"WebSite","@id":"https:\/\/mouton-en-sucre.com\/#website","url":"https:\/\/mouton-en-sucre.com\/","name":"Le Mouton en Sucre","description":"Cr\u00e9ateurs de douceurs pour les yeux","potentialAction":[{"@type":"SearchAction","target":{"@type":"EntryPoint","urlTemplate":"https:\/\/mouton-en-sucre.com\/?s={search_term_string}"},"query-input":{"@type":"PropertyValueSpecification","valueRequired":true,"valueName":"search_term_string"}}],"inLanguage":"en-GB"}]}},"_links":{"self":[{"href":"https:\/\/mouton-en-sucre.com\/en\/wp-json\/wp\/v2\/pages\/15059","targetHints":{"allow":["GET"]}}],"collection":[{"href":"https:\/\/mouton-en-sucre.com\/en\/wp-json\/wp\/v2\/pages"}],"about":[{"href":"https:\/\/mouton-en-sucre.com\/en\/wp-json\/wp\/v2\/types\/page"}],"author":[{"embeddable":true,"href":"https:\/\/mouton-en-sucre.com\/en\/wp-json\/wp\/v2\/users\/2"}],"replies":[{"embeddable":true,"href":"https:\/\/mouton-en-sucre.com\/en\/wp-json\/wp\/v2\/comments?post=15059"}],"version-history":[{"count":18,"href":"https:\/\/mouton-en-sucre.com\/en\/wp-json\/wp\/v2\/pages\/15059\/revisions"}],"predecessor-version":[{"id":15233,"href":"https:\/\/mouton-en-sucre.com\/en\/wp-json\/wp\/v2\/pages\/15059\/revisions\/15233"}],"wp:attachment":[{"href":"https:\/\/mouton-en-sucre.com\/en\/wp-json\/wp\/v2\/media?parent=15059"}],"curies":[{"name":"wp","href":"https:\/\/api.w.org\/{rel}","templated":true}]}}