{"id":144,"date":"2013-07-27T19:56:26","date_gmt":"2013-07-27T18:56:26","guid":{"rendered":"http:\/\/www.artifices-dolls.fr\/?page_id=144"},"modified":"2023-01-31T22:40:24","modified_gmt":"2023-01-31T21:40:24","slug":"les-pullips","status":"publish","type":"page","link":"https:\/\/mouton-en-sucre.com\/en\/les-pullips\/","title":{"rendered":"Pullips"},"content":{"rendered":"<div class=\"section-full-width section-dark-bg\" style=\"background-color:#333;\"><div class=\"section-boxed\" style=\"color:#ffffff;\"><h2 class=\"section-title\" style=\"color:#ffffff;\">Les Pullips<\/h2>\n<div class=\"cols-wrapper cols-2\">\n<div class=\"col\">\n<p>Les Pullips sont des poup\u00e9es cr\u00e9\u00e9es en 2003 et commercialis\u00e9es par Groove, une soci\u00e9t\u00e9 japonaise sp\u00e9cialis\u00e9e dans les poup\u00e9es ciblant les jeunes adultes. Ce sont des poup\u00e9es de collection articul\u00e9es d&rsquo;environ 30cm, en vinyle, et beaucoup les customisent en changeant par exemple leur perruque (wig), leurs yeux , leur maquillage (make-up) ou leur corps. Elles sont vendues toutes maquill\u00e9es, habill\u00e9es, avec chacune leur petit univers et leur personnalit\u00e9 propre, pour environ 100\u20ac voir 120 \u20ac, pour les mod\u00e8les courants.<\/p>\n<p>Ces poup\u00e9es se caract\u00e9risent principalement par leur grosse t\u00eate et leurs grands yeux tr\u00e8s expressifs, qui peuvent tourner \u00e0 droite ou \u00e0 gauche gr\u00e2ce \u00e0 une petite manette derri\u00e8re la t\u00eate. Elles peuvent \u00e9galement cligner des yeux et gr\u00e2ce aux nouveaux m\u00e9canismes, depuis f\u00e9vrier 2008, elles peuvent maintenir les yeux ferm\u00e9s. Ces mod\u00e8les sont tir\u00e9es \u00e0 assez peu d\u2019exemplaires, et pour peu qu\u2019un mod\u00e8le soit populaire, il atteint vite des sommes presque comparables au prix d\u2019une BJD.<\/p>\n<\/div>\n<div class=\"col nomargin\">\u00a0<img decoding=\"async\" src=\"https:\/\/mouton-en-sucre.com\/wp-content\/uploads\/2013\/07\/954866_516454301754054_2139536298_n.jpg.jpeg\" alt=\"\" \/><\/div>\n<\/div>\n<p>Pullip en cor\u00e9en se traduit par\u00a0\u00ab\u00a0jeune pousse\u00a0\u00bb. Depuis d&rsquo;autres poup\u00e9es ont \u00e9t\u00e9 ajout\u00e9es\u00a0: des\u00a0poup\u00e9es de sexe masculin Isul (le fr\u00e8re de Pullip), et Taeyang,\u00a0Dal\u00a0(la s\u0153ur de Taeyang) qui ont des \u00e9chelles coordonn\u00e9es mais des diff\u00e9rences nettes sur les traits et formes de visage. Il existe aussi les\u00a0\u00ab\u00a0Little Pullip\u00a0\u00bb, avec un corps\u00a0d&rsquo;environ 10cm.<\/p>\n<\/div><\/div>\n<div class=\"quick-gallery\"><div class=\"qg-img\" data-defwidth=\"198\"><a href=\"https:\/\/mouton-en-sucre.com\/wp-content\/uploads\/2013\/07\/Holly-Hatter.jpeg\" rel=\"lightbox[group-1]\" title=\"\" ><img decoding=\"async\" src=\"https:\/\/mouton-en-sucre.com\/wp-content\/uploads\/2013\/07\/Holly-Hatter-198x200.jpeg\" \/><div class=\"qg-overlay\"><span class=\"icon-circle\"><span class=\"pg-icon lightbox-icon\"><\/span><\/span><span class=\"qg-title\">Holly Hatter<\/span><\/div><\/a><\/div><div class=\"qg-img\" data-defwidth=\"198\"><a href=\"https:\/\/mouton-en-sucre.com\/wp-content\/uploads\/2013\/07\/Holly-Hatter2.jpeg\" rel=\"lightbox[group-1]\" title=\"\" ><img decoding=\"async\" src=\"https:\/\/mouton-en-sucre.com\/wp-content\/uploads\/2013\/07\/Holly-Hatter2-198x200.jpeg\" \/><div class=\"qg-overlay\"><span class=\"icon-circle\"><span class=\"pg-icon lightbox-icon\"><\/span><\/span><span class=\"qg-title\">Holly Hatter<\/span><\/div><\/a><\/div><div class=\"qg-img\" data-defwidth=\"198\"><a href=\"https:\/\/mouton-en-sucre.com\/wp-content\/uploads\/2013\/07\/holynonsense.jpeg\" rel=\"lightbox[group-1]\" title=\"\" ><img decoding=\"async\" src=\"https:\/\/mouton-en-sucre.com\/wp-content\/uploads\/2013\/07\/holynonsense-198x200.jpeg\" \/><div class=\"qg-overlay\"><span class=\"icon-circle\"><span class=\"pg-icon lightbox-icon\"><\/span><\/span><span class=\"qg-title\">Morphine<\/span><\/div><\/a><\/div><div class=\"qg-img\" data-defwidth=\"198\"><a href=\"https:\/\/mouton-en-sucre.com\/wp-content\/uploads\/2013\/07\/kittytoes.jpeg\" rel=\"lightbox[group-1]\" title=\"\" ><img decoding=\"async\" src=\"https:\/\/mouton-en-sucre.com\/wp-content\/uploads\/2013\/07\/kittytoes-198x200.jpeg\" \/><div class=\"qg-overlay\"><span class=\"icon-circle\"><span class=\"pg-icon lightbox-icon\"><\/span><\/span><span class=\"qg-title\">Kittytoes<\/span><\/div><\/a><\/div><div class=\"qg-img\" data-defwidth=\"198\"><a href=\"https:\/\/mouton-en-sucre.com\/wp-content\/uploads\/2013\/07\/princess-nereid.jpeg\" rel=\"lightbox[group-1]\" title=\"\" ><img decoding=\"async\" src=\"https:\/\/mouton-en-sucre.com\/wp-content\/uploads\/2013\/07\/princess-nereid-198x200.jpeg\" \/><div class=\"qg-overlay\"><span class=\"icon-circle\"><span class=\"pg-icon lightbox-icon\"><\/span><\/span><span class=\"qg-title\">Princess Neired<\/span><\/div><\/a><\/div><div class=\"qg-img\" data-defwidth=\"198\"><a href=\"https:\/\/mouton-en-sucre.com\/wp-content\/uploads\/2013\/07\/snoxoda.jpeg\" rel=\"lightbox[group-1]\" title=\"\" ><img decoding=\"async\" src=\"https:\/\/mouton-en-sucre.com\/wp-content\/uploads\/2013\/07\/snoxoda-198x200.jpeg\" \/><div class=\"qg-overlay\"><span class=\"icon-circle\"><span class=\"pg-icon lightbox-icon\"><\/span><\/span><span class=\"qg-title\">Snoxoda<\/span><\/div><\/a><\/div><div class=\"qg-img\" data-defwidth=\"198\"><a href=\"https:\/\/mouton-en-sucre.com\/wp-content\/uploads\/2013\/07\/tumblr_ml3w4z2Prf1qmf2xjo1_500.jpg.jpeg\" rel=\"lightbox[group-1]\" title=\"\" ><img decoding=\"async\" src=\"https:\/\/mouton-en-sucre.com\/wp-content\/uploads\/2013\/07\/tumblr_ml3w4z2Prf1qmf2xjo1_500.jpg-198x200.jpeg\" \/><div class=\"qg-overlay\"><span class=\"icon-circle\"><span class=\"pg-icon lightbox-icon\"><\/span><\/span><span class=\"qg-title\">Ember<\/span><\/div><\/a><\/div><div class=\"qg-img\" data-defwidth=\"198\"><a href=\"https:\/\/mouton-en-sucre.com\/wp-content\/uploads\/2013\/07\/tumblr_ne4dr6WdtM1s03rk2o1_500.jpg\" rel=\"lightbox[group-1]\" title=\"\" ><img decoding=\"async\" src=\"https:\/\/mouton-en-sucre.com\/wp-content\/uploads\/2013\/07\/tumblr_ne4dr6WdtM1s03rk2o1_500-198x200.jpg\" \/><div class=\"qg-overlay\"><span class=\"icon-circle\"><span class=\"pg-icon lightbox-icon\"><\/span><\/span><span class=\"qg-title\">Polka Dolls<\/span><\/div><\/a><\/div><div class=\"qg-img\" data-defwidth=\"198\"><a href=\"https:\/\/mouton-en-sucre.com\/wp-content\/uploads\/2013\/07\/6365da5af47c624a42ed6b6bcc739124-d52v77g.jpg\" rel=\"lightbox[group-1]\" title=\"\" ><img decoding=\"async\" src=\"https:\/\/mouton-en-sucre.com\/wp-content\/uploads\/2013\/07\/6365da5af47c624a42ed6b6bcc739124-d52v77g-198x200.jpg\" \/><div class=\"qg-overlay\"><span class=\"icon-circle\"><span class=\"pg-icon lightbox-icon\"><\/span><\/span><span class=\"qg-title\">Pretty in Plastic<\/span><\/div><\/a><\/div><div class=\"qg-img\" data-defwidth=\"198\"><a href=\"https:\/\/mouton-en-sucre.com\/wp-content\/uploads\/2013\/07\/ali__pullip_myra__by_tmatioli-d8bfmsm.jpg\" rel=\"lightbox[group-1]\" title=\"\" ><img decoding=\"async\" src=\"https:\/\/mouton-en-sucre.com\/wp-content\/uploads\/2013\/07\/ali__pullip_myra__by_tmatioli-d8bfmsm-198x200.jpg\" \/><div class=\"qg-overlay\"><span class=\"icon-circle\"><span class=\"pg-icon lightbox-icon\"><\/span><\/span><span class=\"qg-title\">Tmatioli<\/span><\/div><\/a><\/div><div class=\"clear\"><\/div><\/div>\n<h2 class=\"page-heading\">La Famille de Pullip<\/h2>\n<div class=\"quick-gallery\"><div class=\"qg-img\" data-defwidth=\"198\"><a href=\"https:\/\/mouton-en-sucre.com\/wp-content\/uploads\/2013\/07\/pullip.jpg\" rel=\"lightbox[group-2]\" title=\"\" ><img decoding=\"async\" src=\"https:\/\/mouton-en-sucre.com\/wp-content\/uploads\/2013\/07\/pullip-198x200.jpg\" \/><div class=\"qg-overlay\"><span class=\"icon-circle\"><span class=\"pg-icon lightbox-icon\"><\/span><\/span><span class=\"qg-title\">Pullip<\/span><\/div><\/a><\/div><div class=\"qg-img\" data-defwidth=\"198\"><a href=\"https:\/\/mouton-en-sucre.com\/wp-content\/uploads\/2013\/07\/dal.jpg\" rel=\"lightbox[group-2]\" title=\"\" ><img decoding=\"async\" src=\"https:\/\/mouton-en-sucre.com\/wp-content\/uploads\/2013\/07\/dal-198x200.jpg\" \/><div class=\"qg-overlay\"><span class=\"icon-circle\"><span class=\"pg-icon lightbox-icon\"><\/span><\/span><span class=\"qg-title\">Dal<\/span><\/div><\/a><\/div><div class=\"qg-img\" data-defwidth=\"198\"><a href=\"https:\/\/mouton-en-sucre.com\/wp-content\/uploads\/2013\/07\/isul.jpg\" rel=\"lightbox[group-2]\" title=\"\" ><img decoding=\"async\" src=\"https:\/\/mouton-en-sucre.com\/wp-content\/uploads\/2013\/07\/isul-198x200.jpg\" \/><div class=\"qg-overlay\"><span class=\"icon-circle\"><span class=\"pg-icon lightbox-icon\"><\/span><\/span><span class=\"qg-title\">Isul<\/span><\/div><\/a><\/div><div class=\"qg-img\" data-defwidth=\"198\"><a href=\"https:\/\/mouton-en-sucre.com\/wp-content\/uploads\/2013\/07\/taeyang.jpg\" rel=\"lightbox[group-2]\" title=\"\" ><img decoding=\"async\" src=\"https:\/\/mouton-en-sucre.com\/wp-content\/uploads\/2013\/07\/taeyang-198x200.jpg\" \/><div class=\"qg-overlay\"><span class=\"icon-circle\"><span class=\"pg-icon lightbox-icon\"><\/span><\/span><span class=\"qg-title\">Taeyang<\/span><\/div><\/a><\/div><div class=\"qg-img\" data-defwidth=\"198\"><a href=\"https:\/\/mouton-en-sucre.com\/wp-content\/uploads\/2013\/07\/U5Ph42xOllRUzbOQHWMqUy3LI9g.jpg\" rel=\"lightbox[group-2]\" title=\"\" ><img decoding=\"async\" src=\"https:\/\/mouton-en-sucre.com\/wp-content\/uploads\/2013\/07\/U5Ph42xOllRUzbOQHWMqUy3LI9g-198x200.jpg\" \/><div class=\"qg-overlay\"><span class=\"icon-circle\"><span class=\"pg-icon lightbox-icon\"><\/span><\/span><span class=\"qg-title\">Family<\/span><\/div><\/a><\/div><div class=\"clear\"><\/div><\/div>\n<div class=\"section-full-width section-custom\" style=\"background-color:#fce2db;\"><div class=\"section-boxed\" style=\"color:#333333;\">\n<h2 class=\"page-heading\">En savoir plus sur les Pullips<\/h2>\n<ul class=\"bullet_star imglist\">\n<li><a href=\"https:\/\/fr.wikipedia.org\/wiki\/Pullip\" target=\"_blank\" rel=\"noopener\">Les Pullips sur Wikipedia !<\/a><\/li>\n<li><a href=\"http:\/\/pullip.net\/\" target=\"_blank\" rel=\"noopener\">Les Pullips sur le net !<\/a><\/li>\n<li><a href=\"http:\/\/concours-pullip.meilleurforum.com\/t756-anatomie-d-une-pullip-une-pullip-c-est-quoi-en-cours-de-finition\" target=\"_blank\" rel=\"noopener\">Sujet sp\u00e9cifique sur le forum Concours Pullip<\/a><\/li>\n<\/ul>\n<\/div><\/div>\n","protected":false},"excerpt":{"rendered":"<p>Pullip Family<\/p>","protected":false},"author":2,"featured_media":0,"parent":0,"menu_order":0,"comment_status":"closed","ping_status":"open","template":"template-full-custom.php","meta":{"_vp_format_video_url":"","_vp_image_focal_point":[],"footnotes":""},"class_list":["post-144","page","type-page","status-publish","hentry"],"yoast_head":"<!-- This site is optimized with the Yoast SEO plugin v27.1.1 - https:\/\/yoast.com\/product\/yoast-seo-wordpress\/ -->\n<title>Les Pullips - Le Mouton en Sucre<\/title>\n<meta name=\"description\" content=\"Les Pullips sont des poup\u00e9es japonaises, aujourd&#039;hui beaucoup de collectionneurs les customisent pour en faire de vrais objets d&#039;art.\" \/>\n<meta name=\"robots\" content=\"index, follow, max-snippet:-1, max-image-preview:large, max-video-preview:-1\" \/>\n<link rel=\"canonical\" href=\"https:\/\/mouton-en-sucre.com\/en\/les-pullips\/\" \/>\n<meta property=\"og:locale\" content=\"en_GB\" \/>\n<meta property=\"og:type\" content=\"article\" \/>\n<meta property=\"og:title\" content=\"Les Pullips - Le Mouton en Sucre\" \/>\n<meta property=\"og:description\" content=\"Les Pullips sont des poup\u00e9es japonaises, aujourd&#039;hui beaucoup de collectionneurs les customisent pour en faire de vrais objets d&#039;art.\" \/>\n<meta property=\"og:url\" content=\"https:\/\/mouton-en-sucre.com\/en\/les-pullips\/\" \/>\n<meta property=\"og:site_name\" content=\"Le Mouton en Sucre\" \/>\n<meta property=\"article:modified_time\" content=\"2023-01-31T21:40:24+00:00\" \/>\n<meta property=\"og:image\" content=\"https:\/\/mouton-en-sucre.com\/wp-content\/uploads\/2013\/07\/Holly-Hatter-198x200.jpeg\" \/>\n<meta name=\"twitter:label1\" content=\"Estimated reading time\" \/>\n\t<meta name=\"twitter:data1\" content=\"2 minutes\" \/>\n<script type=\"application\/ld+json\" class=\"yoast-schema-graph\">{\"@context\":\"https:\/\/schema.org\",\"@graph\":[{\"@type\":\"WebPage\",\"@id\":\"https:\/\/mouton-en-sucre.com\/les-pullips\/\",\"url\":\"https:\/\/mouton-en-sucre.com\/les-pullips\/\",\"name\":\"Les Pullips - Le Mouton en Sucre\",\"isPartOf\":{\"@id\":\"https:\/\/mouton-en-sucre.com\/#website\"},\"primaryImageOfPage\":{\"@id\":\"https:\/\/mouton-en-sucre.com\/les-pullips\/#primaryimage\"},\"image\":{\"@id\":\"https:\/\/mouton-en-sucre.com\/les-pullips\/#primaryimage\"},\"thumbnailUrl\":\"https:\/\/mouton-en-sucre.com\/wp-content\/uploads\/2013\/07\/954866_516454301754054_2139536298_n.jpg.jpeg\",\"datePublished\":\"2013-07-27T18:56:26+00:00\",\"dateModified\":\"2023-01-31T21:40:24+00:00\",\"description\":\"Les Pullips sont des poup\u00e9es japonaises, aujourd'hui beaucoup de collectionneurs les customisent pour en faire de vrais objets d'art.\",\"inLanguage\":\"en-GB\",\"potentialAction\":[{\"@type\":\"ReadAction\",\"target\":[\"https:\/\/mouton-en-sucre.com\/les-pullips\/\"]}]},{\"@type\":\"ImageObject\",\"inLanguage\":\"en-GB\",\"@id\":\"https:\/\/mouton-en-sucre.com\/les-pullips\/#primaryimage\",\"url\":\"https:\/\/mouton-en-sucre.com\/wp-content\/uploads\/2013\/07\/954866_516454301754054_2139536298_n.jpg.jpeg\",\"contentUrl\":\"https:\/\/mouton-en-sucre.com\/wp-content\/uploads\/2013\/07\/954866_516454301754054_2139536298_n.jpg.jpeg\"},{\"@type\":\"WebSite\",\"@id\":\"https:\/\/mouton-en-sucre.com\/#website\",\"url\":\"https:\/\/mouton-en-sucre.com\/\",\"name\":\"Le Mouton en Sucre\",\"description\":\"Cr\u00e9ateurs de douceurs pour les yeux\",\"potentialAction\":[{\"@type\":\"SearchAction\",\"target\":{\"@type\":\"EntryPoint\",\"urlTemplate\":\"https:\/\/mouton-en-sucre.com\/?s={search_term_string}\"},\"query-input\":{\"@type\":\"PropertyValueSpecification\",\"valueRequired\":true,\"valueName\":\"search_term_string\"}}],\"inLanguage\":\"en-GB\"}]}<\/script>\n<!-- \/ Yoast SEO plugin. -->","yoast_head_json":{"title":"Les Pullips - Le Mouton en Sucre","description":"Les Pullips sont des poup\u00e9es japonaises, aujourd'hui beaucoup de collectionneurs les customisent pour en faire de vrais objets d'art.","robots":{"index":"index","follow":"follow","max-snippet":"max-snippet:-1","max-image-preview":"max-image-preview:large","max-video-preview":"max-video-preview:-1"},"canonical":"https:\/\/mouton-en-sucre.com\/en\/les-pullips\/","og_locale":"en_GB","og_type":"article","og_title":"Les Pullips - Le Mouton en Sucre","og_description":"Les Pullips sont des poup\u00e9es japonaises, aujourd'hui beaucoup de collectionneurs les customisent pour en faire de vrais objets d'art.","og_url":"https:\/\/mouton-en-sucre.com\/en\/les-pullips\/","og_site_name":"Le Mouton en Sucre","article_modified_time":"2023-01-31T21:40:24+00:00","og_image":[{"url":"https:\/\/mouton-en-sucre.com\/wp-content\/uploads\/2013\/07\/Holly-Hatter-198x200.jpeg","type":"","width":"","height":""}],"twitter_misc":{"Estimated reading time":"2 minutes"},"schema":{"@context":"https:\/\/schema.org","@graph":[{"@type":"WebPage","@id":"https:\/\/mouton-en-sucre.com\/les-pullips\/","url":"https:\/\/mouton-en-sucre.com\/les-pullips\/","name":"Les Pullips - Le Mouton en Sucre","isPartOf":{"@id":"https:\/\/mouton-en-sucre.com\/#website"},"primaryImageOfPage":{"@id":"https:\/\/mouton-en-sucre.com\/les-pullips\/#primaryimage"},"image":{"@id":"https:\/\/mouton-en-sucre.com\/les-pullips\/#primaryimage"},"thumbnailUrl":"https:\/\/mouton-en-sucre.com\/wp-content\/uploads\/2013\/07\/954866_516454301754054_2139536298_n.jpg.jpeg","datePublished":"2013-07-27T18:56:26+00:00","dateModified":"2023-01-31T21:40:24+00:00","description":"Les Pullips sont des poup\u00e9es japonaises, aujourd'hui beaucoup de collectionneurs les customisent pour en faire de vrais objets d'art.","inLanguage":"en-GB","potentialAction":[{"@type":"ReadAction","target":["https:\/\/mouton-en-sucre.com\/les-pullips\/"]}]},{"@type":"ImageObject","inLanguage":"en-GB","@id":"https:\/\/mouton-en-sucre.com\/les-pullips\/#primaryimage","url":"https:\/\/mouton-en-sucre.com\/wp-content\/uploads\/2013\/07\/954866_516454301754054_2139536298_n.jpg.jpeg","contentUrl":"https:\/\/mouton-en-sucre.com\/wp-content\/uploads\/2013\/07\/954866_516454301754054_2139536298_n.jpg.jpeg"},{"@type":"WebSite","@id":"https:\/\/mouton-en-sucre.com\/#website","url":"https:\/\/mouton-en-sucre.com\/","name":"Le Mouton en Sucre","description":"Cr\u00e9ateurs de douceurs pour les yeux","potentialAction":[{"@type":"SearchAction","target":{"@type":"EntryPoint","urlTemplate":"https:\/\/mouton-en-sucre.com\/?s={search_term_string}"},"query-input":{"@type":"PropertyValueSpecification","valueRequired":true,"valueName":"search_term_string"}}],"inLanguage":"en-GB"}]}},"_links":{"self":[{"href":"https:\/\/mouton-en-sucre.com\/en\/wp-json\/wp\/v2\/pages\/144","targetHints":{"allow":["GET"]}}],"collection":[{"href":"https:\/\/mouton-en-sucre.com\/en\/wp-json\/wp\/v2\/pages"}],"about":[{"href":"https:\/\/mouton-en-sucre.com\/en\/wp-json\/wp\/v2\/types\/page"}],"author":[{"embeddable":true,"href":"https:\/\/mouton-en-sucre.com\/en\/wp-json\/wp\/v2\/users\/2"}],"replies":[{"embeddable":true,"href":"https:\/\/mouton-en-sucre.com\/en\/wp-json\/wp\/v2\/comments?post=144"}],"version-history":[{"count":14,"href":"https:\/\/mouton-en-sucre.com\/en\/wp-json\/wp\/v2\/pages\/144\/revisions"}],"predecessor-version":[{"id":15346,"href":"https:\/\/mouton-en-sucre.com\/en\/wp-json\/wp\/v2\/pages\/144\/revisions\/15346"}],"wp:attachment":[{"href":"https:\/\/mouton-en-sucre.com\/en\/wp-json\/wp\/v2\/media?parent=144"}],"curies":[{"name":"wp","href":"https:\/\/api.w.org\/{rel}","templated":true}]}}