{"id":13724,"date":"2022-04-20T20:26:08","date_gmt":"2022-04-20T18:26:08","guid":{"rendered":"https:\/\/mouton-en-sucre.com\/?page_id=13724"},"modified":"2023-09-13T12:31:41","modified_gmt":"2023-09-13T10:31:41","slug":"doll-cast-inspection","status":"publish","type":"page","link":"https:\/\/mouton-en-sucre.com\/en\/doll-cast-inspection\/","title":{"rendered":"Quality of resin casted BJD"},"content":{"rendered":"<h3><strong><span style=\"color: #ff99cc;\">How to identify the quality of a resin doll\/BJD?<\/span><\/strong><\/h3>\n<p>&nbsp;<\/p>\n<p><img decoding=\"async\" class=\"img-frame\" src=\"https:\/\/mouton-en-sucre.com\/wp-content\/uploads\/2022\/04\/GeneralEx.jpg\" width=\"500\" \/><\/p>\n<p>&nbsp;<\/p>\n<p>As you know, creating your own BJD is really difficult. But making a quality cast resin BJD is a real challenge.<\/p>\n<p>For more details on the BJDs manufacturing technique in casted resin you can refer to the article about <a href=\"https:\/\/mouton-en-sucre.com\/en\/le-recast-contrefacon\/\" target=\"_blank\" rel=\"noopener\">Recast<\/a>.<\/p>\n<p>The resin casting stage is a fundamental moment in the manufacturing process.<\/p>\n<p>Today, many designers are embarking on the extraordinary experience of making BJDs. The consumer is sometimes confronted with a multitude of offers without knowing how to analyse them.<br \/>\n<strong>We are not talking about judging people, but about knowing how to understand the differences between this or that product in order to make it correspond to one's expectations, desires and budget.<\/strong>..<\/p>\n<p>Some artists prefer to go to a professional casting company to get an industrial quality BJD, but individual artists can also offer what is called \"artist cast\".<br \/>\nThis means that the artist casts the resin himself, with love, and under artisanal conditions. The big difference in quality lies in the techniques and materials.<\/p>\n<p><span style=\"color: #800080;\"><strong>On the other hand, a pro cast will never be able to imitate the love and attention to detail that an artist devotes to his or her creation, and the absolute certainty that a piece of the artist permeates an artist cast.<\/strong><\/span><\/p>\n<p>&nbsp;<\/p>\n<p>As each creator has his own level of requirement and competence, we will see the frequent defects visible on \"artist cast\" dolls, those which can possibly appear even in \"pro cast\". We will therefore teach you to identify the quality of the casted resin BJDs that you will have in your hands.<\/p>\n<p>For this purpose we will divide these defects into different categories;<\/p>\n<ul>\n<li>Moulding defects<\/li>\n<li>Resin constraints<\/li>\n<li>Technical corrections<\/li>\n<\/ul>\n<p>&nbsp;<\/p>\n<h2><strong>1- Moulding defects<\/strong><\/h2>\n<p>When you want to reproduce a doll by moulding, you obviously need a mould. This mould is created by the artist with silicone.<br \/>\nThe impression of the BJD is taken and reproduced in resin. This material is a chemical compound that will catalytically react from a liquid\/viscous state to a solid\/soft state.<br \/>\nAny errors that are present on the moulds will automatically be reproduced on the parts.<\/p>\n<h3>It comes from the prototype<\/h3>\n<p>For example, if the prototype is not smooth before casting, the roughness will be reproduced on the copies. The same applies to every bump, hole and irregularity.<br \/>\nIf this prototype is 3D printed and not properly sanded to remove the print marks, the moir\u00e9 of the print layers will be reproduced identically on the castings, a scratchy effect will be seen.<\/p>\n<p>&nbsp;<\/p>\n<p><img loading=\"lazy\" decoding=\"async\" class=\"img-frame alignnone\" src=\"https:\/\/mouton-en-sucre.com\/wp-content\/uploads\/2022\/04\/3DEX.jpg\" width=\"500\" height=\"500\" \/><\/p>\n<p>This defect can therefore be corrected before the mould is made, afterwards it will be too late.<\/p>\n<p>&nbsp;<\/p>\n<h3>It comes from the mould<\/h3>\n<p>Silicone, as we have seen, is a difficult material to work with. Mistakes can come from the prototype's impression as well as from the craft process of making the mould itself.<br \/>\nIf a piece of plastiline, or a \"bead\" of Vaseline, is inadvertently left between the different parts of the mould, this will create an unwanted impression in the mould too.<br \/>\nIf the mould dries in an inappropriate position, (e.g. deformations of part A to part B), or is held with inappropriate tension during the resin pour, this will deform the impression of the part that is supposed to be poured. This is often where mismatches are created on the joints of resin parts. Depending on the degree of deformation the error can be corrected or not.<\/p>\n<p>&nbsp;<\/p>\n<p><img decoding=\"async\" class=\"img-frame\" src=\"https:\/\/mouton-en-sucre.com\/wp-content\/uploads\/2022\/04\/AjustementEx.jpg\" width=\"500\" \/><\/p>\n<p>&nbsp;<\/p>\n<p>Finally, silicone is a viscous material, so when you mix it with catalyst, you incorporate air which creates small bubbles. Without clearing the mould, not all the bubbles will be able to escape and some will remain frozen in the dried silicone.<\/p>\n<p>&nbsp;<\/p>\n<p><img decoding=\"async\" class=\"img-frame\" src=\"https:\/\/mouton-en-sucre.com\/wp-content\/uploads\/2022\/04\/MoulesEx.jpg\" width=\"500\" \/><\/p>\n<p>&nbsp;<\/p>\n<p>This creates a difference in density in the mould material. Large bubbles can tear easily and create new defects. Small bubbles will alter the surface creating an \"orange peel\" appearance. This is irreparable on the mould and the only way to alleviate the problem is to sand the resin surface.<\/p>\n<p>&nbsp;<\/p>\n<p><img decoding=\"async\" class=\"img-frame\" src=\"https:\/\/mouton-en-sucre.com\/wp-content\/uploads\/2022\/04\/MouldPopEx.jpg\" width=\"500\" \/><\/p>\n<p>&nbsp;<\/p>\n<p>This kind of defect is rarely seen in a professional casting because in the factory, the casting is done under pressure. The moulds are therefore more massive and with fewer openings, making this type of craft defect almost impossible.<\/p>\n<h2><\/h2>\n<h2><strong>2- Resin constraints<\/strong><\/h2>\n<p>Polyurethane resin is a very unstable material and a health hazard. It should always be handled with adequate protective equipment.<\/p>\n<p>This resin, in most cases, has a surface drying time of between 5 and 10 minutes. This means that you have to act very quickly, and this short time is the major constraint.<br \/>\nJust like silicone, when you stir the resin to mix the two components needed for curing, you get micro-bubbles in the product. Without a pressure pot to reduce these small bubbles, the resin will have dried by trapping the bubbles. Seen from the inside, it will look like a Swiss cheese:<\/p>\n<p><img decoding=\"async\" class=\"img-frame\" src=\"https:\/\/mouton-en-sucre.com\/wp-content\/uploads\/2022\/04\/BubblesGeneralEx.jpg\" width=\"500\" \/><\/p>\n<p>The only solution to get rid of it is to get a pressure pot, which is expensive, not very practical to use, and not always one hundred percent efficient when you only have two hands and five minutes to cast a piece... Sometimes you have to accept the evidence, resin makes bubbles, and that's how it is!<\/p>\n<p>YES but... it is up to the artist to find his own solutions to avoid them as much as possible, and to make those that would be visible or problematic disappear.<\/p>\n<p>&nbsp;<\/p>\n<h3>Visible bubbles<\/h3>\n<p>The easiest bubbles to inspect are those that are visible on the surface.<\/p>\n<p>&nbsp;<\/p>\n<p><img decoding=\"async\" class=\"img-frame\" src=\"https:\/\/mouton-en-sucre.com\/wp-content\/uploads\/2022\/04\/BubblesEx.jpg\" width=\"500\" \/><\/p>\n<p>&nbsp;<\/p>\n<ul>\n<li>Technical problem: the resin did not flow into a part of the mould (trapped air bubble, engineering defect),<\/li>\n<li>Mechanical problem: bubbles created during mixing, trapped during drying.<\/li>\n<\/ul>\n<p>Two solutions are possible. Repair if they are in a place where this is possible, otherwise the part must be thrown away and remade, trying not to reproduce the error.<\/p>\n<p>Small bubbles are unsightly and should be filled in finely to improve the quality and appearance of the product. Large bubbles can cause brittleness problems and should not be ignored.<\/p>\n<p>&nbsp;<\/p>\n<h3>But also invisible bubbles<\/h3>\n<p>A part with a BIG internal bubble is a fragile part that can break at the slightest impact.<\/p>\n<p>&nbsp;<\/p>\n<p><img decoding=\"async\" class=\"img-frame\" src=\"https:\/\/mouton-en-sucre.com\/wp-content\/uploads\/2022\/04\/BubblesEx2.jpg\" width=\"500\" \/><\/p>\n<p>&nbsp;<\/p>\n<p>Some bubbles are created because the mould is particularly complex. But watch out for hidden bubbles, often you only need to place the piece against the light to see them if there are any.<\/p>\n<p>&nbsp;<\/p>\n<p>Finally, our friend the resin is demanding and sometimes a bit of a pain... Yes, if she doesn't like the weather or if she gets old, she can have unexpected reactions:<\/p>\n<p>&nbsp;<\/p>\n<p><img decoding=\"async\" class=\"img-frame\" src=\"https:\/\/mouton-en-sucre.com\/wp-content\/uploads\/2022\/04\/BubblesFoam.jpg\" width=\"500\" \/><\/p>\n<p>&nbsp;<\/p>\n<p><strong>IT MAKES FOAM!<\/strong><br \/>\nIn this case, unfortunately, there is no solution, you have to throw away the failed part, and often the damaged resin with it.<br \/>\nYou have to understand that the whole interior of the room is like a sponge, there is nothing to repair.<\/p>\n<p>The creator is therefore a slave to these little bubbles. You have to know how to judge the limit of what is acceptable and what is not, what detracts from the quality of the BJD and what simply makes it good to throw away.<\/p>\n<p>&nbsp;<\/p>\n<h2><strong>3- Technical corrections<\/strong><\/h2>\n<p>There are \"defects\" which are unavoidable and incompressible because they are directly linked to the technical casting process. It is therefore necessary to intervene afterwards to erase these marks of the work.<\/p>\n<p>This is the case in particular for the \"entry and exit castings\" and the \"seam lines\" which must be cut and sanded to make them disappear and obtain a finished part:<\/p>\n<p>&nbsp;<\/p>\n<p><img decoding=\"async\" class=\"img-frame\" src=\"https:\/\/mouton-en-sucre.com\/wp-content\/uploads\/2022\/04\/SewLines.jpg\" width=\"500\" \/><\/p>\n<p>&nbsp;<\/p>\n<p>The quality of the sanding is important because the finer the sanding, the smoother and more uniform the surface of the doll.<\/p>\n<p><img decoding=\"async\" class=\"img-frame\" src=\"https:\/\/mouton-en-sucre.com\/wp-content\/uploads\/2022\/04\/StripesEx.jpg\" width=\"500\" \/><\/p>\n<p>&nbsp;<\/p>\n<p>First of all, it is more aesthetic and it will make life easier for the makeup artist who cannot work on roughness or unsanded areas!<\/p>\n<p>In the case of \"professional\" casts, depending on the professional who does the casting, it is possible to find small bubbles and protruding seams in small quantities.<br \/>\nSome BJD companies have even chosen not to eliminate seams for economic reasons.<\/p>\n<p>&nbsp;<\/p>\n<h2><strong>4- Finishing<\/strong><\/h2>\n<h3>Magnets<\/h3>\n<p>The same applies to the finishing. In particular the gluing of the magnets, which some official companies have decided to do without.<br \/>\nSometimes the magnets are sent unglued in a separate bag and the buyer has to glue them himself.<\/p>\n<p>The installation of the magnets, their adjustment and even their inclusion in the resin are finishing services that take time.<\/p>\n<p>&nbsp;<\/p>\n<p><img decoding=\"async\" class=\"img-frame\" src=\"https:\/\/mouton-en-sucre.com\/wp-content\/uploads\/2022\/04\/AimantsEx.jpg\" width=\"500\" \/><\/p>\n<p>&nbsp;<\/p>\n<h3>Assembling<\/h3>\n<p>You can also study the quality of the drillings, and the attachment system which is sometimes more or less practical (e.g. if the head can be removed easily or if the doll has to be unstrung for that, idm to change the hands\/foot...)<\/p>\n<p>Some designers offer \"garbadge kits\" or \"B grade\". These are lower quality parts at a lower price. Sometimes the doll is assembled with these parts, sometimes the kit is sold disassembled and it is up to the customer to sand if he wishes, and to assemble his doll himself. All this, once again, with the aim of saving labour and therefore offering a lower price on products of lower quality.<\/p>\n<p>Other artists have the opposite approach, and even provide sueding work to make the posability optimal (sueding with hot glue or fabrics).<\/p>\n<h3>Makeup<\/h3>\n<p>As for the make-up, it is sometimes supplied as standard, sometimes offered as an ooak or sometimes not available at all. It all depends on whether the artist is able to offer this extra service or not.<br \/>\nIt is obvious that a unique make-up \/ doll in fullset ooak, brings an added value to the object compared to a serial service.<\/p>\n<h3>Premium service<\/h3>\n<p>Finally, all the additional services that increase the quality of the BJD, its uniqueness, its practicality, are to be taken into account. (Case, accessories, extra parts, fullsets, certificate...) Most designers offer certificates of authenticity due to the proliferation of counterfeits.<\/p>\n<p>Packaging is more or less elaborate depending on the creators, their needs and their product range. There are two main trends: boxes: made of cardboard, wood, leather, etc., solid and aesthetic but cumbersome to store, and covers: more or less padded to protect while remaining easy to transport and store.<\/p>\n<p>&nbsp;<\/p>\n<h2><strong>If we were to take stock, how good is BJD?<\/strong><\/h2>\n<p>Now you are much better informed about the constraints of casting BJD in resin and their consequences on quality.<br \/>\nLet's summarise this in a <strong>VERY GENERAL table, and draw your own conclusions.<\/strong><\/p>\n<p>&nbsp;<\/p>\n<table>\n<thead>\n<tr>\n<th>Quality<\/th>\n<th>Artist cast<\/th>\n<th>Pro cast<\/th>\n<th>Companies<\/th>\n<\/tr>\n<\/thead>\n<tbody>\n<tr>\n<td>Smooth surfaces \/ no irregularities<\/td>\n<td><i class=\"fa fa-check\" style=\"color: #00d1aa\"><\/i><\/td>\n<td><i class=\"fa fa-check\" style=\"color: #00d1aa\"><\/i><\/td>\n<td><i class=\"fa fa-check\" style=\"color: #00d1aa\"><\/i><\/td>\n<\/tr>\n<tr>\n<td>Good fit of joints \/ parts<\/td>\n<td><i class=\"fa fa-asterisk\" style=\"color: #b26fed\"><\/i><\/td>\n<td><i class=\"fa fa-check\" style=\"color: #00d1aa\"><\/i><\/td>\n<td><i class=\"fa fa-adjust\" style=\"color: #e57600\"><\/i><\/td>\n<\/tr>\n<tr>\n<td>No big bubbles \/ hidden bubbles<\/td>\n<td><i class=\"fa fa-check\" style=\"color: #00d1aa\"><\/i><\/td>\n<td><i class=\"fa fa-check\" style=\"color: #00d1aa\"><\/i><\/td>\n<td><i class=\"fa fa-check\" style=\"color: #00d1aa\"><\/i><\/td>\n<\/tr>\n<tr>\n<td>Very few small bubbles visible<\/td>\n<td><i class=\"fa fa-asterisk\" style=\"color: #b26fed\"><\/i><\/td>\n<td><i class=\"fa fa-check\" style=\"color: #00d1aa\"><\/i><\/td>\n<td><i class=\"fa fa-check\" style=\"color: #00d1aa\"><\/i><\/td>\n<\/tr>\n<tr>\n<td>Absence of 'foamed' parts<\/td>\n<td><i class=\"fa fa-check\" style=\"color: #00d1aa\"><\/i><\/td>\n<td><i class=\"fa fa-check\" style=\"color: #00d1aa\"><\/i><\/td>\n<td><i class=\"fa fa-check\" style=\"color: #00d1aa\"><\/i><\/td>\n<\/tr>\n<tr>\n<td>Zero visible seamlines<\/td>\n<td><i class=\"fa fa-asterisk\" style=\"color: #b26fed\"><\/i><\/td>\n<td><i class=\"fa fa-exclamation\" style=\"color: #5300e2\"><\/i><\/td>\n<td><i class=\"fa fa-times\" style=\"color: #e50050\"><\/i><\/td>\n<\/tr>\n<tr>\n<td>No sanding marks<\/td>\n<td><i class=\"fa fa-asterisk\" style=\"color: #b26fed\"><\/i><\/td>\n<td><i class=\"fa fa-check\" style=\"color: #00d1aa\"><\/i><\/td>\n<td><i class=\"fa fa-check\" style=\"color: #00d1aa\"><\/i><\/td>\n<\/tr>\n<tr>\n<td>Good finishes<\/td>\n<td><i class=\"fa fa-asterisk\" style=\"color: #b26fed\"><\/i><\/td>\n<td><i class=\"fa fa-exclamation\" style=\"color: #5300e2\"><\/i><\/td>\n<td><i class=\"fa fa-times\" style=\"color: #e50050\"><\/i><\/td>\n<\/tr>\n<tr>\n<td>Premium service (sueding, makeup, bag\u2026)<\/td>\n<td><i class=\"fa fa-asterisk\" style=\"color: #b26fed\"><\/i><\/td>\n<td><i class=\"fa fa-exclamation\" style=\"color: #5300e2\"><\/i><\/td>\n<td><i class=\"fa fa-adjust\" style=\"color: #e57600\"><\/i><\/td>\n<\/tr>\n<tr>\n<td>Price range<\/td>\n<td><i class=\"fa fa-dollar\" style=\"color: #e5bf00\"><\/i><i class=\"fa fa-dollar\" style=\"color: #e5bf00\"><\/i><\/td>\n<td><i class=\"fa fa-dollar\" style=\"color: #e5bf00\"><\/i><i class=\"fa fa-dollar\" style=\"color: #e5bf00\"><\/i><\/td>\n<td><i class=\"fa fa-dollar\" style=\"color: #e5bf00\"><\/i><\/td>\n<\/tr>\n<tr>\n<td>Extra soul<\/td>\n<td><i class=\"fa fa-asterisk\" style=\"color: #b26fed\"><\/i><\/td>\n<td><i class=\"fa fa-times\" style=\"color: #e50050\"><\/i><\/td>\n<td><i class=\"fa fa-times\" style=\"color: #e50050\"><\/i><\/td>\n<\/tr>\n<\/tbody>\n<\/table>\n<p>&nbsp;<\/p>\n<i class=\"fa fa-asterisk\" style=\"color: #b26fed\"><\/i> To the artist's choice (technical choice, quality, marketing)<\/p>\n<i class=\"fa fa-exclamation\" style=\"color: #5300e2\"><\/i> Options of the designer's choice (Options invoiced by the service provider)<\/p>\n<i class=\"fa fa-adjust\" style=\"color: #e57600\"><\/i> Companies choice (technical and marketing choices)<\/p>\n<p>(Please note that this table is not exhaustive and is given as an indication, so that you can form an overall opinion. It is possible that, on a case-by-case basis, you may find differences with the information listed in this table).<\/p>\n<p><span style=\"color: #800080;\"><strong>Let's keep in mind that every effort, every minute spent to improve the quality of a product takes time. More time and better quality also means an increase in the price of the product.<\/strong><\/span><\/p>\n<p><span style=\"color: #800080;\"><strong>These are therefore crucial elements to consider when holding an artist's precious creation in your hands.<\/strong><\/span><\/p>\n<p>&nbsp;<\/p>","protected":false},"excerpt":{"rendered":"<p>Savoir identifier la qualit\u00e9 d&rsquo;une doll\/BJD en r\u00e9sine ? &nbsp; &nbsp; Comme vous le savez, cr\u00e9er sa propre BJD est [&hellip;]<\/p>\n","protected":false},"author":2,"featured_media":0,"parent":0,"menu_order":0,"comment_status":"closed","ping_status":"closed","template":"","meta":{"_vp_format_video_url":"","_vp_image_focal_point":[],"footnotes":""},"class_list":["post-13724","page","type-page","status-publish","hentry"],"yoast_head":"<!-- This site is optimized with the Yoast SEO plugin v27.1.1 - https:\/\/yoast.com\/product\/yoast-seo-wordpress\/ -->\n<title>Qualit\u00e9 des BJD r\u00e9sine cast - Le Mouton en Sucre<\/title>\n<meta name=\"description\" content=\"Vous souhaitez identifier la qualit\u00e9 d&#039;une BJD en r\u00e9sine &quot;artist cast&quot; ou &quot;pro cast&quot;, vous \u00eates au bon endroit, on vous dit tout !\" \/>\n<meta name=\"robots\" content=\"index, follow, max-snippet:-1, max-image-preview:large, max-video-preview:-1\" \/>\n<link rel=\"canonical\" href=\"https:\/\/mouton-en-sucre.com\/en\/doll-cast-inspection\/\" \/>\n<meta property=\"og:locale\" content=\"en_GB\" \/>\n<meta property=\"og:type\" content=\"article\" \/>\n<meta property=\"og:title\" content=\"Qualit\u00e9 des BJD r\u00e9sine cast - Le Mouton en Sucre\" \/>\n<meta property=\"og:description\" content=\"Vous souhaitez identifier la qualit\u00e9 d&#039;une BJD en r\u00e9sine &quot;artist cast&quot; ou &quot;pro cast&quot;, vous \u00eates au bon endroit, on vous dit tout !\" \/>\n<meta property=\"og:url\" content=\"https:\/\/mouton-en-sucre.com\/en\/doll-cast-inspection\/\" \/>\n<meta property=\"og:site_name\" content=\"Le Mouton en Sucre\" \/>\n<meta property=\"article:modified_time\" content=\"2023-09-13T10:31:41+00:00\" \/>\n<meta property=\"og:image\" content=\"https:\/\/mouton-en-sucre.com\/wp-content\/uploads\/2022\/04\/GeneralEx.jpg\" \/>\n<meta name=\"twitter:label1\" content=\"Estimated reading time\" \/>\n\t<meta name=\"twitter:data1\" content=\"14 minutes\" \/>\n<script type=\"application\/ld+json\" class=\"yoast-schema-graph\">{\"@context\":\"https:\/\/schema.org\",\"@graph\":[{\"@type\":\"WebPage\",\"@id\":\"https:\/\/mouton-en-sucre.com\/doll-cast-inspection\/\",\"url\":\"https:\/\/mouton-en-sucre.com\/doll-cast-inspection\/\",\"name\":\"Qualit\u00e9 des BJD r\u00e9sine cast - Le Mouton en Sucre\",\"isPartOf\":{\"@id\":\"https:\/\/mouton-en-sucre.com\/#website\"},\"primaryImageOfPage\":{\"@id\":\"https:\/\/mouton-en-sucre.com\/doll-cast-inspection\/#primaryimage\"},\"image\":{\"@id\":\"https:\/\/mouton-en-sucre.com\/doll-cast-inspection\/#primaryimage\"},\"thumbnailUrl\":\"https:\/\/mouton-en-sucre.com\/wp-content\/uploads\/2022\/04\/GeneralEx.jpg\",\"datePublished\":\"2022-04-20T18:26:08+00:00\",\"dateModified\":\"2023-09-13T10:31:41+00:00\",\"description\":\"Vous souhaitez identifier la qualit\u00e9 d'une BJD en r\u00e9sine \\\"artist cast\\\" ou \\\"pro cast\\\", vous \u00eates au bon endroit, on vous dit tout !\",\"inLanguage\":\"en-GB\",\"potentialAction\":[{\"@type\":\"ReadAction\",\"target\":[\"https:\/\/mouton-en-sucre.com\/doll-cast-inspection\/\"]}]},{\"@type\":\"ImageObject\",\"inLanguage\":\"en-GB\",\"@id\":\"https:\/\/mouton-en-sucre.com\/doll-cast-inspection\/#primaryimage\",\"url\":\"https:\/\/mouton-en-sucre.com\/wp-content\/uploads\/2022\/04\/GeneralEx.jpg\",\"contentUrl\":\"https:\/\/mouton-en-sucre.com\/wp-content\/uploads\/2022\/04\/GeneralEx.jpg\"},{\"@type\":\"WebSite\",\"@id\":\"https:\/\/mouton-en-sucre.com\/#website\",\"url\":\"https:\/\/mouton-en-sucre.com\/\",\"name\":\"Le Mouton en Sucre\",\"description\":\"Cr\u00e9ateurs de douceurs pour les yeux\",\"potentialAction\":[{\"@type\":\"SearchAction\",\"target\":{\"@type\":\"EntryPoint\",\"urlTemplate\":\"https:\/\/mouton-en-sucre.com\/?s={search_term_string}\"},\"query-input\":{\"@type\":\"PropertyValueSpecification\",\"valueRequired\":true,\"valueName\":\"search_term_string\"}}],\"inLanguage\":\"en-GB\"}]}<\/script>\n<!-- \/ Yoast SEO plugin. -->","yoast_head_json":{"title":"Qualit\u00e9 des BJD r\u00e9sine cast - Le Mouton en Sucre","description":"Vous souhaitez identifier la qualit\u00e9 d'une BJD en r\u00e9sine \"artist cast\" ou \"pro cast\", vous \u00eates au bon endroit, on vous dit tout !","robots":{"index":"index","follow":"follow","max-snippet":"max-snippet:-1","max-image-preview":"max-image-preview:large","max-video-preview":"max-video-preview:-1"},"canonical":"https:\/\/mouton-en-sucre.com\/en\/doll-cast-inspection\/","og_locale":"en_GB","og_type":"article","og_title":"Qualit\u00e9 des BJD r\u00e9sine cast - Le Mouton en Sucre","og_description":"Vous souhaitez identifier la qualit\u00e9 d'une BJD en r\u00e9sine \"artist cast\" ou \"pro cast\", vous \u00eates au bon endroit, on vous dit tout !","og_url":"https:\/\/mouton-en-sucre.com\/en\/doll-cast-inspection\/","og_site_name":"Le Mouton en Sucre","article_modified_time":"2023-09-13T10:31:41+00:00","og_image":[{"url":"https:\/\/mouton-en-sucre.com\/wp-content\/uploads\/2022\/04\/GeneralEx.jpg","type":"","width":"","height":""}],"twitter_misc":{"Estimated reading time":"14 minutes"},"schema":{"@context":"https:\/\/schema.org","@graph":[{"@type":"WebPage","@id":"https:\/\/mouton-en-sucre.com\/doll-cast-inspection\/","url":"https:\/\/mouton-en-sucre.com\/doll-cast-inspection\/","name":"Qualit\u00e9 des BJD r\u00e9sine cast - Le Mouton en Sucre","isPartOf":{"@id":"https:\/\/mouton-en-sucre.com\/#website"},"primaryImageOfPage":{"@id":"https:\/\/mouton-en-sucre.com\/doll-cast-inspection\/#primaryimage"},"image":{"@id":"https:\/\/mouton-en-sucre.com\/doll-cast-inspection\/#primaryimage"},"thumbnailUrl":"https:\/\/mouton-en-sucre.com\/wp-content\/uploads\/2022\/04\/GeneralEx.jpg","datePublished":"2022-04-20T18:26:08+00:00","dateModified":"2023-09-13T10:31:41+00:00","description":"Vous souhaitez identifier la qualit\u00e9 d'une BJD en r\u00e9sine \"artist cast\" ou \"pro cast\", vous \u00eates au bon endroit, on vous dit tout !","inLanguage":"en-GB","potentialAction":[{"@type":"ReadAction","target":["https:\/\/mouton-en-sucre.com\/doll-cast-inspection\/"]}]},{"@type":"ImageObject","inLanguage":"en-GB","@id":"https:\/\/mouton-en-sucre.com\/doll-cast-inspection\/#primaryimage","url":"https:\/\/mouton-en-sucre.com\/wp-content\/uploads\/2022\/04\/GeneralEx.jpg","contentUrl":"https:\/\/mouton-en-sucre.com\/wp-content\/uploads\/2022\/04\/GeneralEx.jpg"},{"@type":"WebSite","@id":"https:\/\/mouton-en-sucre.com\/#website","url":"https:\/\/mouton-en-sucre.com\/","name":"Le Mouton en Sucre","description":"Cr\u00e9ateurs de douceurs pour les yeux","potentialAction":[{"@type":"SearchAction","target":{"@type":"EntryPoint","urlTemplate":"https:\/\/mouton-en-sucre.com\/?s={search_term_string}"},"query-input":{"@type":"PropertyValueSpecification","valueRequired":true,"valueName":"search_term_string"}}],"inLanguage":"en-GB"}]}},"_links":{"self":[{"href":"https:\/\/mouton-en-sucre.com\/en\/wp-json\/wp\/v2\/pages\/13724","targetHints":{"allow":["GET"]}}],"collection":[{"href":"https:\/\/mouton-en-sucre.com\/en\/wp-json\/wp\/v2\/pages"}],"about":[{"href":"https:\/\/mouton-en-sucre.com\/en\/wp-json\/wp\/v2\/types\/page"}],"author":[{"embeddable":true,"href":"https:\/\/mouton-en-sucre.com\/en\/wp-json\/wp\/v2\/users\/2"}],"replies":[{"embeddable":true,"href":"https:\/\/mouton-en-sucre.com\/en\/wp-json\/wp\/v2\/comments?post=13724"}],"version-history":[{"count":34,"href":"https:\/\/mouton-en-sucre.com\/en\/wp-json\/wp\/v2\/pages\/13724\/revisions"}],"predecessor-version":[{"id":16540,"href":"https:\/\/mouton-en-sucre.com\/en\/wp-json\/wp\/v2\/pages\/13724\/revisions\/16540"}],"wp:attachment":[{"href":"https:\/\/mouton-en-sucre.com\/en\/wp-json\/wp\/v2\/media?parent=13724"}],"curies":[{"name":"wp","href":"https:\/\/api.w.org\/{rel}","templated":true}]}}